{"id":40632,"date":"2024-06-27T15:20:51","date_gmt":"2024-06-27T13:20:51","guid":{"rendered":"https:\/\/globalcarehab.com\/?post_type=product&#038;p=40632"},"modified":"2026-01-05T19:01:34","modified_gmt":"2026-01-05T18:01:34","slug":"special-tomato-regnslag","status":"publish","type":"product","link":"https:\/\/globalcarehab.com\/da\/produkt\/special-tomato-regnslag\/","title":{"rendered":"Special Tomato Regnslag"},"content":{"rendered":"\t\t<div data-elementor-type=\"product-post\" data-elementor-id=\"40632\" class=\"elementor elementor-40632 elementor-36059\" data-elementor-post-type=\"product\">\n\t\t\t\t<div class=\"elementor-element elementor-element-737947f e-flex e-con-boxed e-con e-parent\" data-id=\"737947f\" data-element_type=\"container\" data-e-type=\"container\" data-settings=\"{&quot;jet_parallax_layout_list&quot;:[]}\">\n\t\t\t\t\t<div class=\"e-con-inner\">\n\t\t<div class=\"elementor-element elementor-element-3c818f2 e-con-full e-flex e-con e-child\" data-id=\"3c818f2\" data-element_type=\"container\" data-e-type=\"container\" data-settings=\"{&quot;background_background&quot;:&quot;classic&quot;,&quot;jet_parallax_layout_list&quot;:[]}\">\n\t\t\t\t<div class=\"elementor-element elementor-element-222e492 elementor-widget elementor-widget-heading\" data-id=\"222e492\" data-element_type=\"widget\" data-e-type=\"widget\" data-widget_type=\"heading.default\">\n\t\t\t\t\t<h1 class=\"elementor-heading-title elementor-size-default\">Special Tomato Regnslag<\/h1>\t\t\t\t<\/div>\n\t\t\t\t<div class=\"elementor-element elementor-element-0c1ea54 elementor-widget elementor-widget-text-editor\" data-id=\"0c1ea54\" data-element_type=\"widget\" data-e-type=\"widget\" data-widget_type=\"text-editor.default\">\n\t\t\t\t\t\t\t\t\t<p>Special Tomato Regnslag er designet til at passe til b\u00e5de EIO og Jogger-klapvogne og giver optimal beskyttelse mod regn og vind. Det holder dit barn t\u00f8rt og komfortabelt i v\u00e5dt vejr, mens det klare materiale sikrer b\u00e5de synlighed og ventilation. Slaget er let at montere og fjerne og er et praktisk tilbeh\u00f8r til enhver udend\u00f8rs oplevelse.<\/p>\t\t\t\t\t\t\t\t<\/div>\n\t\t\t\t<\/div>\n\t\t<div class=\"elementor-element elementor-element-dce04a5 e-con-full e-flex e-con e-child\" data-id=\"dce04a5\" data-element_type=\"container\" data-e-type=\"container\" data-settings=\"{&quot;jet_parallax_layout_list&quot;:[]}\">\n\t\t\t\t<div class=\"elementor-element elementor-element-f307e55 elementor-widget elementor-widget-image\" data-id=\"f307e55\" data-element_type=\"widget\" data-e-type=\"widget\" data-widget_type=\"image.default\">\n\t\t\t\t\t\t\t\t\t\t\t\t\t\t\t<img fetchpriority=\"high\" decoding=\"async\" width=\"700\" height=\"700\" src=\"https:\/\/globalcarehab.com\/wp-content\/uploads\/2019\/09\/Jogger-RainCover-1.png\" class=\"attachment-large size-large wp-image-40633\" alt=\"\" srcset=\"https:\/\/globalcarehab.com\/wp-content\/uploads\/2019\/09\/Jogger-RainCover-1.png 700w, https:\/\/globalcarehab.com\/wp-content\/uploads\/2019\/09\/Jogger-RainCover-1-300x300.png 300w, https:\/\/globalcarehab.com\/wp-content\/uploads\/2019\/09\/Jogger-RainCover-1-150x150.png 150w, https:\/\/globalcarehab.com\/wp-content\/uploads\/2019\/09\/Jogger-RainCover-1-600x600.png 600w, https:\/\/globalcarehab.com\/wp-content\/uploads\/2019\/09\/Jogger-RainCover-1-100x100.png 100w\" sizes=\"(max-width: 700px) 100vw, 700px\" \/>\t\t\t\t\t\t\t\t\t\t\t\t\t\t\t<\/div>\n\t\t\t\t<\/div>\n\t\t<div class=\"elementor-element elementor-element-f04a944 e-con-full e-flex e-con e-child\" data-id=\"f04a944\" data-element_type=\"container\" data-e-type=\"container\" data-settings=\"{&quot;jet_parallax_layout_list&quot;:[]}\">\n\t\t\t\t<div class=\"elementor-element elementor-element-a7ea7f0 e-transform elementor-widget elementor-widget-image\" data-id=\"a7ea7f0\" data-element_type=\"widget\" data-e-type=\"widget\" data-settings=\"{&quot;_transform_flipX_effect&quot;:&quot;transform&quot;}\" data-widget_type=\"image.default\">\n\t\t\t\t\t\t\t\t\t\t\t\t\t\t\t<img decoding=\"async\" width=\"700\" height=\"700\" src=\"https:\/\/globalcarehab.com\/wp-content\/uploads\/2019\/09\/EIO-RainCover-2-e1567497455523.png\" class=\"attachment-large size-large wp-image-40929\" alt=\"\" srcset=\"https:\/\/globalcarehab.com\/wp-content\/uploads\/2019\/09\/EIO-RainCover-2-e1567497455523.png 700w, https:\/\/globalcarehab.com\/wp-content\/uploads\/2019\/09\/EIO-RainCover-2-e1567497455523-300x300.png 300w, https:\/\/globalcarehab.com\/wp-content\/uploads\/2019\/09\/EIO-RainCover-2-e1567497455523-150x150.png 150w, https:\/\/globalcarehab.com\/wp-content\/uploads\/2019\/09\/EIO-RainCover-2-e1567497455523-600x600.png 600w, https:\/\/globalcarehab.com\/wp-content\/uploads\/2019\/09\/EIO-RainCover-2-e1567497455523-100x100.png 100w\" sizes=\"(max-width: 700px) 100vw, 700px\" \/>\t\t\t\t\t\t\t\t\t\t\t\t\t\t\t<\/div>\n\t\t\t\t<\/div>\n\t\t\t\t\t<\/div>\n\t\t\t\t<\/div>\n\t\t\t\t<\/div>\n\t\t","protected":false},"excerpt":{"rendered":"<p>Regnslaget giver fremragende beskyttelse til dit barn mod regn, vind og sne. Det fastg\u00f8res sikkert til klapvognens ramme og sikrer, at det bliver p\u00e5 plads, selv under barske vejrforhold.<\/p>\n","protected":false},"featured_media":40633,"template":"","meta":[],"product_brand":[],"product_cat":[413,475,404],"product_tag":[],"class_list":{"0":"post-40632","1":"product","2":"type-product","3":"status-publish","4":"has-post-thumbnail","6":"product_cat-jogger-tilbehoer","7":"product_cat-klapvogne-tilbehoer","8":"product_cat-tilbehoer","10":"first","11":"instock","12":"taxable","13":"shipping-taxable","14":"purchasable","15":"product-type-simple"},"yoast_head":"<!-- This site is optimized with the Yoast SEO plugin v26.9 - https:\/\/yoast.com\/product\/yoast-seo-wordpress\/ -->\n<title>Special Tomato Regnslag \u2013 Vandt\u00e6t &amp; Luftventileret | Global Carehab<\/title>\n<meta name=\"description\" content=\"Special Tomato Regnslag er vandt\u00e6t til EIO\/Jogger klapvogn. Klar PVC med ventilations\u00e5bninger \u2013 sikrer syn og frisk luft i regn, sne og bl\u00e6sevejr.\" \/>\n<meta name=\"robots\" content=\"index, follow, max-snippet:-1, max-image-preview:large, max-video-preview:-1\" \/>\n<link rel=\"canonical\" href=\"https:\/\/globalcarehab.com\/da\/produkt\/special-tomato-regnslag\/\" \/>\n<meta property=\"og:locale\" content=\"da_DK\" \/>\n<meta property=\"og:type\" content=\"article\" \/>\n<meta property=\"og:title\" content=\"Special Tomato Regnslag \u2013 Vandt\u00e6t &amp; Luftventileret | Global Carehab\" \/>\n<meta property=\"og:description\" content=\"Special Tomato Regnslag er vandt\u00e6t til EIO\/Jogger klapvogn. Klar PVC med ventilations\u00e5bninger \u2013 sikrer syn og frisk luft i regn, sne og bl\u00e6sevejr.\" \/>\n<meta property=\"og:url\" content=\"https:\/\/globalcarehab.com\/da\/produkt\/special-tomato-regnslag\/\" \/>\n<meta property=\"og:site_name\" content=\"Global Carehab\" \/>\n<meta property=\"article:modified_time\" content=\"2026-01-05T18:01:34+00:00\" \/>\n<meta property=\"og:image\" content=\"https:\/\/globalcarehab.com\/wp-content\/uploads\/2019\/09\/Jogger-RainCover-1.png\" \/>\n\t<meta property=\"og:image:width\" content=\"700\" \/>\n\t<meta property=\"og:image:height\" content=\"700\" \/>\n\t<meta property=\"og:image:type\" content=\"image\/png\" \/>\n<meta name=\"twitter:card\" content=\"summary_large_image\" \/>\n<meta name=\"twitter:label1\" content=\"Estimeret l\u00e6setid\" \/>\n\t<meta name=\"twitter:data1\" content=\"1 minut\" \/>\n<script type=\"application\/ld+json\" class=\"yoast-schema-graph\">{\"@context\":\"https:\/\/schema.org\",\"@graph\":[{\"@type\":\"WebPage\",\"@id\":\"https:\/\/globalcarehab.com\/da\/produkt\/special-tomato-regnslag\/\",\"url\":\"https:\/\/globalcarehab.com\/da\/produkt\/special-tomato-regnslag\/\",\"name\":\"Special Tomato Regnslag \u2013 Vandt\u00e6t & Luftventileret | Global Carehab\",\"isPartOf\":{\"@id\":\"https:\/\/globalcarehab.com\/da\/#website\"},\"primaryImageOfPage\":{\"@id\":\"https:\/\/globalcarehab.com\/da\/produkt\/special-tomato-regnslag\/#primaryimage\"},\"image\":{\"@id\":\"https:\/\/globalcarehab.com\/da\/produkt\/special-tomato-regnslag\/#primaryimage\"},\"thumbnailUrl\":\"https:\/\/globalcarehab.com\/wp-content\/uploads\/2019\/09\/Jogger-RainCover-1.png\",\"datePublished\":\"2024-06-27T13:20:51+00:00\",\"dateModified\":\"2026-01-05T18:01:34+00:00\",\"description\":\"Special Tomato Regnslag er vandt\u00e6t til EIO\/Jogger klapvogn. Klar PVC med ventilations\u00e5bninger \u2013 sikrer syn og frisk luft i regn, sne og bl\u00e6sevejr.\",\"breadcrumb\":{\"@id\":\"https:\/\/globalcarehab.com\/da\/produkt\/special-tomato-regnslag\/#breadcrumb\"},\"inLanguage\":\"da-DK\",\"potentialAction\":[{\"@type\":\"ReadAction\",\"target\":[\"https:\/\/globalcarehab.com\/da\/produkt\/special-tomato-regnslag\/\"]}]},{\"@type\":\"ImageObject\",\"inLanguage\":\"da-DK\",\"@id\":\"https:\/\/globalcarehab.com\/da\/produkt\/special-tomato-regnslag\/#primaryimage\",\"url\":\"https:\/\/globalcarehab.com\/wp-content\/uploads\/2019\/09\/Jogger-RainCover-1.png\",\"contentUrl\":\"https:\/\/globalcarehab.com\/wp-content\/uploads\/2019\/09\/Jogger-RainCover-1.png\",\"width\":700,\"height\":700},{\"@type\":\"BreadcrumbList\",\"@id\":\"https:\/\/globalcarehab.com\/da\/produkt\/special-tomato-regnslag\/#breadcrumb\",\"itemListElement\":[{\"@type\":\"ListItem\",\"position\":1,\"name\":\"Hjem\",\"item\":\"https:\/\/globalcarehab.com\/da\/\"},{\"@type\":\"ListItem\",\"position\":2,\"name\":\"Shop\",\"item\":\"https:\/\/globalcarehab.com\/da\/shop\/\"},{\"@type\":\"ListItem\",\"position\":3,\"name\":\"Jogger\",\"item\":\"https:\/\/globalcarehab.com\/da\/vare-kategori\/jogger\/\"},{\"@type\":\"ListItem\",\"position\":4,\"name\":\"Jogger tilbeh\u00f8r\",\"item\":\"https:\/\/globalcarehab.com\/da\/vare-kategori\/jogger\/jogger-tilbehoer\/\"},{\"@type\":\"ListItem\",\"position\":5,\"name\":\"Special Tomato Regnslag\"}]},{\"@type\":\"WebSite\",\"@id\":\"https:\/\/globalcarehab.com\/da\/#website\",\"url\":\"https:\/\/globalcarehab.com\/da\/\",\"name\":\"Global Carehab\",\"description\":\"For Children and Teenagers with Special Needs\",\"publisher\":{\"@id\":\"https:\/\/globalcarehab.com\/da\/#organization\"},\"potentialAction\":[{\"@type\":\"SearchAction\",\"target\":{\"@type\":\"EntryPoint\",\"urlTemplate\":\"https:\/\/globalcarehab.com\/da\/?s={search_term_string}\"},\"query-input\":{\"@type\":\"PropertyValueSpecification\",\"valueRequired\":true,\"valueName\":\"search_term_string\"}}],\"inLanguage\":\"da-DK\"},{\"@type\":\"Organization\",\"@id\":\"https:\/\/globalcarehab.com\/da\/#organization\",\"name\":\"Global Carehab\",\"url\":\"https:\/\/globalcarehab.com\/da\/\",\"logo\":{\"@type\":\"ImageObject\",\"inLanguage\":\"da-DK\",\"@id\":\"https:\/\/globalcarehab.com\/da\/#\/schema\/logo\/image\/\",\"url\":\"https:\/\/globalcarehab.com\/wp-content\/uploads\/2024\/03\/carehab-logo.svg\",\"contentUrl\":\"https:\/\/globalcarehab.com\/wp-content\/uploads\/2024\/03\/carehab-logo.svg\",\"width\":1,\"height\":1,\"caption\":\"Global Carehab\"},\"image\":{\"@id\":\"https:\/\/globalcarehab.com\/da\/#\/schema\/logo\/image\/\"}}]}<\/script>\n<!-- \/ Yoast SEO plugin. -->","yoast_head_json":{"title":"Special Tomato Regnslag \u2013 Vandt\u00e6t & Luftventileret | Global Carehab","description":"Special Tomato Regnslag er vandt\u00e6t til EIO\/Jogger klapvogn. Klar PVC med ventilations\u00e5bninger \u2013 sikrer syn og frisk luft i regn, sne og bl\u00e6sevejr.","robots":{"index":"index","follow":"follow","max-snippet":"max-snippet:-1","max-image-preview":"max-image-preview:large","max-video-preview":"max-video-preview:-1"},"canonical":"https:\/\/globalcarehab.com\/da\/produkt\/special-tomato-regnslag\/","og_locale":"da_DK","og_type":"article","og_title":"Special Tomato Regnslag \u2013 Vandt\u00e6t & Luftventileret | Global Carehab","og_description":"Special Tomato Regnslag er vandt\u00e6t til EIO\/Jogger klapvogn. Klar PVC med ventilations\u00e5bninger \u2013 sikrer syn og frisk luft i regn, sne og bl\u00e6sevejr.","og_url":"https:\/\/globalcarehab.com\/da\/produkt\/special-tomato-regnslag\/","og_site_name":"Global Carehab","article_modified_time":"2026-01-05T18:01:34+00:00","og_image":[{"width":700,"height":700,"url":"https:\/\/globalcarehab.com\/wp-content\/uploads\/2019\/09\/Jogger-RainCover-1.png","type":"image\/png"}],"twitter_card":"summary_large_image","twitter_misc":{"Estimeret l\u00e6setid":"1 minut"},"schema":{"@context":"https:\/\/schema.org","@graph":[{"@type":"WebPage","@id":"https:\/\/globalcarehab.com\/da\/produkt\/special-tomato-regnslag\/","url":"https:\/\/globalcarehab.com\/da\/produkt\/special-tomato-regnslag\/","name":"Special Tomato Regnslag \u2013 Vandt\u00e6t & Luftventileret | Global Carehab","isPartOf":{"@id":"https:\/\/globalcarehab.com\/da\/#website"},"primaryImageOfPage":{"@id":"https:\/\/globalcarehab.com\/da\/produkt\/special-tomato-regnslag\/#primaryimage"},"image":{"@id":"https:\/\/globalcarehab.com\/da\/produkt\/special-tomato-regnslag\/#primaryimage"},"thumbnailUrl":"https:\/\/globalcarehab.com\/wp-content\/uploads\/2019\/09\/Jogger-RainCover-1.png","datePublished":"2024-06-27T13:20:51+00:00","dateModified":"2026-01-05T18:01:34+00:00","description":"Special Tomato Regnslag er vandt\u00e6t til EIO\/Jogger klapvogn. Klar PVC med ventilations\u00e5bninger \u2013 sikrer syn og frisk luft i regn, sne og bl\u00e6sevejr.","breadcrumb":{"@id":"https:\/\/globalcarehab.com\/da\/produkt\/special-tomato-regnslag\/#breadcrumb"},"inLanguage":"da-DK","potentialAction":[{"@type":"ReadAction","target":["https:\/\/globalcarehab.com\/da\/produkt\/special-tomato-regnslag\/"]}]},{"@type":"ImageObject","inLanguage":"da-DK","@id":"https:\/\/globalcarehab.com\/da\/produkt\/special-tomato-regnslag\/#primaryimage","url":"https:\/\/globalcarehab.com\/wp-content\/uploads\/2019\/09\/Jogger-RainCover-1.png","contentUrl":"https:\/\/globalcarehab.com\/wp-content\/uploads\/2019\/09\/Jogger-RainCover-1.png","width":700,"height":700},{"@type":"BreadcrumbList","@id":"https:\/\/globalcarehab.com\/da\/produkt\/special-tomato-regnslag\/#breadcrumb","itemListElement":[{"@type":"ListItem","position":1,"name":"Hjem","item":"https:\/\/globalcarehab.com\/da\/"},{"@type":"ListItem","position":2,"name":"Shop","item":"https:\/\/globalcarehab.com\/da\/shop\/"},{"@type":"ListItem","position":3,"name":"Jogger","item":"https:\/\/globalcarehab.com\/da\/vare-kategori\/jogger\/"},{"@type":"ListItem","position":4,"name":"Jogger tilbeh\u00f8r","item":"https:\/\/globalcarehab.com\/da\/vare-kategori\/jogger\/jogger-tilbehoer\/"},{"@type":"ListItem","position":5,"name":"Special Tomato Regnslag"}]},{"@type":"WebSite","@id":"https:\/\/globalcarehab.com\/da\/#website","url":"https:\/\/globalcarehab.com\/da\/","name":"Global Carehab","description":"For Children and Teenagers with Special Needs","publisher":{"@id":"https:\/\/globalcarehab.com\/da\/#organization"},"potentialAction":[{"@type":"SearchAction","target":{"@type":"EntryPoint","urlTemplate":"https:\/\/globalcarehab.com\/da\/?s={search_term_string}"},"query-input":{"@type":"PropertyValueSpecification","valueRequired":true,"valueName":"search_term_string"}}],"inLanguage":"da-DK"},{"@type":"Organization","@id":"https:\/\/globalcarehab.com\/da\/#organization","name":"Global Carehab","url":"https:\/\/globalcarehab.com\/da\/","logo":{"@type":"ImageObject","inLanguage":"da-DK","@id":"https:\/\/globalcarehab.com\/da\/#\/schema\/logo\/image\/","url":"https:\/\/globalcarehab.com\/wp-content\/uploads\/2024\/03\/carehab-logo.svg","contentUrl":"https:\/\/globalcarehab.com\/wp-content\/uploads\/2024\/03\/carehab-logo.svg","width":1,"height":1,"caption":"Global Carehab"},"image":{"@id":"https:\/\/globalcarehab.com\/da\/#\/schema\/logo\/image\/"}}]}},"_links":{"self":[{"href":"https:\/\/globalcarehab.com\/da\/wp-json\/wp\/v2\/product\/40632","targetHints":{"allow":["GET"]}}],"collection":[{"href":"https:\/\/globalcarehab.com\/da\/wp-json\/wp\/v2\/product"}],"about":[{"href":"https:\/\/globalcarehab.com\/da\/wp-json\/wp\/v2\/types\/product"}],"version-history":[{"count":13,"href":"https:\/\/globalcarehab.com\/da\/wp-json\/wp\/v2\/product\/40632\/revisions"}],"predecessor-version":[{"id":47639,"href":"https:\/\/globalcarehab.com\/da\/wp-json\/wp\/v2\/product\/40632\/revisions\/47639"}],"wp:featuredmedia":[{"embeddable":true,"href":"https:\/\/globalcarehab.com\/da\/wp-json\/wp\/v2\/media\/40633"}],"wp:attachment":[{"href":"https:\/\/globalcarehab.com\/da\/wp-json\/wp\/v2\/media?parent=40632"}],"wp:term":[{"taxonomy":"product_brand","embeddable":true,"href":"https:\/\/globalcarehab.com\/da\/wp-json\/wp\/v2\/product_brand?post=40632"},{"taxonomy":"product_cat","embeddable":true,"href":"https:\/\/globalcarehab.com\/da\/wp-json\/wp\/v2\/product_cat?post=40632"},{"taxonomy":"product_tag","embeddable":true,"href":"https:\/\/globalcarehab.com\/da\/wp-json\/wp\/v2\/product_tag?post=40632"}],"curies":[{"name":"wp","href":"https:\/\/api.w.org\/{rel}","templated":true}]}}