{"id":40639,"date":"2024-06-27T15:20:21","date_gmt":"2024-06-27T13:20:21","guid":{"rendered":"https:\/\/globalcarehab.com\/?post_type=product&#038;p=40639"},"modified":"2025-06-24T09:41:53","modified_gmt":"2025-06-24T07:41:53","slug":"vinter-benpose-uden-saede","status":"publish","type":"product","link":"https:\/\/globalcarehab.com\/da\/produkt\/vinter-benpose-uden-saede\/","title":{"rendered":"Vinter Benpose (uden s\u00e6de)"},"content":{"rendered":"\t\t<div data-elementor-type=\"product-post\" data-elementor-id=\"40639\" class=\"elementor elementor-40639 elementor-36054\" data-elementor-post-type=\"product\">\n\t\t\t\t<div class=\"elementor-element elementor-element-5a8ecbd e-flex e-con-boxed e-con e-parent\" data-id=\"5a8ecbd\" data-element_type=\"container\" data-e-type=\"container\" data-settings=\"{&quot;jet_parallax_layout_list&quot;:[]}\">\n\t\t\t\t\t<div class=\"e-con-inner\">\n\t\t<div class=\"elementor-element elementor-element-df23f50 e-con-full e-flex e-con e-child\" data-id=\"df23f50\" data-element_type=\"container\" data-e-type=\"container\" data-settings=\"{&quot;background_background&quot;:&quot;classic&quot;,&quot;jet_parallax_layout_list&quot;:[]}\">\n\t\t\t\t<div class=\"elementor-element elementor-element-b7dcf46 elementor-widget elementor-widget-spacer\" data-id=\"b7dcf46\" data-element_type=\"widget\" data-e-type=\"widget\" data-widget_type=\"spacer.default\">\n\t\t\t\t\t\t\t<div class=\"elementor-spacer\">\n\t\t\t<div class=\"elementor-spacer-inner\"><\/div>\n\t\t<\/div>\n\t\t\t\t\t\t<\/div>\n\t\t\t\t<\/div>\n\t\t<div class=\"elementor-element elementor-element-904c57f e-con-full e-flex e-con e-child\" data-id=\"904c57f\" data-element_type=\"container\" data-e-type=\"container\" data-settings=\"{&quot;jet_parallax_layout_list&quot;:[],&quot;background_background&quot;:&quot;classic&quot;}\">\n\t\t\t\t<div class=\"elementor-element elementor-element-17040e6 elementor-widget elementor-widget-heading\" data-id=\"17040e6\" data-element_type=\"widget\" data-e-type=\"widget\" data-widget_type=\"heading.default\">\n\t\t\t\t\t<h2 class=\"elementor-heading-title elementor-size-default\">Vinter benpose (uden s\u00e6de)<\/h2>\t\t\t\t<\/div>\n\t\t\t\t<div class=\"elementor-element elementor-element-244ecb4 elementor-widget elementor-widget-text-editor\" data-id=\"244ecb4\" data-element_type=\"widget\" data-e-type=\"widget\" data-widget_type=\"text-editor.default\">\n\t\t\t\t\t\t\t\t\t<div class=\"wpb_text_column\"><div class=\"wpb_wrapper\"><p>Vinter benpose (uden s\u00e6de) giver en varm l\u00f8sning til brugere, der \u00f8nsker at v\u00e6re udend\u00f8rs i al slags vejr. Posen er testet til at modst\u00e5 temperaturer ned til -20 grader celsius.<\/p><p><strong>Bem\u00e6rk<\/strong>: Denne benpose tillader montering af vores Liner-s\u00e6de og Liner Hip-flex.<\/p><\/div><\/div>\t\t\t\t\t\t\t\t<\/div>\n\t\t\t\t<\/div>\n\t\t\t\t\t<\/div>\n\t\t\t\t<\/div>\n\t\t\t\t<\/div>\n\t\t","protected":false},"excerpt":{"rendered":"<p>Vores benpose kan bruges i alle vores klapvogne. Den hj\u00e6lper brugeren med at holde sig varm i koldere perioder og muligg\u00f8r dermed ture \u00e5ret rundt. Denne pose er kun til benene. Hvis der er behov for mere d\u00e6kning, se venligst vores benpose med s\u00e6de og ryg.<\/p>\n","protected":false},"featured_media":40640,"template":"","meta":[],"product_brand":[],"product_cat":[475,415,404],"product_tag":[],"class_list":{"0":"post-40639","1":"product","2":"type-product","3":"status-publish","4":"has-post-thumbnail","6":"product_cat-klapvogne-tilbehoer","7":"product_cat-sidde-system-tilbehor","8":"product_cat-tilbehoer","10":"first","11":"instock","12":"taxable","13":"shipping-taxable","14":"purchasable","15":"product-type-simple"},"yoast_head":"<!-- This site is optimized with the Yoast SEO plugin v26.9 - https:\/\/yoast.com\/product\/yoast-seo-wordpress\/ -->\n<title>Vinter benpose (uden s\u00e6de) - Hold varmen i det danske vintervejr | Global Carehab<\/title>\n<meta name=\"description\" content=\"Vinter benpose (uden s\u00e6de) til klapvogn p\u00e5 farten. Testet i -20 grader kulde &amp; nem at fastg\u00f8re. Skaber komfort i det danske kolde vejr.\" \/>\n<meta name=\"robots\" content=\"index, follow, max-snippet:-1, max-image-preview:large, max-video-preview:-1\" \/>\n<link rel=\"canonical\" href=\"https:\/\/globalcarehab.com\/da\/produkt\/vinter-benpose-uden-saede\/\" \/>\n<meta property=\"og:locale\" content=\"da_DK\" \/>\n<meta property=\"og:type\" content=\"article\" \/>\n<meta property=\"og:title\" content=\"Vinter benpose (uden s\u00e6de) - Hold varmen i det danske vintervejr | Global Carehab\" \/>\n<meta property=\"og:description\" content=\"Vinter benpose (uden s\u00e6de) til klapvogn p\u00e5 farten. Testet i -20 grader kulde &amp; nem at fastg\u00f8re. Skaber komfort i det danske kolde vejr.\" \/>\n<meta property=\"og:url\" content=\"https:\/\/globalcarehab.com\/da\/produkt\/vinter-benpose-uden-saede\/\" \/>\n<meta property=\"og:site_name\" content=\"Global Carehab\" \/>\n<meta property=\"article:modified_time\" content=\"2025-06-24T07:41:53+00:00\" \/>\n<meta property=\"og:image\" content=\"https:\/\/globalcarehab.com\/wp-content\/uploads\/2019\/11\/BagForLegs-WithoutSeat-PushChair-Position.png\" \/>\n\t<meta property=\"og:image:width\" content=\"700\" \/>\n\t<meta property=\"og:image:height\" content=\"700\" \/>\n\t<meta property=\"og:image:type\" content=\"image\/png\" \/>\n<meta name=\"twitter:card\" content=\"summary_large_image\" \/>\n<meta name=\"twitter:label1\" content=\"Estimeret l\u00e6setid\" \/>\n\t<meta name=\"twitter:data1\" content=\"1 minut\" \/>\n<script type=\"application\/ld+json\" class=\"yoast-schema-graph\">{\"@context\":\"https:\/\/schema.org\",\"@graph\":[{\"@type\":\"WebPage\",\"@id\":\"https:\/\/globalcarehab.com\/da\/produkt\/vinter-benpose-uden-saede\/\",\"url\":\"https:\/\/globalcarehab.com\/da\/produkt\/vinter-benpose-uden-saede\/\",\"name\":\"Vinter benpose (uden s\u00e6de) - Hold varmen i det danske vintervejr | Global Carehab\",\"isPartOf\":{\"@id\":\"https:\/\/globalcarehab.com\/da\/#website\"},\"primaryImageOfPage\":{\"@id\":\"https:\/\/globalcarehab.com\/da\/produkt\/vinter-benpose-uden-saede\/#primaryimage\"},\"image\":{\"@id\":\"https:\/\/globalcarehab.com\/da\/produkt\/vinter-benpose-uden-saede\/#primaryimage\"},\"thumbnailUrl\":\"https:\/\/globalcarehab.com\/wp-content\/uploads\/2019\/11\/BagForLegs-WithoutSeat-PushChair-Position.png\",\"datePublished\":\"2024-06-27T13:20:21+00:00\",\"dateModified\":\"2025-06-24T07:41:53+00:00\",\"description\":\"Vinter benpose (uden s\u00e6de) til klapvogn p\u00e5 farten. Testet i -20 grader kulde & nem at fastg\u00f8re. Skaber komfort i det danske kolde vejr.\",\"breadcrumb\":{\"@id\":\"https:\/\/globalcarehab.com\/da\/produkt\/vinter-benpose-uden-saede\/#breadcrumb\"},\"inLanguage\":\"da-DK\",\"potentialAction\":[{\"@type\":\"ReadAction\",\"target\":[\"https:\/\/globalcarehab.com\/da\/produkt\/vinter-benpose-uden-saede\/\"]}]},{\"@type\":\"ImageObject\",\"inLanguage\":\"da-DK\",\"@id\":\"https:\/\/globalcarehab.com\/da\/produkt\/vinter-benpose-uden-saede\/#primaryimage\",\"url\":\"https:\/\/globalcarehab.com\/wp-content\/uploads\/2019\/11\/BagForLegs-WithoutSeat-PushChair-Position.png\",\"contentUrl\":\"https:\/\/globalcarehab.com\/wp-content\/uploads\/2019\/11\/BagForLegs-WithoutSeat-PushChair-Position.png\",\"width\":700,\"height\":700},{\"@type\":\"BreadcrumbList\",\"@id\":\"https:\/\/globalcarehab.com\/da\/produkt\/vinter-benpose-uden-saede\/#breadcrumb\",\"itemListElement\":[{\"@type\":\"ListItem\",\"position\":1,\"name\":\"Hjem\",\"item\":\"https:\/\/globalcarehab.com\/da\/\"},{\"@type\":\"ListItem\",\"position\":2,\"name\":\"Shop\",\"item\":\"https:\/\/globalcarehab.com\/da\/shop\/\"},{\"@type\":\"ListItem\",\"position\":3,\"name\":\"Jogger\",\"item\":\"https:\/\/globalcarehab.com\/da\/vare-kategori\/jogger\/\"},{\"@type\":\"ListItem\",\"position\":4,\"name\":\"Jogger tilbeh\u00f8r\",\"item\":\"https:\/\/globalcarehab.com\/da\/vare-kategori\/jogger\/jogger-tilbehoer\/\"},{\"@type\":\"ListItem\",\"position\":5,\"name\":\"Vinter Benpose (uden s\u00e6de)\"}]},{\"@type\":\"WebSite\",\"@id\":\"https:\/\/globalcarehab.com\/da\/#website\",\"url\":\"https:\/\/globalcarehab.com\/da\/\",\"name\":\"Global Carehab\",\"description\":\"For Children and Teenagers with Special Needs\",\"publisher\":{\"@id\":\"https:\/\/globalcarehab.com\/da\/#organization\"},\"potentialAction\":[{\"@type\":\"SearchAction\",\"target\":{\"@type\":\"EntryPoint\",\"urlTemplate\":\"https:\/\/globalcarehab.com\/da\/?s={search_term_string}\"},\"query-input\":{\"@type\":\"PropertyValueSpecification\",\"valueRequired\":true,\"valueName\":\"search_term_string\"}}],\"inLanguage\":\"da-DK\"},{\"@type\":\"Organization\",\"@id\":\"https:\/\/globalcarehab.com\/da\/#organization\",\"name\":\"Global Carehab\",\"url\":\"https:\/\/globalcarehab.com\/da\/\",\"logo\":{\"@type\":\"ImageObject\",\"inLanguage\":\"da-DK\",\"@id\":\"https:\/\/globalcarehab.com\/da\/#\/schema\/logo\/image\/\",\"url\":\"https:\/\/globalcarehab.com\/wp-content\/uploads\/2024\/03\/carehab-logo.svg\",\"contentUrl\":\"https:\/\/globalcarehab.com\/wp-content\/uploads\/2024\/03\/carehab-logo.svg\",\"width\":1,\"height\":1,\"caption\":\"Global Carehab\"},\"image\":{\"@id\":\"https:\/\/globalcarehab.com\/da\/#\/schema\/logo\/image\/\"}}]}<\/script>\n<!-- \/ Yoast SEO plugin. -->","yoast_head_json":{"title":"Vinter benpose (uden s\u00e6de) - Hold varmen i det danske vintervejr | Global Carehab","description":"Vinter benpose (uden s\u00e6de) til klapvogn p\u00e5 farten. Testet i -20 grader kulde & nem at fastg\u00f8re. Skaber komfort i det danske kolde vejr.","robots":{"index":"index","follow":"follow","max-snippet":"max-snippet:-1","max-image-preview":"max-image-preview:large","max-video-preview":"max-video-preview:-1"},"canonical":"https:\/\/globalcarehab.com\/da\/produkt\/vinter-benpose-uden-saede\/","og_locale":"da_DK","og_type":"article","og_title":"Vinter benpose (uden s\u00e6de) - Hold varmen i det danske vintervejr | Global Carehab","og_description":"Vinter benpose (uden s\u00e6de) til klapvogn p\u00e5 farten. Testet i -20 grader kulde & nem at fastg\u00f8re. Skaber komfort i det danske kolde vejr.","og_url":"https:\/\/globalcarehab.com\/da\/produkt\/vinter-benpose-uden-saede\/","og_site_name":"Global Carehab","article_modified_time":"2025-06-24T07:41:53+00:00","og_image":[{"width":700,"height":700,"url":"https:\/\/globalcarehab.com\/wp-content\/uploads\/2019\/11\/BagForLegs-WithoutSeat-PushChair-Position.png","type":"image\/png"}],"twitter_card":"summary_large_image","twitter_misc":{"Estimeret l\u00e6setid":"1 minut"},"schema":{"@context":"https:\/\/schema.org","@graph":[{"@type":"WebPage","@id":"https:\/\/globalcarehab.com\/da\/produkt\/vinter-benpose-uden-saede\/","url":"https:\/\/globalcarehab.com\/da\/produkt\/vinter-benpose-uden-saede\/","name":"Vinter benpose (uden s\u00e6de) - Hold varmen i det danske vintervejr | Global Carehab","isPartOf":{"@id":"https:\/\/globalcarehab.com\/da\/#website"},"primaryImageOfPage":{"@id":"https:\/\/globalcarehab.com\/da\/produkt\/vinter-benpose-uden-saede\/#primaryimage"},"image":{"@id":"https:\/\/globalcarehab.com\/da\/produkt\/vinter-benpose-uden-saede\/#primaryimage"},"thumbnailUrl":"https:\/\/globalcarehab.com\/wp-content\/uploads\/2019\/11\/BagForLegs-WithoutSeat-PushChair-Position.png","datePublished":"2024-06-27T13:20:21+00:00","dateModified":"2025-06-24T07:41:53+00:00","description":"Vinter benpose (uden s\u00e6de) til klapvogn p\u00e5 farten. Testet i -20 grader kulde & nem at fastg\u00f8re. Skaber komfort i det danske kolde vejr.","breadcrumb":{"@id":"https:\/\/globalcarehab.com\/da\/produkt\/vinter-benpose-uden-saede\/#breadcrumb"},"inLanguage":"da-DK","potentialAction":[{"@type":"ReadAction","target":["https:\/\/globalcarehab.com\/da\/produkt\/vinter-benpose-uden-saede\/"]}]},{"@type":"ImageObject","inLanguage":"da-DK","@id":"https:\/\/globalcarehab.com\/da\/produkt\/vinter-benpose-uden-saede\/#primaryimage","url":"https:\/\/globalcarehab.com\/wp-content\/uploads\/2019\/11\/BagForLegs-WithoutSeat-PushChair-Position.png","contentUrl":"https:\/\/globalcarehab.com\/wp-content\/uploads\/2019\/11\/BagForLegs-WithoutSeat-PushChair-Position.png","width":700,"height":700},{"@type":"BreadcrumbList","@id":"https:\/\/globalcarehab.com\/da\/produkt\/vinter-benpose-uden-saede\/#breadcrumb","itemListElement":[{"@type":"ListItem","position":1,"name":"Hjem","item":"https:\/\/globalcarehab.com\/da\/"},{"@type":"ListItem","position":2,"name":"Shop","item":"https:\/\/globalcarehab.com\/da\/shop\/"},{"@type":"ListItem","position":3,"name":"Jogger","item":"https:\/\/globalcarehab.com\/da\/vare-kategori\/jogger\/"},{"@type":"ListItem","position":4,"name":"Jogger tilbeh\u00f8r","item":"https:\/\/globalcarehab.com\/da\/vare-kategori\/jogger\/jogger-tilbehoer\/"},{"@type":"ListItem","position":5,"name":"Vinter Benpose (uden s\u00e6de)"}]},{"@type":"WebSite","@id":"https:\/\/globalcarehab.com\/da\/#website","url":"https:\/\/globalcarehab.com\/da\/","name":"Global Carehab","description":"For Children and Teenagers with Special Needs","publisher":{"@id":"https:\/\/globalcarehab.com\/da\/#organization"},"potentialAction":[{"@type":"SearchAction","target":{"@type":"EntryPoint","urlTemplate":"https:\/\/globalcarehab.com\/da\/?s={search_term_string}"},"query-input":{"@type":"PropertyValueSpecification","valueRequired":true,"valueName":"search_term_string"}}],"inLanguage":"da-DK"},{"@type":"Organization","@id":"https:\/\/globalcarehab.com\/da\/#organization","name":"Global Carehab","url":"https:\/\/globalcarehab.com\/da\/","logo":{"@type":"ImageObject","inLanguage":"da-DK","@id":"https:\/\/globalcarehab.com\/da\/#\/schema\/logo\/image\/","url":"https:\/\/globalcarehab.com\/wp-content\/uploads\/2024\/03\/carehab-logo.svg","contentUrl":"https:\/\/globalcarehab.com\/wp-content\/uploads\/2024\/03\/carehab-logo.svg","width":1,"height":1,"caption":"Global Carehab"},"image":{"@id":"https:\/\/globalcarehab.com\/da\/#\/schema\/logo\/image\/"}}]}},"_links":{"self":[{"href":"https:\/\/globalcarehab.com\/da\/wp-json\/wp\/v2\/product\/40639","targetHints":{"allow":["GET"]}}],"collection":[{"href":"https:\/\/globalcarehab.com\/da\/wp-json\/wp\/v2\/product"}],"about":[{"href":"https:\/\/globalcarehab.com\/da\/wp-json\/wp\/v2\/types\/product"}],"version-history":[{"count":9,"href":"https:\/\/globalcarehab.com\/da\/wp-json\/wp\/v2\/product\/40639\/revisions"}],"predecessor-version":[{"id":47638,"href":"https:\/\/globalcarehab.com\/da\/wp-json\/wp\/v2\/product\/40639\/revisions\/47638"}],"wp:featuredmedia":[{"embeddable":true,"href":"https:\/\/globalcarehab.com\/da\/wp-json\/wp\/v2\/media\/40640"}],"wp:attachment":[{"href":"https:\/\/globalcarehab.com\/da\/wp-json\/wp\/v2\/media?parent=40639"}],"wp:term":[{"taxonomy":"product_brand","embeddable":true,"href":"https:\/\/globalcarehab.com\/da\/wp-json\/wp\/v2\/product_brand?post=40639"},{"taxonomy":"product_cat","embeddable":true,"href":"https:\/\/globalcarehab.com\/da\/wp-json\/wp\/v2\/product_cat?post=40639"},{"taxonomy":"product_tag","embeddable":true,"href":"https:\/\/globalcarehab.com\/da\/wp-json\/wp\/v2\/product_tag?post=40639"}],"curies":[{"name":"wp","href":"https:\/\/api.w.org\/{rel}","templated":true}]}}