{"id":40732,"date":"2024-07-07T19:36:22","date_gmt":"2024-07-07T17:36:22","guid":{"rendered":"https:\/\/globalcarehab.com\/?post_type=product&#038;p=40732"},"modified":"2025-06-11T12:03:37","modified_gmt":"2025-06-11T10:03:37","slug":"mps-ryghynde","status":"publish","type":"product","link":"https:\/\/globalcarehab.com\/da\/produkt\/mps-ryghynde\/","title":{"rendered":"MPS Ryghynde"},"content":{"rendered":"\t\t<div data-elementor-type=\"product-post\" data-elementor-id=\"40732\" class=\"elementor elementor-40732 elementor-36491\" data-elementor-post-type=\"product\">\n\t\t\t\t<div class=\"elementor-element elementor-element-b58dec6 e-flex e-con-boxed e-con e-parent\" data-id=\"b58dec6\" data-element_type=\"container\" data-e-type=\"container\" data-settings=\"{&quot;jet_parallax_layout_list&quot;:[]}\">\n\t\t\t\t\t<div class=\"e-con-inner\">\n\t\t<div class=\"elementor-element elementor-element-4720733 e-con-full e-flex e-con e-child\" data-id=\"4720733\" data-element_type=\"container\" data-e-type=\"container\" data-settings=\"{&quot;background_background&quot;:&quot;classic&quot;,&quot;jet_parallax_layout_list&quot;:[]}\">\n\t\t\t\t<div class=\"elementor-element elementor-element-bf64489 elementor-widget elementor-widget-spacer\" data-id=\"bf64489\" data-element_type=\"widget\" data-e-type=\"widget\" data-widget_type=\"spacer.default\">\n\t\t\t\t\t\t\t<div class=\"elementor-spacer\">\n\t\t\t<div class=\"elementor-spacer-inner\"><\/div>\n\t\t<\/div>\n\t\t\t\t\t\t<\/div>\n\t\t\t\t<\/div>\n\t\t<div class=\"elementor-element elementor-element-9fbc44c e-con-full e-flex e-con e-child\" data-id=\"9fbc44c\" data-element_type=\"container\" data-e-type=\"container\" data-settings=\"{&quot;jet_parallax_layout_list&quot;:[],&quot;background_background&quot;:&quot;classic&quot;}\">\n\t\t\t\t<div class=\"elementor-element elementor-element-6358fe8 elementor-widget elementor-widget-heading\" data-id=\"6358fe8\" data-element_type=\"widget\" data-e-type=\"widget\" data-widget_type=\"heading.default\">\n\t\t\t\t\t<h1 class=\"elementor-heading-title elementor-size-default\">Special Tomato MPS Ryghynde<\/h1>\t\t\t\t<\/div>\n\t\t\t\t<div class=\"elementor-element elementor-element-b2d1b29 elementor-widget elementor-widget-text-editor\" data-id=\"b2d1b29\" data-element_type=\"widget\" data-e-type=\"widget\" data-widget_type=\"text-editor.default\">\n\t\t\t\t\t\t\t\t\t<div class=\"wpb_text_column\"><div class=\"wpb_wrapper\"><div class=\"flex flex-grow flex-col max-w-full\"><div class=\"min-h-[20px] text-message flex flex-col items-start whitespace-pre-wrap break-words [.text-message+&amp;]:mt-5 juice:w-full juice:items-end overflow-x-auto gap-2\" dir=\"auto\" data-message-author-role=\"assistant\" data-message-id=\"fc595b09-d00b-4c26-8a2d-7bc720c84ab3\"><div class=\"flex w-full flex-col gap-1 juice:empty:hidden juice:first:pt-[3px]\"><div class=\"markdown prose w-full break-words dark:prose-invert light\"><div class=\"flex max-w-full flex-col flex-grow\"><div class=\"min-h-8 text-message flex w-full flex-col items-end gap-2 whitespace-normal break-words [.text-message+&amp;]:mt-5\" dir=\"auto\" data-message-author-role=\"assistant\" data-message-id=\"bfe318bd-d739-4e22-8a82-4ce9e27bc1b3\" data-message-model-slug=\"gpt-4o\"><div class=\"flex w-full flex-col gap-1 empty:hidden first:pt-[3px]\"><div class=\"markdown prose w-full break-words dark:prose-invert light\"><p>Valget af en Special Tomato MPS Ryghynde er afg\u00f8rende for dit MPS Seating System. Hvis dit barn vokser ud af deres nuv\u00e6rende hynde, kan du k\u00f8be en erstatning her. Tilg\u00e6ngelig i to st\u00f8rrelser og flere farver, kan du nemt finde den perfekte pasform til dit barns behov.<\/p><\/div><\/div><\/div><\/div><\/div><\/div><\/div><\/div><\/div><\/div>\t\t\t\t\t\t\t\t<\/div>\n\t\t\t\t<\/div>\n\t\t\t\t\t<\/div>\n\t\t\t\t<\/div>\n\t\t\t\t<\/div>\n\t\t","protected":false},"excerpt":{"rendered":"<p>Special Tomato MPS Ryghynde Valget af en Special Tomato MPS Ryghynde er afg\u00f8rende for dit MPS Seating System. Hvis dit barn vokser ud af deres nuv\u00e6rende hynde, kan du k\u00f8be en erstatning her. Tilg\u00e6ngelig i to st\u00f8rrelser og flere farver, kan du nemt finde den perfekte pasform til dit barns behov.<\/p>\n","protected":false},"featured_media":42095,"template":"","meta":[],"product_brand":[],"product_cat":[411],"product_tag":[],"class_list":{"0":"post-40732","1":"product","2":"type-product","3":"status-publish","4":"has-post-thumbnail","6":"product_cat-special-tomato-da","7":"pa_color-blaa","8":"pa_color-graa","9":"pa_color-lilla","10":"pa_color-roed","11":"pa_size-ml2-da","12":"pa_size-ml4-da","13":"pa_size-ms2-da","14":"pa_size-ms4-da","16":"first","17":"instock","18":"taxable","19":"shipping-taxable","20":"purchasable","21":"product-type-variable"},"yoast_head":"<!-- This site is optimized with the Yoast SEO plugin v26.9 - https:\/\/yoast.com\/product\/yoast-seo-wordpress\/ -->\n<title>MPS Ryghynde \u2013 Justerbar &amp; anatomisk rygliner | Global Carehab<\/title>\n<meta name=\"description\" content=\"MPS Ryghynde er anatomisk rygliner til MPS sidde\u00adsystem. F\u00e5s i flere st\u00f8rrelser og farver for v\u00e6kst, latexfri Soft\u2011Touch \u2013 optimal st\u00f8tte hele dagen.\" \/>\n<meta name=\"robots\" content=\"index, follow, max-snippet:-1, max-image-preview:large, max-video-preview:-1\" \/>\n<link rel=\"canonical\" href=\"https:\/\/globalcarehab.com\/da\/produkt\/mps-ryghynde\/\" \/>\n<meta property=\"og:locale\" content=\"da_DK\" \/>\n<meta property=\"og:type\" content=\"article\" \/>\n<meta property=\"og:title\" content=\"MPS Ryghynde \u2013 Justerbar &amp; anatomisk rygliner | Global Carehab\" \/>\n<meta property=\"og:description\" content=\"MPS Ryghynde er anatomisk rygliner til MPS sidde\u00adsystem. F\u00e5s i flere st\u00f8rrelser og farver for v\u00e6kst, latexfri Soft\u2011Touch \u2013 optimal st\u00f8tte hele dagen.\" \/>\n<meta property=\"og:url\" content=\"https:\/\/globalcarehab.com\/da\/produkt\/mps-ryghynde\/\" \/>\n<meta property=\"og:site_name\" content=\"Global Carehab\" \/>\n<meta property=\"article:modified_time\" content=\"2025-06-11T10:03:37+00:00\" \/>\n<meta property=\"og:image\" content=\"https:\/\/globalcarehab.com\/wp-content\/uploads\/2024\/07\/MPS-Backsupport-Grey.png\" \/>\n\t<meta property=\"og:image:width\" content=\"700\" \/>\n\t<meta property=\"og:image:height\" content=\"700\" \/>\n\t<meta property=\"og:image:type\" content=\"image\/png\" \/>\n<meta name=\"twitter:card\" content=\"summary_large_image\" \/>\n<meta name=\"twitter:label1\" content=\"Estimeret l\u00e6setid\" \/>\n\t<meta name=\"twitter:data1\" content=\"1 minut\" \/>\n<script type=\"application\/ld+json\" class=\"yoast-schema-graph\">{\"@context\":\"https:\/\/schema.org\",\"@graph\":[{\"@type\":\"WebPage\",\"@id\":\"https:\/\/globalcarehab.com\/da\/produkt\/mps-ryghynde\/\",\"url\":\"https:\/\/globalcarehab.com\/da\/produkt\/mps-ryghynde\/\",\"name\":\"MPS Ryghynde \u2013 Justerbar & anatomisk rygliner | Global Carehab\",\"isPartOf\":{\"@id\":\"https:\/\/globalcarehab.com\/da\/#website\"},\"primaryImageOfPage\":{\"@id\":\"https:\/\/globalcarehab.com\/da\/produkt\/mps-ryghynde\/#primaryimage\"},\"image\":{\"@id\":\"https:\/\/globalcarehab.com\/da\/produkt\/mps-ryghynde\/#primaryimage\"},\"thumbnailUrl\":\"https:\/\/globalcarehab.com\/wp-content\/uploads\/2024\/07\/MPS-Backsupport-Grey.png\",\"datePublished\":\"2024-07-07T17:36:22+00:00\",\"dateModified\":\"2025-06-11T10:03:37+00:00\",\"description\":\"MPS Ryghynde er anatomisk rygliner til MPS sidde\u00adsystem. F\u00e5s i flere st\u00f8rrelser og farver for v\u00e6kst, latexfri Soft\u2011Touch \u2013 optimal st\u00f8tte hele dagen.\",\"breadcrumb\":{\"@id\":\"https:\/\/globalcarehab.com\/da\/produkt\/mps-ryghynde\/#breadcrumb\"},\"inLanguage\":\"da-DK\",\"potentialAction\":[{\"@type\":\"ReadAction\",\"target\":[\"https:\/\/globalcarehab.com\/da\/produkt\/mps-ryghynde\/\"]}]},{\"@type\":\"ImageObject\",\"inLanguage\":\"da-DK\",\"@id\":\"https:\/\/globalcarehab.com\/da\/produkt\/mps-ryghynde\/#primaryimage\",\"url\":\"https:\/\/globalcarehab.com\/wp-content\/uploads\/2024\/07\/MPS-Backsupport-Grey.png\",\"contentUrl\":\"https:\/\/globalcarehab.com\/wp-content\/uploads\/2024\/07\/MPS-Backsupport-Grey.png\",\"width\":700,\"height\":700},{\"@type\":\"BreadcrumbList\",\"@id\":\"https:\/\/globalcarehab.com\/da\/produkt\/mps-ryghynde\/#breadcrumb\",\"itemListElement\":[{\"@type\":\"ListItem\",\"position\":1,\"name\":\"Hjem\",\"item\":\"https:\/\/globalcarehab.com\/da\/\"},{\"@type\":\"ListItem\",\"position\":2,\"name\":\"Shop\",\"item\":\"https:\/\/globalcarehab.com\/da\/shop\/\"},{\"@type\":\"ListItem\",\"position\":3,\"name\":\"Varem\u00e6rke\",\"item\":\"https:\/\/globalcarehab.com\/da\/vare-kategori\/varemaerke\/\"},{\"@type\":\"ListItem\",\"position\":4,\"name\":\"Special Tomato\",\"item\":\"https:\/\/globalcarehab.com\/da\/vare-kategori\/varemaerke\/special-tomato-da\/\"},{\"@type\":\"ListItem\",\"position\":5,\"name\":\"MPS Ryghynde\"}]},{\"@type\":\"WebSite\",\"@id\":\"https:\/\/globalcarehab.com\/da\/#website\",\"url\":\"https:\/\/globalcarehab.com\/da\/\",\"name\":\"Global Carehab\",\"description\":\"For Children and Teenagers with Special Needs\",\"publisher\":{\"@id\":\"https:\/\/globalcarehab.com\/da\/#organization\"},\"potentialAction\":[{\"@type\":\"SearchAction\",\"target\":{\"@type\":\"EntryPoint\",\"urlTemplate\":\"https:\/\/globalcarehab.com\/da\/?s={search_term_string}\"},\"query-input\":{\"@type\":\"PropertyValueSpecification\",\"valueRequired\":true,\"valueName\":\"search_term_string\"}}],\"inLanguage\":\"da-DK\"},{\"@type\":\"Organization\",\"@id\":\"https:\/\/globalcarehab.com\/da\/#organization\",\"name\":\"Global Carehab\",\"url\":\"https:\/\/globalcarehab.com\/da\/\",\"logo\":{\"@type\":\"ImageObject\",\"inLanguage\":\"da-DK\",\"@id\":\"https:\/\/globalcarehab.com\/da\/#\/schema\/logo\/image\/\",\"url\":\"https:\/\/globalcarehab.com\/wp-content\/uploads\/2024\/03\/carehab-logo.svg\",\"contentUrl\":\"https:\/\/globalcarehab.com\/wp-content\/uploads\/2024\/03\/carehab-logo.svg\",\"width\":1,\"height\":1,\"caption\":\"Global Carehab\"},\"image\":{\"@id\":\"https:\/\/globalcarehab.com\/da\/#\/schema\/logo\/image\/\"}}]}<\/script>\n<!-- \/ Yoast SEO plugin. -->","yoast_head_json":{"title":"MPS Ryghynde \u2013 Justerbar & anatomisk rygliner | Global Carehab","description":"MPS Ryghynde er anatomisk rygliner til MPS sidde\u00adsystem. F\u00e5s i flere st\u00f8rrelser og farver for v\u00e6kst, latexfri Soft\u2011Touch \u2013 optimal st\u00f8tte hele dagen.","robots":{"index":"index","follow":"follow","max-snippet":"max-snippet:-1","max-image-preview":"max-image-preview:large","max-video-preview":"max-video-preview:-1"},"canonical":"https:\/\/globalcarehab.com\/da\/produkt\/mps-ryghynde\/","og_locale":"da_DK","og_type":"article","og_title":"MPS Ryghynde \u2013 Justerbar & anatomisk rygliner | Global Carehab","og_description":"MPS Ryghynde er anatomisk rygliner til MPS sidde\u00adsystem. F\u00e5s i flere st\u00f8rrelser og farver for v\u00e6kst, latexfri Soft\u2011Touch \u2013 optimal st\u00f8tte hele dagen.","og_url":"https:\/\/globalcarehab.com\/da\/produkt\/mps-ryghynde\/","og_site_name":"Global Carehab","article_modified_time":"2025-06-11T10:03:37+00:00","og_image":[{"width":700,"height":700,"url":"https:\/\/globalcarehab.com\/wp-content\/uploads\/2024\/07\/MPS-Backsupport-Grey.png","type":"image\/png"}],"twitter_card":"summary_large_image","twitter_misc":{"Estimeret l\u00e6setid":"1 minut"},"schema":{"@context":"https:\/\/schema.org","@graph":[{"@type":"WebPage","@id":"https:\/\/globalcarehab.com\/da\/produkt\/mps-ryghynde\/","url":"https:\/\/globalcarehab.com\/da\/produkt\/mps-ryghynde\/","name":"MPS Ryghynde \u2013 Justerbar & anatomisk rygliner | Global Carehab","isPartOf":{"@id":"https:\/\/globalcarehab.com\/da\/#website"},"primaryImageOfPage":{"@id":"https:\/\/globalcarehab.com\/da\/produkt\/mps-ryghynde\/#primaryimage"},"image":{"@id":"https:\/\/globalcarehab.com\/da\/produkt\/mps-ryghynde\/#primaryimage"},"thumbnailUrl":"https:\/\/globalcarehab.com\/wp-content\/uploads\/2024\/07\/MPS-Backsupport-Grey.png","datePublished":"2024-07-07T17:36:22+00:00","dateModified":"2025-06-11T10:03:37+00:00","description":"MPS Ryghynde er anatomisk rygliner til MPS sidde\u00adsystem. F\u00e5s i flere st\u00f8rrelser og farver for v\u00e6kst, latexfri Soft\u2011Touch \u2013 optimal st\u00f8tte hele dagen.","breadcrumb":{"@id":"https:\/\/globalcarehab.com\/da\/produkt\/mps-ryghynde\/#breadcrumb"},"inLanguage":"da-DK","potentialAction":[{"@type":"ReadAction","target":["https:\/\/globalcarehab.com\/da\/produkt\/mps-ryghynde\/"]}]},{"@type":"ImageObject","inLanguage":"da-DK","@id":"https:\/\/globalcarehab.com\/da\/produkt\/mps-ryghynde\/#primaryimage","url":"https:\/\/globalcarehab.com\/wp-content\/uploads\/2024\/07\/MPS-Backsupport-Grey.png","contentUrl":"https:\/\/globalcarehab.com\/wp-content\/uploads\/2024\/07\/MPS-Backsupport-Grey.png","width":700,"height":700},{"@type":"BreadcrumbList","@id":"https:\/\/globalcarehab.com\/da\/produkt\/mps-ryghynde\/#breadcrumb","itemListElement":[{"@type":"ListItem","position":1,"name":"Hjem","item":"https:\/\/globalcarehab.com\/da\/"},{"@type":"ListItem","position":2,"name":"Shop","item":"https:\/\/globalcarehab.com\/da\/shop\/"},{"@type":"ListItem","position":3,"name":"Varem\u00e6rke","item":"https:\/\/globalcarehab.com\/da\/vare-kategori\/varemaerke\/"},{"@type":"ListItem","position":4,"name":"Special Tomato","item":"https:\/\/globalcarehab.com\/da\/vare-kategori\/varemaerke\/special-tomato-da\/"},{"@type":"ListItem","position":5,"name":"MPS Ryghynde"}]},{"@type":"WebSite","@id":"https:\/\/globalcarehab.com\/da\/#website","url":"https:\/\/globalcarehab.com\/da\/","name":"Global Carehab","description":"For Children and Teenagers with Special Needs","publisher":{"@id":"https:\/\/globalcarehab.com\/da\/#organization"},"potentialAction":[{"@type":"SearchAction","target":{"@type":"EntryPoint","urlTemplate":"https:\/\/globalcarehab.com\/da\/?s={search_term_string}"},"query-input":{"@type":"PropertyValueSpecification","valueRequired":true,"valueName":"search_term_string"}}],"inLanguage":"da-DK"},{"@type":"Organization","@id":"https:\/\/globalcarehab.com\/da\/#organization","name":"Global Carehab","url":"https:\/\/globalcarehab.com\/da\/","logo":{"@type":"ImageObject","inLanguage":"da-DK","@id":"https:\/\/globalcarehab.com\/da\/#\/schema\/logo\/image\/","url":"https:\/\/globalcarehab.com\/wp-content\/uploads\/2024\/03\/carehab-logo.svg","contentUrl":"https:\/\/globalcarehab.com\/wp-content\/uploads\/2024\/03\/carehab-logo.svg","width":1,"height":1,"caption":"Global Carehab"},"image":{"@id":"https:\/\/globalcarehab.com\/da\/#\/schema\/logo\/image\/"}}]}},"_links":{"self":[{"href":"https:\/\/globalcarehab.com\/da\/wp-json\/wp\/v2\/product\/40732","targetHints":{"allow":["GET"]}}],"collection":[{"href":"https:\/\/globalcarehab.com\/da\/wp-json\/wp\/v2\/product"}],"about":[{"href":"https:\/\/globalcarehab.com\/da\/wp-json\/wp\/v2\/types\/product"}],"version-history":[{"count":8,"href":"https:\/\/globalcarehab.com\/da\/wp-json\/wp\/v2\/product\/40732\/revisions"}],"predecessor-version":[{"id":42765,"href":"https:\/\/globalcarehab.com\/da\/wp-json\/wp\/v2\/product\/40732\/revisions\/42765"}],"wp:featuredmedia":[{"embeddable":true,"href":"https:\/\/globalcarehab.com\/da\/wp-json\/wp\/v2\/media\/42095"}],"wp:attachment":[{"href":"https:\/\/globalcarehab.com\/da\/wp-json\/wp\/v2\/media?parent=40732"}],"wp:term":[{"taxonomy":"product_brand","embeddable":true,"href":"https:\/\/globalcarehab.com\/da\/wp-json\/wp\/v2\/product_brand?post=40732"},{"taxonomy":"product_cat","embeddable":true,"href":"https:\/\/globalcarehab.com\/da\/wp-json\/wp\/v2\/product_cat?post=40732"},{"taxonomy":"product_tag","embeddable":true,"href":"https:\/\/globalcarehab.com\/da\/wp-json\/wp\/v2\/product_tag?post=40732"}],"curies":[{"name":"wp","href":"https:\/\/api.w.org\/{rel}","templated":true}]}}