{"id":40762,"date":"2024-07-15T14:12:04","date_gmt":"2024-07-15T12:12:04","guid":{"rendered":"https:\/\/globalcarehab.com\/?post_type=product&#038;p=40762"},"modified":"2025-11-17T13:29:37","modified_gmt":"2025-11-17T12:29:37","slug":"delta-kilepude","status":"publish","type":"product","link":"https:\/\/globalcarehab.com\/da\/produkt\/delta-kilepude\/","title":{"rendered":"Delta Kilepude"},"content":{"rendered":"\t\t<div data-elementor-type=\"product-post\" data-elementor-id=\"40762\" class=\"elementor elementor-40762 elementor-37050\" data-elementor-post-type=\"product\">\n\t\t\t\t<div class=\"elementor-element elementor-element-7e092f8 e-flex e-con-boxed e-con e-parent\" data-id=\"7e092f8\" data-element_type=\"container\" data-e-type=\"container\" data-settings=\"{&quot;jet_parallax_layout_list&quot;:[]}\">\n\t\t\t\t\t<div class=\"e-con-inner\">\n\t\t<div class=\"elementor-element elementor-element-1f4b3de e-con-full e-flex e-con e-child\" data-id=\"1f4b3de\" data-element_type=\"container\" data-e-type=\"container\" data-settings=\"{&quot;background_background&quot;:&quot;classic&quot;,&quot;jet_parallax_layout_list&quot;:[]}\">\n\t\t\t\t<div class=\"elementor-element elementor-element-c6103f7 elementor-widget elementor-widget-heading\" data-id=\"c6103f7\" data-element_type=\"widget\" data-e-type=\"widget\" data-widget_type=\"heading.default\">\n\t\t\t\t\t<h1 class=\"elementor-heading-title elementor-size-default\">Delta Kilepude<\/h1>\t\t\t\t<\/div>\n\t\t\t\t<div class=\"elementor-element elementor-element-91f4419 elementor-widget elementor-widget-text-editor\" data-id=\"91f4419\" data-element_type=\"widget\" data-e-type=\"widget\" data-widget_type=\"text-editor.default\">\n\t\t\t\t\t\t\t\t\t<article class=\"w-full text-token-text-primary focus-visible:outline-2 focus-visible:outline-offset-[-4px]\" dir=\"auto\" data-testid=\"conversation-turn-24\" data-scroll-anchor=\"false\"><div class=\"text-base py-[18px] px-3 md:px-4 m-auto md:px-5\"><div class=\"mx-auto flex flex-1 gap-4 text-base md:gap-5 lg:gap-6 md:max-w-3xl lg:max-w-[40rem] xl:max-w-[48rem]\"><div class=\"group\/conversation-turn relative flex w-full min-w-0 flex-col\"><div class=\"flex-col gap-1 md:gap-3\"><div class=\"flex max-w-full flex-col flex-grow\"><div class=\"min-h-[20px] text-message flex w-full flex-col items-end gap-2 break-words [.text-message+&amp;]:mt-5 overflow-x-auto whitespace-pre-wrap\" dir=\"auto\" data-message-author-role=\"user\" data-message-id=\"aaa2a20f-42a9-4567-87a5-e8545633ad3d\"><div class=\"flex w-full flex-col gap-1 empty:hidden items-end rtl:items-start\"><div class=\"relative max-w-[70%] rounded-3xl bg-[#f4f4f4] px-5 py-2.5 dark:bg-token-main-surface-secondary\"><div class=\"\">Delta Kilepude er en bl\u00f8d, kileformet pude, designet til at passe perfekt ind i Delta Jogger. Den er nem at installere eller fjerne og kan bekvemt opbevares under s\u00e6det i kurven, n\u00e5r den ikke er i brug. Puden h\u00e6ver brugerens siddende h\u00f8jde og justerer kn\u00e6vinklen for forbedret komfort. Tilg\u00e6ngelig i to st\u00f8rrelser: Medium, der passer til Delta M1, M2 og L1, og Large, der er kompatibel med Delta Jogger L2 og XL. Den er et fremragende tilbeh\u00f8r til mindre eller tyndere brugere og forbedrer b\u00e5de siddekomfort og st\u00f8tte.<\/div><\/div><\/div><\/div><\/div><\/div><\/div><\/div><\/div><\/article>\t\t\t\t\t\t\t\t<\/div>\n\t\t\t\t<\/div>\n\t\t<div class=\"elementor-element elementor-element-b19bbe9 e-con-full e-flex e-con e-child\" data-id=\"b19bbe9\" data-element_type=\"container\" data-e-type=\"container\" data-settings=\"{&quot;background_background&quot;:&quot;classic&quot;,&quot;jet_parallax_layout_list&quot;:[]}\">\n\t\t\t\t<div class=\"elementor-element elementor-element-8cf317f elementor-widget elementor-widget-spacer\" data-id=\"8cf317f\" data-element_type=\"widget\" data-e-type=\"widget\" data-widget_type=\"spacer.default\">\n\t\t\t\t\t\t\t<div class=\"elementor-spacer\">\n\t\t\t<div class=\"elementor-spacer-inner\"><\/div>\n\t\t<\/div>\n\t\t\t\t\t\t<\/div>\n\t\t\t\t<\/div>\n\t\t<div class=\"elementor-element elementor-element-bfb3b09 e-con-full e-flex e-con e-child\" data-id=\"bfb3b09\" data-element_type=\"container\" data-e-type=\"container\" data-settings=\"{&quot;background_background&quot;:&quot;classic&quot;,&quot;jet_parallax_layout_list&quot;:[]}\">\n\t\t\t\t<\/div>\n\t\t\t\t\t<\/div>\n\t\t\t\t<\/div>\n\t\t\t\t<\/div>\n\t\t","protected":false},"excerpt":{"rendered":"<p><strong>Delta Kilepude: <\/strong>S\u00e6depuden placeres l\u00f8st i Joggeren og har en kileform, der h\u00e6ver brugerens siddende h\u00f8jde og justerer kn\u00e6positioneringen. Den f\u00e5s i tre st\u00f8rrelser, Small, Medium og Large. Small kildepude passer til Delta Small, M2. Medium kildepude passer til M2, L1 &amp; L2. Large Kildepude passer til Delta L2 &amp; XL. Denne pude er s\u00e6rligt fordelagtig for mindre eller tyndere brugere og forbedrer siddekomfort og st\u00f8tte. Husk at v\u00e6lge den korrekte st\u00f8rrelse, f\u00f8r du l\u00e6gger den i indk\u00f8bskurven.<\/p>\n<p>&nbsp;<\/p>\n","protected":false},"featured_media":40763,"template":"","meta":[],"product_brand":[],"product_cat":[409,413],"product_tag":[],"class_list":{"0":"post-40762","1":"product","2":"type-product","3":"status-publish","4":"has-post-thumbnail","6":"product_cat-delta-da","7":"product_cat-jogger-tilbehoer","8":"pa_size-large-da","9":"pa_size-medium-da","10":"pa_size-small-da","12":"first","13":"instock","14":"taxable","15":"shipping-taxable","16":"purchasable","17":"product-type-variable"},"yoast_head":"<!-- This site is optimized with the Yoast SEO plugin v26.9 - https:\/\/yoast.com\/product\/yoast-seo-wordpress\/ -->\n<title>Delta Kilepude | Global Carehab<\/title>\n<meta name=\"robots\" content=\"index, follow, max-snippet:-1, max-image-preview:large, max-video-preview:-1\" \/>\n<link rel=\"canonical\" href=\"https:\/\/globalcarehab.com\/da\/produkt\/delta-kilepude\/\" \/>\n<meta property=\"og:locale\" content=\"da_DK\" \/>\n<meta property=\"og:type\" content=\"article\" \/>\n<meta property=\"og:title\" content=\"Delta Kilepude | Global Carehab\" \/>\n<meta property=\"og:description\" content=\"Delta Kilepude: S\u00e6depuden placeres l\u00f8st i Joggeren og har en kileform, der h\u00e6ver brugerens siddende h\u00f8jde og justerer kn\u00e6positioneringen. Den f\u00e5s i tre st\u00f8rrelser, Small, Medium og Large. Small kildepude passer til Delta Small, M2. Medium kildepude passer til M2, L1 &amp; L2. Large Kildepude passer til Delta L2 &amp; XL. Denne pude er s\u00e6rligt fordelagtig for mindre eller tyndere brugere og forbedrer siddekomfort og st\u00f8tte. Husk at v\u00e6lge den korrekte st\u00f8rrelse, f\u00f8r du l\u00e6gger den i indk\u00f8bskurven.  &nbsp;\" \/>\n<meta property=\"og:url\" content=\"https:\/\/globalcarehab.com\/da\/produkt\/delta-kilepude\/\" \/>\n<meta property=\"og:site_name\" content=\"Global Carehab\" \/>\n<meta property=\"article:modified_time\" content=\"2025-11-17T12:29:37+00:00\" \/>\n<meta property=\"og:image\" content=\"https:\/\/globalcarehab.com\/wp-content\/uploads\/2020\/04\/DeltaJogger-SeatInfill.png\" \/>\n\t<meta property=\"og:image:width\" content=\"700\" \/>\n\t<meta property=\"og:image:height\" content=\"700\" \/>\n\t<meta property=\"og:image:type\" content=\"image\/png\" \/>\n<meta name=\"twitter:card\" content=\"summary_large_image\" \/>\n<script type=\"application\/ld+json\" class=\"yoast-schema-graph\">{\"@context\":\"https:\/\/schema.org\",\"@graph\":[{\"@type\":\"WebPage\",\"@id\":\"https:\/\/globalcarehab.com\/da\/produkt\/delta-kilepude\/\",\"url\":\"https:\/\/globalcarehab.com\/da\/produkt\/delta-kilepude\/\",\"name\":\"Delta Kilepude | Global Carehab\",\"isPartOf\":{\"@id\":\"https:\/\/globalcarehab.com\/da\/#website\"},\"primaryImageOfPage\":{\"@id\":\"https:\/\/globalcarehab.com\/da\/produkt\/delta-kilepude\/#primaryimage\"},\"image\":{\"@id\":\"https:\/\/globalcarehab.com\/da\/produkt\/delta-kilepude\/#primaryimage\"},\"thumbnailUrl\":\"https:\/\/globalcarehab.com\/wp-content\/uploads\/2020\/04\/DeltaJogger-SeatInfill.png\",\"datePublished\":\"2024-07-15T12:12:04+00:00\",\"dateModified\":\"2025-11-17T12:29:37+00:00\",\"breadcrumb\":{\"@id\":\"https:\/\/globalcarehab.com\/da\/produkt\/delta-kilepude\/#breadcrumb\"},\"inLanguage\":\"da-DK\",\"potentialAction\":[{\"@type\":\"ReadAction\",\"target\":[\"https:\/\/globalcarehab.com\/da\/produkt\/delta-kilepude\/\"]}]},{\"@type\":\"ImageObject\",\"inLanguage\":\"da-DK\",\"@id\":\"https:\/\/globalcarehab.com\/da\/produkt\/delta-kilepude\/#primaryimage\",\"url\":\"https:\/\/globalcarehab.com\/wp-content\/uploads\/2020\/04\/DeltaJogger-SeatInfill.png\",\"contentUrl\":\"https:\/\/globalcarehab.com\/wp-content\/uploads\/2020\/04\/DeltaJogger-SeatInfill.png\",\"width\":700,\"height\":700},{\"@type\":\"BreadcrumbList\",\"@id\":\"https:\/\/globalcarehab.com\/da\/produkt\/delta-kilepude\/#breadcrumb\",\"itemListElement\":[{\"@type\":\"ListItem\",\"position\":1,\"name\":\"Hjem\",\"item\":\"https:\/\/globalcarehab.com\/da\/\"},{\"@type\":\"ListItem\",\"position\":2,\"name\":\"Shop\",\"item\":\"https:\/\/globalcarehab.com\/da\/shop\/\"},{\"@type\":\"ListItem\",\"position\":3,\"name\":\"Jogger\",\"item\":\"https:\/\/globalcarehab.com\/da\/vare-kategori\/jogger\/\"},{\"@type\":\"ListItem\",\"position\":4,\"name\":\"Jogger tilbeh\u00f8r\",\"item\":\"https:\/\/globalcarehab.com\/da\/vare-kategori\/jogger\/jogger-tilbehoer\/\"},{\"@type\":\"ListItem\",\"position\":5,\"name\":\"Delta Kilepude\"}]},{\"@type\":\"WebSite\",\"@id\":\"https:\/\/globalcarehab.com\/da\/#website\",\"url\":\"https:\/\/globalcarehab.com\/da\/\",\"name\":\"Global Carehab\",\"description\":\"For Children and Teenagers with Special Needs\",\"publisher\":{\"@id\":\"https:\/\/globalcarehab.com\/da\/#organization\"},\"potentialAction\":[{\"@type\":\"SearchAction\",\"target\":{\"@type\":\"EntryPoint\",\"urlTemplate\":\"https:\/\/globalcarehab.com\/da\/?s={search_term_string}\"},\"query-input\":{\"@type\":\"PropertyValueSpecification\",\"valueRequired\":true,\"valueName\":\"search_term_string\"}}],\"inLanguage\":\"da-DK\"},{\"@type\":\"Organization\",\"@id\":\"https:\/\/globalcarehab.com\/da\/#organization\",\"name\":\"Global Carehab\",\"url\":\"https:\/\/globalcarehab.com\/da\/\",\"logo\":{\"@type\":\"ImageObject\",\"inLanguage\":\"da-DK\",\"@id\":\"https:\/\/globalcarehab.com\/da\/#\/schema\/logo\/image\/\",\"url\":\"https:\/\/globalcarehab.com\/wp-content\/uploads\/2024\/03\/carehab-logo.svg\",\"contentUrl\":\"https:\/\/globalcarehab.com\/wp-content\/uploads\/2024\/03\/carehab-logo.svg\",\"width\":1,\"height\":1,\"caption\":\"Global Carehab\"},\"image\":{\"@id\":\"https:\/\/globalcarehab.com\/da\/#\/schema\/logo\/image\/\"}}]}<\/script>\n<!-- \/ Yoast SEO plugin. -->","yoast_head_json":{"title":"Delta Kilepude | Global Carehab","robots":{"index":"index","follow":"follow","max-snippet":"max-snippet:-1","max-image-preview":"max-image-preview:large","max-video-preview":"max-video-preview:-1"},"canonical":"https:\/\/globalcarehab.com\/da\/produkt\/delta-kilepude\/","og_locale":"da_DK","og_type":"article","og_title":"Delta Kilepude | Global Carehab","og_description":"Delta Kilepude: S\u00e6depuden placeres l\u00f8st i Joggeren og har en kileform, der h\u00e6ver brugerens siddende h\u00f8jde og justerer kn\u00e6positioneringen. Den f\u00e5s i tre st\u00f8rrelser, Small, Medium og Large. Small kildepude passer til Delta Small, M2. Medium kildepude passer til M2, L1 &amp; L2. Large Kildepude passer til Delta L2 &amp; XL. Denne pude er s\u00e6rligt fordelagtig for mindre eller tyndere brugere og forbedrer siddekomfort og st\u00f8tte. Husk at v\u00e6lge den korrekte st\u00f8rrelse, f\u00f8r du l\u00e6gger den i indk\u00f8bskurven.  &nbsp;","og_url":"https:\/\/globalcarehab.com\/da\/produkt\/delta-kilepude\/","og_site_name":"Global Carehab","article_modified_time":"2025-11-17T12:29:37+00:00","og_image":[{"width":700,"height":700,"url":"https:\/\/globalcarehab.com\/wp-content\/uploads\/2020\/04\/DeltaJogger-SeatInfill.png","type":"image\/png"}],"twitter_card":"summary_large_image","schema":{"@context":"https:\/\/schema.org","@graph":[{"@type":"WebPage","@id":"https:\/\/globalcarehab.com\/da\/produkt\/delta-kilepude\/","url":"https:\/\/globalcarehab.com\/da\/produkt\/delta-kilepude\/","name":"Delta Kilepude | Global Carehab","isPartOf":{"@id":"https:\/\/globalcarehab.com\/da\/#website"},"primaryImageOfPage":{"@id":"https:\/\/globalcarehab.com\/da\/produkt\/delta-kilepude\/#primaryimage"},"image":{"@id":"https:\/\/globalcarehab.com\/da\/produkt\/delta-kilepude\/#primaryimage"},"thumbnailUrl":"https:\/\/globalcarehab.com\/wp-content\/uploads\/2020\/04\/DeltaJogger-SeatInfill.png","datePublished":"2024-07-15T12:12:04+00:00","dateModified":"2025-11-17T12:29:37+00:00","breadcrumb":{"@id":"https:\/\/globalcarehab.com\/da\/produkt\/delta-kilepude\/#breadcrumb"},"inLanguage":"da-DK","potentialAction":[{"@type":"ReadAction","target":["https:\/\/globalcarehab.com\/da\/produkt\/delta-kilepude\/"]}]},{"@type":"ImageObject","inLanguage":"da-DK","@id":"https:\/\/globalcarehab.com\/da\/produkt\/delta-kilepude\/#primaryimage","url":"https:\/\/globalcarehab.com\/wp-content\/uploads\/2020\/04\/DeltaJogger-SeatInfill.png","contentUrl":"https:\/\/globalcarehab.com\/wp-content\/uploads\/2020\/04\/DeltaJogger-SeatInfill.png","width":700,"height":700},{"@type":"BreadcrumbList","@id":"https:\/\/globalcarehab.com\/da\/produkt\/delta-kilepude\/#breadcrumb","itemListElement":[{"@type":"ListItem","position":1,"name":"Hjem","item":"https:\/\/globalcarehab.com\/da\/"},{"@type":"ListItem","position":2,"name":"Shop","item":"https:\/\/globalcarehab.com\/da\/shop\/"},{"@type":"ListItem","position":3,"name":"Jogger","item":"https:\/\/globalcarehab.com\/da\/vare-kategori\/jogger\/"},{"@type":"ListItem","position":4,"name":"Jogger tilbeh\u00f8r","item":"https:\/\/globalcarehab.com\/da\/vare-kategori\/jogger\/jogger-tilbehoer\/"},{"@type":"ListItem","position":5,"name":"Delta Kilepude"}]},{"@type":"WebSite","@id":"https:\/\/globalcarehab.com\/da\/#website","url":"https:\/\/globalcarehab.com\/da\/","name":"Global Carehab","description":"For Children and Teenagers with Special Needs","publisher":{"@id":"https:\/\/globalcarehab.com\/da\/#organization"},"potentialAction":[{"@type":"SearchAction","target":{"@type":"EntryPoint","urlTemplate":"https:\/\/globalcarehab.com\/da\/?s={search_term_string}"},"query-input":{"@type":"PropertyValueSpecification","valueRequired":true,"valueName":"search_term_string"}}],"inLanguage":"da-DK"},{"@type":"Organization","@id":"https:\/\/globalcarehab.com\/da\/#organization","name":"Global Carehab","url":"https:\/\/globalcarehab.com\/da\/","logo":{"@type":"ImageObject","inLanguage":"da-DK","@id":"https:\/\/globalcarehab.com\/da\/#\/schema\/logo\/image\/","url":"https:\/\/globalcarehab.com\/wp-content\/uploads\/2024\/03\/carehab-logo.svg","contentUrl":"https:\/\/globalcarehab.com\/wp-content\/uploads\/2024\/03\/carehab-logo.svg","width":1,"height":1,"caption":"Global Carehab"},"image":{"@id":"https:\/\/globalcarehab.com\/da\/#\/schema\/logo\/image\/"}}]}},"_links":{"self":[{"href":"https:\/\/globalcarehab.com\/da\/wp-json\/wp\/v2\/product\/40762","targetHints":{"allow":["GET"]}}],"collection":[{"href":"https:\/\/globalcarehab.com\/da\/wp-json\/wp\/v2\/product"}],"about":[{"href":"https:\/\/globalcarehab.com\/da\/wp-json\/wp\/v2\/types\/product"}],"version-history":[{"count":4,"href":"https:\/\/globalcarehab.com\/da\/wp-json\/wp\/v2\/product\/40762\/revisions"}],"predecessor-version":[{"id":40768,"href":"https:\/\/globalcarehab.com\/da\/wp-json\/wp\/v2\/product\/40762\/revisions\/40768"}],"wp:featuredmedia":[{"embeddable":true,"href":"https:\/\/globalcarehab.com\/da\/wp-json\/wp\/v2\/media\/40763"}],"wp:attachment":[{"href":"https:\/\/globalcarehab.com\/da\/wp-json\/wp\/v2\/media?parent=40762"}],"wp:term":[{"taxonomy":"product_brand","embeddable":true,"href":"https:\/\/globalcarehab.com\/da\/wp-json\/wp\/v2\/product_brand?post=40762"},{"taxonomy":"product_cat","embeddable":true,"href":"https:\/\/globalcarehab.com\/da\/wp-json\/wp\/v2\/product_cat?post=40762"},{"taxonomy":"product_tag","embeddable":true,"href":"https:\/\/globalcarehab.com\/da\/wp-json\/wp\/v2\/product_tag?post=40762"}],"curies":[{"name":"wp","href":"https:\/\/api.w.org\/{rel}","templated":true}]}}