{"id":40822,"date":"2024-07-23T21:41:26","date_gmt":"2024-07-23T19:41:26","guid":{"rendered":"https:\/\/globalcarehab.com\/?post_type=product&#038;p=40822"},"modified":"2024-10-28T22:54:58","modified_gmt":"2024-10-28T21:54:58","slug":"strandhjul-inkl-taske","status":"publish","type":"product","link":"https:\/\/globalcarehab.com\/da\/produkt\/strandhjul-inkl-taske\/","title":{"rendered":"Strandhjul inkl. Taske"},"content":{"rendered":"\t\t<div data-elementor-type=\"product-post\" data-elementor-id=\"40822\" class=\"elementor elementor-40822 elementor-37124\" data-elementor-post-type=\"product\">\n\t\t\t\t<div class=\"elementor-element elementor-element-8b7ca13 e-flex e-con-boxed e-con e-parent\" data-id=\"8b7ca13\" data-element_type=\"container\" data-e-type=\"container\" data-settings=\"{&quot;jet_parallax_layout_list&quot;:[]}\">\n\t\t\t\t\t<div class=\"e-con-inner\">\n\t\t<div class=\"elementor-element elementor-element-8a81c96 e-con-full e-flex e-con e-child\" data-id=\"8a81c96\" data-element_type=\"container\" data-e-type=\"container\" data-settings=\"{&quot;jet_parallax_layout_list&quot;:[]}\">\n\t\t<div class=\"elementor-element elementor-element-12d9f22 e-con-full e-flex e-con e-child\" data-id=\"12d9f22\" data-element_type=\"container\" data-e-type=\"container\" data-settings=\"{&quot;background_background&quot;:&quot;classic&quot;,&quot;jet_parallax_layout_list&quot;:[]}\">\n\t\t\t\t<div class=\"elementor-element elementor-element-9b7d400 elementor-widget elementor-widget-heading\" data-id=\"9b7d400\" data-element_type=\"widget\" data-e-type=\"widget\" data-widget_type=\"heading.default\">\n\t\t\t\t\t<h1 class=\"elementor-heading-title elementor-size-default\">Strandhjul inkl. taske<\/h1>\t\t\t\t<\/div>\n\t\t\t\t<div class=\"elementor-element elementor-element-9090463 elementor-widget elementor-widget-text-editor\" data-id=\"9090463\" data-element_type=\"widget\" data-e-type=\"widget\" data-widget_type=\"text-editor.default\">\n\t\t\t\t\t\t\t\t\t<p>De hurtigudskiftelige Delta Strandhjul inkl. taske er designet til Delta All-Terrain Buggy. De erstatter standardhjulene og fordeler v\u00e6gten effektivt p\u00e5 sand og bl\u00f8de overflader. De dobbelte d\u00e6k med \u00e5bent m\u00f8nster skaber omtrent tre gange s\u00e5 meget overfladeareal som standard Delta-hjul, hvilket forbedrer stabilitet og man\u00f8vredygtighed.<\/p>\t\t\t\t\t\t\t\t<\/div>\n\t\t\t\t<\/div>\n\t\t\t\t<\/div>\n\t\t<div class=\"elementor-element elementor-element-8f17750 e-con-full e-flex e-con e-child\" data-id=\"8f17750\" data-element_type=\"container\" data-e-type=\"container\" data-settings=\"{&quot;background_background&quot;:&quot;classic&quot;,&quot;jet_parallax_layout_list&quot;:[]}\">\n\t\t\t\t<div class=\"elementor-element elementor-element-f9fa5d1 elementor-widget elementor-widget-image\" data-id=\"f9fa5d1\" data-element_type=\"widget\" data-e-type=\"widget\" data-widget_type=\"image.default\">\n\t\t\t\t\t\t\t\t\t\t\t\t\t\t\t<img fetchpriority=\"high\" decoding=\"async\" width=\"700\" height=\"700\" src=\"https:\/\/globalcarehab.com\/wp-content\/uploads\/2020\/05\/Beachwheels.png\" class=\"attachment-large size-large wp-image-40823\" alt=\"\" srcset=\"https:\/\/globalcarehab.com\/wp-content\/uploads\/2020\/05\/Beachwheels.png 700w, https:\/\/globalcarehab.com\/wp-content\/uploads\/2020\/05\/Beachwheels-300x300.png 300w, https:\/\/globalcarehab.com\/wp-content\/uploads\/2020\/05\/Beachwheels-150x150.png 150w, https:\/\/globalcarehab.com\/wp-content\/uploads\/2020\/05\/Beachwheels-600x600.png 600w, https:\/\/globalcarehab.com\/wp-content\/uploads\/2020\/05\/Beachwheels-100x100.png 100w\" sizes=\"(max-width: 700px) 100vw, 700px\" \/>\t\t\t\t\t\t\t\t\t\t\t\t\t\t\t<\/div>\n\t\t\t\t<\/div>\n\t\t\t\t\t<\/div>\n\t\t\t\t<\/div>\n\t\t\t\t<\/div>\n\t\t","protected":false},"excerpt":{"rendered":"<p>Strandhjul inkl. taske<br \/>\nDelta Strandhjulene best\u00e5r af dobbelthjul p\u00e5 hver side, hvilket giver en st\u00f8rre k\u00f8rselsflade for bedre tr\u00e6kkraft p\u00e5 bl\u00f8de overflader som sand. Med en quick-release mekanisme kan hjulene nemt udskiftes efter behov.<\/p>\n","protected":false},"featured_media":40823,"template":"","meta":[],"product_brand":[],"product_cat":[409,413],"product_tag":[],"class_list":{"0":"post-40822","1":"product","2":"type-product","3":"status-publish","4":"has-post-thumbnail","6":"product_cat-delta-da","7":"product_cat-jogger-tilbehoer","9":"first","10":"instock","11":"taxable","12":"shipping-taxable","13":"purchasable","14":"product-type-simple"},"yoast_head":"<!-- This site is optimized with the Yoast SEO plugin v26.9 - https:\/\/yoast.com\/product\/yoast-seo-wordpress\/ -->\n<title>Strandhjul inkl. Taske | Global Carehab<\/title>\n<meta name=\"robots\" content=\"index, follow, max-snippet:-1, max-image-preview:large, max-video-preview:-1\" \/>\n<link rel=\"canonical\" href=\"https:\/\/globalcarehab.com\/da\/produkt\/strandhjul-inkl-taske\/\" \/>\n<meta property=\"og:locale\" content=\"da_DK\" \/>\n<meta property=\"og:type\" content=\"article\" \/>\n<meta property=\"og:title\" content=\"Strandhjul inkl. Taske | Global Carehab\" \/>\n<meta property=\"og:description\" content=\"Strandhjul inkl. taske Delta Strandhjulene best\u00e5r af dobbelthjul p\u00e5 hver side, hvilket giver en st\u00f8rre k\u00f8rselsflade for bedre tr\u00e6kkraft p\u00e5 bl\u00f8de overflader som sand. Med en quick-release mekanisme kan hjulene nemt udskiftes efter behov.\" \/>\n<meta property=\"og:url\" content=\"https:\/\/globalcarehab.com\/da\/produkt\/strandhjul-inkl-taske\/\" \/>\n<meta property=\"og:site_name\" content=\"Global Carehab\" \/>\n<meta property=\"article:modified_time\" content=\"2024-10-28T21:54:58+00:00\" \/>\n<meta property=\"og:image\" content=\"https:\/\/globalcarehab.com\/wp-content\/uploads\/2020\/05\/Beachwheels.png\" \/>\n\t<meta property=\"og:image:width\" content=\"700\" \/>\n\t<meta property=\"og:image:height\" content=\"700\" \/>\n\t<meta property=\"og:image:type\" content=\"image\/png\" \/>\n<meta name=\"twitter:card\" content=\"summary_large_image\" \/>\n<script type=\"application\/ld+json\" class=\"yoast-schema-graph\">{\"@context\":\"https:\/\/schema.org\",\"@graph\":[{\"@type\":\"WebPage\",\"@id\":\"https:\/\/globalcarehab.com\/da\/produkt\/strandhjul-inkl-taske\/\",\"url\":\"https:\/\/globalcarehab.com\/da\/produkt\/strandhjul-inkl-taske\/\",\"name\":\"Strandhjul inkl. Taske | Global Carehab\",\"isPartOf\":{\"@id\":\"https:\/\/globalcarehab.com\/da\/#website\"},\"primaryImageOfPage\":{\"@id\":\"https:\/\/globalcarehab.com\/da\/produkt\/strandhjul-inkl-taske\/#primaryimage\"},\"image\":{\"@id\":\"https:\/\/globalcarehab.com\/da\/produkt\/strandhjul-inkl-taske\/#primaryimage\"},\"thumbnailUrl\":\"https:\/\/globalcarehab.com\/wp-content\/uploads\/2020\/05\/Beachwheels.png\",\"datePublished\":\"2024-07-23T19:41:26+00:00\",\"dateModified\":\"2024-10-28T21:54:58+00:00\",\"breadcrumb\":{\"@id\":\"https:\/\/globalcarehab.com\/da\/produkt\/strandhjul-inkl-taske\/#breadcrumb\"},\"inLanguage\":\"da-DK\",\"potentialAction\":[{\"@type\":\"ReadAction\",\"target\":[\"https:\/\/globalcarehab.com\/da\/produkt\/strandhjul-inkl-taske\/\"]}]},{\"@type\":\"ImageObject\",\"inLanguage\":\"da-DK\",\"@id\":\"https:\/\/globalcarehab.com\/da\/produkt\/strandhjul-inkl-taske\/#primaryimage\",\"url\":\"https:\/\/globalcarehab.com\/wp-content\/uploads\/2020\/05\/Beachwheels.png\",\"contentUrl\":\"https:\/\/globalcarehab.com\/wp-content\/uploads\/2020\/05\/Beachwheels.png\",\"width\":700,\"height\":700},{\"@type\":\"BreadcrumbList\",\"@id\":\"https:\/\/globalcarehab.com\/da\/produkt\/strandhjul-inkl-taske\/#breadcrumb\",\"itemListElement\":[{\"@type\":\"ListItem\",\"position\":1,\"name\":\"Hjem\",\"item\":\"https:\/\/globalcarehab.com\/da\/\"},{\"@type\":\"ListItem\",\"position\":2,\"name\":\"Shop\",\"item\":\"https:\/\/globalcarehab.com\/da\/shop\/\"},{\"@type\":\"ListItem\",\"position\":3,\"name\":\"Varem\u00e6rke\",\"item\":\"https:\/\/globalcarehab.com\/da\/vare-kategori\/varemaerke\/\"},{\"@type\":\"ListItem\",\"position\":4,\"name\":\"Delta\",\"item\":\"https:\/\/globalcarehab.com\/da\/vare-kategori\/varemaerke\/delta-da\/\"},{\"@type\":\"ListItem\",\"position\":5,\"name\":\"Strandhjul inkl. Taske\"}]},{\"@type\":\"WebSite\",\"@id\":\"https:\/\/globalcarehab.com\/da\/#website\",\"url\":\"https:\/\/globalcarehab.com\/da\/\",\"name\":\"Global Carehab\",\"description\":\"For Children and Teenagers with Special Needs\",\"publisher\":{\"@id\":\"https:\/\/globalcarehab.com\/da\/#organization\"},\"potentialAction\":[{\"@type\":\"SearchAction\",\"target\":{\"@type\":\"EntryPoint\",\"urlTemplate\":\"https:\/\/globalcarehab.com\/da\/?s={search_term_string}\"},\"query-input\":{\"@type\":\"PropertyValueSpecification\",\"valueRequired\":true,\"valueName\":\"search_term_string\"}}],\"inLanguage\":\"da-DK\"},{\"@type\":\"Organization\",\"@id\":\"https:\/\/globalcarehab.com\/da\/#organization\",\"name\":\"Global Carehab\",\"url\":\"https:\/\/globalcarehab.com\/da\/\",\"logo\":{\"@type\":\"ImageObject\",\"inLanguage\":\"da-DK\",\"@id\":\"https:\/\/globalcarehab.com\/da\/#\/schema\/logo\/image\/\",\"url\":\"https:\/\/globalcarehab.com\/wp-content\/uploads\/2024\/03\/carehab-logo.svg\",\"contentUrl\":\"https:\/\/globalcarehab.com\/wp-content\/uploads\/2024\/03\/carehab-logo.svg\",\"width\":1,\"height\":1,\"caption\":\"Global Carehab\"},\"image\":{\"@id\":\"https:\/\/globalcarehab.com\/da\/#\/schema\/logo\/image\/\"}}]}<\/script>\n<!-- \/ Yoast SEO plugin. -->","yoast_head_json":{"title":"Strandhjul inkl. Taske | Global Carehab","robots":{"index":"index","follow":"follow","max-snippet":"max-snippet:-1","max-image-preview":"max-image-preview:large","max-video-preview":"max-video-preview:-1"},"canonical":"https:\/\/globalcarehab.com\/da\/produkt\/strandhjul-inkl-taske\/","og_locale":"da_DK","og_type":"article","og_title":"Strandhjul inkl. Taske | Global Carehab","og_description":"Strandhjul inkl. taske Delta Strandhjulene best\u00e5r af dobbelthjul p\u00e5 hver side, hvilket giver en st\u00f8rre k\u00f8rselsflade for bedre tr\u00e6kkraft p\u00e5 bl\u00f8de overflader som sand. Med en quick-release mekanisme kan hjulene nemt udskiftes efter behov.","og_url":"https:\/\/globalcarehab.com\/da\/produkt\/strandhjul-inkl-taske\/","og_site_name":"Global Carehab","article_modified_time":"2024-10-28T21:54:58+00:00","og_image":[{"width":700,"height":700,"url":"https:\/\/globalcarehab.com\/wp-content\/uploads\/2020\/05\/Beachwheels.png","type":"image\/png"}],"twitter_card":"summary_large_image","schema":{"@context":"https:\/\/schema.org","@graph":[{"@type":"WebPage","@id":"https:\/\/globalcarehab.com\/da\/produkt\/strandhjul-inkl-taske\/","url":"https:\/\/globalcarehab.com\/da\/produkt\/strandhjul-inkl-taske\/","name":"Strandhjul inkl. Taske | Global Carehab","isPartOf":{"@id":"https:\/\/globalcarehab.com\/da\/#website"},"primaryImageOfPage":{"@id":"https:\/\/globalcarehab.com\/da\/produkt\/strandhjul-inkl-taske\/#primaryimage"},"image":{"@id":"https:\/\/globalcarehab.com\/da\/produkt\/strandhjul-inkl-taske\/#primaryimage"},"thumbnailUrl":"https:\/\/globalcarehab.com\/wp-content\/uploads\/2020\/05\/Beachwheels.png","datePublished":"2024-07-23T19:41:26+00:00","dateModified":"2024-10-28T21:54:58+00:00","breadcrumb":{"@id":"https:\/\/globalcarehab.com\/da\/produkt\/strandhjul-inkl-taske\/#breadcrumb"},"inLanguage":"da-DK","potentialAction":[{"@type":"ReadAction","target":["https:\/\/globalcarehab.com\/da\/produkt\/strandhjul-inkl-taske\/"]}]},{"@type":"ImageObject","inLanguage":"da-DK","@id":"https:\/\/globalcarehab.com\/da\/produkt\/strandhjul-inkl-taske\/#primaryimage","url":"https:\/\/globalcarehab.com\/wp-content\/uploads\/2020\/05\/Beachwheels.png","contentUrl":"https:\/\/globalcarehab.com\/wp-content\/uploads\/2020\/05\/Beachwheels.png","width":700,"height":700},{"@type":"BreadcrumbList","@id":"https:\/\/globalcarehab.com\/da\/produkt\/strandhjul-inkl-taske\/#breadcrumb","itemListElement":[{"@type":"ListItem","position":1,"name":"Hjem","item":"https:\/\/globalcarehab.com\/da\/"},{"@type":"ListItem","position":2,"name":"Shop","item":"https:\/\/globalcarehab.com\/da\/shop\/"},{"@type":"ListItem","position":3,"name":"Varem\u00e6rke","item":"https:\/\/globalcarehab.com\/da\/vare-kategori\/varemaerke\/"},{"@type":"ListItem","position":4,"name":"Delta","item":"https:\/\/globalcarehab.com\/da\/vare-kategori\/varemaerke\/delta-da\/"},{"@type":"ListItem","position":5,"name":"Strandhjul inkl. Taske"}]},{"@type":"WebSite","@id":"https:\/\/globalcarehab.com\/da\/#website","url":"https:\/\/globalcarehab.com\/da\/","name":"Global Carehab","description":"For Children and Teenagers with Special Needs","publisher":{"@id":"https:\/\/globalcarehab.com\/da\/#organization"},"potentialAction":[{"@type":"SearchAction","target":{"@type":"EntryPoint","urlTemplate":"https:\/\/globalcarehab.com\/da\/?s={search_term_string}"},"query-input":{"@type":"PropertyValueSpecification","valueRequired":true,"valueName":"search_term_string"}}],"inLanguage":"da-DK"},{"@type":"Organization","@id":"https:\/\/globalcarehab.com\/da\/#organization","name":"Global Carehab","url":"https:\/\/globalcarehab.com\/da\/","logo":{"@type":"ImageObject","inLanguage":"da-DK","@id":"https:\/\/globalcarehab.com\/da\/#\/schema\/logo\/image\/","url":"https:\/\/globalcarehab.com\/wp-content\/uploads\/2024\/03\/carehab-logo.svg","contentUrl":"https:\/\/globalcarehab.com\/wp-content\/uploads\/2024\/03\/carehab-logo.svg","width":1,"height":1,"caption":"Global Carehab"},"image":{"@id":"https:\/\/globalcarehab.com\/da\/#\/schema\/logo\/image\/"}}]}},"_links":{"self":[{"href":"https:\/\/globalcarehab.com\/da\/wp-json\/wp\/v2\/product\/40822","targetHints":{"allow":["GET"]}}],"collection":[{"href":"https:\/\/globalcarehab.com\/da\/wp-json\/wp\/v2\/product"}],"about":[{"href":"https:\/\/globalcarehab.com\/da\/wp-json\/wp\/v2\/types\/product"}],"version-history":[{"count":4,"href":"https:\/\/globalcarehab.com\/da\/wp-json\/wp\/v2\/product\/40822\/revisions"}],"predecessor-version":[{"id":40827,"href":"https:\/\/globalcarehab.com\/da\/wp-json\/wp\/v2\/product\/40822\/revisions\/40827"}],"wp:featuredmedia":[{"embeddable":true,"href":"https:\/\/globalcarehab.com\/da\/wp-json\/wp\/v2\/media\/40823"}],"wp:attachment":[{"href":"https:\/\/globalcarehab.com\/da\/wp-json\/wp\/v2\/media?parent=40822"}],"wp:term":[{"taxonomy":"product_brand","embeddable":true,"href":"https:\/\/globalcarehab.com\/da\/wp-json\/wp\/v2\/product_brand?post=40822"},{"taxonomy":"product_cat","embeddable":true,"href":"https:\/\/globalcarehab.com\/da\/wp-json\/wp\/v2\/product_cat?post=40822"},{"taxonomy":"product_tag","embeddable":true,"href":"https:\/\/globalcarehab.com\/da\/wp-json\/wp\/v2\/product_tag?post=40822"}],"curies":[{"name":"wp","href":"https:\/\/api.w.org\/{rel}","templated":true}]}}