{"id":40847,"date":"2024-08-15T14:10:31","date_gmt":"2024-08-15T12:10:31","guid":{"rendered":"https:\/\/globalcarehab.com\/?post_type=product&#038;p=40847"},"modified":"2026-01-04T15:48:18","modified_gmt":"2026-01-04T14:48:18","slug":"out-about","status":"publish","type":"product","link":"https:\/\/globalcarehab.com\/da\/produkt\/out-about\/","title":{"rendered":"Out &#038; About"},"content":{"rendered":"\t\t<div data-elementor-type=\"product-post\" data-elementor-id=\"40847\" class=\"elementor elementor-40847 elementor-37326\" data-elementor-post-type=\"product\">\n\t\t\t\t<div class=\"elementor-element elementor-element-138f34d e-flex e-con-boxed e-con e-parent\" data-id=\"138f34d\" data-element_type=\"container\" data-e-type=\"container\" data-settings=\"{&quot;jet_parallax_layout_list&quot;:[]}\">\n\t\t\t\t\t<div class=\"e-con-inner\">\n\t\t<div class=\"elementor-element elementor-element-29875e2 e-con-full e-flex e-con e-child\" data-id=\"29875e2\" data-element_type=\"container\" data-e-type=\"container\" data-settings=\"{&quot;background_background&quot;:&quot;classic&quot;,&quot;jet_parallax_layout_list&quot;:[]}\">\n\t\t\t\t<div class=\"elementor-element elementor-element-a067e05 elementor-widget elementor-widget-heading\" data-id=\"a067e05\" data-element_type=\"widget\" data-e-type=\"widget\" data-widget_type=\"heading.default\">\n\t\t\t\t\t<h1 class=\"elementor-heading-title elementor-size-default\">Out &amp; About<\/h1>\t\t\t\t<\/div>\n\t\t\t\t<div class=\"elementor-element elementor-element-ef40ba4 elementor-widget elementor-widget-text-editor\" data-id=\"ef40ba4\" data-element_type=\"widget\" data-e-type=\"widget\" data-widget_type=\"text-editor.default\">\n\t\t\t\t\t\t\t\t\t<p>Sikre dig, at alle komfortabelt kan deltage med Out &amp; About, is\u00e6r n\u00e5r nogen i gruppen har s\u00e6rlige siddebehov, kan v\u00e6re udfordrende. Uanset om det er til en sportsbegivenhed, i biografen, til koncert, i skole, p\u00e5 din yndlingsrestaurant eller endda omkring dit eget spisebord, kan personer med behov for postural st\u00f8tte ofte m\u00f8de udfordringer med siddekomforten, hvilket kan begr\u00e6nse deres mulighed for fuldt ud at deltage og nyde oplevelsen.<\/p><p><strong>Out &amp; About s\u00e6de (OAS)<\/strong> fra Special Tomato er designet til at l\u00f8se denne udfordring. Med en polstret, justerbar 8-punkts sele og en h\u00f8jdejusterbar hovedst\u00f8tte giver OAS fremragende overkropsst\u00f8tte. Det g\u00f8r det muligt for din n\u00e6rmeste med s\u00e6rlige behov at sidde komfortabelt i forskellige omgivelser. Special Tomato OAS fastg\u00f8res nemt til de fleste standard, stabile stole med en minimumsrygh\u00f8jde p\u00e5 14\u2033, hvilket sikrer fleksibilitet og komfort uanset hvor I g\u00e5r hen.<\/p>\t\t\t\t\t\t\t\t<\/div>\n\t\t\t\t<\/div>\n\t\t<div class=\"elementor-element elementor-element-6c37278 e-con-full e-flex e-con e-child\" data-id=\"6c37278\" data-element_type=\"container\" data-e-type=\"container\" data-settings=\"{&quot;background_background&quot;:&quot;classic&quot;,&quot;jet_parallax_layout_list&quot;:[]}\">\n\t\t\t\t<\/div>\n\t\t\t\t\t<\/div>\n\t\t\t\t<\/div>\n\t\t<div class=\"elementor-element elementor-element-d4c37de e-flex e-con-boxed e-con e-parent\" data-id=\"d4c37de\" data-element_type=\"container\" data-e-type=\"container\" data-settings=\"{&quot;jet_parallax_layout_list&quot;:[]}\">\n\t\t\t\t\t<div class=\"e-con-inner\">\n\t\t<div class=\"elementor-element elementor-element-03aaf5a e-con-full e-flex e-con e-child\" data-id=\"03aaf5a\" data-element_type=\"container\" data-e-type=\"container\" data-settings=\"{&quot;background_background&quot;:&quot;classic&quot;,&quot;jet_parallax_layout_list&quot;:[]}\">\n\t\t\t\t<\/div>\n\t\t<div class=\"elementor-element elementor-element-cbb7c68 e-con-full e-flex e-con e-child\" data-id=\"cbb7c68\" data-element_type=\"container\" data-e-type=\"container\" data-settings=\"{&quot;background_background&quot;:&quot;classic&quot;,&quot;jet_parallax_layout_list&quot;:[]}\">\n\t\t\t\t<div class=\"elementor-element elementor-element-ca0ea51 elementor-widget elementor-widget-heading\" data-id=\"ca0ea51\" data-element_type=\"widget\" data-e-type=\"widget\" data-widget_type=\"heading.default\">\n\t\t\t\t\t<h2 class=\"elementor-heading-title elementor-size-default\">Out &amp; About h\u00f8jdepunkter<\/h2>\t\t\t\t<\/div>\n\t\t\t\t<div class=\"elementor-element elementor-element-46948b0 elementor-icon-list--layout-traditional elementor-list-item-link-full_width elementor-widget elementor-widget-icon-list\" data-id=\"46948b0\" data-element_type=\"widget\" data-e-type=\"widget\" data-widget_type=\"icon-list.default\">\n\t\t\t\t\t\t\t<ul class=\"elementor-icon-list-items\">\n\t\t\t\t\t\t\t<li class=\"elementor-icon-list-item\">\n\t\t\t\t\t\t\t\t\t\t\t<span class=\"elementor-icon-list-icon\">\n\t\t\t\t\t\t\t<svg aria-hidden=\"true\" class=\"e-font-icon-svg e-fas-check-circle\" viewBox=\"0 0 512 512\" xmlns=\"http:\/\/www.w3.org\/2000\/svg\"><path d=\"M504 256c0 136.967-111.033 248-248 248S8 392.967 8 256 119.033 8 256 8s248 111.033 248 248zM227.314 387.314l184-184c6.248-6.248 6.248-16.379 0-22.627l-22.627-22.627c-6.248-6.249-16.379-6.249-22.628 0L216 308.118l-70.059-70.059c-6.248-6.248-16.379-6.248-22.628 0l-22.627 22.627c-6.248 6.248-6.248 16.379 0 22.627l104 104c6.249 6.249 16.379 6.249 22.628.001z\"><\/path><\/svg>\t\t\t\t\t\t<\/span>\n\t\t\t\t\t\t\t\t\t\t<span class=\"elementor-icon-list-text\">3-punkts polstret justerbar b\u00e6kkensele for korrekt positionering af b\u00e6kken og hofter<\/span>\n\t\t\t\t\t\t\t\t\t<\/li>\n\t\t\t\t\t\t\t\t<li class=\"elementor-icon-list-item\">\n\t\t\t\t\t\t\t\t\t\t\t<span class=\"elementor-icon-list-icon\">\n\t\t\t\t\t\t\t<svg aria-hidden=\"true\" class=\"e-font-icon-svg e-fas-check-circle\" viewBox=\"0 0 512 512\" xmlns=\"http:\/\/www.w3.org\/2000\/svg\"><path d=\"M504 256c0 136.967-111.033 248-248 248S8 392.967 8 256 119.033 8 256 8s248 111.033 248 248zM227.314 387.314l184-184c6.248-6.248 6.248-16.379 0-22.627l-22.627-22.627c-6.248-6.249-16.379-6.249-22.628 0L216 308.118l-70.059-70.059c-6.248-6.248-16.379-6.248-22.628 0l-22.627 22.627c-6.248 6.248-6.248 16.379 0 22.627l104 104c6.249 6.249 16.379 6.249 22.628.001z\"><\/path><\/svg>\t\t\t\t\t\t<\/span>\n\t\t\t\t\t\t\t\t\t\t<span class=\"elementor-icon-list-text\">5-punkts polstret justerbar brystsele for korrekt positionering af overkroppen<\/span>\n\t\t\t\t\t\t\t\t\t<\/li>\n\t\t\t\t\t\t\t\t<li class=\"elementor-icon-list-item\">\n\t\t\t\t\t\t\t\t\t\t\t<span class=\"elementor-icon-list-icon\">\n\t\t\t\t\t\t\t<svg aria-hidden=\"true\" class=\"e-font-icon-svg e-fas-check-circle\" viewBox=\"0 0 512 512\" xmlns=\"http:\/\/www.w3.org\/2000\/svg\"><path d=\"M504 256c0 136.967-111.033 248-248 248S8 392.967 8 256 119.033 8 256 8s248 111.033 248 248zM227.314 387.314l184-184c6.248-6.248 6.248-16.379 0-22.627l-22.627-22.627c-6.248-6.249-16.379-6.249-22.628 0L216 308.118l-70.059-70.059c-6.248-6.248-16.379-6.248-22.628 0l-22.627 22.627c-6.248 6.248-6.248 16.379 0 22.627l104 104c6.249 6.249 16.379 6.249 22.628.001z\"><\/path><\/svg>\t\t\t\t\t\t<\/span>\n\t\t\t\t\t\t\t\t\t\t<span class=\"elementor-icon-list-text\">Let at folde sammen<\/span>\n\t\t\t\t\t\t\t\t\t<\/li>\n\t\t\t\t\t\t\t\t<li class=\"elementor-icon-list-item\">\n\t\t\t\t\t\t\t\t\t\t\t<span class=\"elementor-icon-list-icon\">\n\t\t\t\t\t\t\t<svg aria-hidden=\"true\" class=\"e-font-icon-svg e-fas-check-circle\" viewBox=\"0 0 512 512\" xmlns=\"http:\/\/www.w3.org\/2000\/svg\"><path d=\"M504 256c0 136.967-111.033 248-248 248S8 392.967 8 256 119.033 8 256 8s248 111.033 248 248zM227.314 387.314l184-184c6.248-6.248 6.248-16.379 0-22.627l-22.627-22.627c-6.248-6.249-16.379-6.249-22.628 0L216 308.118l-70.059-70.059c-6.248-6.248-16.379-6.248-22.628 0l-22.627 22.627c-6.248 6.248-6.248 16.379 0 22.627l104 104c6.249 6.249 16.379 6.249 22.628.001z\"><\/path><\/svg>\t\t\t\t\t\t<\/span>\n\t\t\t\t\t\t\t\t\t\t<span class=\"elementor-icon-list-text\">Nem at reng\u00f8re og maskinvaskbar bund og stofpude<\/span>\n\t\t\t\t\t\t\t\t\t<\/li>\n\t\t\t\t\t\t\t\t<li class=\"elementor-icon-list-item\">\n\t\t\t\t\t\t\t\t\t\t\t<span class=\"elementor-icon-list-icon\">\n\t\t\t\t\t\t\t<svg aria-hidden=\"true\" class=\"e-font-icon-svg e-fas-check-circle\" viewBox=\"0 0 512 512\" xmlns=\"http:\/\/www.w3.org\/2000\/svg\"><path d=\"M504 256c0 136.967-111.033 248-248 248S8 392.967 8 256 119.033 8 256 8s248 111.033 248 248zM227.314 387.314l184-184c6.248-6.248 6.248-16.379 0-22.627l-22.627-22.627c-6.248-6.249-16.379-6.249-22.628 0L216 308.118l-70.059-70.059c-6.248-6.248-16.379-6.248-22.628 0l-22.627 22.627c-6.248 6.248-6.248 16.379 0 22.627l104 104c6.249 6.249 16.379 6.249 22.628.001z\"><\/path><\/svg>\t\t\t\t\t\t<\/span>\n\t\t\t\t\t\t\t\t\t\t<span class=\"elementor-icon-list-text\">Polstrede fastg\u00f8relsesstropper, der beskytter m\u00f8bler<\/span>\n\t\t\t\t\t\t\t\t\t<\/li>\n\t\t\t\t\t\t\t\t<li class=\"elementor-icon-list-item\">\n\t\t\t\t\t\t\t\t\t\t\t<span class=\"elementor-icon-list-icon\">\n\t\t\t\t\t\t\t<svg aria-hidden=\"true\" class=\"e-font-icon-svg e-fas-check-circle\" viewBox=\"0 0 512 512\" xmlns=\"http:\/\/www.w3.org\/2000\/svg\"><path d=\"M504 256c0 136.967-111.033 248-248 248S8 392.967 8 256 119.033 8 256 8s248 111.033 248 248zM227.314 387.314l184-184c6.248-6.248 6.248-16.379 0-22.627l-22.627-22.627c-6.248-6.249-16.379-6.249-22.628 0L216 308.118l-70.059-70.059c-6.248-6.248-16.379-6.248-22.628 0l-22.627 22.627c-6.248 6.248-6.248 16.379 0 22.627l104 104c6.249 6.249 16.379 6.249 22.628.001z\"><\/path><\/svg>\t\t\t\t\t\t<\/span>\n\t\t\t\t\t\t\t\t\t\t<span class=\"elementor-icon-list-text\">Nemme sideudl\u00f8ser-sp\u00e6nder og en hurtigudl\u00f8serknap p\u00e5 b\u00e6kkenselen<\/span>\n\t\t\t\t\t\t\t\t\t<\/li>\n\t\t\t\t\t\t\t\t<li class=\"elementor-icon-list-item\">\n\t\t\t\t\t\t\t\t\t\t\t<span class=\"elementor-icon-list-icon\">\n\t\t\t\t\t\t\t<svg aria-hidden=\"true\" class=\"e-font-icon-svg e-fas-check-circle\" viewBox=\"0 0 512 512\" xmlns=\"http:\/\/www.w3.org\/2000\/svg\"><path d=\"M504 256c0 136.967-111.033 248-248 248S8 392.967 8 256 119.033 8 256 8s248 111.033 248 248zM227.314 387.314l184-184c6.248-6.248 6.248-16.379 0-22.627l-22.627-22.627c-6.248-6.249-16.379-6.249-22.628 0L216 308.118l-70.059-70.059c-6.248-6.248-16.379-6.248-22.628 0l-22.627 22.627c-6.248 6.248-6.248 16.379 0 22.627l104 104c6.249 6.249 16.379 6.249 22.628.001z\"><\/path><\/svg>\t\t\t\t\t\t<\/span>\n\t\t\t\t\t\t\t\t\t\t<span class=\"elementor-icon-list-text\">H\u00f8jdejusterbar hovedst\u00f8tte for at fremme midtlinjehovedposition<\/span>\n\t\t\t\t\t\t\t\t\t<\/li>\n\t\t\t\t\t\t\t\t<li class=\"elementor-icon-list-item\">\n\t\t\t\t\t\t\t\t\t\t\t<span class=\"elementor-icon-list-icon\">\n\t\t\t\t\t\t\t<svg aria-hidden=\"true\" class=\"e-font-icon-svg e-fas-check-circle\" viewBox=\"0 0 512 512\" xmlns=\"http:\/\/www.w3.org\/2000\/svg\"><path d=\"M504 256c0 136.967-111.033 248-248 248S8 392.967 8 256 119.033 8 256 8s248 111.033 248 248zM227.314 387.314l184-184c6.248-6.248 6.248-16.379 0-22.627l-22.627-22.627c-6.248-6.249-16.379-6.249-22.628 0L216 308.118l-70.059-70.059c-6.248-6.248-16.379-6.248-22.628 0l-22.627 22.627c-6.248 6.248-6.248 16.379 0 22.627l104 104c6.249 6.249 16.379 6.249 22.628.001z\"><\/path><\/svg>\t\t\t\t\t\t<\/span>\n\t\t\t\t\t\t\t\t\t\t<span class=\"elementor-icon-list-text\">Fuldst\u00e6ndig b\u00e6rbar med rygs\u00e6kstropper til h\u00e5ndfri transport<\/span>\n\t\t\t\t\t\t\t\t\t<\/li>\n\t\t\t\t\t\t\t\t<li class=\"elementor-icon-list-item\">\n\t\t\t\t\t\t\t\t\t\t\t<span class=\"elementor-icon-list-icon\">\n\t\t\t\t\t\t\t<svg aria-hidden=\"true\" class=\"e-font-icon-svg e-fas-check-circle\" viewBox=\"0 0 512 512\" xmlns=\"http:\/\/www.w3.org\/2000\/svg\"><path d=\"M504 256c0 136.967-111.033 248-248 248S8 392.967 8 256 119.033 8 256 8s248 111.033 248 248zM227.314 387.314l184-184c6.248-6.248 6.248-16.379 0-22.627l-22.627-22.627c-6.248-6.249-16.379-6.249-22.628 0L216 308.118l-70.059-70.059c-6.248-6.248-16.379-6.248-22.628 0l-22.627 22.627c-6.248 6.248-6.248 16.379 0 22.627l104 104c6.249 6.249 16.379 6.249 22.628.001z\"><\/path><\/svg>\t\t\t\t\t\t<\/span>\n\t\t\t\t\t\t\t\t\t\t<span class=\"elementor-icon-list-text\">Kan integreres med Special Tomato Soft-Touch s\u00e6de- og ryghynder for ekstra st\u00f8tte<\/span>\n\t\t\t\t\t\t\t\t\t<\/li>\n\t\t\t\t\t\t<\/ul>\n\t\t\t\t\t\t<\/div>\n\t\t\t\t<\/div>\n\t\t\t\t\t<\/div>\n\t\t\t\t<\/div>\n\t\t<div class=\"elementor-element elementor-element-6c66c4f e-flex e-con-boxed e-con e-parent\" data-id=\"6c66c4f\" data-element_type=\"container\" data-e-type=\"container\" data-settings=\"{&quot;jet_parallax_layout_list&quot;:[]}\">\n\t\t\t\t\t<div class=\"e-con-inner\">\n\t\t<div class=\"elementor-element elementor-element-2b6a5c6 e-con-full e-flex e-con e-child\" data-id=\"2b6a5c6\" data-element_type=\"container\" data-e-type=\"container\" data-settings=\"{&quot;background_background&quot;:&quot;classic&quot;,&quot;jet_parallax_layout_list&quot;:[]}\">\n\t\t\t\t<div class=\"elementor-element elementor-element-595efdc elementor-widget elementor-widget-heading\" data-id=\"595efdc\" data-element_type=\"widget\" data-e-type=\"widget\" data-widget_type=\"heading.default\">\n\t\t\t\t\t<h2 class=\"elementor-heading-title elementor-size-default\">Opgrader siddeoplevelsen med positionerings hynder<\/h2>\t\t\t\t<\/div>\n\t\t\t\t<div class=\"elementor-element elementor-element-fbf68de elementor-widget elementor-widget-text-editor\" data-id=\"fbf68de\" data-element_type=\"widget\" data-e-type=\"widget\" data-widget_type=\"text-editor.default\">\n\t\t\t\t\t\t\t\t\t<p>Special Tomato Soft-Touch Liners, inklusive Classic og Hip-Flex, kan integreres problemfrit i Out &amp; About-s\u00e6desystemet. Disse konturformede s\u00e6de- og ryghynder er fremstillet af en unik blanding af bl\u00f8dt skum og en latexfri ydreskals materiale, som giver en perfekt balance mellem bl\u00f8dhed og holdbarhed. De er lette og slidst\u00e6rke og har et slik design, der er b\u00e5de v\u00e6skeresistent og \u00e5ndbart. Hynderne er ogs\u00e5 modstandsdygtige over for mikrober, afskalning og revner, hvilket g\u00f8r dem nemme at reng\u00f8re med en simpel aft\u00f8rring og samtidig sikrer deres langvarige kvalitet.<\/p>\t\t\t\t\t\t\t\t<\/div>\n\t\t\t\t<\/div>\n\t\t<div class=\"elementor-element elementor-element-1661628 e-con-full e-flex e-con e-child\" data-id=\"1661628\" data-element_type=\"container\" data-e-type=\"container\" data-settings=\"{&quot;background_background&quot;:&quot;classic&quot;,&quot;jet_parallax_layout_list&quot;:[]}\">\n\t\t\t\t<div class=\"elementor-element elementor-element-9103e04 elementor-widget elementor-widget-spacer\" data-id=\"9103e04\" data-element_type=\"widget\" data-e-type=\"widget\" data-widget_type=\"spacer.default\">\n\t\t\t\t\t\t\t<div class=\"elementor-spacer\">\n\t\t\t<div class=\"elementor-spacer-inner\"><\/div>\n\t\t<\/div>\n\t\t\t\t\t\t<\/div>\n\t\t\t\t<\/div>\n\t\t<div class=\"elementor-element elementor-element-931509b e-con-full e-flex e-con e-child\" data-id=\"931509b\" data-element_type=\"container\" data-e-type=\"container\" data-settings=\"{&quot;background_background&quot;:&quot;classic&quot;,&quot;jet_parallax_layout_list&quot;:[]}\">\n\t\t\t\t<\/div>\n\t\t\t\t\t<\/div>\n\t\t\t\t<\/div>\n\t\t\t\t<\/div>\n\t\t","protected":false},"excerpt":{"rendered":"<p>Out &amp; About Sikre dig, at alle komfortabelt kan deltage med Out &amp; About, is\u00e6r n\u00e5r nogen i gruppen har s\u00e6rlige siddebehov, kan v\u00e6re udfordrende. Uanset om det er til en sportsbegivenhed, i biografen, til koncert, i skole, p\u00e5 din yndlingsrestaurant eller endda omkring dit eget spisebord, kan personer med behov for postural st\u00f8tte ofte [&hellip;]<\/p>\n","protected":false},"featured_media":40848,"template":"","meta":[],"product_brand":[],"product_cat":[414,411],"product_tag":[],"class_list":{"0":"post-40847","1":"product","2":"type-product","3":"status-publish","4":"has-post-thumbnail","6":"product_cat-sidde-systemer","7":"product_cat-special-tomato-da","9":"first","10":"instock","11":"taxable","12":"shipping-taxable","13":"purchasable","14":"product-type-simple"},"yoast_head":"<!-- This site is optimized with the Yoast SEO plugin v26.9 - https:\/\/yoast.com\/product\/yoast-seo-wordpress\/ -->\n<title>Out &amp; About \u2013 B\u00e6rbart s\u00e6dest\u00f8ttesystem | Global Carehab<\/title>\n<meta name=\"description\" content=\"Out &amp; About er et foldbart s\u00e6de til standardstole. Justerbart 8-punkts selesystem, nakkest\u00f8tte \u2013 ideel til udflugter til b\u00f8rn med s\u00e6rlige behov.\" \/>\n<meta name=\"robots\" content=\"index, follow, max-snippet:-1, max-image-preview:large, max-video-preview:-1\" \/>\n<link rel=\"canonical\" href=\"https:\/\/globalcarehab.com\/da\/produkt\/out-about\/\" \/>\n<meta property=\"og:locale\" content=\"da_DK\" \/>\n<meta property=\"og:type\" content=\"article\" \/>\n<meta property=\"og:title\" content=\"Out &amp; About \u2013 B\u00e6rbart s\u00e6dest\u00f8ttesystem | Global Carehab\" \/>\n<meta property=\"og:description\" content=\"Out &amp; About er et foldbart s\u00e6de til standardstole. Justerbart 8-punkts selesystem, nakkest\u00f8tte \u2013 ideel til udflugter til b\u00f8rn med s\u00e6rlige behov.\" \/>\n<meta property=\"og:url\" content=\"https:\/\/globalcarehab.com\/da\/produkt\/out-about\/\" \/>\n<meta property=\"og:site_name\" content=\"Global Carehab\" \/>\n<meta property=\"article:modified_time\" content=\"2026-01-04T14:48:18+00:00\" \/>\n<meta property=\"og:image\" content=\"https:\/\/globalcarehab.com\/wp-content\/uploads\/2022\/03\/OAS-1.png\" \/>\n\t<meta property=\"og:image:width\" content=\"600\" \/>\n\t<meta property=\"og:image:height\" content=\"600\" \/>\n\t<meta property=\"og:image:type\" content=\"image\/png\" \/>\n<meta name=\"twitter:card\" content=\"summary_large_image\" \/>\n<meta name=\"twitter:label1\" content=\"Estimeret l\u00e6setid\" \/>\n\t<meta name=\"twitter:data1\" content=\"2 minutter\" \/>\n<script type=\"application\/ld+json\" class=\"yoast-schema-graph\">{\"@context\":\"https:\/\/schema.org\",\"@graph\":[{\"@type\":\"WebPage\",\"@id\":\"https:\/\/globalcarehab.com\/da\/produkt\/out-about\/\",\"url\":\"https:\/\/globalcarehab.com\/da\/produkt\/out-about\/\",\"name\":\"Out & About \u2013 B\u00e6rbart s\u00e6dest\u00f8ttesystem | Global Carehab\",\"isPartOf\":{\"@id\":\"https:\/\/globalcarehab.com\/da\/#website\"},\"primaryImageOfPage\":{\"@id\":\"https:\/\/globalcarehab.com\/da\/produkt\/out-about\/#primaryimage\"},\"image\":{\"@id\":\"https:\/\/globalcarehab.com\/da\/produkt\/out-about\/#primaryimage\"},\"thumbnailUrl\":\"https:\/\/globalcarehab.com\/wp-content\/uploads\/2022\/03\/OAS-1.png\",\"datePublished\":\"2024-08-15T12:10:31+00:00\",\"dateModified\":\"2026-01-04T14:48:18+00:00\",\"description\":\"Out & About er et foldbart s\u00e6de til standardstole. Justerbart 8-punkts selesystem, nakkest\u00f8tte \u2013 ideel til udflugter til b\u00f8rn med s\u00e6rlige behov.\",\"breadcrumb\":{\"@id\":\"https:\/\/globalcarehab.com\/da\/produkt\/out-about\/#breadcrumb\"},\"inLanguage\":\"da-DK\",\"potentialAction\":[{\"@type\":\"ReadAction\",\"target\":[\"https:\/\/globalcarehab.com\/da\/produkt\/out-about\/\"]}]},{\"@type\":\"ImageObject\",\"inLanguage\":\"da-DK\",\"@id\":\"https:\/\/globalcarehab.com\/da\/produkt\/out-about\/#primaryimage\",\"url\":\"https:\/\/globalcarehab.com\/wp-content\/uploads\/2022\/03\/OAS-1.png\",\"contentUrl\":\"https:\/\/globalcarehab.com\/wp-content\/uploads\/2022\/03\/OAS-1.png\",\"width\":600,\"height\":600,\"caption\":\"OAs seating system for standard chairs, compatable with many types of cushions\"},{\"@type\":\"BreadcrumbList\",\"@id\":\"https:\/\/globalcarehab.com\/da\/produkt\/out-about\/#breadcrumb\",\"itemListElement\":[{\"@type\":\"ListItem\",\"position\":1,\"name\":\"Hjem\",\"item\":\"https:\/\/globalcarehab.com\/da\/\"},{\"@type\":\"ListItem\",\"position\":2,\"name\":\"Shop\",\"item\":\"https:\/\/globalcarehab.com\/da\/shop\/\"},{\"@type\":\"ListItem\",\"position\":3,\"name\":\"Varem\u00e6rke\",\"item\":\"https:\/\/globalcarehab.com\/da\/vare-kategori\/varemaerke\/\"},{\"@type\":\"ListItem\",\"position\":4,\"name\":\"Special Tomato\",\"item\":\"https:\/\/globalcarehab.com\/da\/vare-kategori\/varemaerke\/special-tomato-da\/\"},{\"@type\":\"ListItem\",\"position\":5,\"name\":\"Out &#038; About\"}]},{\"@type\":\"WebSite\",\"@id\":\"https:\/\/globalcarehab.com\/da\/#website\",\"url\":\"https:\/\/globalcarehab.com\/da\/\",\"name\":\"Global Carehab\",\"description\":\"For Children and Teenagers with Special Needs\",\"publisher\":{\"@id\":\"https:\/\/globalcarehab.com\/da\/#organization\"},\"potentialAction\":[{\"@type\":\"SearchAction\",\"target\":{\"@type\":\"EntryPoint\",\"urlTemplate\":\"https:\/\/globalcarehab.com\/da\/?s={search_term_string}\"},\"query-input\":{\"@type\":\"PropertyValueSpecification\",\"valueRequired\":true,\"valueName\":\"search_term_string\"}}],\"inLanguage\":\"da-DK\"},{\"@type\":\"Organization\",\"@id\":\"https:\/\/globalcarehab.com\/da\/#organization\",\"name\":\"Global Carehab\",\"url\":\"https:\/\/globalcarehab.com\/da\/\",\"logo\":{\"@type\":\"ImageObject\",\"inLanguage\":\"da-DK\",\"@id\":\"https:\/\/globalcarehab.com\/da\/#\/schema\/logo\/image\/\",\"url\":\"https:\/\/globalcarehab.com\/wp-content\/uploads\/2024\/03\/carehab-logo.svg\",\"contentUrl\":\"https:\/\/globalcarehab.com\/wp-content\/uploads\/2024\/03\/carehab-logo.svg\",\"width\":1,\"height\":1,\"caption\":\"Global Carehab\"},\"image\":{\"@id\":\"https:\/\/globalcarehab.com\/da\/#\/schema\/logo\/image\/\"}}]}<\/script>\n<!-- \/ Yoast SEO plugin. -->","yoast_head_json":{"title":"Out & About \u2013 B\u00e6rbart s\u00e6dest\u00f8ttesystem | Global Carehab","description":"Out & About er et foldbart s\u00e6de til standardstole. Justerbart 8-punkts selesystem, nakkest\u00f8tte \u2013 ideel til udflugter til b\u00f8rn med s\u00e6rlige behov.","robots":{"index":"index","follow":"follow","max-snippet":"max-snippet:-1","max-image-preview":"max-image-preview:large","max-video-preview":"max-video-preview:-1"},"canonical":"https:\/\/globalcarehab.com\/da\/produkt\/out-about\/","og_locale":"da_DK","og_type":"article","og_title":"Out & About \u2013 B\u00e6rbart s\u00e6dest\u00f8ttesystem | Global Carehab","og_description":"Out & About er et foldbart s\u00e6de til standardstole. Justerbart 8-punkts selesystem, nakkest\u00f8tte \u2013 ideel til udflugter til b\u00f8rn med s\u00e6rlige behov.","og_url":"https:\/\/globalcarehab.com\/da\/produkt\/out-about\/","og_site_name":"Global Carehab","article_modified_time":"2026-01-04T14:48:18+00:00","og_image":[{"width":600,"height":600,"url":"https:\/\/globalcarehab.com\/wp-content\/uploads\/2022\/03\/OAS-1.png","type":"image\/png"}],"twitter_card":"summary_large_image","twitter_misc":{"Estimeret l\u00e6setid":"2 minutter"},"schema":{"@context":"https:\/\/schema.org","@graph":[{"@type":"WebPage","@id":"https:\/\/globalcarehab.com\/da\/produkt\/out-about\/","url":"https:\/\/globalcarehab.com\/da\/produkt\/out-about\/","name":"Out & About \u2013 B\u00e6rbart s\u00e6dest\u00f8ttesystem | Global Carehab","isPartOf":{"@id":"https:\/\/globalcarehab.com\/da\/#website"},"primaryImageOfPage":{"@id":"https:\/\/globalcarehab.com\/da\/produkt\/out-about\/#primaryimage"},"image":{"@id":"https:\/\/globalcarehab.com\/da\/produkt\/out-about\/#primaryimage"},"thumbnailUrl":"https:\/\/globalcarehab.com\/wp-content\/uploads\/2022\/03\/OAS-1.png","datePublished":"2024-08-15T12:10:31+00:00","dateModified":"2026-01-04T14:48:18+00:00","description":"Out & About er et foldbart s\u00e6de til standardstole. Justerbart 8-punkts selesystem, nakkest\u00f8tte \u2013 ideel til udflugter til b\u00f8rn med s\u00e6rlige behov.","breadcrumb":{"@id":"https:\/\/globalcarehab.com\/da\/produkt\/out-about\/#breadcrumb"},"inLanguage":"da-DK","potentialAction":[{"@type":"ReadAction","target":["https:\/\/globalcarehab.com\/da\/produkt\/out-about\/"]}]},{"@type":"ImageObject","inLanguage":"da-DK","@id":"https:\/\/globalcarehab.com\/da\/produkt\/out-about\/#primaryimage","url":"https:\/\/globalcarehab.com\/wp-content\/uploads\/2022\/03\/OAS-1.png","contentUrl":"https:\/\/globalcarehab.com\/wp-content\/uploads\/2022\/03\/OAS-1.png","width":600,"height":600,"caption":"OAs seating system for standard chairs, compatable with many types of cushions"},{"@type":"BreadcrumbList","@id":"https:\/\/globalcarehab.com\/da\/produkt\/out-about\/#breadcrumb","itemListElement":[{"@type":"ListItem","position":1,"name":"Hjem","item":"https:\/\/globalcarehab.com\/da\/"},{"@type":"ListItem","position":2,"name":"Shop","item":"https:\/\/globalcarehab.com\/da\/shop\/"},{"@type":"ListItem","position":3,"name":"Varem\u00e6rke","item":"https:\/\/globalcarehab.com\/da\/vare-kategori\/varemaerke\/"},{"@type":"ListItem","position":4,"name":"Special Tomato","item":"https:\/\/globalcarehab.com\/da\/vare-kategori\/varemaerke\/special-tomato-da\/"},{"@type":"ListItem","position":5,"name":"Out &#038; About"}]},{"@type":"WebSite","@id":"https:\/\/globalcarehab.com\/da\/#website","url":"https:\/\/globalcarehab.com\/da\/","name":"Global Carehab","description":"For Children and Teenagers with Special Needs","publisher":{"@id":"https:\/\/globalcarehab.com\/da\/#organization"},"potentialAction":[{"@type":"SearchAction","target":{"@type":"EntryPoint","urlTemplate":"https:\/\/globalcarehab.com\/da\/?s={search_term_string}"},"query-input":{"@type":"PropertyValueSpecification","valueRequired":true,"valueName":"search_term_string"}}],"inLanguage":"da-DK"},{"@type":"Organization","@id":"https:\/\/globalcarehab.com\/da\/#organization","name":"Global Carehab","url":"https:\/\/globalcarehab.com\/da\/","logo":{"@type":"ImageObject","inLanguage":"da-DK","@id":"https:\/\/globalcarehab.com\/da\/#\/schema\/logo\/image\/","url":"https:\/\/globalcarehab.com\/wp-content\/uploads\/2024\/03\/carehab-logo.svg","contentUrl":"https:\/\/globalcarehab.com\/wp-content\/uploads\/2024\/03\/carehab-logo.svg","width":1,"height":1,"caption":"Global Carehab"},"image":{"@id":"https:\/\/globalcarehab.com\/da\/#\/schema\/logo\/image\/"}}]}},"_links":{"self":[{"href":"https:\/\/globalcarehab.com\/da\/wp-json\/wp\/v2\/product\/40847","targetHints":{"allow":["GET"]}}],"collection":[{"href":"https:\/\/globalcarehab.com\/da\/wp-json\/wp\/v2\/product"}],"about":[{"href":"https:\/\/globalcarehab.com\/da\/wp-json\/wp\/v2\/types\/product"}],"version-history":[{"count":17,"href":"https:\/\/globalcarehab.com\/da\/wp-json\/wp\/v2\/product\/40847\/revisions"}],"predecessor-version":[{"id":48073,"href":"https:\/\/globalcarehab.com\/da\/wp-json\/wp\/v2\/product\/40847\/revisions\/48073"}],"wp:featuredmedia":[{"embeddable":true,"href":"https:\/\/globalcarehab.com\/da\/wp-json\/wp\/v2\/media\/40848"}],"wp:attachment":[{"href":"https:\/\/globalcarehab.com\/da\/wp-json\/wp\/v2\/media?parent=40847"}],"wp:term":[{"taxonomy":"product_brand","embeddable":true,"href":"https:\/\/globalcarehab.com\/da\/wp-json\/wp\/v2\/product_brand?post=40847"},{"taxonomy":"product_cat","embeddable":true,"href":"https:\/\/globalcarehab.com\/da\/wp-json\/wp\/v2\/product_cat?post=40847"},{"taxonomy":"product_tag","embeddable":true,"href":"https:\/\/globalcarehab.com\/da\/wp-json\/wp\/v2\/product_tag?post=40847"}],"curies":[{"name":"wp","href":"https:\/\/api.w.org\/{rel}","templated":true}]}}