{"id":43709,"date":"2024-08-22T15:13:24","date_gmt":"2024-08-22T13:13:24","guid":{"rendered":"https:\/\/globalcarehab.com\/product\/recline-support-system-rss\/"},"modified":"2026-01-04T15:44:56","modified_gmt":"2026-01-04T14:44:56","slug":"recline-support-system-rss","status":"publish","type":"product","link":"https:\/\/globalcarehab.com\/da\/produkt\/recline-support-system-rss\/","title":{"rendered":"Recline Support System (RSS)"},"content":{"rendered":"\t\t<div data-elementor-type=\"product-post\" data-elementor-id=\"43709\" class=\"elementor elementor-43709 elementor-37405\" data-elementor-post-type=\"product\">\n\t\t\t\t<div class=\"elementor-element elementor-element-6e7facb3 e-flex e-con-boxed e-con e-parent\" data-id=\"6e7facb3\" data-element_type=\"container\" data-e-type=\"container\" data-settings=\"{&quot;jet_parallax_layout_list&quot;:[]}\">\n\t\t\t\t\t<div class=\"e-con-inner\">\n\t\t<div class=\"elementor-element elementor-element-3d2ddb8f e-con-full e-flex e-con e-child\" data-id=\"3d2ddb8f\" data-element_type=\"container\" data-e-type=\"container\" data-settings=\"{&quot;background_background&quot;:&quot;classic&quot;,&quot;jet_parallax_layout_list&quot;:[]}\">\n\t\t\t\t<div class=\"elementor-element elementor-element-488402e5 elementor-widget elementor-widget-spacer\" data-id=\"488402e5\" data-element_type=\"widget\" data-e-type=\"widget\" data-widget_type=\"spacer.default\">\n\t\t\t\t\t\t\t<div class=\"elementor-spacer\">\n\t\t\t<div class=\"elementor-spacer-inner\"><\/div>\n\t\t<\/div>\n\t\t\t\t\t\t<\/div>\n\t\t\t\t<\/div>\n\t\t<div class=\"elementor-element elementor-element-3583eab3 e-con-full e-flex e-con e-child\" data-id=\"3583eab3\" data-element_type=\"container\" data-e-type=\"container\" data-settings=\"{&quot;background_background&quot;:&quot;classic&quot;,&quot;jet_parallax_layout_list&quot;:[]}\">\n\t\t\t\t<div class=\"elementor-element elementor-element-62f7b210 elementor-widget elementor-widget-heading\" data-id=\"62f7b210\" data-element_type=\"widget\" data-e-type=\"widget\" data-widget_type=\"heading.default\">\n\t\t\t\t\t<h1 class=\"elementor-heading-title elementor-size-default\">Recline Support System<\/h1>\t\t\t\t<\/div>\n\t\t\t\t<div class=\"elementor-element elementor-element-36e3b501 elementor-widget elementor-widget-text-editor\" data-id=\"36e3b501\" data-element_type=\"widget\" data-e-type=\"widget\" data-widget_type=\"text-editor.default\">\n\t\t\t\t\t\t\t\t\t<p><strong>Special Tomato Recline Support System (RSS)<\/strong> er specifikt designet til at passe over hvilestole i hjemmet eller camping stole og blive til en st\u00f8ttende siddel\u00f8sning. RSS\u2019en giver et fast, men komfortabelt fundament til at positionere hofterne og b\u00e6kkenet, som er grundlaget for korrekt kropsjustering. <\/p>\n<p>De vigtigste funktioner inkluderer en justerbar 5-punkts brystsele og en 3-punkts b\u00e6kkensele, som sikrer, at kroppen og b\u00e6kkenet forbliver stabile og korrekt justerede. Systemet har ogs\u00e5 en h\u00f8jdejusterbar hovedst\u00f8tte for at fremme korrekt hovedpositionering. Benst\u00f8tter hj\u00e6lper med at opretholde korrekt justering og forhindrer overdreven adduktion\/abduktion, hofterotation og kn\u00e6hyperextension. Det holdbare og nemme at reng\u00f8re overtr\u00e6k beskytter dit m\u00f8bel, mens systemet forbliver sikkert p\u00e5 plads med fire polstrede stropper, der er kompatible med de fleste hvilestolsm\u00e6rker.<\/p>\n<p><strong>Bem\u00e6rk<\/strong>: Hvilestolen medf\u00f8lger ikke.<\/p>\n\t\t\t\t\t\t\t\t<\/div>\n\t\t\t\t<\/div>\n\t\t\t\t\t<\/div>\n\t\t\t\t<\/div>\n\t\t<div class=\"elementor-element elementor-element-4346aeb e-flex e-con-boxed e-con e-parent\" data-id=\"4346aeb\" data-element_type=\"container\" data-e-type=\"container\" data-settings=\"{&quot;jet_parallax_layout_list&quot;:[]}\">\n\t\t\t\t\t<div class=\"e-con-inner\">\n\t\t<div class=\"elementor-element elementor-element-cedf4ba e-con-full e-flex e-con e-child\" data-id=\"cedf4ba\" data-element_type=\"container\" data-e-type=\"container\" data-settings=\"{&quot;background_background&quot;:&quot;classic&quot;,&quot;jet_parallax_layout_list&quot;:[]}\">\n\t\t\t\t<div class=\"elementor-element elementor-element-597b881 elementor-widget elementor-widget-heading\" data-id=\"597b881\" data-element_type=\"widget\" data-e-type=\"widget\" data-widget_type=\"heading.default\">\n\t\t\t\t\t<h2 class=\"elementor-heading-title elementor-size-default\">Recline Support System fordele <\/h2>\t\t\t\t<\/div>\n\t\t\t\t<div class=\"elementor-element elementor-element-db80960 elementor-widget elementor-widget-text-editor\" data-id=\"db80960\" data-element_type=\"widget\" data-e-type=\"widget\" data-widget_type=\"text-editor.default\">\n\t\t\t\t\t\t\t\t\t<ul>\n<li><strong>Nem at fastg\u00f8re<\/strong>: Sikker fastg\u00f8relse til de fleste hvilestole for hurtig ops\u00e6tning.<\/li>\n<li><strong>Valgfri ekstra st\u00f8tte<\/strong>: Forbedr lateral (side) st\u00f8tte og komfort ved at integrere <strong>Special Tomato Soft-Touch Liners<\/strong>. Disse konturerede s\u00e6de- og rygpuder er designet til RSS og inkluderer den innovative Soft-Touch Hip-Flex\u00ae Seat, som har et &#8220;levende h\u00e6ngsel&#8221;, der bev\u00e6ger sig med kroppen, n\u00e5r den l\u00e6nes tilbage. Linerne f\u00e5s i st\u00f8rrelserne 2 til 5.  <\/li>\n<\/ul>\n\t\t\t\t\t\t\t\t<\/div>\n\t\t\t\t<\/div>\n\t\t<div class=\"elementor-element elementor-element-4c1523e e-con-full e-flex e-con e-child\" data-id=\"4c1523e\" data-element_type=\"container\" data-e-type=\"container\" data-settings=\"{&quot;background_background&quot;:&quot;classic&quot;,&quot;jet_parallax_layout_list&quot;:[]}\">\n\t\t\t\t<div class=\"elementor-element elementor-element-f9cea25 elementor-widget elementor-widget-spacer\" data-id=\"f9cea25\" data-element_type=\"widget\" data-e-type=\"widget\" data-widget_type=\"spacer.default\">\n\t\t\t\t\t\t\t<div class=\"elementor-spacer\">\n\t\t\t<div class=\"elementor-spacer-inner\"><\/div>\n\t\t<\/div>\n\t\t\t\t\t\t<\/div>\n\t\t\t\t<\/div>\n\t\t\t\t\t<\/div>\n\t\t\t\t<\/div>\n\t\t<div class=\"elementor-element elementor-element-2c882f4 e-flex e-con-boxed e-con e-parent\" data-id=\"2c882f4\" data-element_type=\"container\" data-e-type=\"container\" data-settings=\"{&quot;jet_parallax_layout_list&quot;:[]}\">\n\t\t\t\t\t<div class=\"e-con-inner\">\n\t\t<div class=\"elementor-element elementor-element-c045162 e-con-full e-flex e-con e-child\" data-id=\"c045162\" data-element_type=\"container\" data-e-type=\"container\" data-settings=\"{&quot;background_background&quot;:&quot;classic&quot;,&quot;jet_parallax_layout_list&quot;:[]}\">\n\t\t\t\t<div class=\"elementor-element elementor-element-9580de4 elementor-widget elementor-widget-spacer\" data-id=\"9580de4\" data-element_type=\"widget\" data-e-type=\"widget\" data-widget_type=\"spacer.default\">\n\t\t\t\t\t\t\t<div class=\"elementor-spacer\">\n\t\t\t<div class=\"elementor-spacer-inner\"><\/div>\n\t\t<\/div>\n\t\t\t\t\t\t<\/div>\n\t\t\t\t<\/div>\n\t\t<div class=\"elementor-element elementor-element-d12ea01 e-con-full e-flex e-con e-child\" data-id=\"d12ea01\" data-element_type=\"container\" data-e-type=\"container\" data-settings=\"{&quot;jet_parallax_layout_list&quot;:[]}\">\n\t\t<div class=\"elementor-element elementor-element-07b2edd e-con-full e-flex e-con e-child\" data-id=\"07b2edd\" data-element_type=\"container\" data-e-type=\"container\" data-settings=\"{&quot;background_background&quot;:&quot;classic&quot;,&quot;jet_parallax_layout_list&quot;:[]}\">\n\t\t\t\t<div class=\"elementor-element elementor-element-06dbb17 elementor-widget elementor-widget-heading\" data-id=\"06dbb17\" data-element_type=\"widget\" data-e-type=\"widget\" data-widget_type=\"heading.default\">\n\t\t\t\t\t<h2 class=\"elementor-heading-title elementor-size-default\">Produktfunktioner <\/h2>\t\t\t\t<\/div>\n\t\t\t\t<div class=\"elementor-element elementor-element-f93713f elementor-widget elementor-widget-text-editor\" data-id=\"f93713f\" data-element_type=\"widget\" data-e-type=\"widget\" data-widget_type=\"text-editor.default\">\n\t\t\t\t\t\t\t\t\t<ul>\n<li>5-punkts justerbar brystsele for at opretholde korrekt position af kroppen<\/li>\n<li>3-punkts justerbar b\u00e6kkensele for at opretholde korrekt position af b\u00e6kken og hofter<\/li>\n<li>B\u00e5de store og sm\u00e5 st\u00f8rrelser af seler medf\u00f8lger til v\u00e6kst!<\/li>\n<li>H\u00f8jdejusterbar hovedst\u00f8tte for at fremme korrekt hovedpositionering<\/li>\n<li>Benst\u00f8tter med h\u00f8jde- og lateral (side til side) justering for at st\u00f8tte de nedre ekstremiteter i neutral position og forhindre hyperextension af kn\u00e6ene<\/li>\n<li>Nem at t\u00f8rre af og maskinvaskbar hvilestolsovertr\u00e6k<\/li>\n<li>Polstrede stropper til at sikre RSS og beskytte m\u00f8bler<\/li>\n<li>Perfekt st\u00f8tte til fuld l\u00e6nning mens man ser underholdning<\/li>\n<li>Fuldst\u00e6ndig b\u00e6rbar og nem at opbevare<\/li>\n<li>Foldes og klipses sammen som en jakketaske med h\u00e5ndtag, der kan h\u00e6nges p\u00e5 en standard knager\u00e6kke p\u00e5 bagsiden af en skabsl\u00e5ge eller v\u00e6g<\/li>\n<li>Kan tilpasses med Special Tomato Soft-Touch Liner s\u00e6de- og rygpuder for ekstra st\u00f8tte<\/li>\n<li>Hvilestolsystemet kan udstyres med Liner Hip-Flex<\/li>\n<\/ul>\n\t\t\t\t\t\t\t\t<\/div>\n\t\t\t\t<\/div>\n\t\t\t\t<\/div>\n\t\t\t\t\t<\/div>\n\t\t\t\t<\/div>\n\t\t<div class=\"elementor-element elementor-element-18ab297 e-flex e-con-boxed e-con e-parent\" data-id=\"18ab297\" data-element_type=\"container\" data-e-type=\"container\" data-settings=\"{&quot;jet_parallax_layout_list&quot;:[]}\">\n\t\t\t\t\t<div class=\"e-con-inner\">\n\t\t<div class=\"elementor-element elementor-element-bd82931 e-con-full e-flex e-con e-child\" data-id=\"bd82931\" data-element_type=\"container\" data-e-type=\"container\" data-settings=\"{&quot;background_background&quot;:&quot;classic&quot;,&quot;jet_parallax_layout_list&quot;:[]}\">\n\t\t\t\t<div class=\"elementor-element elementor-element-b4c703c elementor-widget elementor-widget-heading\" data-id=\"b4c703c\" data-element_type=\"widget\" data-e-type=\"widget\" data-widget_type=\"heading.default\">\n\t\t\t\t\t<h3 class=\"elementor-heading-title elementor-size-default\">Medbring Recline Support System <\/h3>\t\t\t\t<\/div>\n\t\t\t\t<div class=\"elementor-element elementor-element-4ee62d0 elementor-widget elementor-widget-text-editor\" data-id=\"4ee62d0\" data-element_type=\"widget\" data-e-type=\"widget\" data-widget_type=\"text-editor.default\">\n\t\t\t\t\t\t\t\t\t<ul>\n<li><strong>B\u00e6rbarhed og opbevaring:<\/strong> Hele RSS\u2019en foldes kompakt sammen og klipses som en t\u00f8jpose, komplet med et h\u00e5ndtag til oph\u00e6ngning p\u00e5 en standard knager\u00e6kke eller skabsl\u00e5ge. Den vejer kun 10 lbs, hvilket g\u00f8r den nem at tage med til bes\u00f8g eller rejser. <\/li>\n<li><strong>Ultimativ komfort derhjemme:<\/strong> Giver personer med s\u00e6rlige behov adgang til det bedste s\u00e6de i huset, og sikrer korrekt st\u00f8tte og justering uden at g\u00e5 p\u00e5 kompromis med komforten.<\/li>\n<\/ul>\n\t\t\t\t\t\t\t\t<\/div>\n\t\t\t\t<\/div>\n\t\t<div class=\"elementor-element elementor-element-9e65408 e-con-full e-flex e-con e-child\" data-id=\"9e65408\" data-element_type=\"container\" data-e-type=\"container\" data-settings=\"{&quot;background_background&quot;:&quot;classic&quot;,&quot;jet_parallax_layout_list&quot;:[]}\">\n\t\t\t\t<div class=\"elementor-element elementor-element-aded3bf elementor-widget elementor-widget-spacer\" data-id=\"aded3bf\" data-element_type=\"widget\" data-e-type=\"widget\" data-widget_type=\"spacer.default\">\n\t\t\t\t\t\t\t<div class=\"elementor-spacer\">\n\t\t\t<div class=\"elementor-spacer-inner\"><\/div>\n\t\t<\/div>\n\t\t\t\t\t\t<\/div>\n\t\t\t\t<\/div>\n\t\t\t\t\t<\/div>\n\t\t\t\t<\/div>\n\t\t\t\t<\/div>\n\t\t","protected":false},"excerpt":{"rendered":"<p>Recline Support System Special Tomato Recline Support System (RSS) er specifikt designet til at passe over hvilestole i hjemmet eller camping stole og blive til en st\u00f8ttende siddel\u00f8sning. RSS\u2019en giver et fast, men komfortabelt fundament til at positionere hofterne og b\u00e6kkenet, som er grundlaget for korrekt kropsjustering. De vigtigste funktioner inkluderer en justerbar 5-punkts brystsele [&hellip;]<\/p>\n","protected":false},"featured_media":41076,"template":"","meta":[],"product_brand":[],"product_cat":[414,411],"product_tag":[],"class_list":{"0":"post-43709","1":"product","2":"type-product","3":"status-publish","4":"has-post-thumbnail","6":"product_cat-sidde-systemer","7":"product_cat-special-tomato-da","9":"first","10":"instock","11":"taxable","12":"shipping-taxable","13":"purchasable","14":"product-type-simple"},"yoast_head":"<!-- This site is optimized with the Yoast SEO plugin v26.9 - https:\/\/yoast.com\/product\/yoast-seo-wordpress\/ -->\n<title>Recline Support System - Rygvinklings positionerings system | Global Carehab<\/title>\n<meta name=\"description\" content=\"Recline Support System transformer almindelig l\u00e6nestol til st\u00f8ttende sidde\u2011system. 5\u2011punkt brystsele, 3\u2011punkt b\u00e6kkensele, nakkest\u00f8tte \u2013 nem at montere.\" \/>\n<meta name=\"robots\" content=\"index, follow, max-snippet:-1, max-image-preview:large, max-video-preview:-1\" \/>\n<link rel=\"canonical\" href=\"https:\/\/globalcarehab.com\/da\/produkt\/recline-support-system-rss\/\" \/>\n<meta property=\"og:locale\" content=\"da_DK\" \/>\n<meta property=\"og:type\" content=\"article\" \/>\n<meta property=\"og:title\" content=\"Recline Support System - Rygvinklings positionerings system | Global Carehab\" \/>\n<meta property=\"og:description\" content=\"Recline Support System transformer almindelig l\u00e6nestol til st\u00f8ttende sidde\u2011system. 5\u2011punkt brystsele, 3\u2011punkt b\u00e6kkensele, nakkest\u00f8tte \u2013 nem at montere.\" \/>\n<meta property=\"og:url\" content=\"https:\/\/globalcarehab.com\/da\/produkt\/recline-support-system-rss\/\" \/>\n<meta property=\"og:site_name\" content=\"Global Carehab\" \/>\n<meta property=\"article:modified_time\" content=\"2026-01-04T14:44:56+00:00\" \/>\n<meta property=\"og:image\" content=\"https:\/\/globalcarehab.com\/wp-content\/uploads\/2024\/06\/Rss-InChair-Reclined.png\" \/>\n\t<meta property=\"og:image:width\" content=\"600\" \/>\n\t<meta property=\"og:image:height\" content=\"600\" \/>\n\t<meta property=\"og:image:type\" content=\"image\/png\" \/>\n<meta name=\"twitter:card\" content=\"summary_large_image\" \/>\n<meta name=\"twitter:label1\" content=\"Estimeret l\u00e6setid\" \/>\n\t<meta name=\"twitter:data1\" content=\"2 minutter\" \/>\n<script type=\"application\/ld+json\" class=\"yoast-schema-graph\">{\"@context\":\"https:\/\/schema.org\",\"@graph\":[{\"@type\":\"WebPage\",\"@id\":\"https:\/\/globalcarehab.com\/da\/produkt\/recline-support-system-rss\/\",\"url\":\"https:\/\/globalcarehab.com\/da\/produkt\/recline-support-system-rss\/\",\"name\":\"Recline Support System - Rygvinklings positionerings system | Global Carehab\",\"isPartOf\":{\"@id\":\"https:\/\/globalcarehab.com\/da\/#website\"},\"primaryImageOfPage\":{\"@id\":\"https:\/\/globalcarehab.com\/da\/produkt\/recline-support-system-rss\/#primaryimage\"},\"image\":{\"@id\":\"https:\/\/globalcarehab.com\/da\/produkt\/recline-support-system-rss\/#primaryimage\"},\"thumbnailUrl\":\"https:\/\/globalcarehab.com\/wp-content\/uploads\/2024\/06\/Rss-InChair-Reclined.png\",\"datePublished\":\"2024-08-22T13:13:24+00:00\",\"dateModified\":\"2026-01-04T14:44:56+00:00\",\"description\":\"Recline Support System transformer almindelig l\u00e6nestol til st\u00f8ttende sidde\u2011system. 5\u2011punkt brystsele, 3\u2011punkt b\u00e6kkensele, nakkest\u00f8tte \u2013 nem at montere.\",\"breadcrumb\":{\"@id\":\"https:\/\/globalcarehab.com\/da\/produkt\/recline-support-system-rss\/#breadcrumb\"},\"inLanguage\":\"da-DK\",\"potentialAction\":[{\"@type\":\"ReadAction\",\"target\":[\"https:\/\/globalcarehab.com\/da\/produkt\/recline-support-system-rss\/\"]}]},{\"@type\":\"ImageObject\",\"inLanguage\":\"da-DK\",\"@id\":\"https:\/\/globalcarehab.com\/da\/produkt\/recline-support-system-rss\/#primaryimage\",\"url\":\"https:\/\/globalcarehab.com\/wp-content\/uploads\/2024\/06\/Rss-InChair-Reclined.png\",\"contentUrl\":\"https:\/\/globalcarehab.com\/wp-content\/uploads\/2024\/06\/Rss-InChair-Reclined.png\",\"width\":600,\"height\":600},{\"@type\":\"BreadcrumbList\",\"@id\":\"https:\/\/globalcarehab.com\/da\/produkt\/recline-support-system-rss\/#breadcrumb\",\"itemListElement\":[{\"@type\":\"ListItem\",\"position\":1,\"name\":\"Hjem\",\"item\":\"https:\/\/globalcarehab.com\/da\/\"},{\"@type\":\"ListItem\",\"position\":2,\"name\":\"Shop\",\"item\":\"https:\/\/globalcarehab.com\/da\/shop\/\"},{\"@type\":\"ListItem\",\"position\":3,\"name\":\"Varem\u00e6rke\",\"item\":\"https:\/\/globalcarehab.com\/da\/vare-kategori\/varemaerke\/\"},{\"@type\":\"ListItem\",\"position\":4,\"name\":\"Special Tomato\",\"item\":\"https:\/\/globalcarehab.com\/da\/vare-kategori\/varemaerke\/special-tomato-da\/\"},{\"@type\":\"ListItem\",\"position\":5,\"name\":\"Recline Support System (RSS)\"}]},{\"@type\":\"WebSite\",\"@id\":\"https:\/\/globalcarehab.com\/da\/#website\",\"url\":\"https:\/\/globalcarehab.com\/da\/\",\"name\":\"Global Carehab\",\"description\":\"For Children and Teenagers with Special Needs\",\"publisher\":{\"@id\":\"https:\/\/globalcarehab.com\/da\/#organization\"},\"potentialAction\":[{\"@type\":\"SearchAction\",\"target\":{\"@type\":\"EntryPoint\",\"urlTemplate\":\"https:\/\/globalcarehab.com\/da\/?s={search_term_string}\"},\"query-input\":{\"@type\":\"PropertyValueSpecification\",\"valueRequired\":true,\"valueName\":\"search_term_string\"}}],\"inLanguage\":\"da-DK\"},{\"@type\":\"Organization\",\"@id\":\"https:\/\/globalcarehab.com\/da\/#organization\",\"name\":\"Global Carehab\",\"url\":\"https:\/\/globalcarehab.com\/da\/\",\"logo\":{\"@type\":\"ImageObject\",\"inLanguage\":\"da-DK\",\"@id\":\"https:\/\/globalcarehab.com\/da\/#\/schema\/logo\/image\/\",\"url\":\"https:\/\/globalcarehab.com\/wp-content\/uploads\/2024\/03\/carehab-logo.svg\",\"contentUrl\":\"https:\/\/globalcarehab.com\/wp-content\/uploads\/2024\/03\/carehab-logo.svg\",\"width\":1,\"height\":1,\"caption\":\"Global Carehab\"},\"image\":{\"@id\":\"https:\/\/globalcarehab.com\/da\/#\/schema\/logo\/image\/\"}}]}<\/script>\n<!-- \/ Yoast SEO plugin. -->","yoast_head_json":{"title":"Recline Support System - Rygvinklings positionerings system | Global Carehab","description":"Recline Support System transformer almindelig l\u00e6nestol til st\u00f8ttende sidde\u2011system. 5\u2011punkt brystsele, 3\u2011punkt b\u00e6kkensele, nakkest\u00f8tte \u2013 nem at montere.","robots":{"index":"index","follow":"follow","max-snippet":"max-snippet:-1","max-image-preview":"max-image-preview:large","max-video-preview":"max-video-preview:-1"},"canonical":"https:\/\/globalcarehab.com\/da\/produkt\/recline-support-system-rss\/","og_locale":"da_DK","og_type":"article","og_title":"Recline Support System - Rygvinklings positionerings system | Global Carehab","og_description":"Recline Support System transformer almindelig l\u00e6nestol til st\u00f8ttende sidde\u2011system. 5\u2011punkt brystsele, 3\u2011punkt b\u00e6kkensele, nakkest\u00f8tte \u2013 nem at montere.","og_url":"https:\/\/globalcarehab.com\/da\/produkt\/recline-support-system-rss\/","og_site_name":"Global Carehab","article_modified_time":"2026-01-04T14:44:56+00:00","og_image":[{"width":600,"height":600,"url":"https:\/\/globalcarehab.com\/wp-content\/uploads\/2024\/06\/Rss-InChair-Reclined.png","type":"image\/png"}],"twitter_card":"summary_large_image","twitter_misc":{"Estimeret l\u00e6setid":"2 minutter"},"schema":{"@context":"https:\/\/schema.org","@graph":[{"@type":"WebPage","@id":"https:\/\/globalcarehab.com\/da\/produkt\/recline-support-system-rss\/","url":"https:\/\/globalcarehab.com\/da\/produkt\/recline-support-system-rss\/","name":"Recline Support System - Rygvinklings positionerings system | Global Carehab","isPartOf":{"@id":"https:\/\/globalcarehab.com\/da\/#website"},"primaryImageOfPage":{"@id":"https:\/\/globalcarehab.com\/da\/produkt\/recline-support-system-rss\/#primaryimage"},"image":{"@id":"https:\/\/globalcarehab.com\/da\/produkt\/recline-support-system-rss\/#primaryimage"},"thumbnailUrl":"https:\/\/globalcarehab.com\/wp-content\/uploads\/2024\/06\/Rss-InChair-Reclined.png","datePublished":"2024-08-22T13:13:24+00:00","dateModified":"2026-01-04T14:44:56+00:00","description":"Recline Support System transformer almindelig l\u00e6nestol til st\u00f8ttende sidde\u2011system. 5\u2011punkt brystsele, 3\u2011punkt b\u00e6kkensele, nakkest\u00f8tte \u2013 nem at montere.","breadcrumb":{"@id":"https:\/\/globalcarehab.com\/da\/produkt\/recline-support-system-rss\/#breadcrumb"},"inLanguage":"da-DK","potentialAction":[{"@type":"ReadAction","target":["https:\/\/globalcarehab.com\/da\/produkt\/recline-support-system-rss\/"]}]},{"@type":"ImageObject","inLanguage":"da-DK","@id":"https:\/\/globalcarehab.com\/da\/produkt\/recline-support-system-rss\/#primaryimage","url":"https:\/\/globalcarehab.com\/wp-content\/uploads\/2024\/06\/Rss-InChair-Reclined.png","contentUrl":"https:\/\/globalcarehab.com\/wp-content\/uploads\/2024\/06\/Rss-InChair-Reclined.png","width":600,"height":600},{"@type":"BreadcrumbList","@id":"https:\/\/globalcarehab.com\/da\/produkt\/recline-support-system-rss\/#breadcrumb","itemListElement":[{"@type":"ListItem","position":1,"name":"Hjem","item":"https:\/\/globalcarehab.com\/da\/"},{"@type":"ListItem","position":2,"name":"Shop","item":"https:\/\/globalcarehab.com\/da\/shop\/"},{"@type":"ListItem","position":3,"name":"Varem\u00e6rke","item":"https:\/\/globalcarehab.com\/da\/vare-kategori\/varemaerke\/"},{"@type":"ListItem","position":4,"name":"Special Tomato","item":"https:\/\/globalcarehab.com\/da\/vare-kategori\/varemaerke\/special-tomato-da\/"},{"@type":"ListItem","position":5,"name":"Recline Support System (RSS)"}]},{"@type":"WebSite","@id":"https:\/\/globalcarehab.com\/da\/#website","url":"https:\/\/globalcarehab.com\/da\/","name":"Global Carehab","description":"For Children and Teenagers with Special Needs","publisher":{"@id":"https:\/\/globalcarehab.com\/da\/#organization"},"potentialAction":[{"@type":"SearchAction","target":{"@type":"EntryPoint","urlTemplate":"https:\/\/globalcarehab.com\/da\/?s={search_term_string}"},"query-input":{"@type":"PropertyValueSpecification","valueRequired":true,"valueName":"search_term_string"}}],"inLanguage":"da-DK"},{"@type":"Organization","@id":"https:\/\/globalcarehab.com\/da\/#organization","name":"Global Carehab","url":"https:\/\/globalcarehab.com\/da\/","logo":{"@type":"ImageObject","inLanguage":"da-DK","@id":"https:\/\/globalcarehab.com\/da\/#\/schema\/logo\/image\/","url":"https:\/\/globalcarehab.com\/wp-content\/uploads\/2024\/03\/carehab-logo.svg","contentUrl":"https:\/\/globalcarehab.com\/wp-content\/uploads\/2024\/03\/carehab-logo.svg","width":1,"height":1,"caption":"Global Carehab"},"image":{"@id":"https:\/\/globalcarehab.com\/da\/#\/schema\/logo\/image\/"}}]}},"_links":{"self":[{"href":"https:\/\/globalcarehab.com\/da\/wp-json\/wp\/v2\/product\/43709","targetHints":{"allow":["GET"]}}],"collection":[{"href":"https:\/\/globalcarehab.com\/da\/wp-json\/wp\/v2\/product"}],"about":[{"href":"https:\/\/globalcarehab.com\/da\/wp-json\/wp\/v2\/types\/product"}],"version-history":[{"count":15,"href":"https:\/\/globalcarehab.com\/da\/wp-json\/wp\/v2\/product\/43709\/revisions"}],"predecessor-version":[{"id":47683,"href":"https:\/\/globalcarehab.com\/da\/wp-json\/wp\/v2\/product\/43709\/revisions\/47683"}],"wp:featuredmedia":[{"embeddable":true,"href":"https:\/\/globalcarehab.com\/da\/wp-json\/wp\/v2\/media\/41076"}],"wp:attachment":[{"href":"https:\/\/globalcarehab.com\/da\/wp-json\/wp\/v2\/media?parent=43709"}],"wp:term":[{"taxonomy":"product_brand","embeddable":true,"href":"https:\/\/globalcarehab.com\/da\/wp-json\/wp\/v2\/product_brand?post=43709"},{"taxonomy":"product_cat","embeddable":true,"href":"https:\/\/globalcarehab.com\/da\/wp-json\/wp\/v2\/product_cat?post=43709"},{"taxonomy":"product_tag","embeddable":true,"href":"https:\/\/globalcarehab.com\/da\/wp-json\/wp\/v2\/product_tag?post=43709"}],"curies":[{"name":"wp","href":"https:\/\/api.w.org\/{rel}","templated":true}]}}