{"id":43736,"date":"2025-01-04T17:19:23","date_gmt":"2025-01-04T16:19:23","guid":{"rendered":"https:\/\/globalcarehab.com\/product\/hoftesele-4-punkt\/"},"modified":"2025-08-25T16:28:00","modified_gmt":"2025-08-25T14:28:00","slug":"hoftesele-4-punkt","status":"publish","type":"product","link":"https:\/\/globalcarehab.com\/da\/produkt\/hoftesele-4-punkt\/","title":{"rendered":"Hoftesele, 4-Punkt"},"content":{"rendered":"","protected":false},"excerpt":{"rendered":"<p>4-Punkt Hofteselen er en b\u00e6kkenpositioneringsenhed designet til at fremme en neutral b\u00e6kkenstilling, hvilket forbedrer den samlede justering af kroppen og benene. Den har to polstrede sektioner for komfort og er lavet af vand- og smudsafvisende materialer, hvilket sikrer holdbarhed og hygiejne. Dette CE-m\u00e6rkede produkt er ideelt til at h\u00e5ndtere anterior b\u00e6kkenh\u00e6ldning og b\u00e6kkenrotation og giver p\u00e5lidelig st\u00f8tte for forbedret siddende holdning.<\/p>\n","protected":false},"featured_media":41294,"template":"","meta":[],"product_brand":[],"product_cat":[405],"product_tag":[],"class_list":{"0":"post-43736","1":"product","2":"type-product","3":"status-publish","4":"has-post-thumbnail","6":"product_cat-seler-veste","7":"pa_size-xsmall-da","8":"pa_size-1-da","9":"pa_size-2-da","10":"pa_size-3-da","11":"pa_size-4-da","12":"pa_size-large-da","13":"pa_size-medium-da","14":"pa_size-small-da","15":"pa_size-x-large-da","17":"first","18":"instock","19":"taxable","20":"shipping-taxable","21":"purchasable","22":"product-type-variable"},"yoast_head":"<!-- This site is optimized with the Yoast SEO plugin v26.9 - https:\/\/yoast.com\/product\/yoast-seo-wordpress\/ -->\n<title>Hoftesele, 4-Punkt | Global Carehab<\/title>\n<meta name=\"robots\" content=\"index, follow, max-snippet:-1, max-image-preview:large, max-video-preview:-1\" \/>\n<link rel=\"canonical\" href=\"https:\/\/globalcarehab.com\/da\/produkt\/hoftesele-4-punkt\/\" \/>\n<meta property=\"og:locale\" content=\"da_DK\" \/>\n<meta property=\"og:type\" content=\"article\" \/>\n<meta property=\"og:title\" content=\"Hoftesele, 4-Punkt | Global Carehab\" \/>\n<meta property=\"og:description\" content=\"4-Punkt Hofteselen er en b\u00e6kkenpositioneringsenhed designet til at fremme en neutral b\u00e6kkenstilling, hvilket forbedrer den samlede justering af kroppen og benene. Den har to polstrede sektioner for komfort og er lavet af vand- og smudsafvisende materialer, hvilket sikrer holdbarhed og hygiejne. Dette CE-m\u00e6rkede produkt er ideelt til at h\u00e5ndtere anterior b\u00e6kkenh\u00e6ldning og b\u00e6kkenrotation og giver p\u00e5lidelig st\u00f8tte for forbedret siddende holdning.\" \/>\n<meta property=\"og:url\" content=\"https:\/\/globalcarehab.com\/da\/produkt\/hoftesele-4-punkt\/\" \/>\n<meta property=\"og:site_name\" content=\"Global Carehab\" \/>\n<meta property=\"article:modified_time\" content=\"2025-08-25T14:28:00+00:00\" \/>\n<meta property=\"og:image\" content=\"https:\/\/globalcarehab.com\/wp-content\/uploads\/2020\/03\/Hip4Point-SideRelease-SingleAdjustable1.png\" \/>\n\t<meta property=\"og:image:width\" content=\"700\" \/>\n\t<meta property=\"og:image:height\" content=\"700\" \/>\n\t<meta property=\"og:image:type\" content=\"image\/png\" \/>\n<meta name=\"twitter:card\" content=\"summary_large_image\" \/>\n<meta name=\"twitter:label1\" content=\"Estimeret l\u00e6setid\" \/>\n\t<meta name=\"twitter:data1\" content=\"1 minut\" \/>\n<script type=\"application\/ld+json\" class=\"yoast-schema-graph\">{\"@context\":\"https:\/\/schema.org\",\"@graph\":[{\"@type\":\"WebPage\",\"@id\":\"https:\/\/globalcarehab.com\/da\/produkt\/hoftesele-4-punkt\/\",\"url\":\"https:\/\/globalcarehab.com\/da\/produkt\/hoftesele-4-punkt\/\",\"name\":\"Hoftesele, 4-Punkt | Global Carehab\",\"isPartOf\":{\"@id\":\"https:\/\/globalcarehab.com\/da\/#website\"},\"primaryImageOfPage\":{\"@id\":\"https:\/\/globalcarehab.com\/da\/produkt\/hoftesele-4-punkt\/#primaryimage\"},\"image\":{\"@id\":\"https:\/\/globalcarehab.com\/da\/produkt\/hoftesele-4-punkt\/#primaryimage\"},\"thumbnailUrl\":\"https:\/\/globalcarehab.com\/wp-content\/uploads\/2020\/03\/Hip4Point-SideRelease-SingleAdjustable1.png\",\"datePublished\":\"2025-01-04T16:19:23+00:00\",\"dateModified\":\"2025-08-25T14:28:00+00:00\",\"breadcrumb\":{\"@id\":\"https:\/\/globalcarehab.com\/da\/produkt\/hoftesele-4-punkt\/#breadcrumb\"},\"inLanguage\":\"da-DK\",\"potentialAction\":[{\"@type\":\"ReadAction\",\"target\":[\"https:\/\/globalcarehab.com\/da\/produkt\/hoftesele-4-punkt\/\"]}]},{\"@type\":\"ImageObject\",\"inLanguage\":\"da-DK\",\"@id\":\"https:\/\/globalcarehab.com\/da\/produkt\/hoftesele-4-punkt\/#primaryimage\",\"url\":\"https:\/\/globalcarehab.com\/wp-content\/uploads\/2020\/03\/Hip4Point-SideRelease-SingleAdjustable1.png\",\"contentUrl\":\"https:\/\/globalcarehab.com\/wp-content\/uploads\/2020\/03\/Hip4Point-SideRelease-SingleAdjustable1.png\",\"width\":700,\"height\":700,\"caption\":\"4-punkts hofte sele med d\u00e6kket side udl\u00f8ser og enkelt justerginsstrop\"},{\"@type\":\"BreadcrumbList\",\"@id\":\"https:\/\/globalcarehab.com\/da\/produkt\/hoftesele-4-punkt\/#breadcrumb\",\"itemListElement\":[{\"@type\":\"ListItem\",\"position\":1,\"name\":\"Hjem\",\"item\":\"https:\/\/globalcarehab.com\/da\/\"},{\"@type\":\"ListItem\",\"position\":2,\"name\":\"Shop\",\"item\":\"https:\/\/globalcarehab.com\/da\/shop\/\"},{\"@type\":\"ListItem\",\"position\":3,\"name\":\"Seler &amp; veste\",\"item\":\"https:\/\/globalcarehab.com\/da\/vare-kategori\/seler-veste\/\"},{\"@type\":\"ListItem\",\"position\":4,\"name\":\"Hoftesele, 4-Punkt\"}]},{\"@type\":\"WebSite\",\"@id\":\"https:\/\/globalcarehab.com\/da\/#website\",\"url\":\"https:\/\/globalcarehab.com\/da\/\",\"name\":\"Global Carehab\",\"description\":\"For Children and Teenagers with Special Needs\",\"publisher\":{\"@id\":\"https:\/\/globalcarehab.com\/da\/#organization\"},\"potentialAction\":[{\"@type\":\"SearchAction\",\"target\":{\"@type\":\"EntryPoint\",\"urlTemplate\":\"https:\/\/globalcarehab.com\/da\/?s={search_term_string}\"},\"query-input\":{\"@type\":\"PropertyValueSpecification\",\"valueRequired\":true,\"valueName\":\"search_term_string\"}}],\"inLanguage\":\"da-DK\"},{\"@type\":\"Organization\",\"@id\":\"https:\/\/globalcarehab.com\/da\/#organization\",\"name\":\"Global Carehab\",\"url\":\"https:\/\/globalcarehab.com\/da\/\",\"logo\":{\"@type\":\"ImageObject\",\"inLanguage\":\"da-DK\",\"@id\":\"https:\/\/globalcarehab.com\/da\/#\/schema\/logo\/image\/\",\"url\":\"https:\/\/globalcarehab.com\/wp-content\/uploads\/2024\/03\/carehab-logo.svg\",\"contentUrl\":\"https:\/\/globalcarehab.com\/wp-content\/uploads\/2024\/03\/carehab-logo.svg\",\"width\":1,\"height\":1,\"caption\":\"Global Carehab\"},\"image\":{\"@id\":\"https:\/\/globalcarehab.com\/da\/#\/schema\/logo\/image\/\"}}]}<\/script>\n<!-- \/ Yoast SEO plugin. -->","yoast_head_json":{"title":"Hoftesele, 4-Punkt | Global Carehab","robots":{"index":"index","follow":"follow","max-snippet":"max-snippet:-1","max-image-preview":"max-image-preview:large","max-video-preview":"max-video-preview:-1"},"canonical":"https:\/\/globalcarehab.com\/da\/produkt\/hoftesele-4-punkt\/","og_locale":"da_DK","og_type":"article","og_title":"Hoftesele, 4-Punkt | Global Carehab","og_description":"4-Punkt Hofteselen er en b\u00e6kkenpositioneringsenhed designet til at fremme en neutral b\u00e6kkenstilling, hvilket forbedrer den samlede justering af kroppen og benene. Den har to polstrede sektioner for komfort og er lavet af vand- og smudsafvisende materialer, hvilket sikrer holdbarhed og hygiejne. Dette CE-m\u00e6rkede produkt er ideelt til at h\u00e5ndtere anterior b\u00e6kkenh\u00e6ldning og b\u00e6kkenrotation og giver p\u00e5lidelig st\u00f8tte for forbedret siddende holdning.","og_url":"https:\/\/globalcarehab.com\/da\/produkt\/hoftesele-4-punkt\/","og_site_name":"Global Carehab","article_modified_time":"2025-08-25T14:28:00+00:00","og_image":[{"width":700,"height":700,"url":"https:\/\/globalcarehab.com\/wp-content\/uploads\/2020\/03\/Hip4Point-SideRelease-SingleAdjustable1.png","type":"image\/png"}],"twitter_card":"summary_large_image","twitter_misc":{"Estimeret l\u00e6setid":"1 minut"},"schema":{"@context":"https:\/\/schema.org","@graph":[{"@type":"WebPage","@id":"https:\/\/globalcarehab.com\/da\/produkt\/hoftesele-4-punkt\/","url":"https:\/\/globalcarehab.com\/da\/produkt\/hoftesele-4-punkt\/","name":"Hoftesele, 4-Punkt | Global Carehab","isPartOf":{"@id":"https:\/\/globalcarehab.com\/da\/#website"},"primaryImageOfPage":{"@id":"https:\/\/globalcarehab.com\/da\/produkt\/hoftesele-4-punkt\/#primaryimage"},"image":{"@id":"https:\/\/globalcarehab.com\/da\/produkt\/hoftesele-4-punkt\/#primaryimage"},"thumbnailUrl":"https:\/\/globalcarehab.com\/wp-content\/uploads\/2020\/03\/Hip4Point-SideRelease-SingleAdjustable1.png","datePublished":"2025-01-04T16:19:23+00:00","dateModified":"2025-08-25T14:28:00+00:00","breadcrumb":{"@id":"https:\/\/globalcarehab.com\/da\/produkt\/hoftesele-4-punkt\/#breadcrumb"},"inLanguage":"da-DK","potentialAction":[{"@type":"ReadAction","target":["https:\/\/globalcarehab.com\/da\/produkt\/hoftesele-4-punkt\/"]}]},{"@type":"ImageObject","inLanguage":"da-DK","@id":"https:\/\/globalcarehab.com\/da\/produkt\/hoftesele-4-punkt\/#primaryimage","url":"https:\/\/globalcarehab.com\/wp-content\/uploads\/2020\/03\/Hip4Point-SideRelease-SingleAdjustable1.png","contentUrl":"https:\/\/globalcarehab.com\/wp-content\/uploads\/2020\/03\/Hip4Point-SideRelease-SingleAdjustable1.png","width":700,"height":700,"caption":"4-punkts hofte sele med d\u00e6kket side udl\u00f8ser og enkelt justerginsstrop"},{"@type":"BreadcrumbList","@id":"https:\/\/globalcarehab.com\/da\/produkt\/hoftesele-4-punkt\/#breadcrumb","itemListElement":[{"@type":"ListItem","position":1,"name":"Hjem","item":"https:\/\/globalcarehab.com\/da\/"},{"@type":"ListItem","position":2,"name":"Shop","item":"https:\/\/globalcarehab.com\/da\/shop\/"},{"@type":"ListItem","position":3,"name":"Seler &amp; veste","item":"https:\/\/globalcarehab.com\/da\/vare-kategori\/seler-veste\/"},{"@type":"ListItem","position":4,"name":"Hoftesele, 4-Punkt"}]},{"@type":"WebSite","@id":"https:\/\/globalcarehab.com\/da\/#website","url":"https:\/\/globalcarehab.com\/da\/","name":"Global Carehab","description":"For Children and Teenagers with Special Needs","publisher":{"@id":"https:\/\/globalcarehab.com\/da\/#organization"},"potentialAction":[{"@type":"SearchAction","target":{"@type":"EntryPoint","urlTemplate":"https:\/\/globalcarehab.com\/da\/?s={search_term_string}"},"query-input":{"@type":"PropertyValueSpecification","valueRequired":true,"valueName":"search_term_string"}}],"inLanguage":"da-DK"},{"@type":"Organization","@id":"https:\/\/globalcarehab.com\/da\/#organization","name":"Global Carehab","url":"https:\/\/globalcarehab.com\/da\/","logo":{"@type":"ImageObject","inLanguage":"da-DK","@id":"https:\/\/globalcarehab.com\/da\/#\/schema\/logo\/image\/","url":"https:\/\/globalcarehab.com\/wp-content\/uploads\/2024\/03\/carehab-logo.svg","contentUrl":"https:\/\/globalcarehab.com\/wp-content\/uploads\/2024\/03\/carehab-logo.svg","width":1,"height":1,"caption":"Global Carehab"},"image":{"@id":"https:\/\/globalcarehab.com\/da\/#\/schema\/logo\/image\/"}}]}},"_links":{"self":[{"href":"https:\/\/globalcarehab.com\/da\/wp-json\/wp\/v2\/product\/43736","targetHints":{"allow":["GET"]}}],"collection":[{"href":"https:\/\/globalcarehab.com\/da\/wp-json\/wp\/v2\/product"}],"about":[{"href":"https:\/\/globalcarehab.com\/da\/wp-json\/wp\/v2\/types\/product"}],"version-history":[{"count":1,"href":"https:\/\/globalcarehab.com\/da\/wp-json\/wp\/v2\/product\/43736\/revisions"}],"predecessor-version":[{"id":48338,"href":"https:\/\/globalcarehab.com\/da\/wp-json\/wp\/v2\/product\/43736\/revisions\/48338"}],"wp:featuredmedia":[{"embeddable":true,"href":"https:\/\/globalcarehab.com\/da\/wp-json\/wp\/v2\/media\/41294"}],"wp:attachment":[{"href":"https:\/\/globalcarehab.com\/da\/wp-json\/wp\/v2\/media?parent=43736"}],"wp:term":[{"taxonomy":"product_brand","embeddable":true,"href":"https:\/\/globalcarehab.com\/da\/wp-json\/wp\/v2\/product_brand?post=43736"},{"taxonomy":"product_cat","embeddable":true,"href":"https:\/\/globalcarehab.com\/da\/wp-json\/wp\/v2\/product_cat?post=43736"},{"taxonomy":"product_tag","embeddable":true,"href":"https:\/\/globalcarehab.com\/da\/wp-json\/wp\/v2\/product_tag?post=43736"}],"curies":[{"name":"wp","href":"https:\/\/api.w.org\/{rel}","templated":true}]}}