{"id":43798,"date":"2025-01-04T16:50:46","date_gmt":"2025-01-04T15:50:46","guid":{"rendered":"https:\/\/globalcarehab.com\/?post_type=product&#038;p=43798"},"modified":"2025-08-25T16:35:23","modified_gmt":"2025-08-25T14:35:23","slug":"brystsele-med-lynlaas","status":"publish","type":"product","link":"https:\/\/globalcarehab.com\/da\/produkt\/brystsele-med-lynlaas\/","title":{"rendered":"Brystsele med lynl\u00e5s"},"content":{"rendered":"\t\t<div data-elementor-type=\"product-post\" data-elementor-id=\"43798\" class=\"elementor elementor-43798 elementor-43152\" data-elementor-post-type=\"product\">\n\t\t\t\t<div class=\"elementor-element elementor-element-288034dd e-flex e-con-boxed e-con e-parent\" data-id=\"288034dd\" data-element_type=\"container\" data-e-type=\"container\" data-settings=\"{&quot;jet_parallax_layout_list&quot;:[]}\">\n\t\t\t\t\t<div class=\"e-con-inner\">\n\t\t<div class=\"elementor-element elementor-element-250d2263 e-con-full e-flex e-con e-child\" data-id=\"250d2263\" data-element_type=\"container\" data-e-type=\"container\" data-settings=\"{&quot;background_background&quot;:&quot;classic&quot;,&quot;jet_parallax_layout_list&quot;:[]}\">\n\t\t\t\t<div class=\"elementor-element elementor-element-4796f81d elementor-widget elementor-widget-spacer\" data-id=\"4796f81d\" data-element_type=\"widget\" data-e-type=\"widget\" data-widget_type=\"spacer.default\">\n\t\t\t\t\t\t\t<div class=\"elementor-spacer\">\n\t\t\t<div class=\"elementor-spacer-inner\"><\/div>\n\t\t<\/div>\n\t\t\t\t\t\t<\/div>\n\t\t\t\t<\/div>\n\t\t<div class=\"elementor-element elementor-element-111869c e-con-full e-flex e-con e-child\" data-id=\"111869c\" data-element_type=\"container\" data-e-type=\"container\" data-settings=\"{&quot;background_background&quot;:&quot;classic&quot;,&quot;jet_parallax_layout_list&quot;:[]}\">\n\t\t\t\t<div class=\"elementor-element elementor-element-8c51745 elementor-widget elementor-widget-heading\" data-id=\"8c51745\" data-element_type=\"widget\" data-e-type=\"widget\" data-widget_type=\"heading.default\">\n\t\t\t\t\t<h1 class=\"elementor-heading-title elementor-size-default\">Brystsele med lynl\u00e5s<\/h1>\t\t\t\t<\/div>\n\t\t\t\t<div class=\"elementor-element elementor-element-baaa66f elementor-widget elementor-widget-text-editor\" data-id=\"baaa66f\" data-element_type=\"widget\" data-e-type=\"widget\" data-widget_type=\"text-editor.default\">\n\t\t\t\t\t\t\t\t\t<p>Vores brystsele er designet til at give enest\u00e5ende trunkst\u00f8tte og sikre komfort og sikkerhed for k\u00f8restolsbrugere. Den innovative lynl\u00e5sfunktion g\u00f8r det nemt at fjerne selen, hvilket muligg\u00f8r glatte og effektive overf\u00f8rsler ind og ud af k\u00f8restolen. Selenes fleksible materiale fremmer bev\u00e6gelsesfrihed og underst\u00f8tter naturlig respiration.<\/p><p><strong>Vigtig note:<\/strong> Brug altid brystselen sammen med et hofteb\u00e6lte for sikker og effektiv positionering.<\/p>\t\t\t\t\t\t\t\t<\/div>\n\t\t\t\t<div class=\"elementor-element elementor-element-3a49b874 elementor-widget elementor-widget-heading\" data-id=\"3a49b874\" data-element_type=\"widget\" data-e-type=\"widget\" data-widget_type=\"heading.default\">\n\t\t\t\t\t<h3 class=\"elementor-heading-title elementor-size-default\">Postural st\u00f8tte l\u00f8sninger<\/h3>\t\t\t\t<\/div>\n\t\t\t\t<div class=\"elementor-element elementor-element-918fff0 elementor-widget elementor-widget-text-editor\" data-id=\"918fff0\" data-element_type=\"widget\" data-e-type=\"widget\" data-widget_type=\"text-editor.default\">\n\t\t\t\t\t\t\t\t\t<p>Dette produkt hj\u00e6lper med at h\u00e5ndtere f\u00f8lgende siddende afvigelser:<\/p><ul><li style=\"list-style-type: none;\"><ul><li>Kyfose<\/li><li>Lordose<\/li><\/ul><\/li><\/ul>\t\t\t\t\t\t\t\t<\/div>\n\t\t\t\t<\/div>\n\t\t\t\t\t<\/div>\n\t\t\t\t<\/div>\n\t\t<div class=\"elementor-element elementor-element-9f060d5 e-flex e-con-boxed e-con e-parent\" data-id=\"9f060d5\" data-element_type=\"container\" data-e-type=\"container\" data-settings=\"{&quot;jet_parallax_layout_list&quot;:[]}\">\n\t\t\t\t\t<div class=\"e-con-inner\">\n\t\t<div class=\"elementor-element elementor-element-d3aa094 e-con-full e-flex e-con e-child\" data-id=\"d3aa094\" data-element_type=\"container\" data-e-type=\"container\" data-settings=\"{&quot;background_background&quot;:&quot;classic&quot;,&quot;jet_parallax_layout_list&quot;:[]}\">\n\t\t\t\t<div class=\"elementor-element elementor-element-74d6d59 elementor-widget elementor-widget-heading\" data-id=\"74d6d59\" data-element_type=\"widget\" data-e-type=\"widget\" data-widget_type=\"heading.default\">\n\t\t\t\t\t<h2 class=\"elementor-heading-title elementor-size-default\">Produktegenskaber<\/h2>\t\t\t\t<\/div>\n\t\t\t\t<div class=\"elementor-element elementor-element-1e2b796 elementor-widget elementor-widget-text-editor\" data-id=\"1e2b796\" data-element_type=\"widget\" data-e-type=\"widget\" data-widget_type=\"text-editor.default\">\n\t\t\t\t\t\t\t\t\t<ul><li>Elastiske og fleksible materialer for forbedret komfort<\/li><li>Vandafvisende for \u00f8get holdbarhed<br \/>Let at bruge lynl\u00e5s for hurtige justeringer<\/li><li>Runde webbingkanter for et elegant, f\u00e6rdigt udseende<\/li><li>Trimkant for ekstra forfining<\/li><li>Klare st\u00f8rrelsesm\u00e6rkater for nemt valg<\/li><li>Certificeret som et CE-m\u00e6rket produkt<\/li><\/ul><p>\u00a0<\/p><p>Opgrader din siddende l\u00f8sning med denne ergonomiske og gennemt\u00e6nkte brystsele for forbedret st\u00f8tte og mobilitet.<\/p>\t\t\t\t\t\t\t\t<\/div>\n\t\t\t\t<\/div>\n\t\t<div class=\"elementor-element elementor-element-f2d1a09 e-con-full e-flex e-con e-child\" data-id=\"f2d1a09\" data-element_type=\"container\" data-e-type=\"container\" data-settings=\"{&quot;background_background&quot;:&quot;classic&quot;,&quot;jet_parallax_layout_list&quot;:[]}\">\n\t\t\t\t<div class=\"elementor-element elementor-element-766d1af elementor-widget elementor-widget-spacer\" data-id=\"766d1af\" data-element_type=\"widget\" data-e-type=\"widget\" data-widget_type=\"spacer.default\">\n\t\t\t\t\t\t\t<div class=\"elementor-spacer\">\n\t\t\t<div class=\"elementor-spacer-inner\"><\/div>\n\t\t<\/div>\n\t\t\t\t\t\t<\/div>\n\t\t\t\t<\/div>\n\t\t\t\t\t<\/div>\n\t\t\t\t<\/div>\n\t\t\t\t<\/div>\n\t\t","protected":false},"excerpt":{"rendered":"<p>Brystsele med lynl\u00e5s Vores brystsele er designet til at give enest\u00e5ende trunkst\u00f8tte og sikre komfort og sikkerhed for k\u00f8restolsbrugere. Den innovative lynl\u00e5sfunktion g\u00f8r det nemt at fjerne selen, hvilket muligg\u00f8r glatte og effektive overf\u00f8rsler ind og ud af k\u00f8restolen. Selenes fleksible materiale fremmer bev\u00e6gelsesfrihed og underst\u00f8tter naturlig respiration. Vigtig note: Brug altid brystselen sammen med [&hellip;]<\/p>\n","protected":false},"featured_media":41299,"template":"","meta":[],"product_brand":[],"product_cat":[405],"product_tag":[],"class_list":{"0":"post-43798","1":"product","2":"type-product","3":"status-publish","4":"has-post-thumbnail","6":"product_cat-seler-veste","7":"pa_size-medium-da","8":"pa_size-small-da","10":"first","11":"instock","12":"taxable","13":"shipping-taxable","14":"purchasable","15":"product-type-variable"},"yoast_head":"<!-- This site is optimized with the Yoast SEO plugin v26.9 - https:\/\/yoast.com\/product\/yoast-seo-wordpress\/ -->\n<title>Brystsele med lynl\u00e5s \u2013 Hurtig, nem &amp; sikker position| Global Carehab<\/title>\n<meta name=\"description\" content=\"Brystsele med lynl\u00e5s lavet i bl\u00f8dt neopren materiale og justerbar H-form. CE\u2011m\u00e6rket og nem at tage af \u2013 sikrer komfort og neutral overkropskontrol\" \/>\n<meta name=\"robots\" content=\"index, follow, max-snippet:-1, max-image-preview:large, max-video-preview:-1\" \/>\n<link rel=\"canonical\" href=\"https:\/\/globalcarehab.com\/da\/produkt\/brystsele-med-lynlaas\/\" \/>\n<meta property=\"og:locale\" content=\"da_DK\" \/>\n<meta property=\"og:type\" content=\"article\" \/>\n<meta property=\"og:title\" content=\"Brystsele med lynl\u00e5s \u2013 Hurtig, nem &amp; sikker position| Global Carehab\" \/>\n<meta property=\"og:description\" content=\"Brystsele med lynl\u00e5s lavet i bl\u00f8dt neopren materiale og justerbar H-form. CE\u2011m\u00e6rket og nem at tage af \u2013 sikrer komfort og neutral overkropskontrol\" \/>\n<meta property=\"og:url\" content=\"https:\/\/globalcarehab.com\/da\/produkt\/brystsele-med-lynlaas\/\" \/>\n<meta property=\"og:site_name\" content=\"Global Carehab\" \/>\n<meta property=\"article:modified_time\" content=\"2025-08-25T14:35:23+00:00\" \/>\n<meta property=\"og:image\" content=\"https:\/\/globalcarehab.com\/wp-content\/uploads\/2020\/03\/Chest-Positioning-Standard.png\" \/>\n\t<meta property=\"og:image:width\" content=\"700\" \/>\n\t<meta property=\"og:image:height\" content=\"700\" \/>\n\t<meta property=\"og:image:type\" content=\"image\/png\" \/>\n<meta name=\"twitter:card\" content=\"summary_large_image\" \/>\n<meta name=\"twitter:label1\" content=\"Estimeret l\u00e6setid\" \/>\n\t<meta name=\"twitter:data1\" content=\"1 minut\" \/>\n<script type=\"application\/ld+json\" class=\"yoast-schema-graph\">{\"@context\":\"https:\/\/schema.org\",\"@graph\":[{\"@type\":\"WebPage\",\"@id\":\"https:\/\/globalcarehab.com\/da\/produkt\/brystsele-med-lynlaas\/\",\"url\":\"https:\/\/globalcarehab.com\/da\/produkt\/brystsele-med-lynlaas\/\",\"name\":\"Brystsele med lynl\u00e5s \u2013 Hurtig, nem & sikker position| Global Carehab\",\"isPartOf\":{\"@id\":\"https:\/\/globalcarehab.com\/da\/#website\"},\"primaryImageOfPage\":{\"@id\":\"https:\/\/globalcarehab.com\/da\/produkt\/brystsele-med-lynlaas\/#primaryimage\"},\"image\":{\"@id\":\"https:\/\/globalcarehab.com\/da\/produkt\/brystsele-med-lynlaas\/#primaryimage\"},\"thumbnailUrl\":\"https:\/\/globalcarehab.com\/wp-content\/uploads\/2020\/03\/Chest-Positioning-Standard.png\",\"datePublished\":\"2025-01-04T15:50:46+00:00\",\"dateModified\":\"2025-08-25T14:35:23+00:00\",\"description\":\"Brystsele med lynl\u00e5s lavet i bl\u00f8dt neopren materiale og justerbar H-form. CE\u2011m\u00e6rket og nem at tage af \u2013 sikrer komfort og neutral overkropskontrol\",\"breadcrumb\":{\"@id\":\"https:\/\/globalcarehab.com\/da\/produkt\/brystsele-med-lynlaas\/#breadcrumb\"},\"inLanguage\":\"da-DK\",\"potentialAction\":[{\"@type\":\"ReadAction\",\"target\":[\"https:\/\/globalcarehab.com\/da\/produkt\/brystsele-med-lynlaas\/\"]}]},{\"@type\":\"ImageObject\",\"inLanguage\":\"da-DK\",\"@id\":\"https:\/\/globalcarehab.com\/da\/produkt\/brystsele-med-lynlaas\/#primaryimage\",\"url\":\"https:\/\/globalcarehab.com\/wp-content\/uploads\/2020\/03\/Chest-Positioning-Standard.png\",\"contentUrl\":\"https:\/\/globalcarehab.com\/wp-content\/uploads\/2020\/03\/Chest-Positioning-Standard.png\",\"width\":700,\"height\":700},{\"@type\":\"BreadcrumbList\",\"@id\":\"https:\/\/globalcarehab.com\/da\/produkt\/brystsele-med-lynlaas\/#breadcrumb\",\"itemListElement\":[{\"@type\":\"ListItem\",\"position\":1,\"name\":\"Hjem\",\"item\":\"https:\/\/globalcarehab.com\/da\/\"},{\"@type\":\"ListItem\",\"position\":2,\"name\":\"Shop\",\"item\":\"https:\/\/globalcarehab.com\/da\/shop\/\"},{\"@type\":\"ListItem\",\"position\":3,\"name\":\"Seler &amp; veste\",\"item\":\"https:\/\/globalcarehab.com\/da\/vare-kategori\/seler-veste\/\"},{\"@type\":\"ListItem\",\"position\":4,\"name\":\"Brystsele med lynl\u00e5s\"}]},{\"@type\":\"WebSite\",\"@id\":\"https:\/\/globalcarehab.com\/da\/#website\",\"url\":\"https:\/\/globalcarehab.com\/da\/\",\"name\":\"Global Carehab\",\"description\":\"For Children and Teenagers with Special Needs\",\"publisher\":{\"@id\":\"https:\/\/globalcarehab.com\/da\/#organization\"},\"potentialAction\":[{\"@type\":\"SearchAction\",\"target\":{\"@type\":\"EntryPoint\",\"urlTemplate\":\"https:\/\/globalcarehab.com\/da\/?s={search_term_string}\"},\"query-input\":{\"@type\":\"PropertyValueSpecification\",\"valueRequired\":true,\"valueName\":\"search_term_string\"}}],\"inLanguage\":\"da-DK\"},{\"@type\":\"Organization\",\"@id\":\"https:\/\/globalcarehab.com\/da\/#organization\",\"name\":\"Global Carehab\",\"url\":\"https:\/\/globalcarehab.com\/da\/\",\"logo\":{\"@type\":\"ImageObject\",\"inLanguage\":\"da-DK\",\"@id\":\"https:\/\/globalcarehab.com\/da\/#\/schema\/logo\/image\/\",\"url\":\"https:\/\/globalcarehab.com\/wp-content\/uploads\/2024\/03\/carehab-logo.svg\",\"contentUrl\":\"https:\/\/globalcarehab.com\/wp-content\/uploads\/2024\/03\/carehab-logo.svg\",\"width\":1,\"height\":1,\"caption\":\"Global Carehab\"},\"image\":{\"@id\":\"https:\/\/globalcarehab.com\/da\/#\/schema\/logo\/image\/\"}}]}<\/script>\n<!-- \/ Yoast SEO plugin. -->","yoast_head_json":{"title":"Brystsele med lynl\u00e5s \u2013 Hurtig, nem & sikker position| Global Carehab","description":"Brystsele med lynl\u00e5s lavet i bl\u00f8dt neopren materiale og justerbar H-form. CE\u2011m\u00e6rket og nem at tage af \u2013 sikrer komfort og neutral overkropskontrol","robots":{"index":"index","follow":"follow","max-snippet":"max-snippet:-1","max-image-preview":"max-image-preview:large","max-video-preview":"max-video-preview:-1"},"canonical":"https:\/\/globalcarehab.com\/da\/produkt\/brystsele-med-lynlaas\/","og_locale":"da_DK","og_type":"article","og_title":"Brystsele med lynl\u00e5s \u2013 Hurtig, nem & sikker position| Global Carehab","og_description":"Brystsele med lynl\u00e5s lavet i bl\u00f8dt neopren materiale og justerbar H-form. CE\u2011m\u00e6rket og nem at tage af \u2013 sikrer komfort og neutral overkropskontrol","og_url":"https:\/\/globalcarehab.com\/da\/produkt\/brystsele-med-lynlaas\/","og_site_name":"Global Carehab","article_modified_time":"2025-08-25T14:35:23+00:00","og_image":[{"width":700,"height":700,"url":"https:\/\/globalcarehab.com\/wp-content\/uploads\/2020\/03\/Chest-Positioning-Standard.png","type":"image\/png"}],"twitter_card":"summary_large_image","twitter_misc":{"Estimeret l\u00e6setid":"1 minut"},"schema":{"@context":"https:\/\/schema.org","@graph":[{"@type":"WebPage","@id":"https:\/\/globalcarehab.com\/da\/produkt\/brystsele-med-lynlaas\/","url":"https:\/\/globalcarehab.com\/da\/produkt\/brystsele-med-lynlaas\/","name":"Brystsele med lynl\u00e5s \u2013 Hurtig, nem & sikker position| Global Carehab","isPartOf":{"@id":"https:\/\/globalcarehab.com\/da\/#website"},"primaryImageOfPage":{"@id":"https:\/\/globalcarehab.com\/da\/produkt\/brystsele-med-lynlaas\/#primaryimage"},"image":{"@id":"https:\/\/globalcarehab.com\/da\/produkt\/brystsele-med-lynlaas\/#primaryimage"},"thumbnailUrl":"https:\/\/globalcarehab.com\/wp-content\/uploads\/2020\/03\/Chest-Positioning-Standard.png","datePublished":"2025-01-04T15:50:46+00:00","dateModified":"2025-08-25T14:35:23+00:00","description":"Brystsele med lynl\u00e5s lavet i bl\u00f8dt neopren materiale og justerbar H-form. CE\u2011m\u00e6rket og nem at tage af \u2013 sikrer komfort og neutral overkropskontrol","breadcrumb":{"@id":"https:\/\/globalcarehab.com\/da\/produkt\/brystsele-med-lynlaas\/#breadcrumb"},"inLanguage":"da-DK","potentialAction":[{"@type":"ReadAction","target":["https:\/\/globalcarehab.com\/da\/produkt\/brystsele-med-lynlaas\/"]}]},{"@type":"ImageObject","inLanguage":"da-DK","@id":"https:\/\/globalcarehab.com\/da\/produkt\/brystsele-med-lynlaas\/#primaryimage","url":"https:\/\/globalcarehab.com\/wp-content\/uploads\/2020\/03\/Chest-Positioning-Standard.png","contentUrl":"https:\/\/globalcarehab.com\/wp-content\/uploads\/2020\/03\/Chest-Positioning-Standard.png","width":700,"height":700},{"@type":"BreadcrumbList","@id":"https:\/\/globalcarehab.com\/da\/produkt\/brystsele-med-lynlaas\/#breadcrumb","itemListElement":[{"@type":"ListItem","position":1,"name":"Hjem","item":"https:\/\/globalcarehab.com\/da\/"},{"@type":"ListItem","position":2,"name":"Shop","item":"https:\/\/globalcarehab.com\/da\/shop\/"},{"@type":"ListItem","position":3,"name":"Seler &amp; veste","item":"https:\/\/globalcarehab.com\/da\/vare-kategori\/seler-veste\/"},{"@type":"ListItem","position":4,"name":"Brystsele med lynl\u00e5s"}]},{"@type":"WebSite","@id":"https:\/\/globalcarehab.com\/da\/#website","url":"https:\/\/globalcarehab.com\/da\/","name":"Global Carehab","description":"For Children and Teenagers with Special Needs","publisher":{"@id":"https:\/\/globalcarehab.com\/da\/#organization"},"potentialAction":[{"@type":"SearchAction","target":{"@type":"EntryPoint","urlTemplate":"https:\/\/globalcarehab.com\/da\/?s={search_term_string}"},"query-input":{"@type":"PropertyValueSpecification","valueRequired":true,"valueName":"search_term_string"}}],"inLanguage":"da-DK"},{"@type":"Organization","@id":"https:\/\/globalcarehab.com\/da\/#organization","name":"Global Carehab","url":"https:\/\/globalcarehab.com\/da\/","logo":{"@type":"ImageObject","inLanguage":"da-DK","@id":"https:\/\/globalcarehab.com\/da\/#\/schema\/logo\/image\/","url":"https:\/\/globalcarehab.com\/wp-content\/uploads\/2024\/03\/carehab-logo.svg","contentUrl":"https:\/\/globalcarehab.com\/wp-content\/uploads\/2024\/03\/carehab-logo.svg","width":1,"height":1,"caption":"Global Carehab"},"image":{"@id":"https:\/\/globalcarehab.com\/da\/#\/schema\/logo\/image\/"}}]}},"_links":{"self":[{"href":"https:\/\/globalcarehab.com\/da\/wp-json\/wp\/v2\/product\/43798","targetHints":{"allow":["GET"]}}],"collection":[{"href":"https:\/\/globalcarehab.com\/da\/wp-json\/wp\/v2\/product"}],"about":[{"href":"https:\/\/globalcarehab.com\/da\/wp-json\/wp\/v2\/types\/product"}],"version-history":[{"count":7,"href":"https:\/\/globalcarehab.com\/da\/wp-json\/wp\/v2\/product\/43798\/revisions"}],"predecessor-version":[{"id":43808,"href":"https:\/\/globalcarehab.com\/da\/wp-json\/wp\/v2\/product\/43798\/revisions\/43808"}],"wp:featuredmedia":[{"embeddable":true,"href":"https:\/\/globalcarehab.com\/da\/wp-json\/wp\/v2\/media\/41299"}],"wp:attachment":[{"href":"https:\/\/globalcarehab.com\/da\/wp-json\/wp\/v2\/media?parent=43798"}],"wp:term":[{"taxonomy":"product_brand","embeddable":true,"href":"https:\/\/globalcarehab.com\/da\/wp-json\/wp\/v2\/product_brand?post=43798"},{"taxonomy":"product_cat","embeddable":true,"href":"https:\/\/globalcarehab.com\/da\/wp-json\/wp\/v2\/product_cat?post=43798"},{"taxonomy":"product_tag","embeddable":true,"href":"https:\/\/globalcarehab.com\/da\/wp-json\/wp\/v2\/product_tag?post=43798"}],"curies":[{"name":"wp","href":"https:\/\/api.w.org\/{rel}","templated":true}]}}