{"id":44106,"date":"2025-01-14T10:48:03","date_gmt":"2025-01-14T09:48:03","guid":{"rendered":"https:\/\/globalcarehab.com\/?post_type=product&#038;p=44106"},"modified":"2026-01-07T08:24:00","modified_gmt":"2026-01-07T07:24:00","slug":"cruiser-gangstativ","status":"publish","type":"product","link":"https:\/\/globalcarehab.com\/da\/produkt\/cruiser-gangstativ\/","title":{"rendered":"Cruiser Gangstativ"},"content":{"rendered":"\t\t<div data-elementor-type=\"product-post\" data-elementor-id=\"44106\" class=\"elementor elementor-44106 elementor-43754\" data-elementor-post-type=\"product\">\n\t\t\t\t<div class=\"elementor-element elementor-element-35bd20e1 e-flex e-con-boxed e-con e-parent\" data-id=\"35bd20e1\" data-element_type=\"container\" data-e-type=\"container\" data-settings=\"{&quot;jet_parallax_layout_list&quot;:[]}\">\n\t\t\t\t\t<div class=\"e-con-inner\">\n\t\t<div class=\"elementor-element elementor-element-414d4a11 e-con-full e-flex e-con e-child\" data-id=\"414d4a11\" data-element_type=\"container\" data-e-type=\"container\" data-settings=\"{&quot;background_background&quot;:&quot;classic&quot;,&quot;jet_parallax_layout_list&quot;:[]}\">\n\t\t\t\t<div class=\"elementor-element elementor-element-32fea828 elementor-widget elementor-widget-spacer\" data-id=\"32fea828\" data-element_type=\"widget\" data-e-type=\"widget\" data-widget_type=\"spacer.default\">\n\t\t\t\t\t\t\t<div class=\"elementor-spacer\">\n\t\t\t<div class=\"elementor-spacer-inner\"><\/div>\n\t\t<\/div>\n\t\t\t\t\t\t<\/div>\n\t\t\t\t<\/div>\n\t\t<div class=\"elementor-element elementor-element-3bbef03a e-con-full e-flex e-con e-child\" data-id=\"3bbef03a\" data-element_type=\"container\" data-e-type=\"container\" data-settings=\"{&quot;background_background&quot;:&quot;classic&quot;,&quot;jet_parallax_layout_list&quot;:[]}\">\n\t\t\t\t<div class=\"elementor-element elementor-element-2ab56e54 elementor-widget elementor-widget-heading\" data-id=\"2ab56e54\" data-element_type=\"widget\" data-e-type=\"widget\" data-widget_type=\"heading.default\">\n\t\t\t\t\t<h1 class=\"elementor-heading-title elementor-size-default\">Cruiser Gangstativ<\/h1>\t\t\t\t<\/div>\n\t\t\t\t<div class=\"elementor-element elementor-element-7452b157 elementor-widget elementor-widget-text-editor\" data-id=\"7452b157\" data-element_type=\"widget\" data-e-type=\"widget\" data-widget_type=\"text-editor.default\">\n\t\t\t\t\t\t\t\t\t<p>Cruiser gangstativ skiller sig ud som en bem\u00e6rkelsesv\u00e6rdigt smidig og let partner, ideel til unge begyndere, der tager deres f\u00f8rste selvsikre skridt. Den er designet med fokus p\u00e5 enkelhed og brugervenlighed, og dens kompakte design sikrer, at den nemt kan h\u00e5ndteres af sm\u00e5 b\u00f8rn. Uanset om det er i gangene derhjemme eller p\u00e5 stierne i en park, giver Cruiser p\u00e5lidelig st\u00f8tte. Dens tilpasningsevne g\u00f8r den perfekt til hverdags eventyr, b\u00e5de indend\u00f8rs og udend\u00f8rs, og sikrer, at unge brugere kan bev\u00e6ge sig frit og sikkert i ethvert milj\u00f8.<\/p>\t\t\t\t\t\t\t\t<\/div>\n\t\t\t\t<\/div>\n\t\t\t\t\t<\/div>\n\t\t\t\t<\/div>\n\t\t<div class=\"elementor-element elementor-element-6a41d19f e-flex e-con-boxed e-con e-parent\" data-id=\"6a41d19f\" data-element_type=\"container\" data-e-type=\"container\" data-settings=\"{&quot;jet_parallax_layout_list&quot;:[]}\">\n\t\t\t\t\t<div class=\"e-con-inner\">\n\t\t<div class=\"elementor-element elementor-element-4a3a617 e-con-full e-flex e-con e-child\" data-id=\"4a3a617\" data-element_type=\"container\" data-e-type=\"container\" data-settings=\"{&quot;background_background&quot;:&quot;classic&quot;,&quot;jet_parallax_layout_list&quot;:[]}\">\n\t\t\t\t<div class=\"elementor-element elementor-element-7f9bf61d elementor-widget elementor-widget-heading\" data-id=\"7f9bf61d\" data-element_type=\"widget\" data-e-type=\"widget\" data-widget_type=\"heading.default\">\n\t\t\t\t\t<h2 class=\"elementor-heading-title elementor-size-default\">Cruiser gangstativ egenskaber\n\n<\/h2>\t\t\t\t<\/div>\n\t\t\t\t<div class=\"elementor-element elementor-element-36fc57b7 elementor-widget elementor-widget-text-editor\" data-id=\"36fc57b7\" data-element_type=\"widget\" data-e-type=\"widget\" data-widget_type=\"text-editor.default\">\n\t\t\t\t\t\t\t\t\t<ul><li><p>Let folding: Hurtig og nem sammenfoldning med et saks-foldingsmekanisme g\u00f8r Cruiser praktisk at opbevare og transportere.<\/p><\/li><li><p>B\u00f8rnevenlige bremser: Designet til sm\u00e5 h\u00e6nder, kr\u00e6ver bremsen minimal indsats, hvilket fremmer uafh\u00e6ngighed og sikkerhed.<\/p><\/li><li><p>Indbygget hvile: Den integrerede nylon s\u00e6depude tilbyder et hurtigt hvilested, der giver unge opdagelsesrejsende mulighed for at sidde komfortabelt og lade op under deres eventyr.<\/p><\/li><li><p>Tilpasningsmuligheder med tilbeh\u00f8r: Udstyret Cruiser med et udvalg af tilbeh\u00f8r som en terapi bakke, underarmsst\u00f8tter og et horisontalt greb, hvilket g\u00f8r den tilpasningsdygtig til forskellige behov.<\/p><\/li><li><p>Egnet til udend\u00f8rs brug: Opgrader med st\u00f8rre hjul for en j\u00e6vn og sikker bev\u00e6gelse p\u00e5 forskellige terr\u00e6ner.<\/p><\/li><li><p>Farverig og sjov: F\u00e5s i lilla\/rosa, bl\u00e5\/aqua og gr\u00f8n\/pastel farver for at matche enhver b\u00f8rns pr\u00e6ferencer.<\/p><\/li><\/ul>\t\t\t\t\t\t\t\t<\/div>\n\t\t\t\t<\/div>\n\t\t<div class=\"elementor-element elementor-element-2a34048c e-con-full e-flex e-con e-child\" data-id=\"2a34048c\" data-element_type=\"container\" data-e-type=\"container\" data-settings=\"{&quot;background_background&quot;:&quot;classic&quot;,&quot;jet_parallax_layout_list&quot;:[]}\">\n\t\t\t\t<div class=\"elementor-element elementor-element-50812119 elementor-widget elementor-widget-spacer\" data-id=\"50812119\" data-element_type=\"widget\" data-e-type=\"widget\" data-widget_type=\"spacer.default\">\n\t\t\t\t\t\t\t<div class=\"elementor-spacer\">\n\t\t\t<div class=\"elementor-spacer-inner\"><\/div>\n\t\t<\/div>\n\t\t\t\t\t\t<\/div>\n\t\t\t\t<\/div>\n\t\t\t\t\t<\/div>\n\t\t\t\t<\/div>\n\t\t<div class=\"elementor-element elementor-element-2b10a84 e-flex e-con-boxed e-con e-parent\" data-id=\"2b10a84\" data-element_type=\"container\" data-e-type=\"container\" data-settings=\"{&quot;jet_parallax_layout_list&quot;:[]}\">\n\t\t\t\t\t<div class=\"e-con-inner\">\n\t\t<div class=\"elementor-element elementor-element-1c7dcac e-con-full e-flex e-con e-child\" data-id=\"1c7dcac\" data-element_type=\"container\" data-e-type=\"container\" data-settings=\"{&quot;background_background&quot;:&quot;classic&quot;,&quot;jet_parallax_layout_list&quot;:[]}\">\n\t\t\t\t<div class=\"elementor-element elementor-element-92d2a4e elementor-widget elementor-widget-heading\" data-id=\"92d2a4e\" data-element_type=\"widget\" data-e-type=\"widget\" data-widget_type=\"heading.default\">\n\t\t\t\t\t<h2 class=\"elementor-heading-title elementor-size-default\">Valg af det rigtige gangstativ\n<\/h2>\t\t\t\t<\/div>\n\t\t\t\t<div class=\"elementor-element elementor-element-5aecc46 elementor-widget elementor-widget-text-editor\" data-id=\"5aecc46\" data-element_type=\"widget\" data-e-type=\"widget\" data-widget_type=\"text-editor.default\">\n\t\t\t\t\t\t\t\t\t<p>N\u00e5r man v\u00e6lger en gangstativ, er det vigtigt at tage h\u00f8jde for den enkelte brugers behov i forhold til st\u00f8rrelse, v\u00e6gtkapacitet og holdbarhed. Det rette gangstativ kan markant forbedre mobiliteten og sikkerheden, og give st\u00f8rre uafh\u00e6ngighed for personer med forskellige niveauer af evner og handicap. Nedenfor sammenlignes tre popul\u00e6re gangvogne: Peereboom, Flux og Cruiser, der hver is\u00e6r er designet til forskellige brugerbehov.<\/p>\t\t\t\t\t\t\t\t<\/div>\n\t\t\t\t<\/div>\n\t\t\t\t\t<\/div>\n\t\t\t\t<\/div>\n\t\t<div class=\"elementor-element elementor-element-bbb941f e-flex e-con-boxed e-con e-parent\" data-id=\"bbb941f\" data-element_type=\"container\" data-e-type=\"container\" data-settings=\"{&quot;jet_parallax_layout_list&quot;:[]}\">\n\t\t\t\t\t<div class=\"e-con-inner\">\n\t\t<div class=\"elementor-element elementor-element-257abb0 e-con-full e-flex e-con e-child\" data-id=\"257abb0\" data-element_type=\"container\" data-e-type=\"container\" data-settings=\"{&quot;jet_parallax_layout_list&quot;:[]}\">\n\t\t<div class=\"elementor-element elementor-element-5747106 e-con-full e-flex e-con e-child\" data-id=\"5747106\" data-element_type=\"container\" data-e-type=\"container\" data-settings=\"{&quot;background_background&quot;:&quot;classic&quot;,&quot;jet_parallax_layout_list&quot;:[]}\">\n\t\t\t\t<div class=\"elementor-element elementor-element-2069366 elementor-widget elementor-widget-heading\" data-id=\"2069366\" data-element_type=\"widget\" data-e-type=\"widget\" data-widget_type=\"heading.default\">\n\t\t\t\t\t<h2 class=\"elementor-heading-title elementor-size-default\">Flux Gangvogn<\/h2>\t\t\t\t<\/div>\n\t\t\t\t<div class=\"elementor-element elementor-element-1ab66ad elementor-widget elementor-widget-text-editor\" data-id=\"1ab66ad\" data-element_type=\"widget\" data-e-type=\"widget\" data-widget_type=\"text-editor.default\">\n\t\t\t\t\t\t\t\t\t<p>Flux gangstativet er alsidig og designet til b\u00e5de sm\u00e5 b\u00f8rn og voksne. Den f\u00e5s i flere st\u00f8rrelser, hvor den st\u00f8rste st\u00f8rrelse underst\u00f8tter brugere op til 90 kg. Dens lette design og glatte man\u00f8vredygtighed g\u00f8r den til et fremragende valg for personer med moderate mobilitetsbehov.<\/p><ul><li>Flux gangvogn underst\u00f8tter personer op til 90 kg, hvilket g\u00f8r den velegnet til \u00e6ldre b\u00f8rn, unge og voksne. Den er dog prim\u00e6rt designet til mindre b\u00f8rn og brugere i lavere v\u00e6gtklasser.<\/li><li>Med justerbar h\u00f8jde og en r\u00e6kke konfigurationer kan Flux tilpasses brugerens unikke behov og fremme en bedre gangholdning og forbedret mobilitet.<\/li><li>Flux gangvogn er ideel til b\u00e5de b\u00f8rn og voksne, der kr\u00e6ver moderat st\u00f8tte og stabilitet, men ikke har brug for den robuste konstruktion, som st\u00f8rre modeller tilbyder.<\/li><\/ul>\t\t\t\t\t\t\t\t<\/div>\n\t\t\t\t<\/div>\n\t\t\t\t<\/div>\n\t\t<div class=\"elementor-element elementor-element-2e7a054 e-con-full e-flex e-con e-child\" data-id=\"2e7a054\" data-element_type=\"container\" data-e-type=\"container\" data-settings=\"{&quot;background_background&quot;:&quot;slideshow&quot;,&quot;background_slideshow_gallery&quot;:[{&quot;id&quot;:44033,&quot;url&quot;:&quot;https:\\\/\\\/globalcarehab.com\\\/wp-content\\\/uploads\\\/2025\\\/01\\\/Hoggi-flux-Lilac.png&quot;},{&quot;id&quot;:44036,&quot;url&quot;:&quot;https:\\\/\\\/globalcarehab.com\\\/wp-content\\\/uploads\\\/2025\\\/01\\\/Hoggi-flux-neon-green.png&quot;},{&quot;id&quot;:44042,&quot;url&quot;:&quot;https:\\\/\\\/globalcarehab.com\\\/wp-content\\\/uploads\\\/2025\\\/01\\\/Hoggi-flux-red.png&quot;},{&quot;id&quot;:44030,&quot;url&quot;:&quot;https:\\\/\\\/globalcarehab.com\\\/wp-content\\\/uploads\\\/2025\\\/01\\\/Hoggi-flux-grey.png&quot;}],&quot;jet_parallax_layout_list&quot;:[],&quot;background_slideshow_loop&quot;:&quot;yes&quot;,&quot;background_slideshow_slide_duration&quot;:5000,&quot;background_slideshow_slide_transition&quot;:&quot;fade&quot;,&quot;background_slideshow_transition_duration&quot;:500}\">\n\t\t\t\t<\/div>\n\t\t<div class=\"elementor-element elementor-element-bc6f95f e-con-full e-flex e-con e-child\" data-id=\"bc6f95f\" data-element_type=\"container\" data-e-type=\"container\" data-settings=\"{&quot;background_background&quot;:&quot;slideshow&quot;,&quot;background_slideshow_gallery&quot;:[{&quot;id&quot;:41272,&quot;url&quot;:&quot;https:\\\/\\\/globalcarehab.com\\\/wp-content\\\/uploads\\\/2020\\\/03\\\/Janneke-WalkingFrame-Maxi.png&quot;},{&quot;id&quot;:41699,&quot;url&quot;:&quot;https:\\\/\\\/globalcarehab.com\\\/wp-content\\\/uploads\\\/2022\\\/03\\\/Walking-Janneke.png&quot;},{&quot;id&quot;:43412,&quot;url&quot;:&quot;https:\\\/\\\/globalcarehab.com\\\/wp-content\\\/uploads\\\/2025\\\/01\\\/WalkingFrame-EVO-BigWheels.png&quot;},{&quot;id&quot;:43403,&quot;url&quot;:&quot;https:\\\/\\\/globalcarehab.com\\\/wp-content\\\/uploads\\\/2025\\\/01\\\/WalkingFrame-EVO-BigWheels-Profile1.png&quot;},{&quot;id&quot;:40965,&quot;url&quot;:&quot;https:\\\/\\\/globalcarehab.com\\\/wp-content\\\/uploads\\\/2024\\\/03\\\/Jasmijn-SideView-UpRight-remove.png&quot;}],&quot;jet_parallax_layout_list&quot;:[],&quot;background_slideshow_loop&quot;:&quot;yes&quot;,&quot;background_slideshow_slide_duration&quot;:5000,&quot;background_slideshow_slide_transition&quot;:&quot;fade&quot;,&quot;background_slideshow_transition_duration&quot;:500}\">\n\t\t\t\t<\/div>\n\t\t<div class=\"elementor-element elementor-element-d8ac9e4 e-con-full e-flex e-con e-child\" data-id=\"d8ac9e4\" data-element_type=\"container\" data-e-type=\"container\" data-settings=\"{&quot;jet_parallax_layout_list&quot;:[]}\">\n\t\t<div class=\"elementor-element elementor-element-c84c585 e-con-full e-flex e-con e-child\" data-id=\"c84c585\" data-element_type=\"container\" data-e-type=\"container\" data-settings=\"{&quot;background_background&quot;:&quot;classic&quot;,&quot;jet_parallax_layout_list&quot;:[]}\">\n\t\t\t\t<div class=\"elementor-element elementor-element-19ccb8e elementor-widget elementor-widget-heading\" data-id=\"19ccb8e\" data-element_type=\"widget\" data-e-type=\"widget\" data-widget_type=\"heading.default\">\n\t\t\t\t\t<h2 class=\"elementor-heading-title elementor-size-default\">Peereboom Gangvogne<\/h2>\t\t\t\t<\/div>\n\t\t\t\t<div class=\"elementor-element elementor-element-42e630e elementor-widget elementor-widget-text-editor\" data-id=\"42e630e\" data-element_type=\"widget\" data-e-type=\"widget\" data-widget_type=\"text-editor.default\">\n\t\t\t\t\t\t\t\t\t<p>Peereboom gangvogne er designet til et bredt udvalg af brugere, herunder b\u00e5de b\u00f8rn og voksne. Kendt for deres robuste og holdbare konstruktion er disse vogne ideelle til personer, der kr\u00e6ver konstant st\u00f8tte i forskellige milj\u00f8er. De er meget tilpasningsdygtige og kan bruges b\u00e5de indend\u00f8rs og udend\u00f8rs.<\/p><ul><li>Peereboom gangvogne tilbyder overlegen styrke, med en v\u00e6gtkapacitet op til 100 kg for modeller som Janneke og Caddy. Jasmijn-modellen er designet til lettere brugere, med en v\u00e6gtkapacitet p\u00e5 60 kg.<br \/><br \/><\/li><li>Bygget med kraftige materialer er Peereboom gangvogne meget holdbare og kan modst\u00e5 daglig brug over en l\u00e6ngere periode.<br \/><br \/><\/li><li>Disse vogne er egnede til brugere i alle aldre, fra sm\u00e5 b\u00f8rn til voksne, der har brug for en robust og langtidsholdbar mobilitetsl\u00f8sning.<\/li><\/ul>\t\t\t\t\t\t\t\t<\/div>\n\t\t\t\t<\/div>\n\t\t\t\t<\/div>\n\t\t\t\t\t<\/div>\n\t\t\t\t<\/div>\n\t\t\t\t<\/div>\n\t\t","protected":false},"excerpt":{"rendered":"<p>Cruiser gangstativet er perfekt til unge begyndere. Let og smidig, den er designet til nem h\u00e5ndtering og alsidighed, og st\u00f8tter b\u00e5de indend\u00f8rs og udend\u00f8rs eventyr. Dens kompakte form foldes let sammen for praktisk transport og opbevaring. Udstyret med b\u00f8rnevenlige bremser og en komfortabel s\u00e6depude, fremmer Cruiser uafh\u00e6ngighed og sikkerhed p\u00e5 hvert skridt.<\/p>\n","protected":false},"featured_media":44089,"template":"","meta":[],"product_brand":[],"product_cat":[419,444],"product_tag":[],"class_list":{"0":"post-44106","1":"product","2":"type-product","3":"status-publish","4":"has-post-thumbnail","6":"product_cat-gangvogne","7":"product_cat-hoggi-da","8":"pa_size-0-da-2","9":"pa_size-1-da","10":"pa_size-2-da","12":"first","13":"instock","14":"taxable","15":"shipping-taxable","16":"purchasable","17":"product-type-variable","18":"has-default-attributes"},"yoast_head":"<!-- This site is optimized with the Yoast SEO plugin v26.9 - https:\/\/yoast.com\/product\/yoast-seo-wordpress\/ -->\n<title>Cruiser gangstativ \u2013 Stabil st\u00f8tte til mobilitetstr\u00e6ning | Global Carehab<\/title>\n<meta name=\"description\" content=\"Cruiser gangstativ med stabil aluminiumsramme, justerbare h\u00e5ndtag og bremsesystem. Fremmer selvst\u00e6ndig gang, balance og muskeludvikling.\" \/>\n<meta name=\"robots\" content=\"index, follow, max-snippet:-1, max-image-preview:large, max-video-preview:-1\" \/>\n<link rel=\"canonical\" href=\"https:\/\/globalcarehab.com\/da\/produkt\/cruiser-gangstativ\/\" \/>\n<meta property=\"og:locale\" content=\"da_DK\" \/>\n<meta property=\"og:type\" content=\"article\" \/>\n<meta property=\"og:title\" content=\"Cruiser gangstativ \u2013 Stabil st\u00f8tte til mobilitetstr\u00e6ning | Global Carehab\" \/>\n<meta property=\"og:description\" content=\"Cruiser gangstativ med stabil aluminiumsramme, justerbare h\u00e5ndtag og bremsesystem. Fremmer selvst\u00e6ndig gang, balance og muskeludvikling.\" \/>\n<meta property=\"og:url\" content=\"https:\/\/globalcarehab.com\/da\/produkt\/cruiser-gangstativ\/\" \/>\n<meta property=\"og:site_name\" content=\"Global Carehab\" \/>\n<meta property=\"article:modified_time\" content=\"2026-01-07T07:24:00+00:00\" \/>\n<meta property=\"og:image\" content=\"https:\/\/globalcarehab.com\/wp-content\/uploads\/2025\/01\/Hoggi-cruiser-walking-frame-small-blue1.png\" \/>\n\t<meta property=\"og:image:width\" content=\"700\" \/>\n\t<meta property=\"og:image:height\" content=\"700\" \/>\n\t<meta property=\"og:image:type\" content=\"image\/png\" \/>\n<meta name=\"twitter:card\" content=\"summary_large_image\" \/>\n<meta name=\"twitter:label1\" content=\"Estimeret l\u00e6setid\" \/>\n\t<meta name=\"twitter:data1\" content=\"3 minutter\" \/>\n<script type=\"application\/ld+json\" class=\"yoast-schema-graph\">{\"@context\":\"https:\/\/schema.org\",\"@graph\":[{\"@type\":\"WebPage\",\"@id\":\"https:\/\/globalcarehab.com\/da\/produkt\/cruiser-gangstativ\/\",\"url\":\"https:\/\/globalcarehab.com\/da\/produkt\/cruiser-gangstativ\/\",\"name\":\"Cruiser gangstativ \u2013 Stabil st\u00f8tte til mobilitetstr\u00e6ning | Global Carehab\",\"isPartOf\":{\"@id\":\"https:\/\/globalcarehab.com\/da\/#website\"},\"primaryImageOfPage\":{\"@id\":\"https:\/\/globalcarehab.com\/da\/produkt\/cruiser-gangstativ\/#primaryimage\"},\"image\":{\"@id\":\"https:\/\/globalcarehab.com\/da\/produkt\/cruiser-gangstativ\/#primaryimage\"},\"thumbnailUrl\":\"https:\/\/globalcarehab.com\/wp-content\/uploads\/2025\/01\/Hoggi-cruiser-walking-frame-small-blue1.png\",\"datePublished\":\"2025-01-14T09:48:03+00:00\",\"dateModified\":\"2026-01-07T07:24:00+00:00\",\"description\":\"Cruiser gangstativ med stabil aluminiumsramme, justerbare h\u00e5ndtag og bremsesystem. Fremmer selvst\u00e6ndig gang, balance og muskeludvikling.\",\"breadcrumb\":{\"@id\":\"https:\/\/globalcarehab.com\/da\/produkt\/cruiser-gangstativ\/#breadcrumb\"},\"inLanguage\":\"da-DK\",\"potentialAction\":[{\"@type\":\"ReadAction\",\"target\":[\"https:\/\/globalcarehab.com\/da\/produkt\/cruiser-gangstativ\/\"]}]},{\"@type\":\"ImageObject\",\"inLanguage\":\"da-DK\",\"@id\":\"https:\/\/globalcarehab.com\/da\/produkt\/cruiser-gangstativ\/#primaryimage\",\"url\":\"https:\/\/globalcarehab.com\/wp-content\/uploads\/2025\/01\/Hoggi-cruiser-walking-frame-small-blue1.png\",\"contentUrl\":\"https:\/\/globalcarehab.com\/wp-content\/uploads\/2025\/01\/Hoggi-cruiser-walking-frame-small-blue1.png\",\"width\":700,\"height\":700},{\"@type\":\"BreadcrumbList\",\"@id\":\"https:\/\/globalcarehab.com\/da\/produkt\/cruiser-gangstativ\/#breadcrumb\",\"itemListElement\":[{\"@type\":\"ListItem\",\"position\":1,\"name\":\"Hjem\",\"item\":\"https:\/\/globalcarehab.com\/da\/\"},{\"@type\":\"ListItem\",\"position\":2,\"name\":\"Shop\",\"item\":\"https:\/\/globalcarehab.com\/da\/shop\/\"},{\"@type\":\"ListItem\",\"position\":3,\"name\":\"Varem\u00e6rke\",\"item\":\"https:\/\/globalcarehab.com\/da\/vare-kategori\/varemaerke\/\"},{\"@type\":\"ListItem\",\"position\":4,\"name\":\"Hoggi\",\"item\":\"https:\/\/globalcarehab.com\/da\/vare-kategori\/varemaerke\/hoggi-da\/\"},{\"@type\":\"ListItem\",\"position\":5,\"name\":\"Cruiser Gangstativ\"}]},{\"@type\":\"WebSite\",\"@id\":\"https:\/\/globalcarehab.com\/da\/#website\",\"url\":\"https:\/\/globalcarehab.com\/da\/\",\"name\":\"Global Carehab\",\"description\":\"For Children and Teenagers with Special Needs\",\"publisher\":{\"@id\":\"https:\/\/globalcarehab.com\/da\/#organization\"},\"potentialAction\":[{\"@type\":\"SearchAction\",\"target\":{\"@type\":\"EntryPoint\",\"urlTemplate\":\"https:\/\/globalcarehab.com\/da\/?s={search_term_string}\"},\"query-input\":{\"@type\":\"PropertyValueSpecification\",\"valueRequired\":true,\"valueName\":\"search_term_string\"}}],\"inLanguage\":\"da-DK\"},{\"@type\":\"Organization\",\"@id\":\"https:\/\/globalcarehab.com\/da\/#organization\",\"name\":\"Global Carehab\",\"url\":\"https:\/\/globalcarehab.com\/da\/\",\"logo\":{\"@type\":\"ImageObject\",\"inLanguage\":\"da-DK\",\"@id\":\"https:\/\/globalcarehab.com\/da\/#\/schema\/logo\/image\/\",\"url\":\"https:\/\/globalcarehab.com\/wp-content\/uploads\/2024\/03\/carehab-logo.svg\",\"contentUrl\":\"https:\/\/globalcarehab.com\/wp-content\/uploads\/2024\/03\/carehab-logo.svg\",\"width\":1,\"height\":1,\"caption\":\"Global Carehab\"},\"image\":{\"@id\":\"https:\/\/globalcarehab.com\/da\/#\/schema\/logo\/image\/\"}}]}<\/script>\n<!-- \/ Yoast SEO plugin. -->","yoast_head_json":{"title":"Cruiser gangstativ \u2013 Stabil st\u00f8tte til mobilitetstr\u00e6ning | Global Carehab","description":"Cruiser gangstativ med stabil aluminiumsramme, justerbare h\u00e5ndtag og bremsesystem. Fremmer selvst\u00e6ndig gang, balance og muskeludvikling.","robots":{"index":"index","follow":"follow","max-snippet":"max-snippet:-1","max-image-preview":"max-image-preview:large","max-video-preview":"max-video-preview:-1"},"canonical":"https:\/\/globalcarehab.com\/da\/produkt\/cruiser-gangstativ\/","og_locale":"da_DK","og_type":"article","og_title":"Cruiser gangstativ \u2013 Stabil st\u00f8tte til mobilitetstr\u00e6ning | Global Carehab","og_description":"Cruiser gangstativ med stabil aluminiumsramme, justerbare h\u00e5ndtag og bremsesystem. Fremmer selvst\u00e6ndig gang, balance og muskeludvikling.","og_url":"https:\/\/globalcarehab.com\/da\/produkt\/cruiser-gangstativ\/","og_site_name":"Global Carehab","article_modified_time":"2026-01-07T07:24:00+00:00","og_image":[{"width":700,"height":700,"url":"https:\/\/globalcarehab.com\/wp-content\/uploads\/2025\/01\/Hoggi-cruiser-walking-frame-small-blue1.png","type":"image\/png"}],"twitter_card":"summary_large_image","twitter_misc":{"Estimeret l\u00e6setid":"3 minutter"},"schema":{"@context":"https:\/\/schema.org","@graph":[{"@type":"WebPage","@id":"https:\/\/globalcarehab.com\/da\/produkt\/cruiser-gangstativ\/","url":"https:\/\/globalcarehab.com\/da\/produkt\/cruiser-gangstativ\/","name":"Cruiser gangstativ \u2013 Stabil st\u00f8tte til mobilitetstr\u00e6ning | Global Carehab","isPartOf":{"@id":"https:\/\/globalcarehab.com\/da\/#website"},"primaryImageOfPage":{"@id":"https:\/\/globalcarehab.com\/da\/produkt\/cruiser-gangstativ\/#primaryimage"},"image":{"@id":"https:\/\/globalcarehab.com\/da\/produkt\/cruiser-gangstativ\/#primaryimage"},"thumbnailUrl":"https:\/\/globalcarehab.com\/wp-content\/uploads\/2025\/01\/Hoggi-cruiser-walking-frame-small-blue1.png","datePublished":"2025-01-14T09:48:03+00:00","dateModified":"2026-01-07T07:24:00+00:00","description":"Cruiser gangstativ med stabil aluminiumsramme, justerbare h\u00e5ndtag og bremsesystem. Fremmer selvst\u00e6ndig gang, balance og muskeludvikling.","breadcrumb":{"@id":"https:\/\/globalcarehab.com\/da\/produkt\/cruiser-gangstativ\/#breadcrumb"},"inLanguage":"da-DK","potentialAction":[{"@type":"ReadAction","target":["https:\/\/globalcarehab.com\/da\/produkt\/cruiser-gangstativ\/"]}]},{"@type":"ImageObject","inLanguage":"da-DK","@id":"https:\/\/globalcarehab.com\/da\/produkt\/cruiser-gangstativ\/#primaryimage","url":"https:\/\/globalcarehab.com\/wp-content\/uploads\/2025\/01\/Hoggi-cruiser-walking-frame-small-blue1.png","contentUrl":"https:\/\/globalcarehab.com\/wp-content\/uploads\/2025\/01\/Hoggi-cruiser-walking-frame-small-blue1.png","width":700,"height":700},{"@type":"BreadcrumbList","@id":"https:\/\/globalcarehab.com\/da\/produkt\/cruiser-gangstativ\/#breadcrumb","itemListElement":[{"@type":"ListItem","position":1,"name":"Hjem","item":"https:\/\/globalcarehab.com\/da\/"},{"@type":"ListItem","position":2,"name":"Shop","item":"https:\/\/globalcarehab.com\/da\/shop\/"},{"@type":"ListItem","position":3,"name":"Varem\u00e6rke","item":"https:\/\/globalcarehab.com\/da\/vare-kategori\/varemaerke\/"},{"@type":"ListItem","position":4,"name":"Hoggi","item":"https:\/\/globalcarehab.com\/da\/vare-kategori\/varemaerke\/hoggi-da\/"},{"@type":"ListItem","position":5,"name":"Cruiser Gangstativ"}]},{"@type":"WebSite","@id":"https:\/\/globalcarehab.com\/da\/#website","url":"https:\/\/globalcarehab.com\/da\/","name":"Global Carehab","description":"For Children and Teenagers with Special Needs","publisher":{"@id":"https:\/\/globalcarehab.com\/da\/#organization"},"potentialAction":[{"@type":"SearchAction","target":{"@type":"EntryPoint","urlTemplate":"https:\/\/globalcarehab.com\/da\/?s={search_term_string}"},"query-input":{"@type":"PropertyValueSpecification","valueRequired":true,"valueName":"search_term_string"}}],"inLanguage":"da-DK"},{"@type":"Organization","@id":"https:\/\/globalcarehab.com\/da\/#organization","name":"Global Carehab","url":"https:\/\/globalcarehab.com\/da\/","logo":{"@type":"ImageObject","inLanguage":"da-DK","@id":"https:\/\/globalcarehab.com\/da\/#\/schema\/logo\/image\/","url":"https:\/\/globalcarehab.com\/wp-content\/uploads\/2024\/03\/carehab-logo.svg","contentUrl":"https:\/\/globalcarehab.com\/wp-content\/uploads\/2024\/03\/carehab-logo.svg","width":1,"height":1,"caption":"Global Carehab"},"image":{"@id":"https:\/\/globalcarehab.com\/da\/#\/schema\/logo\/image\/"}}]}},"_links":{"self":[{"href":"https:\/\/globalcarehab.com\/da\/wp-json\/wp\/v2\/product\/44106","targetHints":{"allow":["GET"]}}],"collection":[{"href":"https:\/\/globalcarehab.com\/da\/wp-json\/wp\/v2\/product"}],"about":[{"href":"https:\/\/globalcarehab.com\/da\/wp-json\/wp\/v2\/types\/product"}],"version-history":[{"count":12,"href":"https:\/\/globalcarehab.com\/da\/wp-json\/wp\/v2\/product\/44106\/revisions"}],"predecessor-version":[{"id":47733,"href":"https:\/\/globalcarehab.com\/da\/wp-json\/wp\/v2\/product\/44106\/revisions\/47733"}],"wp:featuredmedia":[{"embeddable":true,"href":"https:\/\/globalcarehab.com\/da\/wp-json\/wp\/v2\/media\/44089"}],"wp:attachment":[{"href":"https:\/\/globalcarehab.com\/da\/wp-json\/wp\/v2\/media?parent=44106"}],"wp:term":[{"taxonomy":"product_brand","embeddable":true,"href":"https:\/\/globalcarehab.com\/da\/wp-json\/wp\/v2\/product_brand?post=44106"},{"taxonomy":"product_cat","embeddable":true,"href":"https:\/\/globalcarehab.com\/da\/wp-json\/wp\/v2\/product_cat?post=44106"},{"taxonomy":"product_tag","embeddable":true,"href":"https:\/\/globalcarehab.com\/da\/wp-json\/wp\/v2\/product_tag?post=44106"}],"curies":[{"name":"wp","href":"https:\/\/api.w.org\/{rel}","templated":true}]}}