{"id":45493,"date":"2025-02-01T15:34:27","date_gmt":"2025-02-01T14:34:27","guid":{"rendered":"https:\/\/globalcarehab.com\/?post_type=product&#038;p=45493"},"modified":"2026-01-07T08:19:43","modified_gmt":"2026-01-07T07:19:43","slug":"bingo-evolution","status":"publish","type":"product","link":"https:\/\/globalcarehab.com\/da\/produkt\/bingo-evolution\/","title":{"rendered":"Bingo Evolution"},"content":{"rendered":"\t\t<div data-elementor-type=\"product-post\" data-elementor-id=\"45493\" class=\"elementor elementor-45493 elementor-45479\" data-elementor-post-type=\"product\">\n\t\t\t\t<div class=\"elementor-element elementor-element-470f0c94 e-flex e-con-boxed e-con e-parent\" data-id=\"470f0c94\" data-element_type=\"container\" data-e-type=\"container\" data-settings=\"{&quot;jet_parallax_layout_list&quot;:[]}\">\n\t\t\t\t\t<div class=\"e-con-inner\">\n\t\t<div class=\"elementor-element elementor-element-7f8ed890 e-con-full e-flex e-con e-child\" data-id=\"7f8ed890\" data-element_type=\"container\" data-e-type=\"container\" data-settings=\"{&quot;background_background&quot;:&quot;slideshow&quot;,&quot;jet_parallax_layout_list&quot;:[],&quot;background_slideshow_gallery&quot;:[{&quot;id&quot;:45522,&quot;url&quot;:&quot;https:\\\/\\\/globalcarehab.com\\\/wp-content\\\/uploads\\\/2025\\\/02\\\/Bingo-evolution-black.png&quot;},{&quot;id&quot;:45552,&quot;url&quot;:&quot;https:\\\/\\\/globalcarehab.com\\\/wp-content\\\/uploads\\\/2025\\\/02\\\/Bingo-vendbart.png&quot;}],&quot;background_slideshow_loop&quot;:&quot;yes&quot;,&quot;background_slideshow_slide_duration&quot;:5000,&quot;background_slideshow_slide_transition&quot;:&quot;fade&quot;,&quot;background_slideshow_transition_duration&quot;:500}\">\n\t\t\t\t<div class=\"elementor-element elementor-element-5ee6d09e elementor-widget elementor-widget-spacer\" data-id=\"5ee6d09e\" data-element_type=\"widget\" data-e-type=\"widget\" data-widget_type=\"spacer.default\">\n\t\t\t\t\t\t\t<div class=\"elementor-spacer\">\n\t\t\t<div class=\"elementor-spacer-inner\"><\/div>\n\t\t<\/div>\n\t\t\t\t\t\t<\/div>\n\t\t\t\t<\/div>\n\t\t<div class=\"elementor-element elementor-element-5c9c1cfc e-con-full e-flex e-con e-child\" data-id=\"5c9c1cfc\" data-element_type=\"container\" data-e-type=\"container\" data-settings=\"{&quot;background_background&quot;:&quot;classic&quot;,&quot;jet_parallax_layout_list&quot;:[]}\">\n\t\t\t\t<div class=\"elementor-element elementor-element-4096b220 elementor-widget elementor-widget-heading\" data-id=\"4096b220\" data-element_type=\"widget\" data-e-type=\"widget\" data-widget_type=\"heading.default\">\n\t\t\t\t\t<h1 class=\"elementor-heading-title elementor-size-default\">Bingo Evolution <\/h1>\t\t\t\t<\/div>\n\t\t\t\t<div class=\"elementor-element elementor-element-5ac7c8cd elementor-widget elementor-widget-text-editor\" data-id=\"5ac7c8cd\" data-element_type=\"widget\" data-e-type=\"widget\" data-widget_type=\"text-editor.default\">\n\t\t\t\t\t\t\t\t\t<p>BINGO Evolution kombinerer funktionalitet og stil, hvilket g\u00f8r den ideel til den moderne familie. Den multifunktionelle s\u00e6deenhed tillader hurtig omstilling mellem forud- og bagudvendt position, mens de centralt placerede betjeningselementer sikrer nem justering.<\/p>\t\t\t\t\t\t\t\t<\/div>\n\t\t\t\t<\/div>\n\t\t\t\t\t<\/div>\n\t\t\t\t<\/div>\n\t\t<div class=\"elementor-element elementor-element-42bd8659 e-flex e-con-boxed e-con e-parent\" data-id=\"42bd8659\" data-element_type=\"container\" data-e-type=\"container\" data-settings=\"{&quot;jet_parallax_layout_list&quot;:[]}\">\n\t\t\t\t\t<div class=\"e-con-inner\">\n\t\t<div class=\"elementor-element elementor-element-617dcc4f e-con-full e-flex e-con e-child\" data-id=\"617dcc4f\" data-element_type=\"container\" data-e-type=\"container\" data-settings=\"{&quot;background_background&quot;:&quot;classic&quot;,&quot;jet_parallax_layout_list&quot;:[]}\">\n\t\t\t\t<div class=\"elementor-element elementor-element-113b2d72 elementor-widget elementor-widget-heading\" data-id=\"113b2d72\" data-element_type=\"widget\" data-e-type=\"widget\" data-widget_type=\"heading.default\">\n\t\t\t\t\t<h2 class=\"elementor-heading-title elementor-size-default\">Bingo Evolution foldesystem<\/h2>\t\t\t\t<\/div>\n\t\t\t\t<div class=\"elementor-element elementor-element-e90aa2f elementor-widget elementor-widget-text-editor\" data-id=\"e90aa2f\" data-element_type=\"widget\" data-e-type=\"widget\" data-widget_type=\"text-editor.default\">\n\t\t\t\t\t\t\t\t\t<p>BINGO Evolution er designet med et brugervenligt foldesystem, der sikrer nem og hurtig sammenklapning til en kompakt st\u00f8rrelse. Dette g\u00f8r det enkelt at transportere og opbevare klapvognen, selv i begr\u00e6nsede rum. Den lette konstruktion bidrager yderligere til dens mobilitet, hvilket g\u00f8r den ideel for familier p\u00e5 farten.<\/p>\t\t\t\t\t\t\t\t<\/div>\n\t\t\t\t<\/div>\n\t\t<div class=\"elementor-element elementor-element-198d94e4 e-con-full e-flex e-con e-child\" data-id=\"198d94e4\" data-element_type=\"container\" data-e-type=\"container\" data-settings=\"{&quot;background_background&quot;:&quot;classic&quot;,&quot;jet_parallax_layout_list&quot;:[]}\">\n\t\t\t\t<div class=\"elementor-element elementor-element-110a039f elementor-widget elementor-widget-spacer\" data-id=\"110a039f\" data-element_type=\"widget\" data-e-type=\"widget\" data-widget_type=\"spacer.default\">\n\t\t\t\t\t\t\t<div class=\"elementor-spacer\">\n\t\t\t<div class=\"elementor-spacer-inner\"><\/div>\n\t\t<\/div>\n\t\t\t\t\t\t<\/div>\n\t\t\t\t<\/div>\n\t\t\t\t\t<\/div>\n\t\t\t\t<\/div>\n\t\t<div class=\"elementor-element elementor-element-387a5fbd e-flex e-con-boxed e-con e-parent\" data-id=\"387a5fbd\" data-element_type=\"container\" data-e-type=\"container\" data-settings=\"{&quot;jet_parallax_layout_list&quot;:[]}\">\n\t\t\t\t\t<div class=\"e-con-inner\">\n\t\t<div class=\"elementor-element elementor-element-6e9fe795 e-con-full e-flex e-con e-child\" data-id=\"6e9fe795\" data-element_type=\"container\" data-e-type=\"container\" data-settings=\"{&quot;background_background&quot;:&quot;classic&quot;,&quot;jet_parallax_layout_list&quot;:[]}\">\n\t\t\t\t<div class=\"elementor-element elementor-element-30ff1e2c elementor-widget elementor-widget-spacer\" data-id=\"30ff1e2c\" data-element_type=\"widget\" data-e-type=\"widget\" data-widget_type=\"spacer.default\">\n\t\t\t\t\t\t\t<div class=\"elementor-spacer\">\n\t\t\t<div class=\"elementor-spacer-inner\"><\/div>\n\t\t<\/div>\n\t\t\t\t\t\t<\/div>\n\t\t\t\t<\/div>\n\t\t<div class=\"elementor-element elementor-element-29840ec7 e-con-full e-flex e-con e-child\" data-id=\"29840ec7\" data-element_type=\"container\" data-e-type=\"container\" data-settings=\"{&quot;background_background&quot;:&quot;classic&quot;,&quot;jet_parallax_layout_list&quot;:[]}\">\n\t\t\t\t<div class=\"elementor-element elementor-element-1df104a3 elementor-widget elementor-widget-heading\" data-id=\"1df104a3\" data-element_type=\"widget\" data-e-type=\"widget\" data-widget_type=\"heading.default\">\n\t\t\t\t\t<h2 class=\"elementor-heading-title elementor-size-default\">En klapvogn for hele familien<\/h2>\t\t\t\t<\/div>\n\t\t\t\t<div class=\"elementor-element elementor-element-277534c6 elementor-widget elementor-widget-text-editor\" data-id=\"277534c6\" data-element_type=\"widget\" data-e-type=\"widget\" data-widget_type=\"text-editor.default\">\n\t\t\t\t\t\t\t\t\t<p>Bingo Evolution klapvogn kan let omdannes til en tvillingevogn, ved hj\u00e6lp af et koblingss\u00e6t, der forbinder de to klapvogne. Koblingss\u00e6tet er designet til at sikre stabilitet og man\u00f8vredygtighed, hvilket g\u00f8r det lettere at styre begge klapvogne som \u00e9n enhed.\u00a0<\/p>\t\t\t\t\t\t\t\t<\/div>\n\t\t\t\t<\/div>\n\t\t\t\t\t<\/div>\n\t\t\t\t<\/div>\n\t\t<div class=\"elementor-element elementor-element-5d9ff57d e-flex e-con-boxed e-con e-parent\" data-id=\"5d9ff57d\" data-element_type=\"container\" data-e-type=\"container\" data-settings=\"{&quot;jet_parallax_layout_list&quot;:[]}\">\n\t\t\t\t\t<div class=\"e-con-inner\">\n\t\t<div class=\"elementor-element elementor-element-70eb19b2 e-con-full e-flex e-con e-child\" data-id=\"70eb19b2\" data-element_type=\"container\" data-e-type=\"container\" data-settings=\"{&quot;background_background&quot;:&quot;classic&quot;,&quot;jet_parallax_layout_list&quot;:[]}\">\n\t\t\t\t<div class=\"elementor-element elementor-element-1f6bfbe6 elementor-widget elementor-widget-heading\" data-id=\"1f6bfbe6\" data-element_type=\"widget\" data-e-type=\"widget\" data-widget_type=\"heading.default\">\n\t\t\t\t\t<h2 class=\"elementor-heading-title elementor-size-default\">Bingo Evolution vinkeljustering <\/h2>\t\t\t\t<\/div>\n\t\t\t\t<div class=\"elementor-element elementor-element-18472f27 elementor-widget elementor-widget-text-editor\" data-id=\"18472f27\" data-element_type=\"widget\" data-e-type=\"widget\" data-widget_type=\"text-editor.default\">\n\t\t\t\t\t\t\t\t\t<p>Klapvognen er udstyret med en avanceret &#8220;Tilt in Space&#8221;-funktion, der muligg\u00f8r en s\u00e6deh\u00e6ldning p\u00e5 op til 45 grader, b\u00e5de i fremadvendt og bagudvendt position, uden at g\u00e5 p\u00e5 kompromis med vognens stabilitet. Denne funktion giver mulighed for at \u00e6ndre barnets position, hvilket kan v\u00e6re gavnligt for trykaflastning og komfort. Betjeningselementerne til tilt og rygl\u00e6nsjustering er centralt placeret p\u00e5 rygl\u00e6net, hvilket sikrer nem og sikker h\u00e5ndtering.<\/p>\t\t\t\t\t\t\t\t<\/div>\n\t\t\t\t<\/div>\n\t\t<div class=\"elementor-element elementor-element-7fa412a7 e-con-full e-flex e-con e-child\" data-id=\"7fa412a7\" data-element_type=\"container\" data-e-type=\"container\" data-settings=\"{&quot;background_background&quot;:&quot;classic&quot;,&quot;jet_parallax_layout_list&quot;:[]}\">\n\t\t\t\t<div class=\"elementor-element elementor-element-6b21a9c4 elementor-widget elementor-widget-spacer\" data-id=\"6b21a9c4\" data-element_type=\"widget\" data-e-type=\"widget\" data-widget_type=\"spacer.default\">\n\t\t\t\t\t\t\t<div class=\"elementor-spacer\">\n\t\t\t<div class=\"elementor-spacer-inner\"><\/div>\n\t\t<\/div>\n\t\t\t\t\t\t<\/div>\n\t\t\t\t<\/div>\n\t\t\t\t\t<\/div>\n\t\t\t\t<\/div>\n\t\t<div class=\"elementor-element elementor-element-35caa222 e-flex e-con-boxed e-con e-parent\" data-id=\"35caa222\" data-element_type=\"container\" data-e-type=\"container\" data-settings=\"{&quot;jet_parallax_layout_list&quot;:[]}\">\n\t\t\t\t\t<div class=\"e-con-inner\">\n\t\t<div class=\"elementor-element elementor-element-393df3fa e-con-full e-flex e-con e-child\" data-id=\"393df3fa\" data-element_type=\"container\" data-e-type=\"container\" data-settings=\"{&quot;background_background&quot;:&quot;classic&quot;,&quot;jet_parallax_layout_list&quot;:[]}\">\n\t\t\t\t<div class=\"elementor-element elementor-element-5eba0d8c elementor-widget elementor-widget-heading\" data-id=\"5eba0d8c\" data-element_type=\"widget\" data-e-type=\"widget\" data-widget_type=\"heading.default\">\n\t\t\t\t\t<h2 class=\"elementor-heading-title elementor-size-default\">Tilpasningsvenligt tilbeh\u00f8r<\/h2>\t\t\t\t<\/div>\n\t\t\t\t<div class=\"elementor-element elementor-element-3c837016 elementor-widget elementor-widget-text-editor\" data-id=\"3c837016\" data-element_type=\"widget\" data-e-type=\"widget\" data-widget_type=\"text-editor.default\">\n\t\t\t\t\t\t\t\t\t<p>Vi tilbyder et omfattende udvalg af tilbeh\u00f8r, der g\u00f8r det muligt at skr\u00e6ddersy klapvognen efter individuelle behov. For at sikre optimal komfort og st\u00f8tte kan du v\u00e6lge mellem forskellige hovedst\u00f8tter, herunder anatomiske og h\u00f8je modeller. Til overkroppen er der tilg\u00e6ngelige l\u00f8sninger som 5-punkts seler, brystseler og justerbare sidest\u00f8tter, der bidrager til en sikker og stabil siddestilling. For underkroppen kan du tilf\u00f8je ankelbesp\u00e6ndinger, fodstropper og abduktionsklodser for at forbedre positioneringen. Desuden kan vognen udstyres med en kaleche med integreret regnslag for beskyttelse mod vejret, en terapibakke til aktiviteter undervejs, og en rummelig opbevaringskurv til personlige ejendele. Dette tilbeh\u00f8r sikrer, at klapvognen kan tilpasses pr\u00e6cist efter brugerens behov og pr\u00e6ferencer.<\/p>\t\t\t\t\t\t\t\t<\/div>\n\t\t\t\t<\/div>\n\t\t<div class=\"elementor-element elementor-element-20e2bb6c e-con-full e-flex e-con e-child\" data-id=\"20e2bb6c\" data-element_type=\"container\" data-e-type=\"container\" data-settings=\"{&quot;background_background&quot;:&quot;slideshow&quot;,&quot;background_slideshow_gallery&quot;:[{&quot;id&quot;:45519,&quot;url&quot;:&quot;https:\\\/\\\/globalcarehab.com\\\/wp-content\\\/uploads\\\/2025\\\/02\\\/Bingo-Evolution-Abduction.png&quot;},{&quot;id&quot;:45537,&quot;url&quot;:&quot;https:\\\/\\\/globalcarehab.com\\\/wp-content\\\/uploads\\\/2025\\\/02\\\/Bingo-kaleche.png&quot;},{&quot;id&quot;:45531,&quot;url&quot;:&quot;https:\\\/\\\/globalcarehab.com\\\/wp-content\\\/uploads\\\/2025\\\/02\\\/Bingo-Evolution-Tray.png&quot;},{&quot;id&quot;:45528,&quot;url&quot;:&quot;https:\\\/\\\/globalcarehab.com\\\/wp-content\\\/uploads\\\/2025\\\/02\\\/Bingo-evolution-thorox.png&quot;},{&quot;id&quot;:45525,&quot;url&quot;:&quot;https:\\\/\\\/globalcarehab.com\\\/wp-content\\\/uploads\\\/2025\\\/02\\\/Bingo-Evolution-Handrail.png&quot;}],&quot;jet_parallax_layout_list&quot;:[],&quot;background_slideshow_loop&quot;:&quot;yes&quot;,&quot;background_slideshow_slide_duration&quot;:5000,&quot;background_slideshow_slide_transition&quot;:&quot;fade&quot;,&quot;background_slideshow_transition_duration&quot;:500}\">\n\t\t\t\t<div class=\"elementor-element elementor-element-b7146d3 elementor-widget elementor-widget-spacer\" data-id=\"b7146d3\" data-element_type=\"widget\" data-e-type=\"widget\" data-widget_type=\"spacer.default\">\n\t\t\t\t\t\t\t<div class=\"elementor-spacer\">\n\t\t\t<div class=\"elementor-spacer-inner\"><\/div>\n\t\t<\/div>\n\t\t\t\t\t\t<\/div>\n\t\t\t\t<\/div>\n\t\t\t\t\t<\/div>\n\t\t\t\t<\/div>\n\t\t\t\t<\/div>\n\t\t","protected":false},"excerpt":{"rendered":"<p>BINGO Evolution er den perfekte kombination af funktionalitet og stil for den moderne familie. Den multifunktionelle s\u00e6deenhed giver mulighed for hurtigt at skifte mellem forud- og bagudvendt position, mens de centrale betjeningselementer sikrer nem justering. Tilpas klapvognen efter dine behov med forskellige farver og tilbeh\u00f8r, og nyd godt af dens v\u00e6kstkapacitet, der sikrer langvarig brug.<\/p>\n","protected":false},"featured_media":45522,"template":"","meta":[],"product_brand":[],"product_cat":[444,474],"product_tag":[],"class_list":{"0":"post-45493","1":"product","2":"type-product","3":"status-publish","4":"has-post-thumbnail","6":"product_cat-hoggi-da","7":"product_cat-klapvogne","8":"pa_size-1-da","9":"pa_size-2-da","10":"pa_size-2xl-da","11":"pa_size-mini-da","13":"first","14":"onbackorder","15":"taxable","16":"shipping-taxable","17":"purchasable","18":"product-type-variable"},"yoast_head":"<!-- This site is optimized with the Yoast SEO plugin v26.9 - https:\/\/yoast.com\/product\/yoast-seo-wordpress\/ -->\n<title>Bingo Evolution \u2013 45\u00b0 tilt og vendbart s\u00e6deenhed | Global Carehab<\/title>\n<meta name=\"description\" content=\"Bingo evolution Tilpasningsvenlig med 45\u00b0 tilt-in-space og 160\u00b0 rygvinkling. S\u00e6de, rygh\u00f8jde og dybde justeres, crashtestet og foldes kompakt sammen.\" \/>\n<meta name=\"robots\" content=\"index, follow, max-snippet:-1, max-image-preview:large, max-video-preview:-1\" \/>\n<link rel=\"canonical\" href=\"https:\/\/globalcarehab.com\/da\/produkt\/bingo-evolution\/\" \/>\n<meta property=\"og:locale\" content=\"da_DK\" \/>\n<meta property=\"og:type\" content=\"article\" \/>\n<meta property=\"og:title\" content=\"Bingo Evolution \u2013 45\u00b0 tilt og vendbart s\u00e6deenhed | Global Carehab\" \/>\n<meta property=\"og:description\" content=\"Bingo evolution Tilpasningsvenlig med 45\u00b0 tilt-in-space og 160\u00b0 rygvinkling. S\u00e6de, rygh\u00f8jde og dybde justeres, crashtestet og foldes kompakt sammen.\" \/>\n<meta property=\"og:url\" content=\"https:\/\/globalcarehab.com\/da\/produkt\/bingo-evolution\/\" \/>\n<meta property=\"og:site_name\" content=\"Global Carehab\" \/>\n<meta property=\"article:modified_time\" content=\"2026-01-07T07:19:43+00:00\" \/>\n<meta property=\"og:image\" content=\"https:\/\/globalcarehab.com\/wp-content\/uploads\/2025\/02\/Bingo-evolution-black.png\" \/>\n\t<meta property=\"og:image:width\" content=\"700\" \/>\n\t<meta property=\"og:image:height\" content=\"700\" \/>\n\t<meta property=\"og:image:type\" content=\"image\/png\" \/>\n<meta name=\"twitter:card\" content=\"summary_large_image\" \/>\n<meta name=\"twitter:label1\" content=\"Estimeret l\u00e6setid\" \/>\n\t<meta name=\"twitter:data1\" content=\"2 minutter\" \/>\n<script type=\"application\/ld+json\" class=\"yoast-schema-graph\">{\"@context\":\"https:\/\/schema.org\",\"@graph\":[{\"@type\":\"WebPage\",\"@id\":\"https:\/\/globalcarehab.com\/da\/produkt\/bingo-evolution\/\",\"url\":\"https:\/\/globalcarehab.com\/da\/produkt\/bingo-evolution\/\",\"name\":\"Bingo Evolution \u2013 45\u00b0 tilt og vendbart s\u00e6deenhed | Global Carehab\",\"isPartOf\":{\"@id\":\"https:\/\/globalcarehab.com\/da\/#website\"},\"primaryImageOfPage\":{\"@id\":\"https:\/\/globalcarehab.com\/da\/produkt\/bingo-evolution\/#primaryimage\"},\"image\":{\"@id\":\"https:\/\/globalcarehab.com\/da\/produkt\/bingo-evolution\/#primaryimage\"},\"thumbnailUrl\":\"https:\/\/globalcarehab.com\/wp-content\/uploads\/2025\/02\/Bingo-evolution-black.png\",\"datePublished\":\"2025-02-01T14:34:27+00:00\",\"dateModified\":\"2026-01-07T07:19:43+00:00\",\"description\":\"Bingo evolution Tilpasningsvenlig med 45\u00b0 tilt-in-space og 160\u00b0 rygvinkling. S\u00e6de, rygh\u00f8jde og dybde justeres, crashtestet og foldes kompakt sammen.\",\"breadcrumb\":{\"@id\":\"https:\/\/globalcarehab.com\/da\/produkt\/bingo-evolution\/#breadcrumb\"},\"inLanguage\":\"da-DK\",\"potentialAction\":[{\"@type\":\"ReadAction\",\"target\":[\"https:\/\/globalcarehab.com\/da\/produkt\/bingo-evolution\/\"]}]},{\"@type\":\"ImageObject\",\"inLanguage\":\"da-DK\",\"@id\":\"https:\/\/globalcarehab.com\/da\/produkt\/bingo-evolution\/#primaryimage\",\"url\":\"https:\/\/globalcarehab.com\/wp-content\/uploads\/2025\/02\/Bingo-evolution-black.png\",\"contentUrl\":\"https:\/\/globalcarehab.com\/wp-content\/uploads\/2025\/02\/Bingo-evolution-black.png\",\"width\":700,\"height\":700},{\"@type\":\"BreadcrumbList\",\"@id\":\"https:\/\/globalcarehab.com\/da\/produkt\/bingo-evolution\/#breadcrumb\",\"itemListElement\":[{\"@type\":\"ListItem\",\"position\":1,\"name\":\"Hjem\",\"item\":\"https:\/\/globalcarehab.com\/da\/\"},{\"@type\":\"ListItem\",\"position\":2,\"name\":\"Shop\",\"item\":\"https:\/\/globalcarehab.com\/da\/shop\/\"},{\"@type\":\"ListItem\",\"position\":3,\"name\":\"Varem\u00e6rke\",\"item\":\"https:\/\/globalcarehab.com\/da\/vare-kategori\/varemaerke\/\"},{\"@type\":\"ListItem\",\"position\":4,\"name\":\"Hoggi\",\"item\":\"https:\/\/globalcarehab.com\/da\/vare-kategori\/varemaerke\/hoggi-da\/\"},{\"@type\":\"ListItem\",\"position\":5,\"name\":\"Bingo Evolution\"}]},{\"@type\":\"WebSite\",\"@id\":\"https:\/\/globalcarehab.com\/da\/#website\",\"url\":\"https:\/\/globalcarehab.com\/da\/\",\"name\":\"Global Carehab\",\"description\":\"For Children and Teenagers with Special Needs\",\"publisher\":{\"@id\":\"https:\/\/globalcarehab.com\/da\/#organization\"},\"potentialAction\":[{\"@type\":\"SearchAction\",\"target\":{\"@type\":\"EntryPoint\",\"urlTemplate\":\"https:\/\/globalcarehab.com\/da\/?s={search_term_string}\"},\"query-input\":{\"@type\":\"PropertyValueSpecification\",\"valueRequired\":true,\"valueName\":\"search_term_string\"}}],\"inLanguage\":\"da-DK\"},{\"@type\":\"Organization\",\"@id\":\"https:\/\/globalcarehab.com\/da\/#organization\",\"name\":\"Global Carehab\",\"url\":\"https:\/\/globalcarehab.com\/da\/\",\"logo\":{\"@type\":\"ImageObject\",\"inLanguage\":\"da-DK\",\"@id\":\"https:\/\/globalcarehab.com\/da\/#\/schema\/logo\/image\/\",\"url\":\"https:\/\/globalcarehab.com\/wp-content\/uploads\/2024\/03\/carehab-logo.svg\",\"contentUrl\":\"https:\/\/globalcarehab.com\/wp-content\/uploads\/2024\/03\/carehab-logo.svg\",\"width\":1,\"height\":1,\"caption\":\"Global Carehab\"},\"image\":{\"@id\":\"https:\/\/globalcarehab.com\/da\/#\/schema\/logo\/image\/\"}}]}<\/script>\n<!-- \/ Yoast SEO plugin. -->","yoast_head_json":{"title":"Bingo Evolution \u2013 45\u00b0 tilt og vendbart s\u00e6deenhed | Global Carehab","description":"Bingo evolution Tilpasningsvenlig med 45\u00b0 tilt-in-space og 160\u00b0 rygvinkling. S\u00e6de, rygh\u00f8jde og dybde justeres, crashtestet og foldes kompakt sammen.","robots":{"index":"index","follow":"follow","max-snippet":"max-snippet:-1","max-image-preview":"max-image-preview:large","max-video-preview":"max-video-preview:-1"},"canonical":"https:\/\/globalcarehab.com\/da\/produkt\/bingo-evolution\/","og_locale":"da_DK","og_type":"article","og_title":"Bingo Evolution \u2013 45\u00b0 tilt og vendbart s\u00e6deenhed | Global Carehab","og_description":"Bingo evolution Tilpasningsvenlig med 45\u00b0 tilt-in-space og 160\u00b0 rygvinkling. S\u00e6de, rygh\u00f8jde og dybde justeres, crashtestet og foldes kompakt sammen.","og_url":"https:\/\/globalcarehab.com\/da\/produkt\/bingo-evolution\/","og_site_name":"Global Carehab","article_modified_time":"2026-01-07T07:19:43+00:00","og_image":[{"width":700,"height":700,"url":"https:\/\/globalcarehab.com\/wp-content\/uploads\/2025\/02\/Bingo-evolution-black.png","type":"image\/png"}],"twitter_card":"summary_large_image","twitter_misc":{"Estimeret l\u00e6setid":"2 minutter"},"schema":{"@context":"https:\/\/schema.org","@graph":[{"@type":"WebPage","@id":"https:\/\/globalcarehab.com\/da\/produkt\/bingo-evolution\/","url":"https:\/\/globalcarehab.com\/da\/produkt\/bingo-evolution\/","name":"Bingo Evolution \u2013 45\u00b0 tilt og vendbart s\u00e6deenhed | Global Carehab","isPartOf":{"@id":"https:\/\/globalcarehab.com\/da\/#website"},"primaryImageOfPage":{"@id":"https:\/\/globalcarehab.com\/da\/produkt\/bingo-evolution\/#primaryimage"},"image":{"@id":"https:\/\/globalcarehab.com\/da\/produkt\/bingo-evolution\/#primaryimage"},"thumbnailUrl":"https:\/\/globalcarehab.com\/wp-content\/uploads\/2025\/02\/Bingo-evolution-black.png","datePublished":"2025-02-01T14:34:27+00:00","dateModified":"2026-01-07T07:19:43+00:00","description":"Bingo evolution Tilpasningsvenlig med 45\u00b0 tilt-in-space og 160\u00b0 rygvinkling. S\u00e6de, rygh\u00f8jde og dybde justeres, crashtestet og foldes kompakt sammen.","breadcrumb":{"@id":"https:\/\/globalcarehab.com\/da\/produkt\/bingo-evolution\/#breadcrumb"},"inLanguage":"da-DK","potentialAction":[{"@type":"ReadAction","target":["https:\/\/globalcarehab.com\/da\/produkt\/bingo-evolution\/"]}]},{"@type":"ImageObject","inLanguage":"da-DK","@id":"https:\/\/globalcarehab.com\/da\/produkt\/bingo-evolution\/#primaryimage","url":"https:\/\/globalcarehab.com\/wp-content\/uploads\/2025\/02\/Bingo-evolution-black.png","contentUrl":"https:\/\/globalcarehab.com\/wp-content\/uploads\/2025\/02\/Bingo-evolution-black.png","width":700,"height":700},{"@type":"BreadcrumbList","@id":"https:\/\/globalcarehab.com\/da\/produkt\/bingo-evolution\/#breadcrumb","itemListElement":[{"@type":"ListItem","position":1,"name":"Hjem","item":"https:\/\/globalcarehab.com\/da\/"},{"@type":"ListItem","position":2,"name":"Shop","item":"https:\/\/globalcarehab.com\/da\/shop\/"},{"@type":"ListItem","position":3,"name":"Varem\u00e6rke","item":"https:\/\/globalcarehab.com\/da\/vare-kategori\/varemaerke\/"},{"@type":"ListItem","position":4,"name":"Hoggi","item":"https:\/\/globalcarehab.com\/da\/vare-kategori\/varemaerke\/hoggi-da\/"},{"@type":"ListItem","position":5,"name":"Bingo Evolution"}]},{"@type":"WebSite","@id":"https:\/\/globalcarehab.com\/da\/#website","url":"https:\/\/globalcarehab.com\/da\/","name":"Global Carehab","description":"For Children and Teenagers with Special Needs","publisher":{"@id":"https:\/\/globalcarehab.com\/da\/#organization"},"potentialAction":[{"@type":"SearchAction","target":{"@type":"EntryPoint","urlTemplate":"https:\/\/globalcarehab.com\/da\/?s={search_term_string}"},"query-input":{"@type":"PropertyValueSpecification","valueRequired":true,"valueName":"search_term_string"}}],"inLanguage":"da-DK"},{"@type":"Organization","@id":"https:\/\/globalcarehab.com\/da\/#organization","name":"Global Carehab","url":"https:\/\/globalcarehab.com\/da\/","logo":{"@type":"ImageObject","inLanguage":"da-DK","@id":"https:\/\/globalcarehab.com\/da\/#\/schema\/logo\/image\/","url":"https:\/\/globalcarehab.com\/wp-content\/uploads\/2024\/03\/carehab-logo.svg","contentUrl":"https:\/\/globalcarehab.com\/wp-content\/uploads\/2024\/03\/carehab-logo.svg","width":1,"height":1,"caption":"Global Carehab"},"image":{"@id":"https:\/\/globalcarehab.com\/da\/#\/schema\/logo\/image\/"}}]}},"_links":{"self":[{"href":"https:\/\/globalcarehab.com\/da\/wp-json\/wp\/v2\/product\/45493","targetHints":{"allow":["GET"]}}],"collection":[{"href":"https:\/\/globalcarehab.com\/da\/wp-json\/wp\/v2\/product"}],"about":[{"href":"https:\/\/globalcarehab.com\/da\/wp-json\/wp\/v2\/types\/product"}],"version-history":[{"count":32,"href":"https:\/\/globalcarehab.com\/da\/wp-json\/wp\/v2\/product\/45493\/revisions"}],"predecessor-version":[{"id":47753,"href":"https:\/\/globalcarehab.com\/da\/wp-json\/wp\/v2\/product\/45493\/revisions\/47753"}],"wp:featuredmedia":[{"embeddable":true,"href":"https:\/\/globalcarehab.com\/da\/wp-json\/wp\/v2\/media\/45522"}],"wp:attachment":[{"href":"https:\/\/globalcarehab.com\/da\/wp-json\/wp\/v2\/media?parent=45493"}],"wp:term":[{"taxonomy":"product_brand","embeddable":true,"href":"https:\/\/globalcarehab.com\/da\/wp-json\/wp\/v2\/product_brand?post=45493"},{"taxonomy":"product_cat","embeddable":true,"href":"https:\/\/globalcarehab.com\/da\/wp-json\/wp\/v2\/product_cat?post=45493"},{"taxonomy":"product_tag","embeddable":true,"href":"https:\/\/globalcarehab.com\/da\/wp-json\/wp\/v2\/product_tag?post=45493"}],"curies":[{"name":"wp","href":"https:\/\/api.w.org\/{rel}","templated":true}]}}