{"id":45668,"date":"2025-02-03T11:14:16","date_gmt":"2025-02-03T10:14:16","guid":{"rendered":"https:\/\/globalcarehab.com\/?post_type=product&#038;p=45668"},"modified":"2025-12-16T08:51:15","modified_gmt":"2025-12-16T07:51:15","slug":"punkterfrie-hjul-solid","status":"publish","type":"product","link":"https:\/\/globalcarehab.com\/da\/produkt\/punkterfrie-hjul-solid\/","title":{"rendered":"Punkterfrie hjul (Solid)"},"content":{"rendered":"\t\t<div data-elementor-type=\"product-post\" data-elementor-id=\"45668\" class=\"elementor elementor-45668 elementor-45496\" data-elementor-post-type=\"product\">\n\t\t\t\t<div class=\"elementor-element elementor-element-79b06fe5 e-flex e-con-boxed e-con e-parent\" data-id=\"79b06fe5\" data-element_type=\"container\" data-e-type=\"container\" data-settings=\"{&quot;jet_parallax_layout_list&quot;:[]}\">\n\t\t\t\t\t<div class=\"e-con-inner\">\n\t\t<div class=\"elementor-element elementor-element-a96bfc0 e-con-full e-flex e-con e-child\" data-id=\"a96bfc0\" data-element_type=\"container\" data-e-type=\"container\" data-settings=\"{&quot;background_background&quot;:&quot;classic&quot;,&quot;jet_parallax_layout_list&quot;:[]}\">\n\t\t\t\t<div class=\"elementor-element elementor-element-7f69c63e elementor-widget elementor-widget-spacer\" data-id=\"7f69c63e\" data-element_type=\"widget\" data-e-type=\"widget\" data-widget_type=\"spacer.default\">\n\t\t\t\t\t\t\t<div class=\"elementor-spacer\">\n\t\t\t<div class=\"elementor-spacer-inner\"><\/div>\n\t\t<\/div>\n\t\t\t\t\t\t<\/div>\n\t\t\t\t<\/div>\n\t\t<div class=\"elementor-element elementor-element-305cff51 e-con-full e-flex e-con e-child\" data-id=\"305cff51\" data-element_type=\"container\" data-e-type=\"container\" data-settings=\"{&quot;background_background&quot;:&quot;classic&quot;,&quot;jet_parallax_layout_list&quot;:[]}\">\n\t\t\t\t<div class=\"elementor-element elementor-element-7792708d elementor-widget elementor-widget-heading\" data-id=\"7792708d\" data-element_type=\"widget\" data-e-type=\"widget\" data-widget_type=\"heading.default\">\n\t\t\t\t\t<h1 class=\"elementor-heading-title elementor-size-default\">Punkterfrie hjul<\/h1>\t\t\t\t<\/div>\n\t\t\t\t<div class=\"elementor-element elementor-element-5e57b131 elementor-widget elementor-widget-text-editor\" data-id=\"5e57b131\" data-element_type=\"widget\" data-e-type=\"widget\" data-widget_type=\"text-editor.default\">\n\t\t\t\t\t\t\t\t\t<p>Punkterfrie hjul i 16&#8243; giver ro i sindet \u2013 og udflugter uden bekymringer i dags\u00adprogrammet. Den massive polyurethan-konstruktion giver n\u00e6sten samme rullekomfort som et luftd\u00e6k, men kan hverken punktere eller miste tryk. Den st\u00e6rke letv\u00e6gtsf\u00e6lg klikkes p\u00e5 i stedet for det originale baghjul p\u00e5 Delta-, Bingo- eller andre klapvogne med 16\u2033 aksel, s\u00e5 du kan k\u00f8re problemfrit over asfalt, grus og skovstier uden pumpe, lapning eller bekymringer.<\/p>\t\t\t\t\t\t\t\t<\/div>\n\t\t\t\t<\/div>\n\t\t\t\t\t<\/div>\n\t\t\t\t<\/div>\n\t\t<div class=\"elementor-element elementor-element-5f78d254 e-flex e-con-boxed e-con e-parent\" data-id=\"5f78d254\" data-element_type=\"container\" data-e-type=\"container\" data-settings=\"{&quot;jet_parallax_layout_list&quot;:[]}\">\n\t\t\t\t\t<div class=\"e-con-inner\">\n\t\t<div class=\"elementor-element elementor-element-21a8dd65 e-con-full e-flex e-con e-child\" data-id=\"21a8dd65\" data-element_type=\"container\" data-e-type=\"container\" data-settings=\"{&quot;background_background&quot;:&quot;classic&quot;,&quot;jet_parallax_layout_list&quot;:[]}\">\n\t\t\t\t<div class=\"elementor-element elementor-element-bba68c8 elementor-widget elementor-widget-heading\" data-id=\"bba68c8\" data-element_type=\"widget\" data-e-type=\"widget\" data-widget_type=\"heading.default\">\n\t\t\t\t\t<h2 class=\"elementor-heading-title elementor-size-default\">Punkterfrit hjul til flere klapvogne<\/h2>\t\t\t\t<\/div>\n\t\t\t\t<div class=\"elementor-element elementor-element-136398ed elementor-widget elementor-widget-text-editor\" data-id=\"136398ed\" data-element_type=\"widget\" data-e-type=\"widget\" data-widget_type=\"text-editor.default\">\n\t\t\t\t\t\t\t\t\t<p>Uanset om du allerede k\u00f8rer med Bingo Evolution, den terr\u00e6ng\u00e5ende Bingo Cross eller den fleksible Bingo Switch, kan de punkterfrie 16\u2033 hjul give ekstra tryghed p\u00e5 uj\u00e6vne underlag. Tilsvarende passer de perfekt, hvis du foretr\u00e6kker fart og frihed i Delta Jogger eller Delta L\u00f8b, og de er lige s\u00e5 v\u00e6rdifulde til afslappende ture med Delta Recline eller pr\u00e6cis positionering i Delta Sitter. Med solide hjul p\u00e5monteret f\u00e5r alle disse vogne et driftssikkert boost, s\u00e5 I kan fokusere p\u00e5 oplevelserne i stedet for punkteringerne.<\/p>\t\t\t\t\t\t\t\t<\/div>\n\t\t\t\t<\/div>\n\t\t<div class=\"elementor-element elementor-element-38ea288d e-con-full e-flex e-con e-child\" data-id=\"38ea288d\" data-element_type=\"container\" data-e-type=\"container\" data-settings=\"{&quot;background_background&quot;:&quot;slideshow&quot;,&quot;jet_parallax_layout_list&quot;:[],&quot;background_slideshow_gallery&quot;:[{&quot;id&quot;:45504,&quot;url&quot;:&quot;https:\\\/\\\/globalcarehab.com\\\/wp-content\\\/uploads\\\/2025\\\/02\\\/Bingo-cross-4-wheeler.png&quot;}],&quot;background_slideshow_loop&quot;:&quot;yes&quot;,&quot;background_slideshow_slide_duration&quot;:5000,&quot;background_slideshow_slide_transition&quot;:&quot;fade&quot;,&quot;background_slideshow_transition_duration&quot;:500}\">\n\t\t\t\t<div class=\"elementor-element elementor-element-3ca9de7 elementor-widget elementor-widget-spacer\" data-id=\"3ca9de7\" data-element_type=\"widget\" data-e-type=\"widget\" data-widget_type=\"spacer.default\">\n\t\t\t\t\t\t\t<div class=\"elementor-spacer\">\n\t\t\t<div class=\"elementor-spacer-inner\"><\/div>\n\t\t<\/div>\n\t\t\t\t\t\t<\/div>\n\t\t\t\t<\/div>\n\t\t\t\t\t<\/div>\n\t\t\t\t<\/div>\n\t\t\t\t<\/div>\n\t\t","protected":false},"excerpt":{"rendered":"<p>Opgrader din Delta- eller Hoggi-klapvogn med solide 16&#8243; hjul. Disse punkterfrie hjul er designet til at modst\u00e5 alle typer underlag, herunder sten, grus, asfalt og skovbund, hvilket sikrer en j\u00e6vn og p\u00e5lidelig k\u00f8rsel for dig og dit barn. Med denne opgradering kan du trygt navigere gennem forskellige terr\u00e6ner uden bekymring for punkteringer, samtidig med at du bevarer klapvognens man\u00f8vredygtighed og komfort<\/p>\n","protected":false},"featured_media":45576,"template":"","meta":[],"product_brand":[],"product_cat":[409,413],"product_tag":[],"class_list":{"0":"post-45668","1":"product","2":"type-product","3":"status-publish","4":"has-post-thumbnail","6":"product_cat-delta-da","7":"product_cat-jogger-tilbehoer","9":"first","10":"instock","11":"taxable","12":"shipping-taxable","13":"purchasable","14":"product-type-simple"},"yoast_head":"<!-- This site is optimized with the Yoast SEO plugin v26.9 - https:\/\/yoast.com\/product\/yoast-seo-wordpress\/ -->\n<title>Punkterfrie hjul \u2013 Solide hjul, uden bekymringer for punktering | Global Carehab<\/title>\n<meta name=\"description\" content=\"Punkterfrie hjul af 16&quot; til Delta- eller Hoggi-klapvogn. Ruller let over sten, grus, asfalt og skovbund uden risiko for punkteringer.\" \/>\n<meta name=\"robots\" content=\"index, follow, max-snippet:-1, max-image-preview:large, max-video-preview:-1\" \/>\n<link rel=\"canonical\" href=\"https:\/\/globalcarehab.com\/da\/produkt\/punkterfrie-hjul-solid\/\" \/>\n<meta property=\"og:locale\" content=\"da_DK\" \/>\n<meta property=\"og:type\" content=\"article\" \/>\n<meta property=\"og:title\" content=\"Punkterfrie hjul \u2013 Solide hjul, uden bekymringer for punktering | Global Carehab\" \/>\n<meta property=\"og:description\" content=\"Punkterfrie hjul af 16&quot; til Delta- eller Hoggi-klapvogn. Ruller let over sten, grus, asfalt og skovbund uden risiko for punkteringer.\" \/>\n<meta property=\"og:url\" content=\"https:\/\/globalcarehab.com\/da\/produkt\/punkterfrie-hjul-solid\/\" \/>\n<meta property=\"og:site_name\" content=\"Global Carehab\" \/>\n<meta property=\"article:modified_time\" content=\"2025-12-16T07:51:15+00:00\" \/>\n<meta property=\"og:image\" content=\"https:\/\/globalcarehab.com\/wp-content\/uploads\/2025\/02\/Delta-puncture-free-wheel.png\" \/>\n\t<meta property=\"og:image:width\" content=\"700\" \/>\n\t<meta property=\"og:image:height\" content=\"700\" \/>\n\t<meta property=\"og:image:type\" content=\"image\/png\" \/>\n<meta name=\"twitter:card\" content=\"summary_large_image\" \/>\n<meta name=\"twitter:label1\" content=\"Estimeret l\u00e6setid\" \/>\n\t<meta name=\"twitter:data1\" content=\"1 minut\" \/>\n<script type=\"application\/ld+json\" class=\"yoast-schema-graph\">{\"@context\":\"https:\/\/schema.org\",\"@graph\":[{\"@type\":\"WebPage\",\"@id\":\"https:\/\/globalcarehab.com\/da\/produkt\/punkterfrie-hjul-solid\/\",\"url\":\"https:\/\/globalcarehab.com\/da\/produkt\/punkterfrie-hjul-solid\/\",\"name\":\"Punkterfrie hjul \u2013 Solide hjul, uden bekymringer for punktering | Global Carehab\",\"isPartOf\":{\"@id\":\"https:\/\/globalcarehab.com\/da\/#website\"},\"primaryImageOfPage\":{\"@id\":\"https:\/\/globalcarehab.com\/da\/produkt\/punkterfrie-hjul-solid\/#primaryimage\"},\"image\":{\"@id\":\"https:\/\/globalcarehab.com\/da\/produkt\/punkterfrie-hjul-solid\/#primaryimage\"},\"thumbnailUrl\":\"https:\/\/globalcarehab.com\/wp-content\/uploads\/2025\/02\/Delta-puncture-free-wheel.png\",\"datePublished\":\"2025-02-03T10:14:16+00:00\",\"dateModified\":\"2025-12-16T07:51:15+00:00\",\"description\":\"Punkterfrie hjul af 16\\\" til Delta- eller Hoggi-klapvogn. Ruller let over sten, grus, asfalt og skovbund uden risiko for punkteringer.\",\"breadcrumb\":{\"@id\":\"https:\/\/globalcarehab.com\/da\/produkt\/punkterfrie-hjul-solid\/#breadcrumb\"},\"inLanguage\":\"da-DK\",\"potentialAction\":[{\"@type\":\"ReadAction\",\"target\":[\"https:\/\/globalcarehab.com\/da\/produkt\/punkterfrie-hjul-solid\/\"]}]},{\"@type\":\"ImageObject\",\"inLanguage\":\"da-DK\",\"@id\":\"https:\/\/globalcarehab.com\/da\/produkt\/punkterfrie-hjul-solid\/#primaryimage\",\"url\":\"https:\/\/globalcarehab.com\/wp-content\/uploads\/2025\/02\/Delta-puncture-free-wheel.png\",\"contentUrl\":\"https:\/\/globalcarehab.com\/wp-content\/uploads\/2025\/02\/Delta-puncture-free-wheel.png\",\"width\":700,\"height\":700,\"caption\":\"Puncture free wheel without air, made with solid rubber\"},{\"@type\":\"BreadcrumbList\",\"@id\":\"https:\/\/globalcarehab.com\/da\/produkt\/punkterfrie-hjul-solid\/#breadcrumb\",\"itemListElement\":[{\"@type\":\"ListItem\",\"position\":1,\"name\":\"Hjem\",\"item\":\"https:\/\/globalcarehab.com\/da\/\"},{\"@type\":\"ListItem\",\"position\":2,\"name\":\"Shop\",\"item\":\"https:\/\/globalcarehab.com\/da\/shop\/\"},{\"@type\":\"ListItem\",\"position\":3,\"name\":\"Varem\u00e6rke\",\"item\":\"https:\/\/globalcarehab.com\/da\/vare-kategori\/varemaerke\/\"},{\"@type\":\"ListItem\",\"position\":4,\"name\":\"Delta\",\"item\":\"https:\/\/globalcarehab.com\/da\/vare-kategori\/varemaerke\/delta-da\/\"},{\"@type\":\"ListItem\",\"position\":5,\"name\":\"Punkterfrie hjul (Solid)\"}]},{\"@type\":\"WebSite\",\"@id\":\"https:\/\/globalcarehab.com\/da\/#website\",\"url\":\"https:\/\/globalcarehab.com\/da\/\",\"name\":\"Global Carehab\",\"description\":\"For Children and Teenagers with Special Needs\",\"publisher\":{\"@id\":\"https:\/\/globalcarehab.com\/da\/#organization\"},\"potentialAction\":[{\"@type\":\"SearchAction\",\"target\":{\"@type\":\"EntryPoint\",\"urlTemplate\":\"https:\/\/globalcarehab.com\/da\/?s={search_term_string}\"},\"query-input\":{\"@type\":\"PropertyValueSpecification\",\"valueRequired\":true,\"valueName\":\"search_term_string\"}}],\"inLanguage\":\"da-DK\"},{\"@type\":\"Organization\",\"@id\":\"https:\/\/globalcarehab.com\/da\/#organization\",\"name\":\"Global Carehab\",\"url\":\"https:\/\/globalcarehab.com\/da\/\",\"logo\":{\"@type\":\"ImageObject\",\"inLanguage\":\"da-DK\",\"@id\":\"https:\/\/globalcarehab.com\/da\/#\/schema\/logo\/image\/\",\"url\":\"https:\/\/globalcarehab.com\/wp-content\/uploads\/2024\/03\/carehab-logo.svg\",\"contentUrl\":\"https:\/\/globalcarehab.com\/wp-content\/uploads\/2024\/03\/carehab-logo.svg\",\"width\":1,\"height\":1,\"caption\":\"Global Carehab\"},\"image\":{\"@id\":\"https:\/\/globalcarehab.com\/da\/#\/schema\/logo\/image\/\"}}]}<\/script>\n<!-- \/ Yoast SEO plugin. -->","yoast_head_json":{"title":"Punkterfrie hjul \u2013 Solide hjul, uden bekymringer for punktering | Global Carehab","description":"Punkterfrie hjul af 16\" til Delta- eller Hoggi-klapvogn. Ruller let over sten, grus, asfalt og skovbund uden risiko for punkteringer.","robots":{"index":"index","follow":"follow","max-snippet":"max-snippet:-1","max-image-preview":"max-image-preview:large","max-video-preview":"max-video-preview:-1"},"canonical":"https:\/\/globalcarehab.com\/da\/produkt\/punkterfrie-hjul-solid\/","og_locale":"da_DK","og_type":"article","og_title":"Punkterfrie hjul \u2013 Solide hjul, uden bekymringer for punktering | Global Carehab","og_description":"Punkterfrie hjul af 16\" til Delta- eller Hoggi-klapvogn. Ruller let over sten, grus, asfalt og skovbund uden risiko for punkteringer.","og_url":"https:\/\/globalcarehab.com\/da\/produkt\/punkterfrie-hjul-solid\/","og_site_name":"Global Carehab","article_modified_time":"2025-12-16T07:51:15+00:00","og_image":[{"width":700,"height":700,"url":"https:\/\/globalcarehab.com\/wp-content\/uploads\/2025\/02\/Delta-puncture-free-wheel.png","type":"image\/png"}],"twitter_card":"summary_large_image","twitter_misc":{"Estimeret l\u00e6setid":"1 minut"},"schema":{"@context":"https:\/\/schema.org","@graph":[{"@type":"WebPage","@id":"https:\/\/globalcarehab.com\/da\/produkt\/punkterfrie-hjul-solid\/","url":"https:\/\/globalcarehab.com\/da\/produkt\/punkterfrie-hjul-solid\/","name":"Punkterfrie hjul \u2013 Solide hjul, uden bekymringer for punktering | Global Carehab","isPartOf":{"@id":"https:\/\/globalcarehab.com\/da\/#website"},"primaryImageOfPage":{"@id":"https:\/\/globalcarehab.com\/da\/produkt\/punkterfrie-hjul-solid\/#primaryimage"},"image":{"@id":"https:\/\/globalcarehab.com\/da\/produkt\/punkterfrie-hjul-solid\/#primaryimage"},"thumbnailUrl":"https:\/\/globalcarehab.com\/wp-content\/uploads\/2025\/02\/Delta-puncture-free-wheel.png","datePublished":"2025-02-03T10:14:16+00:00","dateModified":"2025-12-16T07:51:15+00:00","description":"Punkterfrie hjul af 16\" til Delta- eller Hoggi-klapvogn. Ruller let over sten, grus, asfalt og skovbund uden risiko for punkteringer.","breadcrumb":{"@id":"https:\/\/globalcarehab.com\/da\/produkt\/punkterfrie-hjul-solid\/#breadcrumb"},"inLanguage":"da-DK","potentialAction":[{"@type":"ReadAction","target":["https:\/\/globalcarehab.com\/da\/produkt\/punkterfrie-hjul-solid\/"]}]},{"@type":"ImageObject","inLanguage":"da-DK","@id":"https:\/\/globalcarehab.com\/da\/produkt\/punkterfrie-hjul-solid\/#primaryimage","url":"https:\/\/globalcarehab.com\/wp-content\/uploads\/2025\/02\/Delta-puncture-free-wheel.png","contentUrl":"https:\/\/globalcarehab.com\/wp-content\/uploads\/2025\/02\/Delta-puncture-free-wheel.png","width":700,"height":700,"caption":"Puncture free wheel without air, made with solid rubber"},{"@type":"BreadcrumbList","@id":"https:\/\/globalcarehab.com\/da\/produkt\/punkterfrie-hjul-solid\/#breadcrumb","itemListElement":[{"@type":"ListItem","position":1,"name":"Hjem","item":"https:\/\/globalcarehab.com\/da\/"},{"@type":"ListItem","position":2,"name":"Shop","item":"https:\/\/globalcarehab.com\/da\/shop\/"},{"@type":"ListItem","position":3,"name":"Varem\u00e6rke","item":"https:\/\/globalcarehab.com\/da\/vare-kategori\/varemaerke\/"},{"@type":"ListItem","position":4,"name":"Delta","item":"https:\/\/globalcarehab.com\/da\/vare-kategori\/varemaerke\/delta-da\/"},{"@type":"ListItem","position":5,"name":"Punkterfrie hjul (Solid)"}]},{"@type":"WebSite","@id":"https:\/\/globalcarehab.com\/da\/#website","url":"https:\/\/globalcarehab.com\/da\/","name":"Global Carehab","description":"For Children and Teenagers with Special Needs","publisher":{"@id":"https:\/\/globalcarehab.com\/da\/#organization"},"potentialAction":[{"@type":"SearchAction","target":{"@type":"EntryPoint","urlTemplate":"https:\/\/globalcarehab.com\/da\/?s={search_term_string}"},"query-input":{"@type":"PropertyValueSpecification","valueRequired":true,"valueName":"search_term_string"}}],"inLanguage":"da-DK"},{"@type":"Organization","@id":"https:\/\/globalcarehab.com\/da\/#organization","name":"Global Carehab","url":"https:\/\/globalcarehab.com\/da\/","logo":{"@type":"ImageObject","inLanguage":"da-DK","@id":"https:\/\/globalcarehab.com\/da\/#\/schema\/logo\/image\/","url":"https:\/\/globalcarehab.com\/wp-content\/uploads\/2024\/03\/carehab-logo.svg","contentUrl":"https:\/\/globalcarehab.com\/wp-content\/uploads\/2024\/03\/carehab-logo.svg","width":1,"height":1,"caption":"Global Carehab"},"image":{"@id":"https:\/\/globalcarehab.com\/da\/#\/schema\/logo\/image\/"}}]}},"_links":{"self":[{"href":"https:\/\/globalcarehab.com\/da\/wp-json\/wp\/v2\/product\/45668","targetHints":{"allow":["GET"]}}],"collection":[{"href":"https:\/\/globalcarehab.com\/da\/wp-json\/wp\/v2\/product"}],"about":[{"href":"https:\/\/globalcarehab.com\/da\/wp-json\/wp\/v2\/types\/product"}],"version-history":[{"count":9,"href":"https:\/\/globalcarehab.com\/da\/wp-json\/wp\/v2\/product\/45668\/revisions"}],"predecessor-version":[{"id":47761,"href":"https:\/\/globalcarehab.com\/da\/wp-json\/wp\/v2\/product\/45668\/revisions\/47761"}],"wp:featuredmedia":[{"embeddable":true,"href":"https:\/\/globalcarehab.com\/da\/wp-json\/wp\/v2\/media\/45576"}],"wp:attachment":[{"href":"https:\/\/globalcarehab.com\/da\/wp-json\/wp\/v2\/media?parent=45668"}],"wp:term":[{"taxonomy":"product_brand","embeddable":true,"href":"https:\/\/globalcarehab.com\/da\/wp-json\/wp\/v2\/product_brand?post=45668"},{"taxonomy":"product_cat","embeddable":true,"href":"https:\/\/globalcarehab.com\/da\/wp-json\/wp\/v2\/product_cat?post=45668"},{"taxonomy":"product_tag","embeddable":true,"href":"https:\/\/globalcarehab.com\/da\/wp-json\/wp\/v2\/product_tag?post=45668"}],"curies":[{"name":"wp","href":"https:\/\/api.w.org\/{rel}","templated":true}]}}