{"id":48044,"date":"2025-07-16T14:32:18","date_gmt":"2025-07-16T12:32:18","guid":{"rendered":"https:\/\/globalcarehab.com\/?post_type=product&#038;p=48044"},"modified":"2026-01-06T22:37:48","modified_gmt":"2026-01-06T21:37:48","slug":"catchup-stol","status":"publish","type":"product","link":"https:\/\/globalcarehab.com\/da\/produkt\/catchup-stol\/","title":{"rendered":"CatchUp stol"},"content":{"rendered":"\t\t<div data-elementor-type=\"product-post\" data-elementor-id=\"48044\" class=\"elementor elementor-48044\" data-elementor-post-type=\"product\">\n\t\t\t\t<div class=\"elementor-element elementor-element-7bfec27a e-flex e-con-boxed e-con e-parent\" data-id=\"7bfec27a\" data-element_type=\"container\" data-e-type=\"container\" data-settings=\"{&quot;jet_parallax_layout_list&quot;:[]}\">\n\t\t\t\t\t<div class=\"e-con-inner\">\n\t\t<div class=\"elementor-element elementor-element-6ce92270 e-con-full e-flex e-con e-child\" data-id=\"6ce92270\" data-element_type=\"container\" data-e-type=\"container\" data-settings=\"{&quot;background_background&quot;:&quot;classic&quot;,&quot;jet_parallax_layout_list&quot;:[]}\">\n\t\t\t\t<div class=\"elementor-element elementor-element-1e4d1820 elementor-widget elementor-widget-spacer\" data-id=\"1e4d1820\" data-element_type=\"widget\" data-e-type=\"widget\" data-widget_type=\"spacer.default\">\n\t\t\t\t\t\t\t<div class=\"elementor-spacer\">\n\t\t\t<div class=\"elementor-spacer-inner\"><\/div>\n\t\t<\/div>\n\t\t\t\t\t\t<\/div>\n\t\t\t\t<\/div>\n\t\t<div class=\"elementor-element elementor-element-198e0dd2 e-con-full e-flex e-con e-child\" data-id=\"198e0dd2\" data-element_type=\"container\" data-e-type=\"container\" data-settings=\"{&quot;background_background&quot;:&quot;classic&quot;,&quot;jet_parallax_layout_list&quot;:[]}\">\n\t\t\t\t<div class=\"elementor-element elementor-element-56c68b92 elementor-widget elementor-widget-heading\" data-id=\"56c68b92\" data-element_type=\"widget\" data-e-type=\"widget\" data-widget_type=\"heading.default\">\n\t\t\t\t\t<h1 class=\"elementor-heading-title elementor-size-default\">Catch-up stol<\/h1>\t\t\t\t<\/div>\n\t\t\t\t<div class=\"elementor-element elementor-element-3ced620b elementor-widget elementor-widget-text-editor\" data-id=\"3ced620b\" data-element_type=\"widget\" data-e-type=\"widget\" data-widget_type=\"text-editor.default\">\n\t\t\t\t\t\t\t\t\t<p data-start=\"132\" data-end=\"618\">Special Tomato Catch-Up Chair er en alsidig, h\u00f8jdejusterbar stol udviklet til b\u00f8rn og unge med s\u00e6rlige behov, som har brug for ergonomisk st\u00f8tte til siddestilling i hverdagen. Med sit fleksible design giver stolen optimal tilpasning til barnets v\u00e6kst og behov, s\u00e5 det kan deltage aktivt i daglige aktiviteter \u2013 hvad enten det er i hjemmet, institutionen eller skolen. ST CatchUp kombinerer funktionalitet, komfort og tilg\u00e6ngelighed og underst\u00f8tter en aktiv og inkluderende hverdag.<\/p>\t\t\t\t\t\t\t\t<\/div>\n\t\t\t\t<\/div>\n\t\t\t\t\t<\/div>\n\t\t\t\t<\/div>\n\t\t<div class=\"elementor-element elementor-element-1d1704d9 e-flex e-con-boxed e-con e-parent\" data-id=\"1d1704d9\" data-element_type=\"container\" data-e-type=\"container\" data-settings=\"{&quot;jet_parallax_layout_list&quot;:[]}\">\n\t\t\t\t\t<div class=\"e-con-inner\">\n\t\t<div class=\"elementor-element elementor-element-35e269fd e-con-full e-flex e-con e-child\" data-id=\"35e269fd\" data-element_type=\"container\" data-e-type=\"container\" data-settings=\"{&quot;background_background&quot;:&quot;classic&quot;,&quot;jet_parallax_layout_list&quot;:[]}\">\n\t\t\t\t<div class=\"elementor-element elementor-element-459b631 elementor-widget elementor-widget-heading\" data-id=\"459b631\" data-element_type=\"widget\" data-e-type=\"widget\" data-widget_type=\"heading.default\">\n\t\t\t\t\t<h2 class=\"elementor-heading-title elementor-size-default\">Catchup h\u00f8jdepunkter<\/h2>\t\t\t\t<\/div>\n\t\t\t\t<div class=\"elementor-element elementor-element-79ed4df0 elementor-widget elementor-widget-text-editor\" data-id=\"79ed4df0\" data-element_type=\"widget\" data-e-type=\"widget\" data-widget_type=\"text-editor.default\">\n\t\t\t\t\t\t\t\t\t<p>\u2705 H\u00f8jdejusterbar s\u00e6de- og fodst\u00f8tte<br \/>\u2705 Justerbar rygl\u00e6n og sidest\u00f8tte<br \/>\u2705 Ergonomisk design for optimal postural st\u00f8tte<br \/>\u2705 Stabil base for sikkerhed og tryghed<br \/>\u2705 Let at tilpasse uden brug af v\u00e6rkt\u00f8j<br \/>\u2705 Velegnet til b\u00f8rn i v\u00e6kst \u2013 \u201cvokser med barnet\u201d<\/p>\t\t\t\t\t\t\t\t<\/div>\n\t\t\t\t<\/div>\n\t\t<div class=\"elementor-element elementor-element-7f57278a e-con-full e-flex e-con e-child\" data-id=\"7f57278a\" data-element_type=\"container\" data-e-type=\"container\" data-settings=\"{&quot;background_background&quot;:&quot;classic&quot;,&quot;jet_parallax_layout_list&quot;:[]}\">\n\t\t\t\t<div class=\"elementor-element elementor-element-107d8627 elementor-widget elementor-widget-spacer\" data-id=\"107d8627\" data-element_type=\"widget\" data-e-type=\"widget\" data-widget_type=\"spacer.default\">\n\t\t\t\t\t\t\t<div class=\"elementor-spacer\">\n\t\t\t<div class=\"elementor-spacer-inner\"><\/div>\n\t\t<\/div>\n\t\t\t\t\t\t<\/div>\n\t\t\t\t<\/div>\n\t\t\t\t\t<\/div>\n\t\t\t\t<\/div>\n\t\t<div class=\"elementor-element elementor-element-78676d5b e-flex e-con-boxed e-con e-parent\" data-id=\"78676d5b\" data-element_type=\"container\" data-e-type=\"container\" data-settings=\"{&quot;jet_parallax_layout_list&quot;:[]}\">\n\t\t\t\t\t<div class=\"e-con-inner\">\n\t\t<div class=\"elementor-element elementor-element-55bbc2d0 e-con-full e-flex e-con e-child\" data-id=\"55bbc2d0\" data-element_type=\"container\" data-e-type=\"container\" data-settings=\"{&quot;background_background&quot;:&quot;classic&quot;,&quot;jet_parallax_layout_list&quot;:[]}\">\n\t\t\t\t<div class=\"elementor-element elementor-element-20a57aff elementor-widget elementor-widget-spacer\" data-id=\"20a57aff\" data-element_type=\"widget\" data-e-type=\"widget\" data-widget_type=\"spacer.default\">\n\t\t\t\t\t\t\t<div class=\"elementor-spacer\">\n\t\t\t<div class=\"elementor-spacer-inner\"><\/div>\n\t\t<\/div>\n\t\t\t\t\t\t<\/div>\n\t\t\t\t<\/div>\n\t\t<div class=\"elementor-element elementor-element-4e9e5a31 e-con-full e-flex e-con e-child\" data-id=\"4e9e5a31\" data-element_type=\"container\" data-e-type=\"container\" data-settings=\"{&quot;background_background&quot;:&quot;classic&quot;,&quot;jet_parallax_layout_list&quot;:[]}\">\n\t\t\t\t<div class=\"elementor-element elementor-element-15c4dde8 elementor-widget elementor-widget-heading\" data-id=\"15c4dde8\" data-element_type=\"widget\" data-e-type=\"widget\" data-widget_type=\"heading.default\">\n\t\t\t\t\t<h1 class=\"elementor-heading-title elementor-size-default\">Catch-up stolen i hjemmet<\/h1>\t\t\t\t<\/div>\n\t\t\t\t<div class=\"elementor-element elementor-element-585a2c38 elementor-widget elementor-widget-text-editor\" data-id=\"585a2c38\" data-element_type=\"widget\" data-e-type=\"widget\" data-widget_type=\"text-editor.default\">\n\t\t\t\t\t\t\t\t\t<p>I hjemmet skaber Special Tomato Catch-Up stolen mulighed for, at barnet kan v\u00e6re en naturlig del af familiens hverdag \u2013 ved spisebordet, til lektier eller leg. Den underst\u00f8tter god kropsholdning og reducerer risikoen for ubehag eller overbelastning, hvilket giver barnet bedre mulighed for at fokusere p\u00e5 sociale og l\u00e6rende aktiviteter.<\/p>\t\t\t\t\t\t\t\t<\/div>\n\t\t\t\t<\/div>\n\t\t\t\t\t<\/div>\n\t\t\t\t<\/div>\n\t\t<div class=\"elementor-element elementor-element-538aba17 e-flex e-con-boxed e-con e-parent\" data-id=\"538aba17\" data-element_type=\"container\" data-e-type=\"container\" data-settings=\"{&quot;jet_parallax_layout_list&quot;:[]}\">\n\t\t\t\t\t<div class=\"e-con-inner\">\n\t\t<div class=\"elementor-element elementor-element-2c4f5444 e-con-full e-flex e-con e-child\" data-id=\"2c4f5444\" data-element_type=\"container\" data-e-type=\"container\" data-settings=\"{&quot;background_background&quot;:&quot;classic&quot;,&quot;jet_parallax_layout_list&quot;:[]}\">\n\t\t\t\t<div class=\"elementor-element elementor-element-5280de3 elementor-widget elementor-widget-heading\" data-id=\"5280de3\" data-element_type=\"widget\" data-e-type=\"widget\" data-widget_type=\"heading.default\">\n\t\t\t\t\t<h2 class=\"elementor-heading-title elementor-size-default\">Catch-up stolen i institutioner<\/h2>\t\t\t\t<\/div>\n\t\t\t\t<div class=\"elementor-element elementor-element-ba1c2f8 elementor-widget elementor-widget-text-editor\" data-id=\"ba1c2f8\" data-element_type=\"widget\" data-e-type=\"widget\" data-widget_type=\"text-editor.default\">\n\t\t\t\t\t\t\t\t\t<p>I daginstitutioner og skoler er stolen et st\u00e6rkt redskab til inklusion, der hj\u00e6lper b\u00f8rn med s\u00e6rlige behov til at deltage i gruppeaktiviteter. Personalet kan hurtigt tilpasse stolen til det enkelte barns behov, hvilket sparer tid og sikrer, at barnet f\u00e5r den n\u00f8dvendige st\u00f8tte gennem hele dagen \u2013 b\u00e5de i klassev\u00e6relset, i spisesituationer og under kreative aktiviteter.<\/p>\t\t\t\t\t\t\t\t<\/div>\n\t\t\t\t<\/div>\n\t\t<div class=\"elementor-element elementor-element-5e9a2b88 e-con-full e-flex e-con e-child\" data-id=\"5e9a2b88\" data-element_type=\"container\" data-e-type=\"container\" data-settings=\"{&quot;background_background&quot;:&quot;classic&quot;,&quot;jet_parallax_layout_list&quot;:[]}\">\n\t\t\t\t<div class=\"elementor-element elementor-element-20e43b28 elementor-widget elementor-widget-spacer\" data-id=\"20e43b28\" data-element_type=\"widget\" data-e-type=\"widget\" data-widget_type=\"spacer.default\">\n\t\t\t\t\t\t\t<div class=\"elementor-spacer\">\n\t\t\t<div class=\"elementor-spacer-inner\"><\/div>\n\t\t<\/div>\n\t\t\t\t\t\t<\/div>\n\t\t\t\t<\/div>\n\t\t\t\t\t<\/div>\n\t\t\t\t<\/div>\n\t\t<div class=\"elementor-element elementor-element-67d452b0 e-flex e-con-boxed e-con e-parent\" data-id=\"67d452b0\" data-element_type=\"container\" data-e-type=\"container\" data-settings=\"{&quot;jet_parallax_layout_list&quot;:[]}\">\n\t\t\t\t\t<div class=\"e-con-inner\">\n\t\t<div class=\"elementor-element elementor-element-fd17593 e-con-full e-flex e-con e-child\" data-id=\"fd17593\" data-element_type=\"container\" data-e-type=\"container\" data-settings=\"{&quot;background_background&quot;:&quot;classic&quot;,&quot;jet_parallax_layout_list&quot;:[]}\">\n\t\t\t\t<div class=\"elementor-element elementor-element-3fc494cc elementor-widget elementor-widget-heading\" data-id=\"3fc494cc\" data-element_type=\"widget\" data-e-type=\"widget\" data-widget_type=\"heading.default\">\n\t\t\t\t\t<h2 class=\"elementor-heading-title elementor-size-default\">Bingo Evolution tilbeh\u00f8r<\/h2>\t\t\t\t<\/div>\n\t\t\t\t<div class=\"elementor-element elementor-element-10301d77 elementor-widget elementor-widget-text-editor\" data-id=\"10301d77\" data-element_type=\"widget\" data-e-type=\"widget\" data-widget_type=\"text-editor.default\">\n\t\t\t\t\t\t\t\t\t<p>BINGO Evolution tilbyder et omfattende udvalg af tilbeh\u00f8r, der g\u00f8r det muligt at skr\u00e6ddersy klapvognen efter individuelle behov. For at sikre optimal komfort og st\u00f8tte kan du v\u00e6lge mellem forskellige hovedst\u00f8tter, herunder anatomiske og h\u00f8je modeller. Til overkroppen er der tilg\u00e6ngelige l\u00f8sninger som 5-punkts seler, brystseler og justerbare sidest\u00f8tter, der bidrager til en sikker og stabil siddestilling. For underkroppen kan du tilf\u00f8je ankelbesp\u00e6ndinger, fodstropper og abduktionsklodser for at forbedre positioneringen. Desuden kan vognen udstyres med en kaleche med integreret regnslag for beskyttelse mod vejret, en terapibakke til aktiviteter undervejs, og en rummelig opbevaringskurv til personlige ejendele. Dette tilbeh\u00f8r sikrer, at BINGO Evolution kan tilpasses pr\u00e6cist efter brugerens behov og pr\u00e6ferencer.<\/p>\t\t\t\t\t\t\t\t<\/div>\n\t\t\t\t<\/div>\n\t\t<div class=\"elementor-element elementor-element-3ded5dc7 e-con-full e-flex e-con e-child\" data-id=\"3ded5dc7\" data-element_type=\"container\" data-e-type=\"container\" data-settings=\"{&quot;background_background&quot;:&quot;slideshow&quot;,&quot;background_slideshow_gallery&quot;:[{&quot;id&quot;:45519,&quot;url&quot;:&quot;https:\\\/\\\/globalcarehab.com\\\/wp-content\\\/uploads\\\/2025\\\/02\\\/Bingo-Evolution-Abduction.png&quot;},{&quot;id&quot;:45537,&quot;url&quot;:&quot;https:\\\/\\\/globalcarehab.com\\\/wp-content\\\/uploads\\\/2025\\\/02\\\/Bingo-kaleche.png&quot;},{&quot;id&quot;:45531,&quot;url&quot;:&quot;https:\\\/\\\/globalcarehab.com\\\/wp-content\\\/uploads\\\/2025\\\/02\\\/Bingo-Evolution-Tray.png&quot;},{&quot;id&quot;:45528,&quot;url&quot;:&quot;https:\\\/\\\/globalcarehab.com\\\/wp-content\\\/uploads\\\/2025\\\/02\\\/Bingo-evolution-thorox.png&quot;},{&quot;id&quot;:45525,&quot;url&quot;:&quot;https:\\\/\\\/globalcarehab.com\\\/wp-content\\\/uploads\\\/2025\\\/02\\\/Bingo-Evolution-Handrail.png&quot;}],&quot;jet_parallax_layout_list&quot;:[],&quot;background_slideshow_loop&quot;:&quot;yes&quot;,&quot;background_slideshow_slide_duration&quot;:5000,&quot;background_slideshow_slide_transition&quot;:&quot;fade&quot;,&quot;background_slideshow_transition_duration&quot;:500}\">\n\t\t\t\t<\/div>\n\t\t\t\t\t<\/div>\n\t\t\t\t<\/div>\n\t\t\t\t<\/div>\n\t\t","protected":false},"excerpt":{"rendered":"<p>ST CatchUp Chair er en h\u00f8jdejusterbar stol designet til b\u00f8rn med s\u00e6rlige behov, der har brug for st\u00f8tte til siddestilling i dagligdagen. Den giver ergonomisk st\u00f8tte til b\u00e5de hofter, ryg og f\u00f8dder, s\u00e5 barnet kan deltage aktivt i aktiviteter ved bordet \u2013 b\u00e5de hjemme, i institution eller skole. Stolen kan let tilpasses barnets v\u00e6kst og behov for st\u00f8tte.<\/p>\n","protected":false},"featured_media":41204,"template":"","meta":[],"product_brand":[],"product_cat":[414,411],"product_tag":[],"class_list":{"0":"post-48044","1":"product","2":"type-product","3":"status-publish","4":"has-post-thumbnail","6":"product_cat-sidde-systemer","7":"product_cat-special-tomato-da","9":"first","10":"instock","11":"taxable","12":"shipping-taxable","13":"product-type-simple"},"yoast_head":"<!-- This site is optimized with the Yoast SEO plugin v26.9 - https:\/\/yoast.com\/product\/yoast-seo-wordpress\/ -->\n<title>CatchUp stol | Global Carehab<\/title>\n<meta name=\"description\" content=\"H\u00f8jdejusterbar stol til b\u00f8rn med s\u00e6rlige behov. Giver st\u00f8tte, komfort og inklusion i hjemmet, skolen og institutioner. Sitter &amp; Liner classic kan inds\u00e6ttes.\" \/>\n<meta name=\"robots\" content=\"index, follow, max-snippet:-1, max-image-preview:large, max-video-preview:-1\" \/>\n<link rel=\"canonical\" href=\"https:\/\/globalcarehab.com\/da\/produkt\/catchup-stol\/\" \/>\n<meta property=\"og:locale\" content=\"da_DK\" \/>\n<meta property=\"og:type\" content=\"article\" \/>\n<meta property=\"og:title\" content=\"CatchUp stol | Global Carehab\" \/>\n<meta property=\"og:description\" content=\"H\u00f8jdejusterbar stol til b\u00f8rn med s\u00e6rlige behov. Giver st\u00f8tte, komfort og inklusion i hjemmet, skolen og institutioner. Sitter &amp; Liner classic kan inds\u00e6ttes.\" \/>\n<meta property=\"og:url\" content=\"https:\/\/globalcarehab.com\/da\/produkt\/catchup-stol\/\" \/>\n<meta property=\"og:site_name\" content=\"Global Carehab\" \/>\n<meta property=\"article:modified_time\" content=\"2026-01-06T21:37:48+00:00\" \/>\n<meta property=\"og:image\" content=\"https:\/\/globalcarehab.com\/wp-content\/uploads\/2020\/03\/CatchupChair.png\" \/>\n\t<meta property=\"og:image:width\" content=\"700\" \/>\n\t<meta property=\"og:image:height\" content=\"700\" \/>\n\t<meta property=\"og:image:type\" content=\"image\/png\" \/>\n<meta name=\"twitter:card\" content=\"summary_large_image\" \/>\n<meta name=\"twitter:label1\" content=\"Estimeret l\u00e6setid\" \/>\n\t<meta name=\"twitter:data1\" content=\"2 minutter\" \/>\n<script type=\"application\/ld+json\" class=\"yoast-schema-graph\">{\"@context\":\"https:\/\/schema.org\",\"@graph\":[{\"@type\":\"WebPage\",\"@id\":\"https:\/\/globalcarehab.com\/da\/produkt\/catchup-stol\/\",\"url\":\"https:\/\/globalcarehab.com\/da\/produkt\/catchup-stol\/\",\"name\":\"CatchUp stol | Global Carehab\",\"isPartOf\":{\"@id\":\"https:\/\/globalcarehab.com\/da\/#website\"},\"primaryImageOfPage\":{\"@id\":\"https:\/\/globalcarehab.com\/da\/produkt\/catchup-stol\/#primaryimage\"},\"image\":{\"@id\":\"https:\/\/globalcarehab.com\/da\/produkt\/catchup-stol\/#primaryimage\"},\"thumbnailUrl\":\"https:\/\/globalcarehab.com\/wp-content\/uploads\/2020\/03\/CatchupChair.png\",\"datePublished\":\"2025-07-16T12:32:18+00:00\",\"dateModified\":\"2026-01-06T21:37:48+00:00\",\"description\":\"H\u00f8jdejusterbar stol til b\u00f8rn med s\u00e6rlige behov. Giver st\u00f8tte, komfort og inklusion i hjemmet, skolen og institutioner. Sitter & Liner classic kan inds\u00e6ttes.\",\"breadcrumb\":{\"@id\":\"https:\/\/globalcarehab.com\/da\/produkt\/catchup-stol\/#breadcrumb\"},\"inLanguage\":\"da-DK\",\"potentialAction\":[{\"@type\":\"ReadAction\",\"target\":[\"https:\/\/globalcarehab.com\/da\/produkt\/catchup-stol\/\"]}]},{\"@type\":\"ImageObject\",\"inLanguage\":\"da-DK\",\"@id\":\"https:\/\/globalcarehab.com\/da\/produkt\/catchup-stol\/#primaryimage\",\"url\":\"https:\/\/globalcarehab.com\/wp-content\/uploads\/2020\/03\/CatchupChair.png\",\"contentUrl\":\"https:\/\/globalcarehab.com\/wp-content\/uploads\/2020\/03\/CatchupChair.png\",\"width\":700,\"height\":700},{\"@type\":\"BreadcrumbList\",\"@id\":\"https:\/\/globalcarehab.com\/da\/produkt\/catchup-stol\/#breadcrumb\",\"itemListElement\":[{\"@type\":\"ListItem\",\"position\":1,\"name\":\"Hjem\",\"item\":\"https:\/\/globalcarehab.com\/da\/\"},{\"@type\":\"ListItem\",\"position\":2,\"name\":\"Shop\",\"item\":\"https:\/\/globalcarehab.com\/da\/shop\/\"},{\"@type\":\"ListItem\",\"position\":3,\"name\":\"Varem\u00e6rke\",\"item\":\"https:\/\/globalcarehab.com\/da\/vare-kategori\/varemaerke\/\"},{\"@type\":\"ListItem\",\"position\":4,\"name\":\"Special Tomato\",\"item\":\"https:\/\/globalcarehab.com\/da\/vare-kategori\/varemaerke\/special-tomato-da\/\"},{\"@type\":\"ListItem\",\"position\":5,\"name\":\"CatchUp stol\"}]},{\"@type\":\"WebSite\",\"@id\":\"https:\/\/globalcarehab.com\/da\/#website\",\"url\":\"https:\/\/globalcarehab.com\/da\/\",\"name\":\"Global Carehab\",\"description\":\"For Children and Teenagers with Special Needs\",\"publisher\":{\"@id\":\"https:\/\/globalcarehab.com\/da\/#organization\"},\"potentialAction\":[{\"@type\":\"SearchAction\",\"target\":{\"@type\":\"EntryPoint\",\"urlTemplate\":\"https:\/\/globalcarehab.com\/da\/?s={search_term_string}\"},\"query-input\":{\"@type\":\"PropertyValueSpecification\",\"valueRequired\":true,\"valueName\":\"search_term_string\"}}],\"inLanguage\":\"da-DK\"},{\"@type\":\"Organization\",\"@id\":\"https:\/\/globalcarehab.com\/da\/#organization\",\"name\":\"Global Carehab\",\"url\":\"https:\/\/globalcarehab.com\/da\/\",\"logo\":{\"@type\":\"ImageObject\",\"inLanguage\":\"da-DK\",\"@id\":\"https:\/\/globalcarehab.com\/da\/#\/schema\/logo\/image\/\",\"url\":\"https:\/\/globalcarehab.com\/wp-content\/uploads\/2024\/03\/carehab-logo.svg\",\"contentUrl\":\"https:\/\/globalcarehab.com\/wp-content\/uploads\/2024\/03\/carehab-logo.svg\",\"width\":1,\"height\":1,\"caption\":\"Global Carehab\"},\"image\":{\"@id\":\"https:\/\/globalcarehab.com\/da\/#\/schema\/logo\/image\/\"}}]}<\/script>\n<!-- \/ Yoast SEO plugin. -->","yoast_head_json":{"title":"CatchUp stol | Global Carehab","description":"H\u00f8jdejusterbar stol til b\u00f8rn med s\u00e6rlige behov. Giver st\u00f8tte, komfort og inklusion i hjemmet, skolen og institutioner. Sitter & Liner classic kan inds\u00e6ttes.","robots":{"index":"index","follow":"follow","max-snippet":"max-snippet:-1","max-image-preview":"max-image-preview:large","max-video-preview":"max-video-preview:-1"},"canonical":"https:\/\/globalcarehab.com\/da\/produkt\/catchup-stol\/","og_locale":"da_DK","og_type":"article","og_title":"CatchUp stol | Global Carehab","og_description":"H\u00f8jdejusterbar stol til b\u00f8rn med s\u00e6rlige behov. Giver st\u00f8tte, komfort og inklusion i hjemmet, skolen og institutioner. Sitter & Liner classic kan inds\u00e6ttes.","og_url":"https:\/\/globalcarehab.com\/da\/produkt\/catchup-stol\/","og_site_name":"Global Carehab","article_modified_time":"2026-01-06T21:37:48+00:00","og_image":[{"width":700,"height":700,"url":"https:\/\/globalcarehab.com\/wp-content\/uploads\/2020\/03\/CatchupChair.png","type":"image\/png"}],"twitter_card":"summary_large_image","twitter_misc":{"Estimeret l\u00e6setid":"2 minutter"},"schema":{"@context":"https:\/\/schema.org","@graph":[{"@type":"WebPage","@id":"https:\/\/globalcarehab.com\/da\/produkt\/catchup-stol\/","url":"https:\/\/globalcarehab.com\/da\/produkt\/catchup-stol\/","name":"CatchUp stol | Global Carehab","isPartOf":{"@id":"https:\/\/globalcarehab.com\/da\/#website"},"primaryImageOfPage":{"@id":"https:\/\/globalcarehab.com\/da\/produkt\/catchup-stol\/#primaryimage"},"image":{"@id":"https:\/\/globalcarehab.com\/da\/produkt\/catchup-stol\/#primaryimage"},"thumbnailUrl":"https:\/\/globalcarehab.com\/wp-content\/uploads\/2020\/03\/CatchupChair.png","datePublished":"2025-07-16T12:32:18+00:00","dateModified":"2026-01-06T21:37:48+00:00","description":"H\u00f8jdejusterbar stol til b\u00f8rn med s\u00e6rlige behov. Giver st\u00f8tte, komfort og inklusion i hjemmet, skolen og institutioner. Sitter & Liner classic kan inds\u00e6ttes.","breadcrumb":{"@id":"https:\/\/globalcarehab.com\/da\/produkt\/catchup-stol\/#breadcrumb"},"inLanguage":"da-DK","potentialAction":[{"@type":"ReadAction","target":["https:\/\/globalcarehab.com\/da\/produkt\/catchup-stol\/"]}]},{"@type":"ImageObject","inLanguage":"da-DK","@id":"https:\/\/globalcarehab.com\/da\/produkt\/catchup-stol\/#primaryimage","url":"https:\/\/globalcarehab.com\/wp-content\/uploads\/2020\/03\/CatchupChair.png","contentUrl":"https:\/\/globalcarehab.com\/wp-content\/uploads\/2020\/03\/CatchupChair.png","width":700,"height":700},{"@type":"BreadcrumbList","@id":"https:\/\/globalcarehab.com\/da\/produkt\/catchup-stol\/#breadcrumb","itemListElement":[{"@type":"ListItem","position":1,"name":"Hjem","item":"https:\/\/globalcarehab.com\/da\/"},{"@type":"ListItem","position":2,"name":"Shop","item":"https:\/\/globalcarehab.com\/da\/shop\/"},{"@type":"ListItem","position":3,"name":"Varem\u00e6rke","item":"https:\/\/globalcarehab.com\/da\/vare-kategori\/varemaerke\/"},{"@type":"ListItem","position":4,"name":"Special Tomato","item":"https:\/\/globalcarehab.com\/da\/vare-kategori\/varemaerke\/special-tomato-da\/"},{"@type":"ListItem","position":5,"name":"CatchUp stol"}]},{"@type":"WebSite","@id":"https:\/\/globalcarehab.com\/da\/#website","url":"https:\/\/globalcarehab.com\/da\/","name":"Global Carehab","description":"For Children and Teenagers with Special Needs","publisher":{"@id":"https:\/\/globalcarehab.com\/da\/#organization"},"potentialAction":[{"@type":"SearchAction","target":{"@type":"EntryPoint","urlTemplate":"https:\/\/globalcarehab.com\/da\/?s={search_term_string}"},"query-input":{"@type":"PropertyValueSpecification","valueRequired":true,"valueName":"search_term_string"}}],"inLanguage":"da-DK"},{"@type":"Organization","@id":"https:\/\/globalcarehab.com\/da\/#organization","name":"Global Carehab","url":"https:\/\/globalcarehab.com\/da\/","logo":{"@type":"ImageObject","inLanguage":"da-DK","@id":"https:\/\/globalcarehab.com\/da\/#\/schema\/logo\/image\/","url":"https:\/\/globalcarehab.com\/wp-content\/uploads\/2024\/03\/carehab-logo.svg","contentUrl":"https:\/\/globalcarehab.com\/wp-content\/uploads\/2024\/03\/carehab-logo.svg","width":1,"height":1,"caption":"Global Carehab"},"image":{"@id":"https:\/\/globalcarehab.com\/da\/#\/schema\/logo\/image\/"}}]}},"_links":{"self":[{"href":"https:\/\/globalcarehab.com\/da\/wp-json\/wp\/v2\/product\/48044","targetHints":{"allow":["GET"]}}],"collection":[{"href":"https:\/\/globalcarehab.com\/da\/wp-json\/wp\/v2\/product"}],"about":[{"href":"https:\/\/globalcarehab.com\/da\/wp-json\/wp\/v2\/types\/product"}],"version-history":[{"count":8,"href":"https:\/\/globalcarehab.com\/da\/wp-json\/wp\/v2\/product\/48044\/revisions"}],"predecessor-version":[{"id":48053,"href":"https:\/\/globalcarehab.com\/da\/wp-json\/wp\/v2\/product\/48044\/revisions\/48053"}],"wp:featuredmedia":[{"embeddable":true,"href":"https:\/\/globalcarehab.com\/da\/wp-json\/wp\/v2\/media\/41204"}],"wp:attachment":[{"href":"https:\/\/globalcarehab.com\/da\/wp-json\/wp\/v2\/media?parent=48044"}],"wp:term":[{"taxonomy":"product_brand","embeddable":true,"href":"https:\/\/globalcarehab.com\/da\/wp-json\/wp\/v2\/product_brand?post=48044"},{"taxonomy":"product_cat","embeddable":true,"href":"https:\/\/globalcarehab.com\/da\/wp-json\/wp\/v2\/product_cat?post=48044"},{"taxonomy":"product_tag","embeddable":true,"href":"https:\/\/globalcarehab.com\/da\/wp-json\/wp\/v2\/product_tag?post=48044"}],"curies":[{"name":"wp","href":"https:\/\/api.w.org\/{rel}","templated":true}]}}