{"id":39037,"date":"2024-04-09T15:57:01","date_gmt":"2024-04-09T13:57:01","guid":{"rendered":"https:\/\/globalcarehab.com\/?page_id=39037"},"modified":"2025-01-29T14:55:40","modified_gmt":"2025-01-29T13:55:40","slug":"ueber-uns","status":"publish","type":"page","link":"https:\/\/globalcarehab.com\/de\/ueber-uns\/","title":{"rendered":"\u00dcber uns"},"content":{"rendered":"\t\t<div data-elementor-type=\"wp-page\" data-elementor-id=\"39037\" class=\"elementor elementor-39037 elementor-2033\" data-elementor-post-type=\"page\">\n\t\t\t\t<div class=\"elementor-element elementor-element-07d4749 e-flex e-con-boxed e-con e-parent\" data-id=\"07d4749\" data-element_type=\"container\" data-e-type=\"container\" data-settings=\"{&quot;background_background&quot;:&quot;classic&quot;,&quot;jet_parallax_layout_list&quot;:[]}\">\n\t\t\t\t\t<div class=\"e-con-inner\">\n\t\t\t\t<div class=\"elementor-element elementor-element-728a96c elementor-widget elementor-widget-heading\" data-id=\"728a96c\" data-element_type=\"widget\" data-e-type=\"widget\" data-widget_type=\"heading.default\">\n\t\t\t\t\t<h1 class=\"elementor-heading-title elementor-size-default\">\u00dcber uns<\/h1>\t\t\t\t<\/div>\n\t\t\t\t\t<\/div>\n\t\t\t\t<\/div>\n\t\t<div class=\"elementor-element elementor-element-dc94566 e-flex e-con-boxed e-con e-parent\" data-id=\"dc94566\" data-element_type=\"container\" data-e-type=\"container\" data-settings=\"{&quot;jet_parallax_layout_list&quot;:[]}\">\n\t\t\t\t\t<div class=\"e-con-inner\">\n\t\t<div class=\"elementor-element elementor-element-1e2a017 e-con-full e-flex e-con e-child\" data-id=\"1e2a017\" data-element_type=\"container\" data-e-type=\"container\" data-settings=\"{&quot;background_background&quot;:&quot;classic&quot;,&quot;jet_parallax_layout_list&quot;:[]}\">\n\t\t\t\t<div class=\"elementor-element elementor-element-1df879c elementor-widget elementor-widget-spacer\" data-id=\"1df879c\" data-element_type=\"widget\" data-e-type=\"widget\" data-widget_type=\"spacer.default\">\n\t\t\t\t\t\t\t<div class=\"elementor-spacer\">\n\t\t\t<div class=\"elementor-spacer-inner\"><\/div>\n\t\t<\/div>\n\t\t\t\t\t\t<\/div>\n\t\t\t\t<\/div>\n\t\t<div class=\"elementor-element elementor-element-c390f8e e-con-full e-flex e-con e-child\" data-id=\"c390f8e\" data-element_type=\"container\" data-e-type=\"container\" data-settings=\"{&quot;jet_parallax_layout_list&quot;:[],&quot;background_background&quot;:&quot;classic&quot;}\">\n\t\t\t\t<div class=\"elementor-element elementor-element-3a16087 elementor-widget elementor-widget-heading\" data-id=\"3a16087\" data-element_type=\"widget\" data-e-type=\"widget\" data-widget_type=\"heading.default\">\n\t\t\t\t\t<h2 class=\"elementor-heading-title elementor-size-default\">Unsere Geschichte - Peter Lindhardt<\/h2>\t\t\t\t<\/div>\n\t\t\t\t<div class=\"elementor-element elementor-element-b3c0071 elementor-widget elementor-widget-text-editor\" data-id=\"b3c0071\" data-element_type=\"widget\" data-e-type=\"widget\" data-widget_type=\"text-editor.default\">\n\t\t\t\t\t\t\t\t\t<p>Hallo, mein Name ist Peder Lindhardt und ich bin der Gr\u00fcnder und Inhaber von Global Carehab. Global Carehab wurde 2009 gegr\u00fcndet, mit dem Fokus auf die Unterst\u00fctzung und Lieferung von Produkten f\u00fcr Kinder und Jugendliche (bis ins Erwachsenenalter) mit besonderen Bed\u00fcrfnissen. Ich begann 1995 in diesem Bereich zu arbeiten und habe seitdem eng mit Therapeuten und Familien zusammengearbeitet, um ihre t\u00e4glichen Aktivit\u00e4ten ein wenig zu erleichtern! Ich besuche Familien und Therapeuten in D\u00e4nemark und Deutschland f\u00fcr Anpassungen und habe umfangreiche Kenntnisse \u00fcber die Herausforderungen gesammelt, denen sich Familien und Therapeuten mit Kindern mit besonderen Bed\u00fcrfnissen gegen\u00fcbersehen.<\/p><p>Jedes Jahr nehme ich an Ausstellungen teil, um Eltern und Therapeuten zu treffen, wo es m\u00f6glich ist, Erfahrungen auszutauschen und Anpassungen vorzunehmen.<\/p><p>Im Jahr 2009 habe ich die \u201eSpecial Tomato\u201c-Produkte in Europa, Skandinavien, Russland, dem Nahen Osten, Afrika und Asien eingef\u00fchrt, wo ich eng mit Partnern zusammenarbeite, die in direktem Kontakt mit Eltern und Therapeuten stehen. Neben den \u201eSpecial Tomato\u201c-Produkten haben wir noch einige andere Produktreihen hinzugef\u00fcgt, die die \u201eSpecial Tomato\u201c-Produkte erg\u00e4nzen und somit Familien neue M\u00f6glichkeiten f\u00fcr Aktivit\u00e4ten und Unterst\u00fctzung f\u00fcr Benutzer mit besonderen Bed\u00fcrfnissen bieten!<\/p><p>Die \u201eSpecial Tomato\u201c-Produktreihe besteht aus unseren Hauptprodukten, und wir freuen uns, mit dieser Produktreihe zu arbeiten, da sie mit Blick auf die Nutzer entwickelt wurde und weiterentwickelt wird.<\/p><p>Der Name \u201eSpecial Tomato\u201c entstand auf eine sehr besondere Weise, lesen Sie unten mehr dar\u00fcber.<\/p>\t\t\t\t\t\t\t\t<\/div>\n\t\t\t\t<\/div>\n\t\t\t\t\t<\/div>\n\t\t\t\t<\/div>\n\t\t<div class=\"elementor-element elementor-element-4759dd6 e-flex e-con-boxed e-con e-parent\" data-id=\"4759dd6\" data-element_type=\"container\" data-e-type=\"container\" data-settings=\"{&quot;background_background&quot;:&quot;classic&quot;,&quot;jet_parallax_layout_list&quot;:[]}\">\n\t\t\t\t\t<div class=\"e-con-inner\">\n\t\t<div class=\"elementor-element elementor-element-8046429 e-con-full e-flex e-con e-child\" data-id=\"8046429\" data-element_type=\"container\" data-e-type=\"container\" data-settings=\"{&quot;background_background&quot;:&quot;classic&quot;,&quot;jet_parallax_layout_list&quot;:[]}\">\n\t\t\t\t<div class=\"elementor-element elementor-element-056daf4 elementor-widget elementor-widget-heading\" data-id=\"056daf4\" data-element_type=\"widget\" data-e-type=\"widget\" data-widget_type=\"heading.default\">\n\t\t\t\t\t<h2 class=\"elementor-heading-title elementor-size-default\">The \"Special Tomato\" Story<\/h2>\t\t\t\t<\/div>\n\t\t\t\t<div class=\"elementor-element elementor-element-28ef11d elementor-widget elementor-widget-text-editor\" data-id=\"28ef11d\" data-element_type=\"widget\" data-e-type=\"widget\" data-widget_type=\"text-editor.default\">\n\t\t\t\t\t\t\t\t\t<p>Mein Vater und meine Mutter hatten vier Kinder. Die ersten drei Kinder waren gesund und \u201enormale\u201c Menschen. Dann kam ich, ein Baby mit einer Besonderheit: Down-Syndrom. Ich hatte ein Loch im Herzen, einen Riss in meiner Herzklappe, Gelbsucht, eine gro\u00dfe Zunge und einen wackeligen Kopf. Als ich \u00e4lter wurde, bemerkte ich auch, dass ich ein langsamer Lerner bin. Eines Tages machte es mir zu schaffen, dass ich Schwierigkeiten mit meinen Schulaufgaben hatte. Ich erz\u00e4hlte meinem Vater von diesem Problem, und er teilte eine Geschichte mit mir, als er in dem Jahr, in dem ich geboren wurde, in seinem Garten Tomaten pfl\u00fcckte. Jedes Jahr legt mein Vater einen Garten an und liebt es, Tomaten zu pflanzen. Zur Erntezeit gab es Beefsteak-Tomaten an einem Strauch. Als er eine anders geformte Tomate sah, fiel sie ihm auf. Sie hatte eine gro\u00dfe, glatte, leuchtend rote vergr\u00f6\u00dferte Seite, die meinen Vater dazu brachte, sie aufzuheben und den Buckel zu untersuchen, weil sie so einzigartig war und appetitlich aussah. Beim Abendessen war diese Tomate genauso saftig wie die anderen. Auch wenn ich anders bin, wie die Tomate, als Person mit Down-Syndrom, lieben mich meine Familie und Freunde umso mehr und m\u00f6chten mir helfen, wenn ich es brauche. Mein Vater sagt mir, dass ich, auch wenn ich mehr Schwierigkeiten beim Lernen habe als meine Geschwister, durch meine liebenswerte und aufgeschlossene Pers\u00f6nlichkeit und meinen starken Charakter genauso besonders bin wie sie. Ich denke, ich bin die besondere \u201eTomate\u201c an unserem Familienstrauch.<\/p>\t\t\t\t\t\t\t\t<\/div>\n\t\t\t\t<\/div>\n\t\t<div class=\"elementor-element elementor-element-04bfa2c e-con-full e-flex e-con e-child\" data-id=\"04bfa2c\" data-element_type=\"container\" data-e-type=\"container\" data-settings=\"{&quot;background_background&quot;:&quot;classic&quot;,&quot;jet_parallax_layout_list&quot;:[]}\">\n\t\t\t\t<div class=\"elementor-element elementor-element-a502849 elementor-widget elementor-widget-spacer\" data-id=\"a502849\" data-element_type=\"widget\" data-e-type=\"widget\" data-widget_type=\"spacer.default\">\n\t\t\t\t\t\t\t<div class=\"elementor-spacer\">\n\t\t\t<div class=\"elementor-spacer-inner\"><\/div>\n\t\t<\/div>\n\t\t\t\t\t\t<\/div>\n\t\t\t\t<\/div>\n\t\t\t\t\t<\/div>\n\t\t\t\t<\/div>\n\t\t<div class=\"elementor-element elementor-element-8eaa459 e-flex e-con-boxed e-con e-parent\" data-id=\"8eaa459\" data-element_type=\"container\" data-e-type=\"container\" data-settings=\"{&quot;background_background&quot;:&quot;classic&quot;,&quot;jet_parallax_layout_list&quot;:[]}\">\n\t\t\t\t\t<div class=\"e-con-inner\">\n\t\t<div class=\"elementor-element elementor-element-b6911e1 e-con-full e-flex e-con e-child\" data-id=\"b6911e1\" data-element_type=\"container\" data-e-type=\"container\" data-settings=\"{&quot;background_background&quot;:&quot;classic&quot;,&quot;jet_parallax_layout_list&quot;:[]}\">\n\t\t\t\t<div class=\"elementor-element elementor-element-232a538 elementor-widget elementor-widget-heading\" data-id=\"232a538\" data-element_type=\"widget\" data-e-type=\"widget\" data-widget_type=\"heading.default\">\n\t\t\t\t\t<h2 class=\"elementor-heading-title elementor-size-default\">GlobalCarehab<\/h2>\t\t\t\t<\/div>\n\t\t\t\t<div class=\"elementor-element elementor-element-094e100 elementor-widget elementor-widget-text-editor\" data-id=\"094e100\" data-element_type=\"widget\" data-e-type=\"widget\" data-widget_type=\"text-editor.default\">\n\t\t\t\t\t\t\t\t\tErfahren Sie mehr \u00fcber uns bei Global Carehab. Wir sind angetrieben von einem leidenschaftlichen Engagement, Familien mit besonderen Bed\u00fcrfnissen auf der ganzen Welt zu unterst\u00fctzen und zu st\u00e4rken. Unsere Mission ist einfach, aber tiefgreifend \u2013 den Alltag f\u00fcr diejenigen zu erleichtern, die vor einzigartigen Herausforderungen stehen.\n\n\n\n\n\n\n\t\t\t\t\t\t\t\t<\/div>\n\t\t\t\t<div class=\"elementor-element elementor-element-0338cc2 elementor-align-center elementor-widget elementor-widget-button\" data-id=\"0338cc2\" data-element_type=\"widget\" data-e-type=\"widget\" data-widget_type=\"button.default\">\n\t\t\t\t\t\t\t\t\t\t<a class=\"elementor-button elementor-size-sm\" role=\"button\">\n\t\t\t\t\t\t<span class=\"elementor-button-content-wrapper\">\n\t\t\t\t\t\t\t\t\t<span class=\"elementor-button-text\">Kontaktieren Sie uns<\/span>\n\t\t\t\t\t<\/span>\n\t\t\t\t\t<\/a>\n\t\t\t\t\t\t\t\t<\/div>\n\t\t\t\t<\/div>\n\t\t<div class=\"elementor-element elementor-element-1ab7994 e-con-full e-flex e-con e-child\" data-id=\"1ab7994\" data-element_type=\"container\" data-e-type=\"container\" data-settings=\"{&quot;background_background&quot;:&quot;classic&quot;,&quot;jet_parallax_layout_list&quot;:[]}\">\n\t\t\t\t<div class=\"elementor-element elementor-element-5f828ed elementor-widget elementor-widget-image\" data-id=\"5f828ed\" data-element_type=\"widget\" data-e-type=\"widget\" data-widget_type=\"image.default\">\n\t\t\t\t\t\t\t\t\t\t\t\t\t\t\t<img decoding=\"async\" width=\"1\" height=\"1\" src=\"https:\/\/globalcarehab.com\/wp-content\/uploads\/2024\/03\/carehab-logo.svg\" class=\"attachment-large size-large wp-image-37710\" alt=\"\" \/>\t\t\t\t\t\t\t\t\t\t\t\t\t\t\t<\/div>\n\t\t\t\t<\/div>\n\t\t\t\t\t<\/div>\n\t\t\t\t<\/div>\n\t\t\t\t<\/div>\n\t\t","protected":false},"excerpt":{"rendered":"<p>\u00dcber uns Unsere Geschichte &#8211; Peter Lindhardt Hallo, mein Name ist Peder Lindhardt und ich bin der Gr\u00fcnder und Inhaber von Global Carehab. Global Carehab wurde 2009 gegr\u00fcndet, mit dem Fokus auf die Unterst\u00fctzung und Lieferung von Produkten f\u00fcr Kinder und Jugendliche (bis ins Erwachsenenalter) mit besonderen Bed\u00fcrfnissen. Ich begann 1995 in diesem Bereich zu [&hellip;]<\/p>\n","protected":false},"author":1,"featured_media":0,"parent":0,"menu_order":0,"comment_status":"closed","ping_status":"closed","template":"","meta":{"footnotes":""},"class_list":["post-39037","page","type-page","status-publish","hentry"],"yoast_head":"<!-- This site is optimized with the Yoast SEO plugin v26.9 - https:\/\/yoast.com\/product\/yoast-seo-wordpress\/ -->\n<title>\u00dcber uns | Global Carehab<\/title>\n<meta name=\"robots\" content=\"index, follow, max-snippet:-1, max-image-preview:large, max-video-preview:-1\" \/>\n<link rel=\"canonical\" href=\"https:\/\/globalcarehab.com\/de\/ueber-uns\/\" \/>\n<meta property=\"og:locale\" content=\"de_DE\" \/>\n<meta property=\"og:type\" content=\"article\" \/>\n<meta property=\"og:title\" content=\"\u00dcber uns | Global Carehab\" \/>\n<meta property=\"og:description\" content=\"\u00dcber uns Unsere Geschichte &#8211; Peter Lindhardt Hallo, mein Name ist Peder Lindhardt und ich bin der Gr\u00fcnder und Inhaber von Global Carehab. Global Carehab wurde 2009 gegr\u00fcndet, mit dem Fokus auf die Unterst\u00fctzung und Lieferung von Produkten f\u00fcr Kinder und Jugendliche (bis ins Erwachsenenalter) mit besonderen Bed\u00fcrfnissen. Ich begann 1995 in diesem Bereich zu [&hellip;]\" \/>\n<meta property=\"og:url\" content=\"https:\/\/globalcarehab.com\/de\/ueber-uns\/\" \/>\n<meta property=\"og:site_name\" content=\"Global Carehab\" \/>\n<meta property=\"article:modified_time\" content=\"2025-01-29T13:55:40+00:00\" \/>\n<meta name=\"twitter:card\" content=\"summary_large_image\" \/>\n<meta name=\"twitter:label1\" content=\"Gesch\u00e4tzte Lesezeit\" \/>\n\t<meta name=\"twitter:data1\" content=\"4\u00a0Minuten\" \/>\n<script type=\"application\/ld+json\" class=\"yoast-schema-graph\">{\"@context\":\"https:\/\/schema.org\",\"@graph\":[{\"@type\":\"WebPage\",\"@id\":\"https:\/\/globalcarehab.com\/de\/ueber-uns\/\",\"url\":\"https:\/\/globalcarehab.com\/de\/ueber-uns\/\",\"name\":\"\u00dcber uns | Global Carehab\",\"isPartOf\":{\"@id\":\"https:\/\/globalcarehab.com\/de\/#website\"},\"primaryImageOfPage\":{\"@id\":\"https:\/\/globalcarehab.com\/de\/ueber-uns\/#primaryimage\"},\"image\":{\"@id\":\"https:\/\/globalcarehab.com\/de\/ueber-uns\/#primaryimage\"},\"thumbnailUrl\":\"https:\/\/globalcarehab.com\/wp-content\/uploads\/2024\/03\/carehab-logo.svg\",\"datePublished\":\"2024-04-09T13:57:01+00:00\",\"dateModified\":\"2025-01-29T13:55:40+00:00\",\"breadcrumb\":{\"@id\":\"https:\/\/globalcarehab.com\/de\/ueber-uns\/#breadcrumb\"},\"inLanguage\":\"de\",\"potentialAction\":[{\"@type\":\"ReadAction\",\"target\":[\"https:\/\/globalcarehab.com\/de\/ueber-uns\/\"]}]},{\"@type\":\"ImageObject\",\"inLanguage\":\"de\",\"@id\":\"https:\/\/globalcarehab.com\/de\/ueber-uns\/#primaryimage\",\"url\":\"https:\/\/globalcarehab.com\/wp-content\/uploads\/2024\/03\/carehab-logo.svg\",\"contentUrl\":\"https:\/\/globalcarehab.com\/wp-content\/uploads\/2024\/03\/carehab-logo.svg\"},{\"@type\":\"BreadcrumbList\",\"@id\":\"https:\/\/globalcarehab.com\/de\/ueber-uns\/#breadcrumb\",\"itemListElement\":[{\"@type\":\"ListItem\",\"position\":1,\"name\":\"Hjem\",\"item\":\"https:\/\/globalcarehab.com\/de\/\"},{\"@type\":\"ListItem\",\"position\":2,\"name\":\"\u00dcber uns\"}]},{\"@type\":\"WebSite\",\"@id\":\"https:\/\/globalcarehab.com\/de\/#website\",\"url\":\"https:\/\/globalcarehab.com\/de\/\",\"name\":\"Global Carehab\",\"description\":\"Care in Rehab\",\"publisher\":{\"@id\":\"https:\/\/globalcarehab.com\/de\/#organization\"},\"potentialAction\":[{\"@type\":\"SearchAction\",\"target\":{\"@type\":\"EntryPoint\",\"urlTemplate\":\"https:\/\/globalcarehab.com\/de\/?s={search_term_string}\"},\"query-input\":{\"@type\":\"PropertyValueSpecification\",\"valueRequired\":true,\"valueName\":\"search_term_string\"}}],\"inLanguage\":\"de\"},{\"@type\":\"Organization\",\"@id\":\"https:\/\/globalcarehab.com\/de\/#organization\",\"name\":\"Global Carehab\",\"url\":\"https:\/\/globalcarehab.com\/de\/\",\"logo\":{\"@type\":\"ImageObject\",\"inLanguage\":\"de\",\"@id\":\"https:\/\/globalcarehab.com\/de\/#\/schema\/logo\/image\/\",\"url\":\"https:\/\/globalcarehab.com\/wp-content\/uploads\/2024\/03\/carehab-logo.svg\",\"contentUrl\":\"https:\/\/globalcarehab.com\/wp-content\/uploads\/2024\/03\/carehab-logo.svg\",\"width\":1,\"height\":1,\"caption\":\"Global Carehab\"},\"image\":{\"@id\":\"https:\/\/globalcarehab.com\/de\/#\/schema\/logo\/image\/\"}}]}<\/script>\n<!-- \/ Yoast SEO plugin. -->","yoast_head_json":{"title":"\u00dcber uns | Global Carehab","robots":{"index":"index","follow":"follow","max-snippet":"max-snippet:-1","max-image-preview":"max-image-preview:large","max-video-preview":"max-video-preview:-1"},"canonical":"https:\/\/globalcarehab.com\/de\/ueber-uns\/","og_locale":"de_DE","og_type":"article","og_title":"\u00dcber uns | Global Carehab","og_description":"\u00dcber uns Unsere Geschichte &#8211; Peter Lindhardt Hallo, mein Name ist Peder Lindhardt und ich bin der Gr\u00fcnder und Inhaber von Global Carehab. Global Carehab wurde 2009 gegr\u00fcndet, mit dem Fokus auf die Unterst\u00fctzung und Lieferung von Produkten f\u00fcr Kinder und Jugendliche (bis ins Erwachsenenalter) mit besonderen Bed\u00fcrfnissen. Ich begann 1995 in diesem Bereich zu [&hellip;]","og_url":"https:\/\/globalcarehab.com\/de\/ueber-uns\/","og_site_name":"Global Carehab","article_modified_time":"2025-01-29T13:55:40+00:00","twitter_card":"summary_large_image","twitter_misc":{"Gesch\u00e4tzte Lesezeit":"4\u00a0Minuten"},"schema":{"@context":"https:\/\/schema.org","@graph":[{"@type":"WebPage","@id":"https:\/\/globalcarehab.com\/de\/ueber-uns\/","url":"https:\/\/globalcarehab.com\/de\/ueber-uns\/","name":"\u00dcber uns | Global Carehab","isPartOf":{"@id":"https:\/\/globalcarehab.com\/de\/#website"},"primaryImageOfPage":{"@id":"https:\/\/globalcarehab.com\/de\/ueber-uns\/#primaryimage"},"image":{"@id":"https:\/\/globalcarehab.com\/de\/ueber-uns\/#primaryimage"},"thumbnailUrl":"https:\/\/globalcarehab.com\/wp-content\/uploads\/2024\/03\/carehab-logo.svg","datePublished":"2024-04-09T13:57:01+00:00","dateModified":"2025-01-29T13:55:40+00:00","breadcrumb":{"@id":"https:\/\/globalcarehab.com\/de\/ueber-uns\/#breadcrumb"},"inLanguage":"de","potentialAction":[{"@type":"ReadAction","target":["https:\/\/globalcarehab.com\/de\/ueber-uns\/"]}]},{"@type":"ImageObject","inLanguage":"de","@id":"https:\/\/globalcarehab.com\/de\/ueber-uns\/#primaryimage","url":"https:\/\/globalcarehab.com\/wp-content\/uploads\/2024\/03\/carehab-logo.svg","contentUrl":"https:\/\/globalcarehab.com\/wp-content\/uploads\/2024\/03\/carehab-logo.svg"},{"@type":"BreadcrumbList","@id":"https:\/\/globalcarehab.com\/de\/ueber-uns\/#breadcrumb","itemListElement":[{"@type":"ListItem","position":1,"name":"Hjem","item":"https:\/\/globalcarehab.com\/de\/"},{"@type":"ListItem","position":2,"name":"\u00dcber uns"}]},{"@type":"WebSite","@id":"https:\/\/globalcarehab.com\/de\/#website","url":"https:\/\/globalcarehab.com\/de\/","name":"Global Carehab","description":"Care in Rehab","publisher":{"@id":"https:\/\/globalcarehab.com\/de\/#organization"},"potentialAction":[{"@type":"SearchAction","target":{"@type":"EntryPoint","urlTemplate":"https:\/\/globalcarehab.com\/de\/?s={search_term_string}"},"query-input":{"@type":"PropertyValueSpecification","valueRequired":true,"valueName":"search_term_string"}}],"inLanguage":"de"},{"@type":"Organization","@id":"https:\/\/globalcarehab.com\/de\/#organization","name":"Global Carehab","url":"https:\/\/globalcarehab.com\/de\/","logo":{"@type":"ImageObject","inLanguage":"de","@id":"https:\/\/globalcarehab.com\/de\/#\/schema\/logo\/image\/","url":"https:\/\/globalcarehab.com\/wp-content\/uploads\/2024\/03\/carehab-logo.svg","contentUrl":"https:\/\/globalcarehab.com\/wp-content\/uploads\/2024\/03\/carehab-logo.svg","width":1,"height":1,"caption":"Global Carehab"},"image":{"@id":"https:\/\/globalcarehab.com\/de\/#\/schema\/logo\/image\/"}}]}},"_links":{"self":[{"href":"https:\/\/globalcarehab.com\/de\/wp-json\/wp\/v2\/pages\/39037","targetHints":{"allow":["GET"]}}],"collection":[{"href":"https:\/\/globalcarehab.com\/de\/wp-json\/wp\/v2\/pages"}],"about":[{"href":"https:\/\/globalcarehab.com\/de\/wp-json\/wp\/v2\/types\/page"}],"author":[{"embeddable":true,"href":"https:\/\/globalcarehab.com\/de\/wp-json\/wp\/v2\/users\/1"}],"replies":[{"embeddable":true,"href":"https:\/\/globalcarehab.com\/de\/wp-json\/wp\/v2\/comments?post=39037"}],"version-history":[{"count":10,"href":"https:\/\/globalcarehab.com\/de\/wp-json\/wp\/v2\/pages\/39037\/revisions"}],"predecessor-version":[{"id":45391,"href":"https:\/\/globalcarehab.com\/de\/wp-json\/wp\/v2\/pages\/39037\/revisions\/45391"}],"wp:attachment":[{"href":"https:\/\/globalcarehab.com\/de\/wp-json\/wp\/v2\/media?parent=39037"}],"curies":[{"name":"wp","href":"https:\/\/api.w.org\/{rel}","templated":true}]}}