{"id":39086,"date":"2024-04-03T11:32:03","date_gmt":"2024-04-03T09:32:03","guid":{"rendered":"https:\/\/globalcarehab.com\/?page_id=39086"},"modified":"2024-08-26T13:49:40","modified_gmt":"2024-08-26T11:49:40","slug":"datenschutzrichtlinie","status":"publish","type":"page","link":"https:\/\/globalcarehab.com\/de\/datenschutzrichtlinie\/","title":{"rendered":"Datenschutzrichtlinie"},"content":{"rendered":"\t\t<div data-elementor-type=\"wp-page\" data-elementor-id=\"39086\" class=\"elementor elementor-39086 elementor-1891\" data-elementor-post-type=\"page\">\n\t\t\t\t<div class=\"elementor-element elementor-element-ecfe1ef e-flex e-con-boxed e-con e-parent\" data-id=\"ecfe1ef\" data-element_type=\"container\" data-e-type=\"container\" data-settings=\"{&quot;background_background&quot;:&quot;classic&quot;,&quot;jet_parallax_layout_list&quot;:[]}\">\n\t\t\t\t\t<div class=\"e-con-inner\">\n\t\t\t\t<div class=\"elementor-element elementor-element-1ad3283 elementor-widget elementor-widget-heading\" data-id=\"1ad3283\" data-element_type=\"widget\" data-e-type=\"widget\" data-widget_type=\"heading.default\">\n\t\t\t\t\t<h2 class=\"elementor-heading-title elementor-size-default\">Datenschutzrichtlinie<\/h2>\t\t\t\t<\/div>\n\t\t\t\t<div class=\"elementor-element elementor-element-a05386a elementor-widget elementor-widget-breadcrumbs\" data-id=\"a05386a\" data-element_type=\"widget\" data-e-type=\"widget\" data-widget_type=\"breadcrumbs.default\">\n\t\t\t\t\t<p id=\"breadcrumbs\"><span><span><a href=\"https:\/\/globalcarehab.com\/de\/\">Hjem<\/a><\/span><\/span><\/p>\t\t\t\t<\/div>\n\t\t\t\t\t<\/div>\n\t\t\t\t<\/div>\n\t\t<div class=\"elementor-element elementor-element-58be205 e-flex e-con-boxed e-con e-parent\" data-id=\"58be205\" data-element_type=\"container\" data-e-type=\"container\" data-settings=\"{&quot;jet_parallax_layout_list&quot;:[]}\">\n\t\t\t\t\t<div class=\"e-con-inner\">\n\t\t\t\t<div class=\"elementor-element elementor-element-73728aa elementor-widget elementor-widget-text-editor\" data-id=\"73728aa\" data-element_type=\"widget\" data-e-type=\"widget\" data-widget_type=\"text-editor.default\">\n\t\t\t\t\t\t\t\t\t<p>Diese Datenschutzrichtlinie legt fest, wie Global Carehab Informationen verwendet und sch\u00fctzt, die Sie Global Carehab bei der Nutzung dieser Website bereitstellen.<\/p><p>Global Carehab verpflichtet sich, Ihre Privatsph\u00e4re zu sch\u00fctzen. Sollten wir Sie bitten, bestimmte Informationen bereitzustellen, anhand derer Sie bei der Nutzung dieser Website identifiziert werden k\u00f6nnen, k\u00f6nnen Sie sicher sein, dass diese nur in \u00dcbereinstimmung mit dieser Datenschutzerkl\u00e4rung verwendet werden.<\/p><p>Global Carehab kann diese Richtlinie von Zeit zu Zeit \u00e4ndern, indem diese Seite aktualisiert wird. Sie sollten diese Seite regelm\u00e4\u00dfig \u00fcberpr\u00fcfen, um sicherzustellen, dass Sie mit etwaigen \u00c4nderungen zufrieden sind. Diese Richtlinie ist ab dem 31.12.2010 g\u00fcltig.<\/p><p><strong>Welche Informationen wir sammeln<\/strong><\/p><p>Wir k\u00f6nnen die folgenden Informationen sammeln:<\/p><ul><li>Name und Berufsbezeichnung<\/li><li>Kontaktinformationen, einschlie\u00dflich E-Mail-Adresse<\/li><li>Demografische Informationen wie Postleitzahl, Vorlieben und Interessen<\/li><li>Weitere Informationen, die f\u00fcr Kundenumfragen und\/oder Angebote relevant sind<\/li><\/ul><p><strong>Was wir mit den gesammelten Informationen machen<\/strong><\/p><p>Wir ben\u00f6tigen diese Informationen, um Ihre Bed\u00fcrfnisse zu verstehen und Ihnen einen besseren Service zu bieten, insbesondere aus folgenden Gr\u00fcnden:<\/p><ul><li>Interne Aufzeichnungen<\/li><li>Wir k\u00f6nnen die Informationen nutzen, um unsere Produkte und Dienstleistungen zu verbessern.<\/li><li>Wir k\u00f6nnen Ihnen gelegentlich Werbe-E-Mails \u00fcber neue Produkte, Sonderangebote oder andere Informationen senden, die Sie interessieren k\u00f6nnten, unter Verwendung der von Ihnen bereitgestellten E-Mail-Adresse.<\/li><li>Von Zeit zu Zeit k\u00f6nnen wir Ihre Informationen auch nutzen, um Sie zu Marktforschungszwecken zu kontaktieren. Wir k\u00f6nnen Sie per E-Mail, Telefon, Fax oder Post kontaktieren. Wir k\u00f6nnen die Informationen nutzen, um die Website an Ihre Interessen anzupassen.<\/li><\/ul><p><strong>Sicherheit<\/strong><\/p><p>Wir verpflichten uns, Ihre Informationen sicher zu halten. Um unbefugten Zugriff oder Offenlegung zu verhindern, haben wir geeignete physische, elektronische und organisatorische Verfahren zum Schutz und zur Sicherung der Informationen, die wir online sammeln, eingerichtet.<\/p><p><strong>Wie wir Cookies verwenden<\/strong><\/p><p>Ein Cookie ist eine kleine Datei, die um Erlaubnis bittet, auf der Festplatte Ihres Computers abgelegt zu werden. Sobald Sie zustimmen, wird die Datei hinzugef\u00fcgt und das Cookie hilft, den Webverkehr zu analysieren oder Sie wissen zu lassen, wenn Sie eine bestimmte Website besuchen. Cookies erm\u00f6glichen es Webanwendungen, auf Sie als Individuum zu reagieren. Die Webanwendung kann ihre Operationen an Ihre Bed\u00fcrfnisse, Vorlieben und Abneigungen anpassen, indem sie Informationen \u00fcber Ihre Pr\u00e4ferenzen sammelt und speichert.<\/p><p>Wir verwenden Traffic-Log-Cookies, um zu identifizieren, welche Seiten verwendet werden. Dies hilft uns, Daten \u00fcber den Webseitentraffic zu analysieren und unsere Website zu verbessern, um sie auf die Bed\u00fcrfnisse der Kunden zuzuschneiden. Wir verwenden diese Informationen nur f\u00fcr statistische Analysezwecke, und die Daten werden anschlie\u00dfend aus dem System entfernt.<\/p><p>Insgesamt helfen uns Cookies, Ihnen eine bessere Website bereitzustellen, indem sie es uns erm\u00f6glichen, zu \u00fcberwachen, welche Seiten f\u00fcr Sie n\u00fctzlich sind und welche nicht. Ein Cookie gibt uns in keiner Weise Zugang zu Ihrem Computer oder Informationen \u00fcber Sie, au\u00dfer den Daten, die Sie freiwillig mit uns teilen.<\/p><p>Sie k\u00f6nnen w\u00e4hlen, ob Sie Cookies akzeptieren oder ablehnen m\u00f6chten. Die meisten Webbrowser akzeptieren Cookies automatisch, aber Sie k\u00f6nnen in der Regel Ihre Browsereinstellungen \u00e4ndern, um Cookies abzulehnen, wenn Sie dies bevorzugen. Dies kann verhindern, dass Sie die Website in vollem Umfang nutzen k\u00f6nnen.<\/p><p><strong>Links zu anderen Websites<\/strong><\/p><p>Unsere Website kann Links zu anderen Websites von Interesse enthalten. Sobald Sie jedoch diese Links verwendet haben, um unsere Website zu verlassen, sollten Sie beachten, dass wir keine Kontrolle \u00fcber diese anderen Websites haben. Daher k\u00f6nnen wir nicht f\u00fcr den Schutz und die Privatsph\u00e4re von Informationen verantwortlich sein, die Sie beim Besuch solcher Websites bereitstellen, und solche Websites unterliegen nicht dieser Datenschutzerkl\u00e4rung. Sie sollten Vorsicht walten lassen und die Datenschutzerkl\u00e4rung der betreffenden Website einsehen.<\/p><p><strong>Kontrolle Ihrer pers\u00f6nlichen Informationen<\/strong><\/p><p>Sie k\u00f6nnen die Erfassung oder Nutzung Ihrer pers\u00f6nlichen Informationen auf folgende Weise einschr\u00e4nken:<\/p><ul><li>Wenn Sie aufgefordert werden, ein Formular auf der Website auszuf\u00fcllen, suchen Sie nach dem K\u00e4stchen, das Sie anklicken k\u00f6nnen, um anzuzeigen, dass Sie nicht m\u00f6chten, dass die Informationen f\u00fcr Direktmarketingzwecke verwendet werden.<\/li><li>Wenn Sie zuvor zugestimmt haben, dass wir Ihre pers\u00f6nlichen Informationen f\u00fcr Direktmarketingzwecke verwenden, k\u00f6nnen Sie Ihre Meinung jederzeit \u00e4ndern, indem Sie uns schriftlich oder per E-Mail an <a rel=\"noopener\">info@globalcarehab.dk<\/a> kontaktieren. Wir werden Ihre pers\u00f6nlichen Informationen nicht an Dritte verkaufen, verteilen oder vermieten, es sei denn, wir haben Ihre Erlaubnis oder sind gesetzlich dazu verpflichtet. Wir k\u00f6nnen Ihre pers\u00f6nlichen Informationen verwenden, um Ihnen Werbeinformationen \u00fcber Dritte zu senden, von denen wir glauben, dass sie f\u00fcr Sie von Interesse sein k\u00f6nnten, wenn Sie uns mitteilen, dass Sie dies w\u00fcnschen.<\/li><\/ul><p>Sie k\u00f6nnen Details der pers\u00f6nlichen Informationen anfordern, die wir gem\u00e4\u00df dem Datenschutzgesetz 1998 \u00fcber Sie gespeichert haben. Eine geringe Geb\u00fchr wird f\u00e4llig. Wenn Sie eine Kopie der \u00fcber Sie gespeicherten Informationen m\u00f6chten, schreiben Sie bitte an <a rel=\"noopener\">info@globalcarehab.dk<\/a>.<\/p><p>Wenn Sie glauben, dass Informationen, die wir \u00fcber Sie gespeichert haben, falsch oder unvollst\u00e4ndig sind, schreiben Sie bitte so schnell wie m\u00f6glich an die oben angegebene Adresse oder senden Sie uns eine E-Mail. Wir werden alle als falsch befundenen Informationen umgehend korrigieren.<\/p>\t\t\t\t\t\t\t\t<\/div>\n\t\t\t\t\t<\/div>\n\t\t\t\t<\/div>\n\t\t\t\t<\/div>\n\t\t","protected":false},"excerpt":{"rendered":"<p>Diese Datenschutzrichtlinie legt fest, wie Global Carehab Informationen verwendet und sch\u00fctzt, die Sie Global Carehab bei der Nutzung dieser Website bereitstellen. Global Carehab verpflichtet sich, Ihre Privatsph\u00e4re zu sch\u00fctzen. Sollten wir Sie bitten, bestimmte Informationen bereitzustellen, anhand derer Sie bei der Nutzung dieser Website identifiziert werden k\u00f6nnen, k\u00f6nnen Sie sicher sein, dass diese nur in [&hellip;]<\/p>\n","protected":false},"author":1,"featured_media":0,"parent":0,"menu_order":0,"comment_status":"closed","ping_status":"closed","template":"","meta":{"footnotes":""},"class_list":["post-39086","page","type-page","status-publish","hentry"],"yoast_head":"<!-- This site is optimized with the Yoast SEO plugin v26.9 - https:\/\/yoast.com\/product\/yoast-seo-wordpress\/ -->\n<title>Datenschutzrichtlinie | Global Carehab<\/title>\n<meta name=\"robots\" content=\"index, follow, max-snippet:-1, max-image-preview:large, max-video-preview:-1\" \/>\n<link rel=\"canonical\" href=\"https:\/\/globalcarehab.com\/de\/datenschutzrichtlinie\/\" \/>\n<meta property=\"og:locale\" content=\"de_DE\" \/>\n<meta property=\"og:type\" content=\"article\" \/>\n<meta property=\"og:title\" content=\"Datenschutzrichtlinie | Global Carehab\" \/>\n<meta property=\"og:description\" content=\"Diese Datenschutzrichtlinie legt fest, wie Global Carehab Informationen verwendet und sch\u00fctzt, die Sie Global Carehab bei der Nutzung dieser Website bereitstellen. Global Carehab verpflichtet sich, Ihre Privatsph\u00e4re zu sch\u00fctzen. Sollten wir Sie bitten, bestimmte Informationen bereitzustellen, anhand derer Sie bei der Nutzung dieser Website identifiziert werden k\u00f6nnen, k\u00f6nnen Sie sicher sein, dass diese nur in [&hellip;]\" \/>\n<meta property=\"og:url\" content=\"https:\/\/globalcarehab.com\/de\/datenschutzrichtlinie\/\" \/>\n<meta property=\"og:site_name\" content=\"Global Carehab\" \/>\n<meta property=\"article:modified_time\" content=\"2024-08-26T11:49:40+00:00\" \/>\n<meta name=\"twitter:card\" content=\"summary_large_image\" \/>\n<meta name=\"twitter:label1\" content=\"Gesch\u00e4tzte Lesezeit\" \/>\n\t<meta name=\"twitter:data1\" content=\"5\u00a0Minuten\" \/>\n<script type=\"application\/ld+json\" class=\"yoast-schema-graph\">{\"@context\":\"https:\/\/schema.org\",\"@graph\":[{\"@type\":\"WebPage\",\"@id\":\"https:\/\/globalcarehab.com\/de\/datenschutzrichtlinie\/\",\"url\":\"https:\/\/globalcarehab.com\/de\/datenschutzrichtlinie\/\",\"name\":\"Datenschutzrichtlinie | Global Carehab\",\"isPartOf\":{\"@id\":\"https:\/\/globalcarehab.com\/de\/#website\"},\"datePublished\":\"2024-04-03T09:32:03+00:00\",\"dateModified\":\"2024-08-26T11:49:40+00:00\",\"breadcrumb\":{\"@id\":\"https:\/\/globalcarehab.com\/de\/datenschutzrichtlinie\/#breadcrumb\"},\"inLanguage\":\"de\",\"potentialAction\":[{\"@type\":\"ReadAction\",\"target\":[\"https:\/\/globalcarehab.com\/de\/datenschutzrichtlinie\/\"]}]},{\"@type\":\"BreadcrumbList\",\"@id\":\"https:\/\/globalcarehab.com\/de\/datenschutzrichtlinie\/#breadcrumb\",\"itemListElement\":[{\"@type\":\"ListItem\",\"position\":1,\"name\":\"Hjem\",\"item\":\"https:\/\/globalcarehab.com\/de\/\"},{\"@type\":\"ListItem\",\"position\":2,\"name\":\"Datenschutzrichtlinie\"}]},{\"@type\":\"WebSite\",\"@id\":\"https:\/\/globalcarehab.com\/de\/#website\",\"url\":\"https:\/\/globalcarehab.com\/de\/\",\"name\":\"Global Carehab\",\"description\":\"Care in Rehab\",\"publisher\":{\"@id\":\"https:\/\/globalcarehab.com\/de\/#organization\"},\"potentialAction\":[{\"@type\":\"SearchAction\",\"target\":{\"@type\":\"EntryPoint\",\"urlTemplate\":\"https:\/\/globalcarehab.com\/de\/?s={search_term_string}\"},\"query-input\":{\"@type\":\"PropertyValueSpecification\",\"valueRequired\":true,\"valueName\":\"search_term_string\"}}],\"inLanguage\":\"de\"},{\"@type\":\"Organization\",\"@id\":\"https:\/\/globalcarehab.com\/de\/#organization\",\"name\":\"Global Carehab\",\"url\":\"https:\/\/globalcarehab.com\/de\/\",\"logo\":{\"@type\":\"ImageObject\",\"inLanguage\":\"de\",\"@id\":\"https:\/\/globalcarehab.com\/de\/#\/schema\/logo\/image\/\",\"url\":\"https:\/\/globalcarehab.com\/wp-content\/uploads\/2024\/03\/carehab-logo.svg\",\"contentUrl\":\"https:\/\/globalcarehab.com\/wp-content\/uploads\/2024\/03\/carehab-logo.svg\",\"width\":1,\"height\":1,\"caption\":\"Global Carehab\"},\"image\":{\"@id\":\"https:\/\/globalcarehab.com\/de\/#\/schema\/logo\/image\/\"}}]}<\/script>\n<!-- \/ Yoast SEO plugin. -->","yoast_head_json":{"title":"Datenschutzrichtlinie | Global Carehab","robots":{"index":"index","follow":"follow","max-snippet":"max-snippet:-1","max-image-preview":"max-image-preview:large","max-video-preview":"max-video-preview:-1"},"canonical":"https:\/\/globalcarehab.com\/de\/datenschutzrichtlinie\/","og_locale":"de_DE","og_type":"article","og_title":"Datenschutzrichtlinie | Global Carehab","og_description":"Diese Datenschutzrichtlinie legt fest, wie Global Carehab Informationen verwendet und sch\u00fctzt, die Sie Global Carehab bei der Nutzung dieser Website bereitstellen. Global Carehab verpflichtet sich, Ihre Privatsph\u00e4re zu sch\u00fctzen. Sollten wir Sie bitten, bestimmte Informationen bereitzustellen, anhand derer Sie bei der Nutzung dieser Website identifiziert werden k\u00f6nnen, k\u00f6nnen Sie sicher sein, dass diese nur in [&hellip;]","og_url":"https:\/\/globalcarehab.com\/de\/datenschutzrichtlinie\/","og_site_name":"Global Carehab","article_modified_time":"2024-08-26T11:49:40+00:00","twitter_card":"summary_large_image","twitter_misc":{"Gesch\u00e4tzte Lesezeit":"5\u00a0Minuten"},"schema":{"@context":"https:\/\/schema.org","@graph":[{"@type":"WebPage","@id":"https:\/\/globalcarehab.com\/de\/datenschutzrichtlinie\/","url":"https:\/\/globalcarehab.com\/de\/datenschutzrichtlinie\/","name":"Datenschutzrichtlinie | Global Carehab","isPartOf":{"@id":"https:\/\/globalcarehab.com\/de\/#website"},"datePublished":"2024-04-03T09:32:03+00:00","dateModified":"2024-08-26T11:49:40+00:00","breadcrumb":{"@id":"https:\/\/globalcarehab.com\/de\/datenschutzrichtlinie\/#breadcrumb"},"inLanguage":"de","potentialAction":[{"@type":"ReadAction","target":["https:\/\/globalcarehab.com\/de\/datenschutzrichtlinie\/"]}]},{"@type":"BreadcrumbList","@id":"https:\/\/globalcarehab.com\/de\/datenschutzrichtlinie\/#breadcrumb","itemListElement":[{"@type":"ListItem","position":1,"name":"Hjem","item":"https:\/\/globalcarehab.com\/de\/"},{"@type":"ListItem","position":2,"name":"Datenschutzrichtlinie"}]},{"@type":"WebSite","@id":"https:\/\/globalcarehab.com\/de\/#website","url":"https:\/\/globalcarehab.com\/de\/","name":"Global Carehab","description":"Care in Rehab","publisher":{"@id":"https:\/\/globalcarehab.com\/de\/#organization"},"potentialAction":[{"@type":"SearchAction","target":{"@type":"EntryPoint","urlTemplate":"https:\/\/globalcarehab.com\/de\/?s={search_term_string}"},"query-input":{"@type":"PropertyValueSpecification","valueRequired":true,"valueName":"search_term_string"}}],"inLanguage":"de"},{"@type":"Organization","@id":"https:\/\/globalcarehab.com\/de\/#organization","name":"Global Carehab","url":"https:\/\/globalcarehab.com\/de\/","logo":{"@type":"ImageObject","inLanguage":"de","@id":"https:\/\/globalcarehab.com\/de\/#\/schema\/logo\/image\/","url":"https:\/\/globalcarehab.com\/wp-content\/uploads\/2024\/03\/carehab-logo.svg","contentUrl":"https:\/\/globalcarehab.com\/wp-content\/uploads\/2024\/03\/carehab-logo.svg","width":1,"height":1,"caption":"Global Carehab"},"image":{"@id":"https:\/\/globalcarehab.com\/de\/#\/schema\/logo\/image\/"}}]}},"_links":{"self":[{"href":"https:\/\/globalcarehab.com\/de\/wp-json\/wp\/v2\/pages\/39086","targetHints":{"allow":["GET"]}}],"collection":[{"href":"https:\/\/globalcarehab.com\/de\/wp-json\/wp\/v2\/pages"}],"about":[{"href":"https:\/\/globalcarehab.com\/de\/wp-json\/wp\/v2\/types\/page"}],"author":[{"embeddable":true,"href":"https:\/\/globalcarehab.com\/de\/wp-json\/wp\/v2\/users\/1"}],"replies":[{"embeddable":true,"href":"https:\/\/globalcarehab.com\/de\/wp-json\/wp\/v2\/comments?post=39086"}],"version-history":[{"count":4,"href":"https:\/\/globalcarehab.com\/de\/wp-json\/wp\/v2\/pages\/39086\/revisions"}],"predecessor-version":[{"id":39091,"href":"https:\/\/globalcarehab.com\/de\/wp-json\/wp\/v2\/pages\/39086\/revisions\/39091"}],"wp:attachment":[{"href":"https:\/\/globalcarehab.com\/de\/wp-json\/wp\/v2\/media?parent=39086"}],"curies":[{"name":"wp","href":"https:\/\/api.w.org\/{rel}","templated":true}]}}