{"id":39586,"date":"2024-06-27T15:20:21","date_gmt":"2024-06-27T13:20:21","guid":{"rendered":"https:\/\/globalcarehab.com\/?post_type=product&#038;p=39586"},"modified":"2025-10-11T20:20:31","modified_gmt":"2025-10-11T18:20:31","slug":"bag-for-legs-no-seat","status":"publish","type":"product","link":"https:\/\/globalcarehab.com\/de\/produkte\/bag-for-legs-no-seat\/","title":{"rendered":"Bag for legs (No Seat)"},"content":{"rendered":"\t\t<div data-elementor-type=\"product-post\" data-elementor-id=\"39586\" class=\"elementor elementor-39586 elementor-36054\" data-elementor-post-type=\"product\">\n\t\t\t\t<div class=\"elementor-element elementor-element-5a8ecbd e-flex e-con-boxed e-con e-parent\" data-id=\"5a8ecbd\" data-element_type=\"container\" data-e-type=\"container\" data-settings=\"{&quot;jet_parallax_layout_list&quot;:[]}\">\n\t\t\t\t\t<div class=\"e-con-inner\">\n\t\t<div class=\"elementor-element elementor-element-df23f50 e-con-full e-flex e-con e-child\" data-id=\"df23f50\" data-element_type=\"container\" data-e-type=\"container\" data-settings=\"{&quot;background_background&quot;:&quot;classic&quot;,&quot;jet_parallax_layout_list&quot;:[]}\">\n\t\t\t\t<div class=\"elementor-element elementor-element-b7dcf46 elementor-widget elementor-widget-spacer\" data-id=\"b7dcf46\" data-element_type=\"widget\" data-e-type=\"widget\" data-widget_type=\"spacer.default\">\n\t\t\t\t\t\t\t<div class=\"elementor-spacer\">\n\t\t\t<div class=\"elementor-spacer-inner\"><\/div>\n\t\t<\/div>\n\t\t\t\t\t\t<\/div>\n\t\t\t\t<\/div>\n\t\t<div class=\"elementor-element elementor-element-904c57f e-con-full e-flex e-con e-child\" data-id=\"904c57f\" data-element_type=\"container\" data-e-type=\"container\" data-settings=\"{&quot;jet_parallax_layout_list&quot;:[],&quot;background_background&quot;:&quot;classic&quot;}\">\n\t\t\t\t<div class=\"elementor-element elementor-element-17040e6 elementor-widget elementor-widget-heading\" data-id=\"17040e6\" data-element_type=\"widget\" data-e-type=\"widget\" data-widget_type=\"heading.default\">\n\t\t\t\t\t<h2 class=\"elementor-heading-title elementor-size-default\">Beintasche (ohne Sitz)<\/h2>\t\t\t\t<\/div>\n\t\t\t\t<div class=\"elementor-element elementor-element-244ecb4 elementor-widget elementor-widget-text-editor\" data-id=\"244ecb4\" data-element_type=\"widget\" data-e-type=\"widget\" data-widget_type=\"text-editor.default\">\n\t\t\t\t\t\t\t\t\t<div class=\"wpb_text_column\"><div class=\"wpb_wrapper\"><div class=\"flex-1 overflow-hidden masked-content\"><div class=\"h-full\"><div class=\"react-scroll-to-bottom--css-aorgy-79elbk h-full\"><div class=\"react-scroll-to-bottom--css-aorgy-1n7m0yu\"><div class=\"flex flex-col text-sm pb-[120px]\"><article class=\"w-full text-token-text-primary focus-visible:outline-2 focus-visible:outline-offset-[-4px]\" dir=\"auto\" data-testid=\"conversation-turn-91\" data-scroll-anchor=\"true\"><div class=\"text-base py-[18px] m-auto md:px-5 w-full px-3 \"><div class=\"mx-auto flex flex-1 gap-4 text-base md:gap-5 lg:gap-6 md:max-w-3xl lg:max-w-[40rem] xl:max-w-[48rem]\"><div class=\"group\/conversation-turn relative flex w-full min-w-0 flex-col agent-turn\"><div class=\"flex-col gap-1 md:gap-3\"><div class=\"flex max-w-full flex-col flex-grow\"><div class=\"min-h-[20px] text-message flex w-full flex-col items-end gap-2 break-words [.text-message+&amp;]:mt-5 overflow-x-auto whitespace-normal\" dir=\"auto\" data-message-author-role=\"assistant\" data-message-id=\"ef747b95-8fe1-49d0-a0f6-d490725d9948\"><div class=\"flex w-full flex-col gap-1 empty:hidden first:pt-[3px]\"><div class=\"markdown prose w-full break-words dark:prose-invert light\"><p>Die Beintasche ohne Sitz bietet eine warme L\u00f6sung f\u00fcr Benutzer, die bei jedem Wetter gerne drau\u00dfen unterwegs sind. Die Tasche ist getestet, um Temperaturen bis zu -20 Grad Celsius standzuhalten.<\/p><p><em>Hinweis: Diese Beintasche erm\u00f6glicht die Verwendung unseres Liner-Sitzes &amp; Hip-Flex.<\/em><\/p><\/div><\/div><\/div><\/div><\/div><\/div><\/div><\/div><\/article><\/div><\/div><\/div><\/div><\/div><\/div><\/div>\t\t\t\t\t\t\t\t<\/div>\n\t\t\t\t<\/div>\n\t\t\t\t\t<\/div>\n\t\t\t\t<\/div>\n\t\t\t\t<\/div>\n\t\t","protected":false},"excerpt":{"rendered":"<p>Unsere Beintasche kann in all unseren Kinderwagen verwendet werden. Sie hilft dem Benutzer, w\u00e4hrend k\u00e4lterer Perioden warm zu bleiben, und erm\u00f6glicht so Ausfl\u00fcge das ganze Jahr \u00fcber. Diese Tasche ist nur f\u00fcr die Beine. Wenn Sie noch mehr Abdeckung ben\u00f6tigen, sehen Sie sich bitte unsere Beintasche mit Sitz und R\u00fcckenlehne an.<\/p>\n","protected":false},"featured_media":38961,"template":"","meta":[],"product_brand":[],"product_cat":[542,239,228],"product_tag":[],"class_list":{"0":"post-39586","1":"product","2":"type-product","3":"status-publish","4":"has-post-thumbnail","6":"product_cat-kinderwagen-zubehoer","7":"product_cat-sitz-zubehoer","8":"product_cat-zubehoer","10":"first","11":"instock","12":"taxable","13":"shipping-taxable","14":"purchasable","15":"product-type-simple"},"yoast_head":"<!-- This site is optimized with the Yoast SEO plugin v26.9 - https:\/\/yoast.com\/product\/yoast-seo-wordpress\/ -->\n<title>Bag for legs (No Seat) | Global Carehab<\/title>\n<meta name=\"robots\" content=\"index, follow, max-snippet:-1, max-image-preview:large, max-video-preview:-1\" \/>\n<link rel=\"canonical\" href=\"https:\/\/globalcarehab.com\/de\/produkte\/bag-for-legs-no-seat\/\" \/>\n<meta property=\"og:locale\" content=\"de_DE\" \/>\n<meta property=\"og:type\" content=\"article\" \/>\n<meta property=\"og:title\" content=\"Bag for legs (No Seat) | Global Carehab\" \/>\n<meta property=\"og:description\" content=\"Unsere Beintasche kann in all unseren Kinderwagen verwendet werden. Sie hilft dem Benutzer, w\u00e4hrend k\u00e4lterer Perioden warm zu bleiben, und erm\u00f6glicht so Ausfl\u00fcge das ganze Jahr \u00fcber. Diese Tasche ist nur f\u00fcr die Beine. Wenn Sie noch mehr Abdeckung ben\u00f6tigen, sehen Sie sich bitte unsere Beintasche mit Sitz und R\u00fcckenlehne an.\" \/>\n<meta property=\"og:url\" content=\"https:\/\/globalcarehab.com\/de\/produkte\/bag-for-legs-no-seat\/\" \/>\n<meta property=\"og:site_name\" content=\"Global Carehab\" \/>\n<meta property=\"article:modified_time\" content=\"2025-10-11T18:20:31+00:00\" \/>\n<meta property=\"og:image\" content=\"https:\/\/globalcarehab.com\/wp-content\/uploads\/2019\/11\/BagForLegs-WithoutSeat-PushChair-Position.png\" \/>\n\t<meta property=\"og:image:width\" content=\"700\" \/>\n\t<meta property=\"og:image:height\" content=\"700\" \/>\n\t<meta property=\"og:image:type\" content=\"image\/png\" \/>\n<meta name=\"twitter:card\" content=\"summary_large_image\" \/>\n<script type=\"application\/ld+json\" class=\"yoast-schema-graph\">{\"@context\":\"https:\/\/schema.org\",\"@graph\":[{\"@type\":\"WebPage\",\"@id\":\"https:\/\/globalcarehab.com\/de\/produkte\/bag-for-legs-no-seat\/\",\"url\":\"https:\/\/globalcarehab.com\/de\/produkte\/bag-for-legs-no-seat\/\",\"name\":\"Bag for legs (No Seat) | Global Carehab\",\"isPartOf\":{\"@id\":\"https:\/\/globalcarehab.com\/de\/#website\"},\"primaryImageOfPage\":{\"@id\":\"https:\/\/globalcarehab.com\/de\/produkte\/bag-for-legs-no-seat\/#primaryimage\"},\"image\":{\"@id\":\"https:\/\/globalcarehab.com\/de\/produkte\/bag-for-legs-no-seat\/#primaryimage\"},\"thumbnailUrl\":\"https:\/\/globalcarehab.com\/wp-content\/uploads\/2019\/11\/BagForLegs-WithoutSeat-PushChair-Position.png\",\"datePublished\":\"2024-06-27T13:20:21+00:00\",\"dateModified\":\"2025-10-11T18:20:31+00:00\",\"breadcrumb\":{\"@id\":\"https:\/\/globalcarehab.com\/de\/produkte\/bag-for-legs-no-seat\/#breadcrumb\"},\"inLanguage\":\"de\",\"potentialAction\":[{\"@type\":\"ReadAction\",\"target\":[\"https:\/\/globalcarehab.com\/de\/produkte\/bag-for-legs-no-seat\/\"]}]},{\"@type\":\"ImageObject\",\"inLanguage\":\"de\",\"@id\":\"https:\/\/globalcarehab.com\/de\/produkte\/bag-for-legs-no-seat\/#primaryimage\",\"url\":\"https:\/\/globalcarehab.com\/wp-content\/uploads\/2019\/11\/BagForLegs-WithoutSeat-PushChair-Position.png\",\"contentUrl\":\"https:\/\/globalcarehab.com\/wp-content\/uploads\/2019\/11\/BagForLegs-WithoutSeat-PushChair-Position.png\",\"width\":700,\"height\":700},{\"@type\":\"BreadcrumbList\",\"@id\":\"https:\/\/globalcarehab.com\/de\/produkte\/bag-for-legs-no-seat\/#breadcrumb\",\"itemListElement\":[{\"@type\":\"ListItem\",\"position\":1,\"name\":\"Hjem\",\"item\":\"https:\/\/globalcarehab.com\/de\/\"},{\"@type\":\"ListItem\",\"position\":2,\"name\":\"Shop\",\"item\":\"https:\/\/globalcarehab.com\/de\/shop\/\"},{\"@type\":\"ListItem\",\"position\":3,\"name\":\"Jogger \/ Buggy\",\"item\":\"https:\/\/globalcarehab.com\/de\/produkt-kategorien\/jogger-buggy-de\/\"},{\"@type\":\"ListItem\",\"position\":4,\"name\":\"Jogger \/ Buggy Zubeh\u00f6r\",\"item\":\"https:\/\/globalcarehab.com\/de\/produkt-kategorien\/jogger-buggy-de\/jogger-buggy-zubehor\/\"},{\"@type\":\"ListItem\",\"position\":5,\"name\":\"Bag for legs (No Seat)\"}]},{\"@type\":\"WebSite\",\"@id\":\"https:\/\/globalcarehab.com\/de\/#website\",\"url\":\"https:\/\/globalcarehab.com\/de\/\",\"name\":\"Global Carehab\",\"description\":\"Care in Rehab\",\"publisher\":{\"@id\":\"https:\/\/globalcarehab.com\/de\/#organization\"},\"potentialAction\":[{\"@type\":\"SearchAction\",\"target\":{\"@type\":\"EntryPoint\",\"urlTemplate\":\"https:\/\/globalcarehab.com\/de\/?s={search_term_string}\"},\"query-input\":{\"@type\":\"PropertyValueSpecification\",\"valueRequired\":true,\"valueName\":\"search_term_string\"}}],\"inLanguage\":\"de\"},{\"@type\":\"Organization\",\"@id\":\"https:\/\/globalcarehab.com\/de\/#organization\",\"name\":\"Global Carehab\",\"url\":\"https:\/\/globalcarehab.com\/de\/\",\"logo\":{\"@type\":\"ImageObject\",\"inLanguage\":\"de\",\"@id\":\"https:\/\/globalcarehab.com\/de\/#\/schema\/logo\/image\/\",\"url\":\"https:\/\/globalcarehab.com\/wp-content\/uploads\/2024\/03\/carehab-logo.svg\",\"contentUrl\":\"https:\/\/globalcarehab.com\/wp-content\/uploads\/2024\/03\/carehab-logo.svg\",\"width\":1,\"height\":1,\"caption\":\"Global Carehab\"},\"image\":{\"@id\":\"https:\/\/globalcarehab.com\/de\/#\/schema\/logo\/image\/\"}}]}<\/script>\n<!-- \/ Yoast SEO plugin. -->","yoast_head_json":{"title":"Bag for legs (No Seat) | Global Carehab","robots":{"index":"index","follow":"follow","max-snippet":"max-snippet:-1","max-image-preview":"max-image-preview:large","max-video-preview":"max-video-preview:-1"},"canonical":"https:\/\/globalcarehab.com\/de\/produkte\/bag-for-legs-no-seat\/","og_locale":"de_DE","og_type":"article","og_title":"Bag for legs (No Seat) | Global Carehab","og_description":"Unsere Beintasche kann in all unseren Kinderwagen verwendet werden. Sie hilft dem Benutzer, w\u00e4hrend k\u00e4lterer Perioden warm zu bleiben, und erm\u00f6glicht so Ausfl\u00fcge das ganze Jahr \u00fcber. Diese Tasche ist nur f\u00fcr die Beine. Wenn Sie noch mehr Abdeckung ben\u00f6tigen, sehen Sie sich bitte unsere Beintasche mit Sitz und R\u00fcckenlehne an.","og_url":"https:\/\/globalcarehab.com\/de\/produkte\/bag-for-legs-no-seat\/","og_site_name":"Global Carehab","article_modified_time":"2025-10-11T18:20:31+00:00","og_image":[{"width":700,"height":700,"url":"https:\/\/globalcarehab.com\/wp-content\/uploads\/2019\/11\/BagForLegs-WithoutSeat-PushChair-Position.png","type":"image\/png"}],"twitter_card":"summary_large_image","schema":{"@context":"https:\/\/schema.org","@graph":[{"@type":"WebPage","@id":"https:\/\/globalcarehab.com\/de\/produkte\/bag-for-legs-no-seat\/","url":"https:\/\/globalcarehab.com\/de\/produkte\/bag-for-legs-no-seat\/","name":"Bag for legs (No Seat) | Global Carehab","isPartOf":{"@id":"https:\/\/globalcarehab.com\/de\/#website"},"primaryImageOfPage":{"@id":"https:\/\/globalcarehab.com\/de\/produkte\/bag-for-legs-no-seat\/#primaryimage"},"image":{"@id":"https:\/\/globalcarehab.com\/de\/produkte\/bag-for-legs-no-seat\/#primaryimage"},"thumbnailUrl":"https:\/\/globalcarehab.com\/wp-content\/uploads\/2019\/11\/BagForLegs-WithoutSeat-PushChair-Position.png","datePublished":"2024-06-27T13:20:21+00:00","dateModified":"2025-10-11T18:20:31+00:00","breadcrumb":{"@id":"https:\/\/globalcarehab.com\/de\/produkte\/bag-for-legs-no-seat\/#breadcrumb"},"inLanguage":"de","potentialAction":[{"@type":"ReadAction","target":["https:\/\/globalcarehab.com\/de\/produkte\/bag-for-legs-no-seat\/"]}]},{"@type":"ImageObject","inLanguage":"de","@id":"https:\/\/globalcarehab.com\/de\/produkte\/bag-for-legs-no-seat\/#primaryimage","url":"https:\/\/globalcarehab.com\/wp-content\/uploads\/2019\/11\/BagForLegs-WithoutSeat-PushChair-Position.png","contentUrl":"https:\/\/globalcarehab.com\/wp-content\/uploads\/2019\/11\/BagForLegs-WithoutSeat-PushChair-Position.png","width":700,"height":700},{"@type":"BreadcrumbList","@id":"https:\/\/globalcarehab.com\/de\/produkte\/bag-for-legs-no-seat\/#breadcrumb","itemListElement":[{"@type":"ListItem","position":1,"name":"Hjem","item":"https:\/\/globalcarehab.com\/de\/"},{"@type":"ListItem","position":2,"name":"Shop","item":"https:\/\/globalcarehab.com\/de\/shop\/"},{"@type":"ListItem","position":3,"name":"Jogger \/ Buggy","item":"https:\/\/globalcarehab.com\/de\/produkt-kategorien\/jogger-buggy-de\/"},{"@type":"ListItem","position":4,"name":"Jogger \/ Buggy Zubeh\u00f6r","item":"https:\/\/globalcarehab.com\/de\/produkt-kategorien\/jogger-buggy-de\/jogger-buggy-zubehor\/"},{"@type":"ListItem","position":5,"name":"Bag for legs (No Seat)"}]},{"@type":"WebSite","@id":"https:\/\/globalcarehab.com\/de\/#website","url":"https:\/\/globalcarehab.com\/de\/","name":"Global Carehab","description":"Care in Rehab","publisher":{"@id":"https:\/\/globalcarehab.com\/de\/#organization"},"potentialAction":[{"@type":"SearchAction","target":{"@type":"EntryPoint","urlTemplate":"https:\/\/globalcarehab.com\/de\/?s={search_term_string}"},"query-input":{"@type":"PropertyValueSpecification","valueRequired":true,"valueName":"search_term_string"}}],"inLanguage":"de"},{"@type":"Organization","@id":"https:\/\/globalcarehab.com\/de\/#organization","name":"Global Carehab","url":"https:\/\/globalcarehab.com\/de\/","logo":{"@type":"ImageObject","inLanguage":"de","@id":"https:\/\/globalcarehab.com\/de\/#\/schema\/logo\/image\/","url":"https:\/\/globalcarehab.com\/wp-content\/uploads\/2024\/03\/carehab-logo.svg","contentUrl":"https:\/\/globalcarehab.com\/wp-content\/uploads\/2024\/03\/carehab-logo.svg","width":1,"height":1,"caption":"Global Carehab"},"image":{"@id":"https:\/\/globalcarehab.com\/de\/#\/schema\/logo\/image\/"}}]}},"_links":{"self":[{"href":"https:\/\/globalcarehab.com\/de\/wp-json\/wp\/v2\/product\/39586","targetHints":{"allow":["GET"]}}],"collection":[{"href":"https:\/\/globalcarehab.com\/de\/wp-json\/wp\/v2\/product"}],"about":[{"href":"https:\/\/globalcarehab.com\/de\/wp-json\/wp\/v2\/types\/product"}],"version-history":[{"count":4,"href":"https:\/\/globalcarehab.com\/de\/wp-json\/wp\/v2\/product\/39586\/revisions"}],"predecessor-version":[{"id":39590,"href":"https:\/\/globalcarehab.com\/de\/wp-json\/wp\/v2\/product\/39586\/revisions\/39590"}],"wp:featuredmedia":[{"embeddable":true,"href":"https:\/\/globalcarehab.com\/de\/wp-json\/wp\/v2\/media\/38961"}],"wp:attachment":[{"href":"https:\/\/globalcarehab.com\/de\/wp-json\/wp\/v2\/media?parent=39586"}],"wp:term":[{"taxonomy":"product_brand","embeddable":true,"href":"https:\/\/globalcarehab.com\/de\/wp-json\/wp\/v2\/product_brand?post=39586"},{"taxonomy":"product_cat","embeddable":true,"href":"https:\/\/globalcarehab.com\/de\/wp-json\/wp\/v2\/product_cat?post=39586"},{"taxonomy":"product_tag","embeddable":true,"href":"https:\/\/globalcarehab.com\/de\/wp-json\/wp\/v2\/product_tag?post=39586"}],"curies":[{"name":"wp","href":"https:\/\/api.w.org\/{rel}","templated":true}]}}