{"id":39591,"date":"2024-06-27T15:20:51","date_gmt":"2024-06-27T13:20:51","guid":{"rendered":"https:\/\/globalcarehab.com\/?post_type=product&#038;p=39591"},"modified":"2025-10-11T20:20:31","modified_gmt":"2025-10-11T18:20:31","slug":"special-tomato-rain-cover","status":"publish","type":"product","link":"https:\/\/globalcarehab.com\/de\/produkte\/special-tomato-rain-cover\/","title":{"rendered":"Special Tomato Rain Cover"},"content":{"rendered":"\t\t<div data-elementor-type=\"product-post\" data-elementor-id=\"39591\" class=\"elementor elementor-39591 elementor-36059\" data-elementor-post-type=\"product\">\n\t\t\t\t<div class=\"elementor-element elementor-element-737947f e-flex e-con-boxed e-con e-parent\" data-id=\"737947f\" data-element_type=\"container\" data-e-type=\"container\" data-settings=\"{&quot;jet_parallax_layout_list&quot;:[]}\">\n\t\t\t\t\t<div class=\"e-con-inner\">\n\t\t<div class=\"elementor-element elementor-element-3c818f2 e-con-full e-flex e-con e-child\" data-id=\"3c818f2\" data-element_type=\"container\" data-e-type=\"container\" data-settings=\"{&quot;background_background&quot;:&quot;classic&quot;,&quot;jet_parallax_layout_list&quot;:[]}\">\n\t\t\t\t<div class=\"elementor-element elementor-element-222e492 elementor-widget elementor-widget-heading\" data-id=\"222e492\" data-element_type=\"widget\" data-e-type=\"widget\" data-widget_type=\"heading.default\">\n\t\t\t\t\t<h1 class=\"elementor-heading-title elementor-size-default\">Special Tomato Regenschutz<\/h1>\t\t\t\t<\/div>\n\t\t\t\t<div class=\"elementor-element elementor-element-0c1ea54 elementor-widget elementor-widget-text-editor\" data-id=\"0c1ea54\" data-element_type=\"widget\" data-e-type=\"widget\" data-widget_type=\"text-editor.default\">\n\t\t\t\t\t\t\t\t\t<div><article dir=\"auto\" data-testid=\"conversation-turn-93\" data-scroll-anchor=\"true\"><div><div data-message-author-role=\"assistant\" data-message-id=\"9bc62c98-1862-431d-8e9f-d7c9fefb0212\" dir=\"auto\"><div><div><p>Der Regenschutz ist so konzipiert, dass er sowohl zu den EIO- als auch zu den Jogger-Kinderwagen passt und bietet ausgezeichneten Schutz gegen Regen und Wind. Er stellt sicher, dass Ihr Kind bei nassem Wetter trocken und komfortabel bleibt, w\u00e4hrend das transparente Material Sichtbarkeit und Bel\u00fcftung erm\u00f6glicht. Einfach anzubringen und zu entfernen, ist er ein praktisches Zubeh\u00f6r f\u00fcr jedes Outdoor-Abenteuer.<\/p><\/div><\/div><\/div><\/div><\/article><\/div>\t\t\t\t\t\t\t\t<\/div>\n\t\t\t\t<\/div>\n\t\t<div class=\"elementor-element elementor-element-dce04a5 e-con-full e-flex e-con e-child\" data-id=\"dce04a5\" data-element_type=\"container\" data-e-type=\"container\" data-settings=\"{&quot;jet_parallax_layout_list&quot;:[]}\">\n\t\t\t\t<div class=\"elementor-element elementor-element-f307e55 elementor-widget elementor-widget-image\" data-id=\"f307e55\" data-element_type=\"widget\" data-e-type=\"widget\" data-widget_type=\"image.default\">\n\t\t\t\t\t\t\t\t\t\t\t\t\t\t\t<img fetchpriority=\"high\" decoding=\"async\" width=\"700\" height=\"700\" src=\"https:\/\/globalcarehab.com\/wp-content\/uploads\/2019\/09\/Jogger-RainCover-1.png\" class=\"attachment-large size-large wp-image-38807\" alt=\"\" srcset=\"https:\/\/globalcarehab.com\/wp-content\/uploads\/2019\/09\/Jogger-RainCover-1.png 700w, https:\/\/globalcarehab.com\/wp-content\/uploads\/2019\/09\/Jogger-RainCover-1-300x300.png 300w, https:\/\/globalcarehab.com\/wp-content\/uploads\/2019\/09\/Jogger-RainCover-1-150x150.png 150w, https:\/\/globalcarehab.com\/wp-content\/uploads\/2019\/09\/Jogger-RainCover-1-600x600.png 600w, https:\/\/globalcarehab.com\/wp-content\/uploads\/2019\/09\/Jogger-RainCover-1-100x100.png 100w\" sizes=\"(max-width: 700px) 100vw, 700px\" \/>\t\t\t\t\t\t\t\t\t\t\t\t\t\t\t<\/div>\n\t\t\t\t<\/div>\n\t\t<div class=\"elementor-element elementor-element-f04a944 e-con-full e-flex e-con e-child\" data-id=\"f04a944\" data-element_type=\"container\" data-e-type=\"container\" data-settings=\"{&quot;jet_parallax_layout_list&quot;:[]}\">\n\t\t\t\t<div class=\"elementor-element elementor-element-a7ea7f0 e-transform elementor-widget elementor-widget-image\" data-id=\"a7ea7f0\" data-element_type=\"widget\" data-e-type=\"widget\" data-settings=\"{&quot;_transform_flipX_effect&quot;:&quot;transform&quot;}\" data-widget_type=\"image.default\">\n\t\t\t\t\t\t\t\t\t\t\t\t\t\t\t<img decoding=\"async\" width=\"700\" height=\"700\" src=\"https:\/\/globalcarehab.com\/wp-content\/uploads\/2019\/09\/EIO-RainCover-2-e1567497455523.png\" class=\"attachment-large size-large wp-image-37785\" alt=\"\" srcset=\"https:\/\/globalcarehab.com\/wp-content\/uploads\/2019\/09\/EIO-RainCover-2-e1567497455523.png 700w, https:\/\/globalcarehab.com\/wp-content\/uploads\/2019\/09\/EIO-RainCover-2-e1567497455523-300x300.png 300w, https:\/\/globalcarehab.com\/wp-content\/uploads\/2019\/09\/EIO-RainCover-2-e1567497455523-150x150.png 150w, https:\/\/globalcarehab.com\/wp-content\/uploads\/2019\/09\/EIO-RainCover-2-e1567497455523-600x600.png 600w, https:\/\/globalcarehab.com\/wp-content\/uploads\/2019\/09\/EIO-RainCover-2-e1567497455523-100x100.png 100w\" sizes=\"(max-width: 700px) 100vw, 700px\" \/>\t\t\t\t\t\t\t\t\t\t\t\t\t\t\t<\/div>\n\t\t\t\t<\/div>\n\t\t\t\t\t<\/div>\n\t\t\t\t<\/div>\n\t\t\t\t<\/div>\n\t\t","protected":false},"excerpt":{"rendered":"<p>Der Regenschutz bietet hervorragenden Schutz f\u00fcr Ihr Kind vor Regen, Wind und Schnee. Er befestigt sich sicher am Kinderwagenrahmen und sorgt daf\u00fcr, dass er auch bei rauen Wetterbedingungen an Ort und Stelle bleibt.<\/p>\n<p>&nbsp;<\/p>\n","protected":false},"featured_media":38807,"template":"","meta":[],"product_brand":[],"product_cat":[542,218,228],"product_tag":[],"class_list":{"0":"post-39591","1":"product","2":"type-product","3":"status-publish","4":"has-post-thumbnail","6":"product_cat-kinderwagen-zubehoer","7":"product_cat-jogger-buggy-zubehor","8":"product_cat-zubehoer","10":"first","11":"instock","12":"taxable","13":"shipping-taxable","14":"purchasable","15":"product-type-simple"},"yoast_head":"<!-- This site is optimized with the Yoast SEO plugin v26.9 - https:\/\/yoast.com\/product\/yoast-seo-wordpress\/ -->\n<title>Special Tomato Rain Cover | Global Carehab<\/title>\n<meta name=\"robots\" content=\"index, follow, max-snippet:-1, max-image-preview:large, max-video-preview:-1\" \/>\n<link rel=\"canonical\" href=\"https:\/\/globalcarehab.com\/de\/produkte\/special-tomato-rain-cover\/\" \/>\n<meta property=\"og:locale\" content=\"de_DE\" \/>\n<meta property=\"og:type\" content=\"article\" \/>\n<meta property=\"og:title\" content=\"Special Tomato Rain Cover | Global Carehab\" \/>\n<meta property=\"og:description\" content=\"Der Regenschutz bietet hervorragenden Schutz f\u00fcr Ihr Kind vor Regen, Wind und Schnee. Er befestigt sich sicher am Kinderwagenrahmen und sorgt daf\u00fcr, dass er auch bei rauen Wetterbedingungen an Ort und Stelle bleibt.  &nbsp;\" \/>\n<meta property=\"og:url\" content=\"https:\/\/globalcarehab.com\/de\/produkte\/special-tomato-rain-cover\/\" \/>\n<meta property=\"og:site_name\" content=\"Global Carehab\" \/>\n<meta property=\"article:modified_time\" content=\"2025-10-11T18:20:31+00:00\" \/>\n<meta property=\"og:image\" content=\"https:\/\/globalcarehab.com\/wp-content\/uploads\/2019\/09\/Jogger-RainCover-1.png\" \/>\n\t<meta property=\"og:image:width\" content=\"700\" \/>\n\t<meta property=\"og:image:height\" content=\"700\" \/>\n\t<meta property=\"og:image:type\" content=\"image\/png\" \/>\n<meta name=\"twitter:card\" content=\"summary_large_image\" \/>\n<meta name=\"twitter:label1\" content=\"Gesch\u00e4tzte Lesezeit\" \/>\n\t<meta name=\"twitter:data1\" content=\"1\u00a0Minute\" \/>\n<script type=\"application\/ld+json\" class=\"yoast-schema-graph\">{\"@context\":\"https:\/\/schema.org\",\"@graph\":[{\"@type\":\"WebPage\",\"@id\":\"https:\/\/globalcarehab.com\/de\/produkte\/special-tomato-rain-cover\/\",\"url\":\"https:\/\/globalcarehab.com\/de\/produkte\/special-tomato-rain-cover\/\",\"name\":\"Special Tomato Rain Cover | Global Carehab\",\"isPartOf\":{\"@id\":\"https:\/\/globalcarehab.com\/de\/#website\"},\"primaryImageOfPage\":{\"@id\":\"https:\/\/globalcarehab.com\/de\/produkte\/special-tomato-rain-cover\/#primaryimage\"},\"image\":{\"@id\":\"https:\/\/globalcarehab.com\/de\/produkte\/special-tomato-rain-cover\/#primaryimage\"},\"thumbnailUrl\":\"https:\/\/globalcarehab.com\/wp-content\/uploads\/2019\/09\/Jogger-RainCover-1.png\",\"datePublished\":\"2024-06-27T13:20:51+00:00\",\"dateModified\":\"2025-10-11T18:20:31+00:00\",\"breadcrumb\":{\"@id\":\"https:\/\/globalcarehab.com\/de\/produkte\/special-tomato-rain-cover\/#breadcrumb\"},\"inLanguage\":\"de\",\"potentialAction\":[{\"@type\":\"ReadAction\",\"target\":[\"https:\/\/globalcarehab.com\/de\/produkte\/special-tomato-rain-cover\/\"]}]},{\"@type\":\"ImageObject\",\"inLanguage\":\"de\",\"@id\":\"https:\/\/globalcarehab.com\/de\/produkte\/special-tomato-rain-cover\/#primaryimage\",\"url\":\"https:\/\/globalcarehab.com\/wp-content\/uploads\/2019\/09\/Jogger-RainCover-1.png\",\"contentUrl\":\"https:\/\/globalcarehab.com\/wp-content\/uploads\/2019\/09\/Jogger-RainCover-1.png\",\"width\":700,\"height\":700},{\"@type\":\"BreadcrumbList\",\"@id\":\"https:\/\/globalcarehab.com\/de\/produkte\/special-tomato-rain-cover\/#breadcrumb\",\"itemListElement\":[{\"@type\":\"ListItem\",\"position\":1,\"name\":\"Hjem\",\"item\":\"https:\/\/globalcarehab.com\/de\/\"},{\"@type\":\"ListItem\",\"position\":2,\"name\":\"Shop\",\"item\":\"https:\/\/globalcarehab.com\/de\/shop\/\"},{\"@type\":\"ListItem\",\"position\":3,\"name\":\"Jogger \/ Buggy\",\"item\":\"https:\/\/globalcarehab.com\/de\/produkt-kategorien\/jogger-buggy-de\/\"},{\"@type\":\"ListItem\",\"position\":4,\"name\":\"Jogger \/ Buggy Zubeh\u00f6r\",\"item\":\"https:\/\/globalcarehab.com\/de\/produkt-kategorien\/jogger-buggy-de\/jogger-buggy-zubehor\/\"},{\"@type\":\"ListItem\",\"position\":5,\"name\":\"Special Tomato Rain Cover\"}]},{\"@type\":\"WebSite\",\"@id\":\"https:\/\/globalcarehab.com\/de\/#website\",\"url\":\"https:\/\/globalcarehab.com\/de\/\",\"name\":\"Global Carehab\",\"description\":\"Care in Rehab\",\"publisher\":{\"@id\":\"https:\/\/globalcarehab.com\/de\/#organization\"},\"potentialAction\":[{\"@type\":\"SearchAction\",\"target\":{\"@type\":\"EntryPoint\",\"urlTemplate\":\"https:\/\/globalcarehab.com\/de\/?s={search_term_string}\"},\"query-input\":{\"@type\":\"PropertyValueSpecification\",\"valueRequired\":true,\"valueName\":\"search_term_string\"}}],\"inLanguage\":\"de\"},{\"@type\":\"Organization\",\"@id\":\"https:\/\/globalcarehab.com\/de\/#organization\",\"name\":\"Global Carehab\",\"url\":\"https:\/\/globalcarehab.com\/de\/\",\"logo\":{\"@type\":\"ImageObject\",\"inLanguage\":\"de\",\"@id\":\"https:\/\/globalcarehab.com\/de\/#\/schema\/logo\/image\/\",\"url\":\"https:\/\/globalcarehab.com\/wp-content\/uploads\/2024\/03\/carehab-logo.svg\",\"contentUrl\":\"https:\/\/globalcarehab.com\/wp-content\/uploads\/2024\/03\/carehab-logo.svg\",\"width\":1,\"height\":1,\"caption\":\"Global Carehab\"},\"image\":{\"@id\":\"https:\/\/globalcarehab.com\/de\/#\/schema\/logo\/image\/\"}}]}<\/script>\n<!-- \/ Yoast SEO plugin. -->","yoast_head_json":{"title":"Special Tomato Rain Cover | Global Carehab","robots":{"index":"index","follow":"follow","max-snippet":"max-snippet:-1","max-image-preview":"max-image-preview:large","max-video-preview":"max-video-preview:-1"},"canonical":"https:\/\/globalcarehab.com\/de\/produkte\/special-tomato-rain-cover\/","og_locale":"de_DE","og_type":"article","og_title":"Special Tomato Rain Cover | Global Carehab","og_description":"Der Regenschutz bietet hervorragenden Schutz f\u00fcr Ihr Kind vor Regen, Wind und Schnee. Er befestigt sich sicher am Kinderwagenrahmen und sorgt daf\u00fcr, dass er auch bei rauen Wetterbedingungen an Ort und Stelle bleibt.  &nbsp;","og_url":"https:\/\/globalcarehab.com\/de\/produkte\/special-tomato-rain-cover\/","og_site_name":"Global Carehab","article_modified_time":"2025-10-11T18:20:31+00:00","og_image":[{"width":700,"height":700,"url":"https:\/\/globalcarehab.com\/wp-content\/uploads\/2019\/09\/Jogger-RainCover-1.png","type":"image\/png"}],"twitter_card":"summary_large_image","twitter_misc":{"Gesch\u00e4tzte Lesezeit":"1\u00a0Minute"},"schema":{"@context":"https:\/\/schema.org","@graph":[{"@type":"WebPage","@id":"https:\/\/globalcarehab.com\/de\/produkte\/special-tomato-rain-cover\/","url":"https:\/\/globalcarehab.com\/de\/produkte\/special-tomato-rain-cover\/","name":"Special Tomato Rain Cover | Global Carehab","isPartOf":{"@id":"https:\/\/globalcarehab.com\/de\/#website"},"primaryImageOfPage":{"@id":"https:\/\/globalcarehab.com\/de\/produkte\/special-tomato-rain-cover\/#primaryimage"},"image":{"@id":"https:\/\/globalcarehab.com\/de\/produkte\/special-tomato-rain-cover\/#primaryimage"},"thumbnailUrl":"https:\/\/globalcarehab.com\/wp-content\/uploads\/2019\/09\/Jogger-RainCover-1.png","datePublished":"2024-06-27T13:20:51+00:00","dateModified":"2025-10-11T18:20:31+00:00","breadcrumb":{"@id":"https:\/\/globalcarehab.com\/de\/produkte\/special-tomato-rain-cover\/#breadcrumb"},"inLanguage":"de","potentialAction":[{"@type":"ReadAction","target":["https:\/\/globalcarehab.com\/de\/produkte\/special-tomato-rain-cover\/"]}]},{"@type":"ImageObject","inLanguage":"de","@id":"https:\/\/globalcarehab.com\/de\/produkte\/special-tomato-rain-cover\/#primaryimage","url":"https:\/\/globalcarehab.com\/wp-content\/uploads\/2019\/09\/Jogger-RainCover-1.png","contentUrl":"https:\/\/globalcarehab.com\/wp-content\/uploads\/2019\/09\/Jogger-RainCover-1.png","width":700,"height":700},{"@type":"BreadcrumbList","@id":"https:\/\/globalcarehab.com\/de\/produkte\/special-tomato-rain-cover\/#breadcrumb","itemListElement":[{"@type":"ListItem","position":1,"name":"Hjem","item":"https:\/\/globalcarehab.com\/de\/"},{"@type":"ListItem","position":2,"name":"Shop","item":"https:\/\/globalcarehab.com\/de\/shop\/"},{"@type":"ListItem","position":3,"name":"Jogger \/ Buggy","item":"https:\/\/globalcarehab.com\/de\/produkt-kategorien\/jogger-buggy-de\/"},{"@type":"ListItem","position":4,"name":"Jogger \/ Buggy Zubeh\u00f6r","item":"https:\/\/globalcarehab.com\/de\/produkt-kategorien\/jogger-buggy-de\/jogger-buggy-zubehor\/"},{"@type":"ListItem","position":5,"name":"Special Tomato Rain Cover"}]},{"@type":"WebSite","@id":"https:\/\/globalcarehab.com\/de\/#website","url":"https:\/\/globalcarehab.com\/de\/","name":"Global Carehab","description":"Care in Rehab","publisher":{"@id":"https:\/\/globalcarehab.com\/de\/#organization"},"potentialAction":[{"@type":"SearchAction","target":{"@type":"EntryPoint","urlTemplate":"https:\/\/globalcarehab.com\/de\/?s={search_term_string}"},"query-input":{"@type":"PropertyValueSpecification","valueRequired":true,"valueName":"search_term_string"}}],"inLanguage":"de"},{"@type":"Organization","@id":"https:\/\/globalcarehab.com\/de\/#organization","name":"Global Carehab","url":"https:\/\/globalcarehab.com\/de\/","logo":{"@type":"ImageObject","inLanguage":"de","@id":"https:\/\/globalcarehab.com\/de\/#\/schema\/logo\/image\/","url":"https:\/\/globalcarehab.com\/wp-content\/uploads\/2024\/03\/carehab-logo.svg","contentUrl":"https:\/\/globalcarehab.com\/wp-content\/uploads\/2024\/03\/carehab-logo.svg","width":1,"height":1,"caption":"Global Carehab"},"image":{"@id":"https:\/\/globalcarehab.com\/de\/#\/schema\/logo\/image\/"}}]}},"_links":{"self":[{"href":"https:\/\/globalcarehab.com\/de\/wp-json\/wp\/v2\/product\/39591","targetHints":{"allow":["GET"]}}],"collection":[{"href":"https:\/\/globalcarehab.com\/de\/wp-json\/wp\/v2\/product"}],"about":[{"href":"https:\/\/globalcarehab.com\/de\/wp-json\/wp\/v2\/types\/product"}],"version-history":[{"count":5,"href":"https:\/\/globalcarehab.com\/de\/wp-json\/wp\/v2\/product\/39591\/revisions"}],"predecessor-version":[{"id":40326,"href":"https:\/\/globalcarehab.com\/de\/wp-json\/wp\/v2\/product\/39591\/revisions\/40326"}],"wp:featuredmedia":[{"embeddable":true,"href":"https:\/\/globalcarehab.com\/de\/wp-json\/wp\/v2\/media\/38807"}],"wp:attachment":[{"href":"https:\/\/globalcarehab.com\/de\/wp-json\/wp\/v2\/media?parent=39591"}],"wp:term":[{"taxonomy":"product_brand","embeddable":true,"href":"https:\/\/globalcarehab.com\/de\/wp-json\/wp\/v2\/product_brand?post=39591"},{"taxonomy":"product_cat","embeddable":true,"href":"https:\/\/globalcarehab.com\/de\/wp-json\/wp\/v2\/product_cat?post=39591"},{"taxonomy":"product_tag","embeddable":true,"href":"https:\/\/globalcarehab.com\/de\/wp-json\/wp\/v2\/product_tag?post=39591"}],"curies":[{"name":"wp","href":"https:\/\/api.w.org\/{rel}","templated":true}]}}