{"id":39890,"date":"2024-07-15T14:12:04","date_gmt":"2024-07-15T12:12:04","guid":{"rendered":"https:\/\/globalcarehab.com\/?post_type=product&#038;p=39890"},"modified":"2024-09-03T15:14:02","modified_gmt":"2024-09-03T13:14:02","slug":"delta-wedge","status":"publish","type":"product","link":"https:\/\/globalcarehab.com\/de\/produkte\/delta-wedge\/","title":{"rendered":"Delta Wedge"},"content":{"rendered":"\t\t<div data-elementor-type=\"product-post\" data-elementor-id=\"39890\" class=\"elementor elementor-39890 elementor-37050\" data-elementor-post-type=\"product\">\n\t\t\t\t<div class=\"elementor-element elementor-element-7e092f8 e-flex e-con-boxed e-con e-parent\" data-id=\"7e092f8\" data-element_type=\"container\" data-e-type=\"container\" data-settings=\"{&quot;jet_parallax_layout_list&quot;:[]}\">\n\t\t\t\t\t<div class=\"e-con-inner\">\n\t\t<div class=\"elementor-element elementor-element-1f4b3de e-con-full e-flex e-con e-child\" data-id=\"1f4b3de\" data-element_type=\"container\" data-e-type=\"container\" data-settings=\"{&quot;background_background&quot;:&quot;classic&quot;,&quot;jet_parallax_layout_list&quot;:[]}\">\n\t\t\t\t<div class=\"elementor-element elementor-element-c6103f7 elementor-widget elementor-widget-heading\" data-id=\"c6103f7\" data-element_type=\"widget\" data-e-type=\"widget\" data-widget_type=\"heading.default\">\n\t\t\t\t\t<h1 class=\"elementor-heading-title elementor-size-default\">Delta Wedge - Keilkissen<\/h1>\t\t\t\t<\/div>\n\t\t\t\t<div class=\"elementor-element elementor-element-91f4419 elementor-widget elementor-widget-text-editor\" data-id=\"91f4419\" data-element_type=\"widget\" data-e-type=\"widget\" data-widget_type=\"text-editor.default\">\n\t\t\t\t\t\t\t\t\t<article class=\"w-full text-token-text-primary focus-visible:outline-2 focus-visible:outline-offset-[-4px]\" dir=\"auto\" data-testid=\"conversation-turn-24\" data-scroll-anchor=\"false\"><div class=\"text-base py-[18px] px-3 md:px-4 m-auto md:px-5\"><div class=\"mx-auto flex flex-1 gap-4 text-base md:gap-5 lg:gap-6 md:max-w-3xl lg:max-w-[40rem] xl:max-w-[48rem]\"><div class=\"group\/conversation-turn relative flex w-full min-w-0 flex-col\"><div class=\"flex-col gap-1 md:gap-3\"><div class=\"flex max-w-full flex-col flex-grow\"><div class=\"min-h-[20px] text-message flex w-full flex-col items-end gap-2 break-words [.text-message+&amp;]:mt-5 overflow-x-auto whitespace-pre-wrap\" dir=\"auto\" data-message-author-role=\"user\" data-message-id=\"aaa2a20f-42a9-4567-87a5-e8545633ad3d\"><div class=\"flex w-full flex-col gap-1 empty:hidden items-end rtl:items-start\"><div class=\"relative max-w-[70%] rounded-3xl bg-[#f4f4f4] px-5 py-2.5 dark:bg-token-main-surface-secondary\"><div class=\"\"><div class=\"flex-1 overflow-hidden masked-content\"><div class=\"h-full\"><div class=\"react-scroll-to-bottom--css-aorgy-79elbk h-full\"><div class=\"react-scroll-to-bottom--css-aorgy-1n7m0yu\"><div class=\"flex flex-col text-sm pb-[120px]\"><article class=\"w-full text-token-text-primary focus-visible:outline-2 focus-visible:outline-offset-[-4px]\" dir=\"auto\" data-testid=\"conversation-turn-143\" data-scroll-anchor=\"true\"><div class=\"text-base py-[18px] m-auto md:px-5 w-full px-3 \"><div class=\"mx-auto flex flex-1 gap-4 text-base md:gap-5 lg:gap-6 md:max-w-3xl lg:max-w-[40rem] xl:max-w-[48rem]\"><div class=\"group\/conversation-turn relative flex w-full min-w-0 flex-col agent-turn\"><div class=\"flex-col gap-1 md:gap-3\"><div class=\"flex max-w-full flex-col flex-grow\"><div class=\"min-h-[20px] text-message flex w-full flex-col items-end gap-2 break-words [.text-message+&amp;]:mt-5 overflow-x-auto whitespace-normal\" dir=\"auto\" data-message-author-role=\"assistant\" data-message-id=\"471985e6-6c11-470f-a2b6-e312c374afa6\"><div class=\"flex w-full flex-col gap-1 empty:hidden first:pt-[3px]\"><div class=\"markdown prose w-full break-words dark:prose-invert light\"><p>Das Delta Keilkissen ist ein weiches, keilf\u00f6rmiges Kissen, das nahtlos in den Delta Jogger passt. Es l\u00e4sst sich leicht installieren oder entfernen und kann bei Nichtgebrauch bequem unter dem Sitz im Korb verstaut werden. Dieses Kissen erh\u00f6ht die Sitzh\u00f6he des Benutzers und passt den Kniewinkel f\u00fcr verbesserten Komfort an. Erh\u00e4ltlich in zwei Gr\u00f6\u00dfen, passt die mittlere Gr\u00f6\u00dfe zu den Delta-Modellen M1, M2 und L1, w\u00e4hrend die gro\u00dfe Gr\u00f6\u00dfe mit den Modellen Delta Jogger L2 und XL kompatibel ist. Es ist ein ausgezeichnetes Zubeh\u00f6r f\u00fcr kleinere oder schlankere Benutzer, da es sowohl den Sitzkomfort als auch die Unterst\u00fctzung verbessert.<\/p><\/div><\/div><\/div><\/div><\/div><\/div><\/div><\/div><\/article><\/div><\/div><\/div><\/div><\/div><\/div><\/div><\/div><\/div><\/div><\/div><\/div><\/div><\/div><\/article>\t\t\t\t\t\t\t\t<\/div>\n\t\t\t\t<\/div>\n\t\t<div class=\"elementor-element elementor-element-b19bbe9 e-con-full e-flex e-con e-child\" data-id=\"b19bbe9\" data-element_type=\"container\" data-e-type=\"container\" data-settings=\"{&quot;background_background&quot;:&quot;classic&quot;,&quot;jet_parallax_layout_list&quot;:[]}\">\n\t\t\t\t<div class=\"elementor-element elementor-element-8cf317f elementor-widget elementor-widget-spacer\" data-id=\"8cf317f\" data-element_type=\"widget\" data-e-type=\"widget\" data-widget_type=\"spacer.default\">\n\t\t\t\t\t\t\t<div class=\"elementor-spacer\">\n\t\t\t<div class=\"elementor-spacer-inner\"><\/div>\n\t\t<\/div>\n\t\t\t\t\t\t<\/div>\n\t\t\t\t<\/div>\n\t\t<div class=\"elementor-element elementor-element-bfb3b09 e-con-full e-flex e-con e-child\" data-id=\"bfb3b09\" data-element_type=\"container\" data-e-type=\"container\" data-settings=\"{&quot;background_background&quot;:&quot;classic&quot;,&quot;jet_parallax_layout_list&quot;:[]}\">\n\t\t\t\t<\/div>\n\t\t\t\t\t<\/div>\n\t\t\t\t<\/div>\n\t\t\t\t<\/div>\n\t\t","protected":false},"excerpt":{"rendered":"<p>Das Sitzf\u00fcllkissen wird lose im Jogger platziert und hat eine Keilform, die die Sitzh\u00f6he des Benutzers erh\u00f6ht und die Knieposition anpasst. Es ist in zwei Gr\u00f6\u00dfen erh\u00e4ltlich: Medium und Large. Die mittlere Gr\u00f6\u00dfe passt zu den Modellen Delta, M2 und L1, w\u00e4hrend die gro\u00dfe Gr\u00f6\u00dfe f\u00fcr die Modelle Delta Jogger L2 und XL geeignet ist. Dieses Kissen ist besonders vorteilhaft f\u00fcr kleinere oder schlankere Benutzer, da es den Sitzkomfort und die Unterst\u00fctzung verbessert. Stellen Sie sicher, dass Sie die richtige Gr\u00f6\u00dfe ausw\u00e4hlen, bevor Sie es in Ihren Warenkorb legen.<\/p>\n","protected":false},"featured_media":38221,"template":"","meta":[],"product_brand":[],"product_cat":[219,218],"product_tag":[],"class_list":{"0":"post-39890","1":"product","2":"type-product","3":"status-publish","4":"has-post-thumbnail","6":"product_cat-delta-de","7":"product_cat-jogger-buggy-zubehor","8":"pa_size-klein","9":"pa_size-medium-de","10":"pa_size-gros","12":"first","13":"instock","14":"taxable","15":"shipping-taxable","16":"purchasable","17":"product-type-variable"},"yoast_head":"<!-- This site is optimized with the Yoast SEO plugin v26.9 - https:\/\/yoast.com\/product\/yoast-seo-wordpress\/ -->\n<title>Delta Wedge | Global Carehab<\/title>\n<meta name=\"robots\" content=\"index, follow, max-snippet:-1, max-image-preview:large, max-video-preview:-1\" \/>\n<link rel=\"canonical\" href=\"https:\/\/globalcarehab.com\/de\/produkte\/delta-wedge\/\" \/>\n<meta property=\"og:locale\" content=\"de_DE\" \/>\n<meta property=\"og:type\" content=\"article\" \/>\n<meta property=\"og:title\" content=\"Delta Wedge | Global Carehab\" \/>\n<meta property=\"og:description\" content=\"Das Sitzf\u00fcllkissen wird lose im Jogger platziert und hat eine Keilform, die die Sitzh\u00f6he des Benutzers erh\u00f6ht und die Knieposition anpasst. Es ist in zwei Gr\u00f6\u00dfen erh\u00e4ltlich: Medium und Large. Die mittlere Gr\u00f6\u00dfe passt zu den Modellen Delta, M2 und L1, w\u00e4hrend die gro\u00dfe Gr\u00f6\u00dfe f\u00fcr die Modelle Delta Jogger L2 und XL geeignet ist. Dieses Kissen ist besonders vorteilhaft f\u00fcr kleinere oder schlankere Benutzer, da es den Sitzkomfort und die Unterst\u00fctzung verbessert. Stellen Sie sicher, dass Sie die richtige Gr\u00f6\u00dfe ausw\u00e4hlen, bevor Sie es in Ihren Warenkorb legen.\" \/>\n<meta property=\"og:url\" content=\"https:\/\/globalcarehab.com\/de\/produkte\/delta-wedge\/\" \/>\n<meta property=\"og:site_name\" content=\"Global Carehab\" \/>\n<meta property=\"article:modified_time\" content=\"2024-09-03T13:14:02+00:00\" \/>\n<meta property=\"og:image\" content=\"https:\/\/globalcarehab.com\/wp-content\/uploads\/2020\/04\/DeltaJogger-SeatInfill.png\" \/>\n\t<meta property=\"og:image:width\" content=\"700\" \/>\n\t<meta property=\"og:image:height\" content=\"700\" \/>\n\t<meta property=\"og:image:type\" content=\"image\/png\" \/>\n<meta name=\"twitter:card\" content=\"summary_large_image\" \/>\n<script type=\"application\/ld+json\" class=\"yoast-schema-graph\">{\"@context\":\"https:\/\/schema.org\",\"@graph\":[{\"@type\":\"WebPage\",\"@id\":\"https:\/\/globalcarehab.com\/de\/produkte\/delta-wedge\/\",\"url\":\"https:\/\/globalcarehab.com\/de\/produkte\/delta-wedge\/\",\"name\":\"Delta Wedge | Global Carehab\",\"isPartOf\":{\"@id\":\"https:\/\/globalcarehab.com\/de\/#website\"},\"primaryImageOfPage\":{\"@id\":\"https:\/\/globalcarehab.com\/de\/produkte\/delta-wedge\/#primaryimage\"},\"image\":{\"@id\":\"https:\/\/globalcarehab.com\/de\/produkte\/delta-wedge\/#primaryimage\"},\"thumbnailUrl\":\"https:\/\/globalcarehab.com\/wp-content\/uploads\/2020\/04\/DeltaJogger-SeatInfill.png\",\"datePublished\":\"2024-07-15T12:12:04+00:00\",\"dateModified\":\"2024-09-03T13:14:02+00:00\",\"breadcrumb\":{\"@id\":\"https:\/\/globalcarehab.com\/de\/produkte\/delta-wedge\/#breadcrumb\"},\"inLanguage\":\"de\",\"potentialAction\":[{\"@type\":\"ReadAction\",\"target\":[\"https:\/\/globalcarehab.com\/de\/produkte\/delta-wedge\/\"]}]},{\"@type\":\"ImageObject\",\"inLanguage\":\"de\",\"@id\":\"https:\/\/globalcarehab.com\/de\/produkte\/delta-wedge\/#primaryimage\",\"url\":\"https:\/\/globalcarehab.com\/wp-content\/uploads\/2020\/04\/DeltaJogger-SeatInfill.png\",\"contentUrl\":\"https:\/\/globalcarehab.com\/wp-content\/uploads\/2020\/04\/DeltaJogger-SeatInfill.png\",\"width\":700,\"height\":700},{\"@type\":\"BreadcrumbList\",\"@id\":\"https:\/\/globalcarehab.com\/de\/produkte\/delta-wedge\/#breadcrumb\",\"itemListElement\":[{\"@type\":\"ListItem\",\"position\":1,\"name\":\"Hjem\",\"item\":\"https:\/\/globalcarehab.com\/de\/\"},{\"@type\":\"ListItem\",\"position\":2,\"name\":\"Shop\",\"item\":\"https:\/\/globalcarehab.com\/de\/shop\/\"},{\"@type\":\"ListItem\",\"position\":3,\"name\":\"Jogger \/ Buggy\",\"item\":\"https:\/\/globalcarehab.com\/de\/produkt-kategorien\/jogger-buggy-de\/\"},{\"@type\":\"ListItem\",\"position\":4,\"name\":\"Jogger \/ Buggy Zubeh\u00f6r\",\"item\":\"https:\/\/globalcarehab.com\/de\/produkt-kategorien\/jogger-buggy-de\/jogger-buggy-zubehor\/\"},{\"@type\":\"ListItem\",\"position\":5,\"name\":\"Delta Wedge\"}]},{\"@type\":\"WebSite\",\"@id\":\"https:\/\/globalcarehab.com\/de\/#website\",\"url\":\"https:\/\/globalcarehab.com\/de\/\",\"name\":\"Global Carehab\",\"description\":\"Care in Rehab\",\"publisher\":{\"@id\":\"https:\/\/globalcarehab.com\/de\/#organization\"},\"potentialAction\":[{\"@type\":\"SearchAction\",\"target\":{\"@type\":\"EntryPoint\",\"urlTemplate\":\"https:\/\/globalcarehab.com\/de\/?s={search_term_string}\"},\"query-input\":{\"@type\":\"PropertyValueSpecification\",\"valueRequired\":true,\"valueName\":\"search_term_string\"}}],\"inLanguage\":\"de\"},{\"@type\":\"Organization\",\"@id\":\"https:\/\/globalcarehab.com\/de\/#organization\",\"name\":\"Global Carehab\",\"url\":\"https:\/\/globalcarehab.com\/de\/\",\"logo\":{\"@type\":\"ImageObject\",\"inLanguage\":\"de\",\"@id\":\"https:\/\/globalcarehab.com\/de\/#\/schema\/logo\/image\/\",\"url\":\"https:\/\/globalcarehab.com\/wp-content\/uploads\/2024\/03\/carehab-logo.svg\",\"contentUrl\":\"https:\/\/globalcarehab.com\/wp-content\/uploads\/2024\/03\/carehab-logo.svg\",\"width\":1,\"height\":1,\"caption\":\"Global Carehab\"},\"image\":{\"@id\":\"https:\/\/globalcarehab.com\/de\/#\/schema\/logo\/image\/\"}}]}<\/script>\n<!-- \/ Yoast SEO plugin. -->","yoast_head_json":{"title":"Delta Wedge | Global Carehab","robots":{"index":"index","follow":"follow","max-snippet":"max-snippet:-1","max-image-preview":"max-image-preview:large","max-video-preview":"max-video-preview:-1"},"canonical":"https:\/\/globalcarehab.com\/de\/produkte\/delta-wedge\/","og_locale":"de_DE","og_type":"article","og_title":"Delta Wedge | Global Carehab","og_description":"Das Sitzf\u00fcllkissen wird lose im Jogger platziert und hat eine Keilform, die die Sitzh\u00f6he des Benutzers erh\u00f6ht und die Knieposition anpasst. Es ist in zwei Gr\u00f6\u00dfen erh\u00e4ltlich: Medium und Large. Die mittlere Gr\u00f6\u00dfe passt zu den Modellen Delta, M2 und L1, w\u00e4hrend die gro\u00dfe Gr\u00f6\u00dfe f\u00fcr die Modelle Delta Jogger L2 und XL geeignet ist. Dieses Kissen ist besonders vorteilhaft f\u00fcr kleinere oder schlankere Benutzer, da es den Sitzkomfort und die Unterst\u00fctzung verbessert. Stellen Sie sicher, dass Sie die richtige Gr\u00f6\u00dfe ausw\u00e4hlen, bevor Sie es in Ihren Warenkorb legen.","og_url":"https:\/\/globalcarehab.com\/de\/produkte\/delta-wedge\/","og_site_name":"Global Carehab","article_modified_time":"2024-09-03T13:14:02+00:00","og_image":[{"width":700,"height":700,"url":"https:\/\/globalcarehab.com\/wp-content\/uploads\/2020\/04\/DeltaJogger-SeatInfill.png","type":"image\/png"}],"twitter_card":"summary_large_image","schema":{"@context":"https:\/\/schema.org","@graph":[{"@type":"WebPage","@id":"https:\/\/globalcarehab.com\/de\/produkte\/delta-wedge\/","url":"https:\/\/globalcarehab.com\/de\/produkte\/delta-wedge\/","name":"Delta Wedge | Global Carehab","isPartOf":{"@id":"https:\/\/globalcarehab.com\/de\/#website"},"primaryImageOfPage":{"@id":"https:\/\/globalcarehab.com\/de\/produkte\/delta-wedge\/#primaryimage"},"image":{"@id":"https:\/\/globalcarehab.com\/de\/produkte\/delta-wedge\/#primaryimage"},"thumbnailUrl":"https:\/\/globalcarehab.com\/wp-content\/uploads\/2020\/04\/DeltaJogger-SeatInfill.png","datePublished":"2024-07-15T12:12:04+00:00","dateModified":"2024-09-03T13:14:02+00:00","breadcrumb":{"@id":"https:\/\/globalcarehab.com\/de\/produkte\/delta-wedge\/#breadcrumb"},"inLanguage":"de","potentialAction":[{"@type":"ReadAction","target":["https:\/\/globalcarehab.com\/de\/produkte\/delta-wedge\/"]}]},{"@type":"ImageObject","inLanguage":"de","@id":"https:\/\/globalcarehab.com\/de\/produkte\/delta-wedge\/#primaryimage","url":"https:\/\/globalcarehab.com\/wp-content\/uploads\/2020\/04\/DeltaJogger-SeatInfill.png","contentUrl":"https:\/\/globalcarehab.com\/wp-content\/uploads\/2020\/04\/DeltaJogger-SeatInfill.png","width":700,"height":700},{"@type":"BreadcrumbList","@id":"https:\/\/globalcarehab.com\/de\/produkte\/delta-wedge\/#breadcrumb","itemListElement":[{"@type":"ListItem","position":1,"name":"Hjem","item":"https:\/\/globalcarehab.com\/de\/"},{"@type":"ListItem","position":2,"name":"Shop","item":"https:\/\/globalcarehab.com\/de\/shop\/"},{"@type":"ListItem","position":3,"name":"Jogger \/ Buggy","item":"https:\/\/globalcarehab.com\/de\/produkt-kategorien\/jogger-buggy-de\/"},{"@type":"ListItem","position":4,"name":"Jogger \/ Buggy Zubeh\u00f6r","item":"https:\/\/globalcarehab.com\/de\/produkt-kategorien\/jogger-buggy-de\/jogger-buggy-zubehor\/"},{"@type":"ListItem","position":5,"name":"Delta Wedge"}]},{"@type":"WebSite","@id":"https:\/\/globalcarehab.com\/de\/#website","url":"https:\/\/globalcarehab.com\/de\/","name":"Global Carehab","description":"Care in Rehab","publisher":{"@id":"https:\/\/globalcarehab.com\/de\/#organization"},"potentialAction":[{"@type":"SearchAction","target":{"@type":"EntryPoint","urlTemplate":"https:\/\/globalcarehab.com\/de\/?s={search_term_string}"},"query-input":{"@type":"PropertyValueSpecification","valueRequired":true,"valueName":"search_term_string"}}],"inLanguage":"de"},{"@type":"Organization","@id":"https:\/\/globalcarehab.com\/de\/#organization","name":"Global Carehab","url":"https:\/\/globalcarehab.com\/de\/","logo":{"@type":"ImageObject","inLanguage":"de","@id":"https:\/\/globalcarehab.com\/de\/#\/schema\/logo\/image\/","url":"https:\/\/globalcarehab.com\/wp-content\/uploads\/2024\/03\/carehab-logo.svg","contentUrl":"https:\/\/globalcarehab.com\/wp-content\/uploads\/2024\/03\/carehab-logo.svg","width":1,"height":1,"caption":"Global Carehab"},"image":{"@id":"https:\/\/globalcarehab.com\/de\/#\/schema\/logo\/image\/"}}]}},"_links":{"self":[{"href":"https:\/\/globalcarehab.com\/de\/wp-json\/wp\/v2\/product\/39890","targetHints":{"allow":["GET"]}}],"collection":[{"href":"https:\/\/globalcarehab.com\/de\/wp-json\/wp\/v2\/product"}],"about":[{"href":"https:\/\/globalcarehab.com\/de\/wp-json\/wp\/v2\/types\/product"}],"version-history":[{"count":7,"href":"https:\/\/globalcarehab.com\/de\/wp-json\/wp\/v2\/product\/39890\/revisions"}],"predecessor-version":[{"id":39901,"href":"https:\/\/globalcarehab.com\/de\/wp-json\/wp\/v2\/product\/39890\/revisions\/39901"}],"wp:featuredmedia":[{"embeddable":true,"href":"https:\/\/globalcarehab.com\/de\/wp-json\/wp\/v2\/media\/38221"}],"wp:attachment":[{"href":"https:\/\/globalcarehab.com\/de\/wp-json\/wp\/v2\/media?parent=39890"}],"wp:term":[{"taxonomy":"product_brand","embeddable":true,"href":"https:\/\/globalcarehab.com\/de\/wp-json\/wp\/v2\/product_brand?post=39890"},{"taxonomy":"product_cat","embeddable":true,"href":"https:\/\/globalcarehab.com\/de\/wp-json\/wp\/v2\/product_cat?post=39890"},{"taxonomy":"product_tag","embeddable":true,"href":"https:\/\/globalcarehab.com\/de\/wp-json\/wp\/v2\/product_tag?post=39890"}],"curies":[{"name":"wp","href":"https:\/\/api.w.org\/{rel}","templated":true}]}}