{"id":40252,"date":"2024-06-18T20:37:10","date_gmt":"2024-06-18T18:37:10","guid":{"rendered":"https:\/\/globalcarehab.com\/?post_type=product&#038;p=40252"},"modified":"2026-01-04T15:29:13","modified_gmt":"2026-01-04T14:29:13","slug":"sitzstuhl-mit-bodenbasis","status":"publish","type":"product","link":"https:\/\/globalcarehab.com\/de\/produkte\/sitzstuhl-mit-bodenbasis\/","title":{"rendered":"Sitzstuhl mit Bodenbasis"},"content":{"rendered":"\t\t<div data-elementor-type=\"product-post\" data-elementor-id=\"40252\" class=\"elementor elementor-40252 elementor-35938\" data-elementor-post-type=\"product\">\n\t\t\t\t<div class=\"elementor-element elementor-element-e247f4f e-flex e-con-boxed e-con e-parent\" data-id=\"e247f4f\" data-element_type=\"container\" data-e-type=\"container\" data-settings=\"{&quot;jet_parallax_layout_list&quot;:[]}\">\n\t\t\t\t\t<div class=\"e-con-inner\">\n\t\t<div class=\"elementor-element elementor-element-13c7825 e-con-full e-flex e-con e-child\" data-id=\"13c7825\" data-element_type=\"container\" data-e-type=\"container\" data-settings=\"{&quot;background_background&quot;:&quot;classic&quot;,&quot;jet_parallax_layout_list&quot;:[]}\">\n\t\t\t\t<div class=\"elementor-element elementor-element-978000c elementor-widget elementor-widget-spacer\" data-id=\"978000c\" data-element_type=\"widget\" data-e-type=\"widget\" data-widget_type=\"spacer.default\">\n\t\t\t\t\t\t\t<div class=\"elementor-spacer\">\n\t\t\t<div class=\"elementor-spacer-inner\"><\/div>\n\t\t<\/div>\n\t\t\t\t\t\t<\/div>\n\t\t\t\t<\/div>\n\t\t<div class=\"elementor-element elementor-element-50ab63a e-con-full e-flex e-con e-child\" data-id=\"50ab63a\" data-element_type=\"container\" data-e-type=\"container\" data-settings=\"{&quot;jet_parallax_layout_list&quot;:[],&quot;background_background&quot;:&quot;classic&quot;}\">\n\t\t\t\t<div class=\"elementor-element elementor-element-ca71b81 elementor-widget elementor-widget-heading\" data-id=\"ca71b81\" data-element_type=\"widget\" data-e-type=\"widget\" data-widget_type=\"heading.default\">\n\t\t\t\t\t<h2 class=\"elementor-heading-title elementor-size-default\">Sitzstuhl mit Bodenbasis - Adaptive Sitzl\u00f6sungen<\/h2>\t\t\t\t<\/div>\n\t\t\t\t<div class=\"elementor-element elementor-element-1ed5410 elementor-widget elementor-widget-text-editor\" data-id=\"1ed5410\" data-element_type=\"widget\" data-e-type=\"widget\" data-widget_type=\"text-editor.default\">\n\t\t\t\t\t\t\t\t\t<div class=\"wpb_text_column\"><div class=\"wpb_wrapper\"><div class=\"flex flex-grow flex-col max-w-full\"><div class=\"min-h-[20px] text-message flex flex-col items-start whitespace-pre-wrap break-words [.text-message+&amp;]:mt-5 juice:w-full juice:items-end overflow-x-auto gap-2\" dir=\"auto\" data-message-author-role=\"assistant\" data-message-id=\"ef94b8ec-e4b3-441c-913b-4c247e01b971\"><div class=\"flex w-full flex-col gap-1 juice:empty:hidden juice:first:pt-[3px]\"><div class=\"markdown prose w-full break-words dark:prose-invert dark\"><p>Der <strong>Special Tomato Sitzstuhl mit Bodenbasis<\/strong> bietet ein adaptives Sitzsystem, das in verschiedenen Sitzpositionen Unterst\u00fctzung bietet. Erh\u00e4ltlich in den Gr\u00f6\u00dfen 1, 2 und 3 sind diese Soft-Touch-Bodensitze vielseitig und benutzerfreundlich.<\/p><p>Jeder Sitzstuhl beinhaltet als Standardfunktion Befestigungsgurte, die eine sichere Befestigung an einem stabilen Esszimmerstuhl, Klassenraumstuhl, Kinderwagen oder einer der Special Tomato-Basen erm\u00f6glichen: Bodenskeil, Station\u00e4re Basis oder Mobile Basis.<\/p><\/div><\/div><\/div><\/div><\/div><\/div>\t\t\t\t\t\t\t\t<\/div>\n\t\t\t\t<\/div>\n\t\t\t\t\t<\/div>\n\t\t\t\t<\/div>\n\t\t<div class=\"elementor-element elementor-element-290a9ce e-flex e-con-boxed e-con e-parent\" data-id=\"290a9ce\" data-element_type=\"container\" data-e-type=\"container\" data-settings=\"{&quot;jet_parallax_layout_list&quot;:[]}\">\n\t\t\t\t\t<div class=\"e-con-inner\">\n\t\t<div class=\"elementor-element elementor-element-33005a5 e-con-full e-flex e-con e-child\" data-id=\"33005a5\" data-element_type=\"container\" data-e-type=\"container\" data-settings=\"{&quot;jet_parallax_layout_list&quot;:[],&quot;background_background&quot;:&quot;classic&quot;}\">\n\t\t\t\t<div class=\"elementor-element elementor-element-b81e73f elementor-widget elementor-widget-heading\" data-id=\"b81e73f\" data-element_type=\"widget\" data-e-type=\"widget\" data-widget_type=\"heading.default\">\n\t\t\t\t\t<h2 class=\"elementor-heading-title elementor-size-default\">Wichtige Merkmale<\/h2>\t\t\t\t<\/div>\n\t\t\t\t<div class=\"elementor-element elementor-element-8efefd3 elementor-widget elementor-widget-text-editor\" data-id=\"8efefd3\" data-element_type=\"widget\" data-e-type=\"widget\" data-widget_type=\"text-editor.default\">\n\t\t\t\t\t\t\t\t\t<ul><li><strong>Sichere Bodensitzl\u00f6sung<\/strong>: Der Sitzstuhl mit Bodenskeil bietet volle Unterst\u00fctzung f\u00fcr Ihr Kind, w\u00e4hrend es auf dem Boden sitzt, was ihn ideal f\u00fcr die Interaktion mit Gleichaltrigen w\u00e4hrend der Spielzeit macht.<\/li><li><strong>Vielseitige Befestigungsoptionen<\/strong>: Die Befestigungsgurte erm\u00f6glichen eine einfache und sichere Montage an verschiedenen St\u00fchlen und Basen.<\/li><li><strong>Zus\u00e4tzliche Basisoptionen<\/strong>: Verbessern Sie Ihren Sitzstuhl mit zus\u00e4tzlichen Basen, die im Zubeh\u00f6rbereich erh\u00e4ltlich sind:<br \/><br \/><ul><li><strong>Station\u00e4re Basis<\/strong>: H\u00e4lt Kinder in Bodenn\u00e4he, ohne dass ein vollst\u00e4ndiges Umsetzen erforderlich ist. Ausgestattet mit M\u00f6belgleitern zum Schutz Ihres Bodens.<\/li><li><strong>Mobile Basis<\/strong>: \u00c4hnlich der station\u00e4ren Basis, jedoch mit zus\u00e4tzlichen Rollen f\u00fcr eine einfache Bewegung im Raum oder zwischen R\u00e4umen.<\/li><\/ul><\/li><\/ul>\t\t\t\t\t\t\t\t<\/div>\n\t\t\t\t<\/div>\n\t\t<div class=\"elementor-element elementor-element-28a3ec6 e-con-full e-flex e-con e-child\" data-id=\"28a3ec6\" data-element_type=\"container\" data-e-type=\"container\" data-settings=\"{&quot;jet_parallax_layout_list&quot;:[]}\">\n\t\t\t\t<div class=\"elementor-element elementor-element-4ddd461 elementor-widget elementor-widget-image\" data-id=\"4ddd461\" data-element_type=\"widget\" data-e-type=\"widget\" data-widget_type=\"image.default\">\n\t\t\t\t\t\t\t\t\t\t\t\t\t\t\t<img fetchpriority=\"high\" decoding=\"async\" width=\"700\" height=\"700\" src=\"https:\/\/globalcarehab.com\/wp-content\/uploads\/2019\/08\/Sitter-FloorBase.png\" class=\"attachment-large size-large wp-image-38781\" alt=\"\" srcset=\"https:\/\/globalcarehab.com\/wp-content\/uploads\/2019\/08\/Sitter-FloorBase.png 700w, https:\/\/globalcarehab.com\/wp-content\/uploads\/2019\/08\/Sitter-FloorBase-300x300.png 300w, https:\/\/globalcarehab.com\/wp-content\/uploads\/2019\/08\/Sitter-FloorBase-150x150.png 150w, https:\/\/globalcarehab.com\/wp-content\/uploads\/2019\/08\/Sitter-FloorBase-600x600.png 600w, https:\/\/globalcarehab.com\/wp-content\/uploads\/2019\/08\/Sitter-FloorBase-100x100.png 100w\" sizes=\"(max-width: 700px) 100vw, 700px\" \/>\t\t\t\t\t\t\t\t\t\t\t\t\t\t\t<\/div>\n\t\t\t\t<\/div>\n\t\t\t\t\t<\/div>\n\t\t\t\t<\/div>\n\t\t<div class=\"elementor-element elementor-element-53f94a0 e-flex e-con-boxed e-con e-parent\" data-id=\"53f94a0\" data-element_type=\"container\" data-e-type=\"container\" data-settings=\"{&quot;jet_parallax_layout_list&quot;:[]}\">\n\t\t\t\t\t<div class=\"e-con-inner\">\n\t\t<div class=\"elementor-element elementor-element-5d4e68a e-con-full e-flex e-con e-child\" data-id=\"5d4e68a\" data-element_type=\"container\" data-e-type=\"container\" data-settings=\"{&quot;background_background&quot;:&quot;classic&quot;,&quot;jet_parallax_layout_list&quot;:[]}\">\n\t\t\t\t<div class=\"elementor-element elementor-element-ee6e51f elementor-widget elementor-widget-heading\" data-id=\"ee6e51f\" data-element_type=\"widget\" data-e-type=\"widget\" data-widget_type=\"heading.default\">\n\t\t\t\t\t<h3 class=\"elementor-heading-title elementor-size-default\">Materialvorteile<\/h3>\t\t\t\t<\/div>\n\t\t\t\t<div class=\"elementor-element elementor-element-d3f5db0 elementor-widget elementor-widget-text-editor\" data-id=\"d3f5db0\" data-element_type=\"widget\" data-e-type=\"widget\" data-widget_type=\"text-editor.default\">\n\t\t\t\t\t\t\t\t\t<p>Ob beim Sitzkreis in der Schule, beim Spielen mit Freunden und Geschwistern zu Hause, bei Familienmahlzeiten am Esstisch oder beim Entspannen mit der Familie \u2013 die <strong>Special Tomato Soft-Touch-Sitze<\/strong> bieten die adaptive Sitzunterst\u00fctzung, die Sie ben\u00f6tigen.<\/p><p>Die <strong>Special Tomato Soft-Touch-Produkte<\/strong> bestehen aus einem weichen, langlebigen Material, das antimikrobiell, fl\u00fcssigkeitsundurchl\u00e4ssig, latexfrei sowie widerstandsf\u00e4hig gegen Abbl\u00e4ttern und Rei\u00dfen ist. Diese Eigenschaften machen die Sitze ideal f\u00fcr Kinder mit leichten bis mittleren Positionierungsbed\u00fcrfnissen und sorgen f\u00fcr eine hygienische und langlebige Sitzl\u00f6sung.<\/p>\t\t\t\t\t\t\t\t<\/div>\n\t\t\t\t<\/div>\n\t\t\t\t\t<\/div>\n\t\t\t\t<\/div>\n\t\t\t\t<\/div>\n\t\t","protected":false},"excerpt":{"rendered":"<p><strong>Sitzstuhl mit Bodenbasis:<\/strong> Entwickelt f\u00fcr Stabilit\u00e4t und Komfort ist der Sitzstuhl mit Bodenbasis perfekt f\u00fcr Aktivit\u00e4ten auf Bodenh\u00f6he. Der ergonomische Sitz f\u00f6rdert eine korrekte K\u00f6rperhaltung, w\u00e4hrend die robuste Bodenbasis eine sichere und stabile Sitzposition f\u00fcr Kinder mit besonderen Bed\u00fcrfnissen gew\u00e4hrleistet. Leicht zu reinigen und anzupassen, ist dieser Sitz ideal f\u00fcr Therapiesitzungen, Spielzeit oder ruhige Momente zu Hause.<\/p>\n","protected":false},"featured_media":38782,"template":"","meta":[],"product_brand":[],"product_cat":[302,238],"product_tag":[],"class_list":{"0":"post-40252","1":"product","2":"type-product","3":"status-publish","4":"has-post-thumbnail","6":"product_cat-special-tomato-de","7":"product_cat-sitze","8":"pa_color-blau","9":"pa_color-flieder","10":"pa_color-grau","11":"pa_size-1-de","12":"pa_size-2-de","13":"pa_size-3-de","15":"first","16":"onbackorder","17":"taxable","18":"shipping-taxable","19":"purchasable","20":"product-type-variable"},"yoast_head":"<!-- This site is optimized with the Yoast SEO plugin v26.9 - https:\/\/yoast.com\/product\/yoast-seo-wordpress\/ -->\n<title>Sitzstuhl mit Bodenbasis | Global Carehab<\/title>\n<meta name=\"robots\" content=\"index, follow, max-snippet:-1, max-image-preview:large, max-video-preview:-1\" \/>\n<link rel=\"canonical\" href=\"https:\/\/globalcarehab.com\/de\/produkte\/sitzstuhl-mit-bodenbasis\/\" \/>\n<meta property=\"og:locale\" content=\"de_DE\" \/>\n<meta property=\"og:type\" content=\"article\" \/>\n<meta property=\"og:title\" content=\"Sitzstuhl mit Bodenbasis | Global Carehab\" \/>\n<meta property=\"og:description\" content=\"Sitzstuhl mit Bodenbasis: Entwickelt f\u00fcr Stabilit\u00e4t und Komfort ist der Sitzstuhl mit Bodenbasis perfekt f\u00fcr Aktivit\u00e4ten auf Bodenh\u00f6he. Der ergonomische Sitz f\u00f6rdert eine korrekte K\u00f6rperhaltung, w\u00e4hrend die robuste Bodenbasis eine sichere und stabile Sitzposition f\u00fcr Kinder mit besonderen Bed\u00fcrfnissen gew\u00e4hrleistet. Leicht zu reinigen und anzupassen, ist dieser Sitz ideal f\u00fcr Therapiesitzungen, Spielzeit oder ruhige Momente zu Hause.\" \/>\n<meta property=\"og:url\" content=\"https:\/\/globalcarehab.com\/de\/produkte\/sitzstuhl-mit-bodenbasis\/\" \/>\n<meta property=\"og:site_name\" content=\"Global Carehab\" \/>\n<meta property=\"article:modified_time\" content=\"2026-01-04T14:29:13+00:00\" \/>\n<meta property=\"og:image\" content=\"https:\/\/globalcarehab.com\/wp-content\/uploads\/2019\/08\/Sitter-FloorBase-Aqua-1-e1570015848710.png\" \/>\n\t<meta property=\"og:image:width\" content=\"700\" \/>\n\t<meta property=\"og:image:height\" content=\"700\" \/>\n\t<meta property=\"og:image:type\" content=\"image\/png\" \/>\n<meta name=\"twitter:card\" content=\"summary_large_image\" \/>\n<meta name=\"twitter:label1\" content=\"Gesch\u00e4tzte Lesezeit\" \/>\n\t<meta name=\"twitter:data1\" content=\"2\u00a0Minuten\" \/>\n<script type=\"application\/ld+json\" class=\"yoast-schema-graph\">{\"@context\":\"https:\/\/schema.org\",\"@graph\":[{\"@type\":\"WebPage\",\"@id\":\"https:\/\/globalcarehab.com\/de\/produkte\/sitzstuhl-mit-bodenbasis\/\",\"url\":\"https:\/\/globalcarehab.com\/de\/produkte\/sitzstuhl-mit-bodenbasis\/\",\"name\":\"Sitzstuhl mit Bodenbasis | Global Carehab\",\"isPartOf\":{\"@id\":\"https:\/\/globalcarehab.com\/de\/#website\"},\"primaryImageOfPage\":{\"@id\":\"https:\/\/globalcarehab.com\/de\/produkte\/sitzstuhl-mit-bodenbasis\/#primaryimage\"},\"image\":{\"@id\":\"https:\/\/globalcarehab.com\/de\/produkte\/sitzstuhl-mit-bodenbasis\/#primaryimage\"},\"thumbnailUrl\":\"https:\/\/globalcarehab.com\/wp-content\/uploads\/2019\/08\/Sitter-FloorBase-Aqua-1-e1570015848710.png\",\"datePublished\":\"2024-06-18T18:37:10+00:00\",\"dateModified\":\"2026-01-04T14:29:13+00:00\",\"breadcrumb\":{\"@id\":\"https:\/\/globalcarehab.com\/de\/produkte\/sitzstuhl-mit-bodenbasis\/#breadcrumb\"},\"inLanguage\":\"de\",\"potentialAction\":[{\"@type\":\"ReadAction\",\"target\":[\"https:\/\/globalcarehab.com\/de\/produkte\/sitzstuhl-mit-bodenbasis\/\"]}]},{\"@type\":\"ImageObject\",\"inLanguage\":\"de\",\"@id\":\"https:\/\/globalcarehab.com\/de\/produkte\/sitzstuhl-mit-bodenbasis\/#primaryimage\",\"url\":\"https:\/\/globalcarehab.com\/wp-content\/uploads\/2019\/08\/Sitter-FloorBase-Aqua-1-e1570015848710.png\",\"contentUrl\":\"https:\/\/globalcarehab.com\/wp-content\/uploads\/2019\/08\/Sitter-FloorBase-Aqua-1-e1570015848710.png\",\"width\":700,\"height\":700},{\"@type\":\"BreadcrumbList\",\"@id\":\"https:\/\/globalcarehab.com\/de\/produkte\/sitzstuhl-mit-bodenbasis\/#breadcrumb\",\"itemListElement\":[{\"@type\":\"ListItem\",\"position\":1,\"name\":\"Hjem\",\"item\":\"https:\/\/globalcarehab.com\/de\/\"},{\"@type\":\"ListItem\",\"position\":2,\"name\":\"Shop\",\"item\":\"https:\/\/globalcarehab.com\/de\/shop\/\"},{\"@type\":\"ListItem\",\"position\":3,\"name\":\"Sitze\",\"item\":\"https:\/\/globalcarehab.com\/de\/produkt-kategorien\/sitze\/\"},{\"@type\":\"ListItem\",\"position\":4,\"name\":\"Sitzstuhl mit Bodenbasis\"}]},{\"@type\":\"WebSite\",\"@id\":\"https:\/\/globalcarehab.com\/de\/#website\",\"url\":\"https:\/\/globalcarehab.com\/de\/\",\"name\":\"Global Carehab\",\"description\":\"Care in Rehab\",\"publisher\":{\"@id\":\"https:\/\/globalcarehab.com\/de\/#organization\"},\"potentialAction\":[{\"@type\":\"SearchAction\",\"target\":{\"@type\":\"EntryPoint\",\"urlTemplate\":\"https:\/\/globalcarehab.com\/de\/?s={search_term_string}\"},\"query-input\":{\"@type\":\"PropertyValueSpecification\",\"valueRequired\":true,\"valueName\":\"search_term_string\"}}],\"inLanguage\":\"de\"},{\"@type\":\"Organization\",\"@id\":\"https:\/\/globalcarehab.com\/de\/#organization\",\"name\":\"Global Carehab\",\"url\":\"https:\/\/globalcarehab.com\/de\/\",\"logo\":{\"@type\":\"ImageObject\",\"inLanguage\":\"de\",\"@id\":\"https:\/\/globalcarehab.com\/de\/#\/schema\/logo\/image\/\",\"url\":\"https:\/\/globalcarehab.com\/wp-content\/uploads\/2024\/03\/carehab-logo.svg\",\"contentUrl\":\"https:\/\/globalcarehab.com\/wp-content\/uploads\/2024\/03\/carehab-logo.svg\",\"width\":1,\"height\":1,\"caption\":\"Global Carehab\"},\"image\":{\"@id\":\"https:\/\/globalcarehab.com\/de\/#\/schema\/logo\/image\/\"}}]}<\/script>\n<!-- \/ Yoast SEO plugin. -->","yoast_head_json":{"title":"Sitzstuhl mit Bodenbasis | Global Carehab","robots":{"index":"index","follow":"follow","max-snippet":"max-snippet:-1","max-image-preview":"max-image-preview:large","max-video-preview":"max-video-preview:-1"},"canonical":"https:\/\/globalcarehab.com\/de\/produkte\/sitzstuhl-mit-bodenbasis\/","og_locale":"de_DE","og_type":"article","og_title":"Sitzstuhl mit Bodenbasis | Global Carehab","og_description":"Sitzstuhl mit Bodenbasis: Entwickelt f\u00fcr Stabilit\u00e4t und Komfort ist der Sitzstuhl mit Bodenbasis perfekt f\u00fcr Aktivit\u00e4ten auf Bodenh\u00f6he. Der ergonomische Sitz f\u00f6rdert eine korrekte K\u00f6rperhaltung, w\u00e4hrend die robuste Bodenbasis eine sichere und stabile Sitzposition f\u00fcr Kinder mit besonderen Bed\u00fcrfnissen gew\u00e4hrleistet. Leicht zu reinigen und anzupassen, ist dieser Sitz ideal f\u00fcr Therapiesitzungen, Spielzeit oder ruhige Momente zu Hause.","og_url":"https:\/\/globalcarehab.com\/de\/produkte\/sitzstuhl-mit-bodenbasis\/","og_site_name":"Global Carehab","article_modified_time":"2026-01-04T14:29:13+00:00","og_image":[{"width":700,"height":700,"url":"https:\/\/globalcarehab.com\/wp-content\/uploads\/2019\/08\/Sitter-FloorBase-Aqua-1-e1570015848710.png","type":"image\/png"}],"twitter_card":"summary_large_image","twitter_misc":{"Gesch\u00e4tzte Lesezeit":"2\u00a0Minuten"},"schema":{"@context":"https:\/\/schema.org","@graph":[{"@type":"WebPage","@id":"https:\/\/globalcarehab.com\/de\/produkte\/sitzstuhl-mit-bodenbasis\/","url":"https:\/\/globalcarehab.com\/de\/produkte\/sitzstuhl-mit-bodenbasis\/","name":"Sitzstuhl mit Bodenbasis | Global Carehab","isPartOf":{"@id":"https:\/\/globalcarehab.com\/de\/#website"},"primaryImageOfPage":{"@id":"https:\/\/globalcarehab.com\/de\/produkte\/sitzstuhl-mit-bodenbasis\/#primaryimage"},"image":{"@id":"https:\/\/globalcarehab.com\/de\/produkte\/sitzstuhl-mit-bodenbasis\/#primaryimage"},"thumbnailUrl":"https:\/\/globalcarehab.com\/wp-content\/uploads\/2019\/08\/Sitter-FloorBase-Aqua-1-e1570015848710.png","datePublished":"2024-06-18T18:37:10+00:00","dateModified":"2026-01-04T14:29:13+00:00","breadcrumb":{"@id":"https:\/\/globalcarehab.com\/de\/produkte\/sitzstuhl-mit-bodenbasis\/#breadcrumb"},"inLanguage":"de","potentialAction":[{"@type":"ReadAction","target":["https:\/\/globalcarehab.com\/de\/produkte\/sitzstuhl-mit-bodenbasis\/"]}]},{"@type":"ImageObject","inLanguage":"de","@id":"https:\/\/globalcarehab.com\/de\/produkte\/sitzstuhl-mit-bodenbasis\/#primaryimage","url":"https:\/\/globalcarehab.com\/wp-content\/uploads\/2019\/08\/Sitter-FloorBase-Aqua-1-e1570015848710.png","contentUrl":"https:\/\/globalcarehab.com\/wp-content\/uploads\/2019\/08\/Sitter-FloorBase-Aqua-1-e1570015848710.png","width":700,"height":700},{"@type":"BreadcrumbList","@id":"https:\/\/globalcarehab.com\/de\/produkte\/sitzstuhl-mit-bodenbasis\/#breadcrumb","itemListElement":[{"@type":"ListItem","position":1,"name":"Hjem","item":"https:\/\/globalcarehab.com\/de\/"},{"@type":"ListItem","position":2,"name":"Shop","item":"https:\/\/globalcarehab.com\/de\/shop\/"},{"@type":"ListItem","position":3,"name":"Sitze","item":"https:\/\/globalcarehab.com\/de\/produkt-kategorien\/sitze\/"},{"@type":"ListItem","position":4,"name":"Sitzstuhl mit Bodenbasis"}]},{"@type":"WebSite","@id":"https:\/\/globalcarehab.com\/de\/#website","url":"https:\/\/globalcarehab.com\/de\/","name":"Global Carehab","description":"Care in Rehab","publisher":{"@id":"https:\/\/globalcarehab.com\/de\/#organization"},"potentialAction":[{"@type":"SearchAction","target":{"@type":"EntryPoint","urlTemplate":"https:\/\/globalcarehab.com\/de\/?s={search_term_string}"},"query-input":{"@type":"PropertyValueSpecification","valueRequired":true,"valueName":"search_term_string"}}],"inLanguage":"de"},{"@type":"Organization","@id":"https:\/\/globalcarehab.com\/de\/#organization","name":"Global Carehab","url":"https:\/\/globalcarehab.com\/de\/","logo":{"@type":"ImageObject","inLanguage":"de","@id":"https:\/\/globalcarehab.com\/de\/#\/schema\/logo\/image\/","url":"https:\/\/globalcarehab.com\/wp-content\/uploads\/2024\/03\/carehab-logo.svg","contentUrl":"https:\/\/globalcarehab.com\/wp-content\/uploads\/2024\/03\/carehab-logo.svg","width":1,"height":1,"caption":"Global Carehab"},"image":{"@id":"https:\/\/globalcarehab.com\/de\/#\/schema\/logo\/image\/"}}]}},"_links":{"self":[{"href":"https:\/\/globalcarehab.com\/de\/wp-json\/wp\/v2\/product\/40252","targetHints":{"allow":["GET"]}}],"collection":[{"href":"https:\/\/globalcarehab.com\/de\/wp-json\/wp\/v2\/product"}],"about":[{"href":"https:\/\/globalcarehab.com\/de\/wp-json\/wp\/v2\/types\/product"}],"version-history":[{"count":9,"href":"https:\/\/globalcarehab.com\/de\/wp-json\/wp\/v2\/product\/40252\/revisions"}],"predecessor-version":[{"id":40271,"href":"https:\/\/globalcarehab.com\/de\/wp-json\/wp\/v2\/product\/40252\/revisions\/40271"}],"wp:featuredmedia":[{"embeddable":true,"href":"https:\/\/globalcarehab.com\/de\/wp-json\/wp\/v2\/media\/38782"}],"wp:attachment":[{"href":"https:\/\/globalcarehab.com\/de\/wp-json\/wp\/v2\/media?parent=40252"}],"wp:term":[{"taxonomy":"product_brand","embeddable":true,"href":"https:\/\/globalcarehab.com\/de\/wp-json\/wp\/v2\/product_brand?post=40252"},{"taxonomy":"product_cat","embeddable":true,"href":"https:\/\/globalcarehab.com\/de\/wp-json\/wp\/v2\/product_cat?post=40252"},{"taxonomy":"product_tag","embeddable":true,"href":"https:\/\/globalcarehab.com\/de\/wp-json\/wp\/v2\/product_tag?post=40252"}],"curies":[{"name":"wp","href":"https:\/\/api.w.org\/{rel}","templated":true}]}}