{"id":40297,"date":"2024-07-15T14:11:36","date_gmt":"2024-07-15T12:11:36","guid":{"rendered":"https:\/\/globalcarehab.com\/?post_type=product&#038;p=40297"},"modified":"2026-02-01T12:16:58","modified_gmt":"2026-02-01T11:16:58","slug":"delta-vordach","status":"publish","type":"product","link":"https:\/\/globalcarehab.com\/de\/produkte\/delta-vordach\/","title":{"rendered":"Delta Vordach"},"content":{"rendered":"\t\t<div data-elementor-type=\"product-post\" data-elementor-id=\"40297\" class=\"elementor elementor-40297 elementor-37047\" data-elementor-post-type=\"product\">\n\t\t\t\t<div class=\"elementor-element elementor-element-3754c5d e-flex e-con-boxed e-con e-parent\" data-id=\"3754c5d\" data-element_type=\"container\" data-e-type=\"container\" data-settings=\"{&quot;jet_parallax_layout_list&quot;:[]}\">\n\t\t\t\t\t<div class=\"e-con-inner\">\n\t\t<div class=\"elementor-element elementor-element-f6ede83 e-con-full e-flex e-con e-child\" data-id=\"f6ede83\" data-element_type=\"container\" data-e-type=\"container\" data-settings=\"{&quot;background_background&quot;:&quot;classic&quot;,&quot;jet_parallax_layout_list&quot;:[]}\">\n\t\t\t\t<div class=\"elementor-element elementor-element-64e2510 elementor-widget elementor-widget-heading\" data-id=\"64e2510\" data-element_type=\"widget\" data-e-type=\"widget\" data-widget_type=\"heading.default\">\n\t\t\t\t\t<h1 class=\"elementor-heading-title elementor-size-default\">Delta Vordach<\/h1>\t\t\t\t<\/div>\n\t\t\t\t<div class=\"elementor-element elementor-element-8ca7f9e elementor-widget elementor-widget-text-editor\" data-id=\"8ca7f9e\" data-element_type=\"widget\" data-e-type=\"widget\" data-widget_type=\"text-editor.default\">\n\t\t\t\t\t\t\t\t\t<p>Das Delta Vordach ist eine beliebte Wahl bei vielen Benutzern, die es f\u00fcr seine Haltbarkeit und Vielseitigkeit sch\u00e4tzen.<br \/>Es ist aus robusten Materialien gefertigt und bietet zuverl\u00e4ssigen Schutz vor Wasser, rauen Wetterbedingungen und Sonneneinstrahlung.<br \/>Wir bieten zwei Versionen des Sonnensegels an, eine f\u00fcr den allgemeinen Gebrauch und eine speziell f\u00fcr empfindlichere Bed\u00fcrfnisse, z.B. f\u00fcr Kinder.<br \/>Jede Version ist in den Gr\u00f6\u00dfen Medium, Large und X-Large erh\u00e4ltlich, mit Optionen in den Varianten Standard und Extended.<\/p>\t\t\t\t\t\t\t\t<\/div>\n\t\t\t\t<\/div>\n\t\t<div class=\"elementor-element elementor-element-d29a616 e-con-full e-flex e-con e-child\" data-id=\"d29a616\" data-element_type=\"container\" data-e-type=\"container\" data-settings=\"{&quot;background_background&quot;:&quot;classic&quot;,&quot;jet_parallax_layout_list&quot;:[]}\">\n\t\t\t\t<div class=\"elementor-element elementor-element-a278db1 elementor-widget elementor-widget-spacer\" data-id=\"a278db1\" data-element_type=\"widget\" data-e-type=\"widget\" data-widget_type=\"spacer.default\">\n\t\t\t\t\t\t\t<div class=\"elementor-spacer\">\n\t\t\t<div class=\"elementor-spacer-inner\"><\/div>\n\t\t<\/div>\n\t\t\t\t\t\t<\/div>\n\t\t\t\t<\/div>\n\t\t\t\t\t<\/div>\n\t\t\t\t<\/div>\n\t\t<div class=\"elementor-element elementor-element-9bec180 e-flex e-con-boxed e-con e-parent\" data-id=\"9bec180\" data-element_type=\"container\" data-e-type=\"container\" data-settings=\"{&quot;jet_parallax_layout_list&quot;:[]}\">\n\t\t\t\t\t<div class=\"e-con-inner\">\n\t\t<div class=\"elementor-element elementor-element-f3ef425 e-con-full e-flex e-con e-child\" data-id=\"f3ef425\" data-element_type=\"container\" data-e-type=\"container\" data-settings=\"{&quot;jet_parallax_layout_list&quot;:[],&quot;background_background&quot;:&quot;classic&quot;}\">\n\t\t\t\t<\/div>\n\t\t<div class=\"elementor-element elementor-element-95e801b e-con-full e-flex e-con e-child\" data-id=\"95e801b\" data-element_type=\"container\" data-e-type=\"container\" data-settings=\"{&quot;jet_parallax_layout_list&quot;:[]}\">\n\t\t<div class=\"elementor-element elementor-element-f94626b e-con-full e-flex e-con e-child\" data-id=\"f94626b\" data-element_type=\"container\" data-e-type=\"container\" data-settings=\"{&quot;background_background&quot;:&quot;classic&quot;,&quot;jet_parallax_layout_list&quot;:[]}\">\n\t\t\t\t<div class=\"elementor-element elementor-element-4b4df92 elementor-widget elementor-widget-heading\" data-id=\"4b4df92\" data-element_type=\"widget\" data-e-type=\"widget\" data-widget_type=\"heading.default\">\n\t\t\t\t\t<h2 class=\"elementor-heading-title elementor-size-default\">Delta Vordach <\/h2>\t\t\t\t<\/div>\n\t\t\t\t<div class=\"elementor-element elementor-element-2cf2833 elementor-widget elementor-widget-text-editor\" data-id=\"2cf2833\" data-element_type=\"widget\" data-e-type=\"widget\" data-widget_type=\"text-editor.default\">\n\t\t\t\t\t\t\t\t\t<p>Das Standardverdeck wurde speziell f\u00fcr Kinder entwickelt. Es bietet einen gem\u00fctlichen und sch\u00fctzenden Platz f\u00fcr ein kurzes Nickerchen im Freien und sch\u00fctzt sie vor den harten Sonnenstrahlen oder unerwarteten Regenschauern.<br \/>Das Sonnendach bietet nicht nur zuverl\u00e4ssigen Sonnen- und Regenschutz, sondern ist auch einfach aufzustellen und leicht, so dass es sich perfekt f\u00fcr Familien eignet, die viel unterwegs sind.<\/p>\t\t\t\t\t\t\t\t<\/div>\n\t\t\t\t<\/div>\n\t\t\t\t<\/div>\n\t\t\t\t\t<\/div>\n\t\t\t\t<\/div>\n\t\t<div class=\"elementor-element elementor-element-5d6540c e-flex e-con-boxed e-con e-parent\" data-id=\"5d6540c\" data-element_type=\"container\" data-e-type=\"container\" data-settings=\"{&quot;jet_parallax_layout_list&quot;:[]}\">\n\t\t\t\t\t<div class=\"e-con-inner\">\n\t\t<div class=\"elementor-element elementor-element-a91d1a1 e-con-full e-flex e-con e-child\" data-id=\"a91d1a1\" data-element_type=\"container\" data-e-type=\"container\" data-settings=\"{&quot;jet_parallax_layout_list&quot;:[]}\">\n\t\t<div class=\"elementor-element elementor-element-226d68a e-con-full e-flex e-con e-child\" data-id=\"226d68a\" data-element_type=\"container\" data-e-type=\"container\" data-settings=\"{&quot;background_background&quot;:&quot;classic&quot;,&quot;jet_parallax_layout_list&quot;:[]}\">\n\t\t\t\t<div class=\"elementor-element elementor-element-7af2ffe elementor-widget elementor-widget-heading\" data-id=\"7af2ffe\" data-element_type=\"widget\" data-e-type=\"widget\" data-widget_type=\"heading.default\">\n\t\t\t\t\t<h2 class=\"elementor-heading-title elementor-size-default\">Verl\u00e4ngertes Vordach<\/h2>\t\t\t\t<\/div>\n\t\t\t\t<div class=\"elementor-element elementor-element-03e322b elementor-widget elementor-widget-text-editor\" data-id=\"03e322b\" data-element_type=\"widget\" data-e-type=\"widget\" data-widget_type=\"text-editor.default\">\n\t\t\t\t\t\t\t\t\t<p>Das verl\u00e4ngerte Vordach ist f\u00fcr Kinder gedacht, die mehr Schutz brauchen als andere Kinder, um einen sicheren Ort zu schaffen, an dem sie sich ausruhen k\u00f6nnen, w\u00e4hrend sie drau\u00dfen sind.<br \/>Das Verdeck ist mit einem Elternfenster ausgestattet, durch das sich Eltern und Kind beim Spazierengehen immer noch gegenseitig sehen k\u00f6nnen.<br \/>Dies gibt dem Kind die Gewissheit, dass die Eltern immer in der N\u00e4he sind, wenn es sich in einer Situation befindet, die ihm Angst macht.<\/p>\t\t\t\t\t\t\t\t<\/div>\n\t\t\t\t<\/div>\n\t\t\t\t<\/div>\n\t\t<div class=\"elementor-element elementor-element-a263a3b e-con-full e-flex e-con e-child\" data-id=\"a263a3b\" data-element_type=\"container\" data-e-type=\"container\" data-settings=\"{&quot;jet_parallax_layout_list&quot;:[],&quot;background_background&quot;:&quot;classic&quot;}\">\n\t\t\t\t<\/div>\n\t\t\t\t\t<\/div>\n\t\t\t\t<\/div>\n\t\t\t\t<\/div>\n\t\t","protected":false},"excerpt":{"rendered":"<p>Der Delta Canopy verf\u00fcgt \u00fcber ein praktisches Elternfenster auf der Oberseite und kann nach hinten geklappt werden, um einen offenen Jogger zu erm\u00f6glichen.<br \/>\nEs ist in zwei Modellen erh\u00e4ltlich: einer Standardversion und einer erweiterten Version.<br \/>\nDas verl\u00e4ngerte Modell verf\u00fcgt \u00fcber einen zus\u00e4tzlichen Vorderteil, der zus\u00e4tzlichen Schutz f\u00fcr diejenigen bietet, die Privatsph\u00e4re, Komfort oder Schutz vor Ablenkungen von au\u00dfen suchen.<br \/>\nDas Design des Verdecks erm\u00f6glicht ein stufenweises Falten, so dass Sie es ganz einfach in Abschnitten einstellen k\u00f6nnen, um zu kontrollieren, wie weit es sich \u00f6ffnet oder schlie\u00dft, und so einen auf Ihre Bed\u00fcrfnisse zugeschnittenen Schutz bietet.<\/p>\n","protected":false},"featured_media":38654,"template":"","meta":[],"product_brand":[],"product_cat":[219,218],"product_tag":[],"class_list":{"0":"post-40297","1":"product","2":"type-product","3":"status-publish","4":"has-post-thumbnail","6":"product_cat-delta-de","7":"product_cat-jogger-buggy-zubehor","8":"pa_size-klein","9":"pa_size-medium-de","10":"pa_size-gros","11":"pa_size-x-large-de","13":"first","14":"instock","15":"taxable","16":"shipping-taxable","17":"purchasable","18":"product-type-variable"},"yoast_head":"<!-- This site is optimized with the Yoast SEO plugin v26.9 - https:\/\/yoast.com\/product\/yoast-seo-wordpress\/ -->\n<title>Delta Vordach | Global Carehab<\/title>\n<meta name=\"robots\" content=\"index, follow, max-snippet:-1, max-image-preview:large, max-video-preview:-1\" \/>\n<link rel=\"canonical\" href=\"https:\/\/globalcarehab.com\/de\/produkte\/delta-vordach\/\" \/>\n<meta property=\"og:locale\" content=\"de_DE\" \/>\n<meta property=\"og:type\" content=\"article\" \/>\n<meta property=\"og:title\" content=\"Delta Vordach | Global Carehab\" \/>\n<meta property=\"og:description\" content=\"Der Delta Canopy verf\u00fcgt \u00fcber ein praktisches Elternfenster auf der Oberseite und kann nach hinten geklappt werden, um einen offenen Jogger zu erm\u00f6glichen. Es ist in zwei Modellen erh\u00e4ltlich: einer Standardversion und einer erweiterten Version. Das verl\u00e4ngerte Modell verf\u00fcgt \u00fcber einen zus\u00e4tzlichen Vorderteil, der zus\u00e4tzlichen Schutz f\u00fcr diejenigen bietet, die Privatsph\u00e4re, Komfort oder Schutz vor Ablenkungen von au\u00dfen suchen. Das Design des Verdecks erm\u00f6glicht ein stufenweises Falten, so dass Sie es ganz einfach in Abschnitten einstellen k\u00f6nnen, um zu kontrollieren, wie weit es sich \u00f6ffnet oder schlie\u00dft, und so einen auf Ihre Bed\u00fcrfnisse zugeschnittenen Schutz bietet.\" \/>\n<meta property=\"og:url\" content=\"https:\/\/globalcarehab.com\/de\/produkte\/delta-vordach\/\" \/>\n<meta property=\"og:site_name\" content=\"Global Carehab\" \/>\n<meta property=\"article:modified_time\" content=\"2026-02-01T11:16:58+00:00\" \/>\n<meta property=\"og:image\" content=\"https:\/\/globalcarehab.com\/wp-content\/uploads\/2022\/10\/DeltaM2-Canopy-e1721047386555.png\" \/>\n\t<meta property=\"og:image:width\" content=\"409\" \/>\n\t<meta property=\"og:image:height\" content=\"236\" \/>\n\t<meta property=\"og:image:type\" content=\"image\/png\" \/>\n<meta name=\"twitter:card\" content=\"summary_large_image\" \/>\n<meta name=\"twitter:label1\" content=\"Gesch\u00e4tzte Lesezeit\" \/>\n\t<meta name=\"twitter:data1\" content=\"2\u00a0Minuten\" \/>\n<script type=\"application\/ld+json\" class=\"yoast-schema-graph\">{\"@context\":\"https:\/\/schema.org\",\"@graph\":[{\"@type\":\"WebPage\",\"@id\":\"https:\/\/globalcarehab.com\/de\/produkte\/delta-vordach\/\",\"url\":\"https:\/\/globalcarehab.com\/de\/produkte\/delta-vordach\/\",\"name\":\"Delta Vordach | Global Carehab\",\"isPartOf\":{\"@id\":\"https:\/\/globalcarehab.com\/de\/#website\"},\"primaryImageOfPage\":{\"@id\":\"https:\/\/globalcarehab.com\/de\/produkte\/delta-vordach\/#primaryimage\"},\"image\":{\"@id\":\"https:\/\/globalcarehab.com\/de\/produkte\/delta-vordach\/#primaryimage\"},\"thumbnailUrl\":\"https:\/\/globalcarehab.com\/wp-content\/uploads\/2022\/10\/DeltaM2-Canopy-e1721047386555.png\",\"datePublished\":\"2024-07-15T12:11:36+00:00\",\"dateModified\":\"2026-02-01T11:16:58+00:00\",\"breadcrumb\":{\"@id\":\"https:\/\/globalcarehab.com\/de\/produkte\/delta-vordach\/#breadcrumb\"},\"inLanguage\":\"de\",\"potentialAction\":[{\"@type\":\"ReadAction\",\"target\":[\"https:\/\/globalcarehab.com\/de\/produkte\/delta-vordach\/\"]}]},{\"@type\":\"ImageObject\",\"inLanguage\":\"de\",\"@id\":\"https:\/\/globalcarehab.com\/de\/produkte\/delta-vordach\/#primaryimage\",\"url\":\"https:\/\/globalcarehab.com\/wp-content\/uploads\/2022\/10\/DeltaM2-Canopy-e1721047386555.png\",\"contentUrl\":\"https:\/\/globalcarehab.com\/wp-content\/uploads\/2022\/10\/DeltaM2-Canopy-e1721047386555.png\",\"width\":409,\"height\":236},{\"@type\":\"BreadcrumbList\",\"@id\":\"https:\/\/globalcarehab.com\/de\/produkte\/delta-vordach\/#breadcrumb\",\"itemListElement\":[{\"@type\":\"ListItem\",\"position\":1,\"name\":\"Hjem\",\"item\":\"https:\/\/globalcarehab.com\/de\/\"},{\"@type\":\"ListItem\",\"position\":2,\"name\":\"Shop\",\"item\":\"https:\/\/globalcarehab.com\/de\/shop\/\"},{\"@type\":\"ListItem\",\"position\":3,\"name\":\"Jogger \/ Buggy\",\"item\":\"https:\/\/globalcarehab.com\/de\/produkt-kategorien\/jogger-buggy-de\/\"},{\"@type\":\"ListItem\",\"position\":4,\"name\":\"Jogger \/ Buggy Zubeh\u00f6r\",\"item\":\"https:\/\/globalcarehab.com\/de\/produkt-kategorien\/jogger-buggy-de\/jogger-buggy-zubehor\/\"},{\"@type\":\"ListItem\",\"position\":5,\"name\":\"Delta Vordach\"}]},{\"@type\":\"WebSite\",\"@id\":\"https:\/\/globalcarehab.com\/de\/#website\",\"url\":\"https:\/\/globalcarehab.com\/de\/\",\"name\":\"Global Carehab\",\"description\":\"Care in Rehab\",\"publisher\":{\"@id\":\"https:\/\/globalcarehab.com\/de\/#organization\"},\"potentialAction\":[{\"@type\":\"SearchAction\",\"target\":{\"@type\":\"EntryPoint\",\"urlTemplate\":\"https:\/\/globalcarehab.com\/de\/?s={search_term_string}\"},\"query-input\":{\"@type\":\"PropertyValueSpecification\",\"valueRequired\":true,\"valueName\":\"search_term_string\"}}],\"inLanguage\":\"de\"},{\"@type\":\"Organization\",\"@id\":\"https:\/\/globalcarehab.com\/de\/#organization\",\"name\":\"Global Carehab\",\"url\":\"https:\/\/globalcarehab.com\/de\/\",\"logo\":{\"@type\":\"ImageObject\",\"inLanguage\":\"de\",\"@id\":\"https:\/\/globalcarehab.com\/de\/#\/schema\/logo\/image\/\",\"url\":\"https:\/\/globalcarehab.com\/wp-content\/uploads\/2024\/03\/carehab-logo.svg\",\"contentUrl\":\"https:\/\/globalcarehab.com\/wp-content\/uploads\/2024\/03\/carehab-logo.svg\",\"width\":1,\"height\":1,\"caption\":\"Global Carehab\"},\"image\":{\"@id\":\"https:\/\/globalcarehab.com\/de\/#\/schema\/logo\/image\/\"}}]}<\/script>\n<!-- \/ Yoast SEO plugin. -->","yoast_head_json":{"title":"Delta Vordach | Global Carehab","robots":{"index":"index","follow":"follow","max-snippet":"max-snippet:-1","max-image-preview":"max-image-preview:large","max-video-preview":"max-video-preview:-1"},"canonical":"https:\/\/globalcarehab.com\/de\/produkte\/delta-vordach\/","og_locale":"de_DE","og_type":"article","og_title":"Delta Vordach | Global Carehab","og_description":"Der Delta Canopy verf\u00fcgt \u00fcber ein praktisches Elternfenster auf der Oberseite und kann nach hinten geklappt werden, um einen offenen Jogger zu erm\u00f6glichen. Es ist in zwei Modellen erh\u00e4ltlich: einer Standardversion und einer erweiterten Version. Das verl\u00e4ngerte Modell verf\u00fcgt \u00fcber einen zus\u00e4tzlichen Vorderteil, der zus\u00e4tzlichen Schutz f\u00fcr diejenigen bietet, die Privatsph\u00e4re, Komfort oder Schutz vor Ablenkungen von au\u00dfen suchen. Das Design des Verdecks erm\u00f6glicht ein stufenweises Falten, so dass Sie es ganz einfach in Abschnitten einstellen k\u00f6nnen, um zu kontrollieren, wie weit es sich \u00f6ffnet oder schlie\u00dft, und so einen auf Ihre Bed\u00fcrfnisse zugeschnittenen Schutz bietet.","og_url":"https:\/\/globalcarehab.com\/de\/produkte\/delta-vordach\/","og_site_name":"Global Carehab","article_modified_time":"2026-02-01T11:16:58+00:00","og_image":[{"width":409,"height":236,"url":"https:\/\/globalcarehab.com\/wp-content\/uploads\/2022\/10\/DeltaM2-Canopy-e1721047386555.png","type":"image\/png"}],"twitter_card":"summary_large_image","twitter_misc":{"Gesch\u00e4tzte Lesezeit":"2\u00a0Minuten"},"schema":{"@context":"https:\/\/schema.org","@graph":[{"@type":"WebPage","@id":"https:\/\/globalcarehab.com\/de\/produkte\/delta-vordach\/","url":"https:\/\/globalcarehab.com\/de\/produkte\/delta-vordach\/","name":"Delta Vordach | Global Carehab","isPartOf":{"@id":"https:\/\/globalcarehab.com\/de\/#website"},"primaryImageOfPage":{"@id":"https:\/\/globalcarehab.com\/de\/produkte\/delta-vordach\/#primaryimage"},"image":{"@id":"https:\/\/globalcarehab.com\/de\/produkte\/delta-vordach\/#primaryimage"},"thumbnailUrl":"https:\/\/globalcarehab.com\/wp-content\/uploads\/2022\/10\/DeltaM2-Canopy-e1721047386555.png","datePublished":"2024-07-15T12:11:36+00:00","dateModified":"2026-02-01T11:16:58+00:00","breadcrumb":{"@id":"https:\/\/globalcarehab.com\/de\/produkte\/delta-vordach\/#breadcrumb"},"inLanguage":"de","potentialAction":[{"@type":"ReadAction","target":["https:\/\/globalcarehab.com\/de\/produkte\/delta-vordach\/"]}]},{"@type":"ImageObject","inLanguage":"de","@id":"https:\/\/globalcarehab.com\/de\/produkte\/delta-vordach\/#primaryimage","url":"https:\/\/globalcarehab.com\/wp-content\/uploads\/2022\/10\/DeltaM2-Canopy-e1721047386555.png","contentUrl":"https:\/\/globalcarehab.com\/wp-content\/uploads\/2022\/10\/DeltaM2-Canopy-e1721047386555.png","width":409,"height":236},{"@type":"BreadcrumbList","@id":"https:\/\/globalcarehab.com\/de\/produkte\/delta-vordach\/#breadcrumb","itemListElement":[{"@type":"ListItem","position":1,"name":"Hjem","item":"https:\/\/globalcarehab.com\/de\/"},{"@type":"ListItem","position":2,"name":"Shop","item":"https:\/\/globalcarehab.com\/de\/shop\/"},{"@type":"ListItem","position":3,"name":"Jogger \/ Buggy","item":"https:\/\/globalcarehab.com\/de\/produkt-kategorien\/jogger-buggy-de\/"},{"@type":"ListItem","position":4,"name":"Jogger \/ Buggy Zubeh\u00f6r","item":"https:\/\/globalcarehab.com\/de\/produkt-kategorien\/jogger-buggy-de\/jogger-buggy-zubehor\/"},{"@type":"ListItem","position":5,"name":"Delta Vordach"}]},{"@type":"WebSite","@id":"https:\/\/globalcarehab.com\/de\/#website","url":"https:\/\/globalcarehab.com\/de\/","name":"Global Carehab","description":"Care in Rehab","publisher":{"@id":"https:\/\/globalcarehab.com\/de\/#organization"},"potentialAction":[{"@type":"SearchAction","target":{"@type":"EntryPoint","urlTemplate":"https:\/\/globalcarehab.com\/de\/?s={search_term_string}"},"query-input":{"@type":"PropertyValueSpecification","valueRequired":true,"valueName":"search_term_string"}}],"inLanguage":"de"},{"@type":"Organization","@id":"https:\/\/globalcarehab.com\/de\/#organization","name":"Global Carehab","url":"https:\/\/globalcarehab.com\/de\/","logo":{"@type":"ImageObject","inLanguage":"de","@id":"https:\/\/globalcarehab.com\/de\/#\/schema\/logo\/image\/","url":"https:\/\/globalcarehab.com\/wp-content\/uploads\/2024\/03\/carehab-logo.svg","contentUrl":"https:\/\/globalcarehab.com\/wp-content\/uploads\/2024\/03\/carehab-logo.svg","width":1,"height":1,"caption":"Global Carehab"},"image":{"@id":"https:\/\/globalcarehab.com\/de\/#\/schema\/logo\/image\/"}}]}},"_links":{"self":[{"href":"https:\/\/globalcarehab.com\/de\/wp-json\/wp\/v2\/product\/40297","targetHints":{"allow":["GET"]}}],"collection":[{"href":"https:\/\/globalcarehab.com\/de\/wp-json\/wp\/v2\/product"}],"about":[{"href":"https:\/\/globalcarehab.com\/de\/wp-json\/wp\/v2\/types\/product"}],"version-history":[{"count":15,"href":"https:\/\/globalcarehab.com\/de\/wp-json\/wp\/v2\/product\/40297\/revisions"}],"predecessor-version":[{"id":49864,"href":"https:\/\/globalcarehab.com\/de\/wp-json\/wp\/v2\/product\/40297\/revisions\/49864"}],"wp:featuredmedia":[{"embeddable":true,"href":"https:\/\/globalcarehab.com\/de\/wp-json\/wp\/v2\/media\/38654"}],"wp:attachment":[{"href":"https:\/\/globalcarehab.com\/de\/wp-json\/wp\/v2\/media?parent=40297"}],"wp:term":[{"taxonomy":"product_brand","embeddable":true,"href":"https:\/\/globalcarehab.com\/de\/wp-json\/wp\/v2\/product_brand?post=40297"},{"taxonomy":"product_cat","embeddable":true,"href":"https:\/\/globalcarehab.com\/de\/wp-json\/wp\/v2\/product_cat?post=40297"},{"taxonomy":"product_tag","embeddable":true,"href":"https:\/\/globalcarehab.com\/de\/wp-json\/wp\/v2\/product_tag?post=40297"}],"curies":[{"name":"wp","href":"https:\/\/api.w.org\/{rel}","templated":true}]}}