{"id":43701,"date":"2024-08-22T15:13:24","date_gmt":"2024-08-22T13:13:24","guid":{"rendered":"https:\/\/globalcarehab.com\/?post_type=product&#038;p=43701"},"modified":"2026-01-04T15:45:15","modified_gmt":"2026-01-04T14:45:15","slug":"recline-support-system","status":"publish","type":"product","link":"https:\/\/globalcarehab.com\/de\/produkte\/recline-support-system\/","title":{"rendered":"Recline Support system (RSS)"},"content":{"rendered":"\t\t<div data-elementor-type=\"product-post\" data-elementor-id=\"43701\" class=\"elementor elementor-43701 elementor-37405\" data-elementor-post-type=\"product\">\n\t\t\t\t<div class=\"elementor-element elementor-element-6e7facb3 e-flex e-con-boxed e-con e-parent\" data-id=\"6e7facb3\" data-element_type=\"container\" data-e-type=\"container\" data-settings=\"{&quot;jet_parallax_layout_list&quot;:[]}\">\n\t\t\t\t\t<div class=\"e-con-inner\">\n\t\t<div class=\"elementor-element elementor-element-3d2ddb8f e-con-full e-flex e-con e-child\" data-id=\"3d2ddb8f\" data-element_type=\"container\" data-e-type=\"container\" data-settings=\"{&quot;background_background&quot;:&quot;classic&quot;,&quot;jet_parallax_layout_list&quot;:[]}\">\n\t\t\t\t<div class=\"elementor-element elementor-element-488402e5 elementor-widget elementor-widget-spacer\" data-id=\"488402e5\" data-element_type=\"widget\" data-e-type=\"widget\" data-widget_type=\"spacer.default\">\n\t\t\t\t\t\t\t<div class=\"elementor-spacer\">\n\t\t\t<div class=\"elementor-spacer-inner\"><\/div>\n\t\t<\/div>\n\t\t\t\t\t\t<\/div>\n\t\t\t\t<\/div>\n\t\t<div class=\"elementor-element elementor-element-3583eab3 e-con-full e-flex e-con e-child\" data-id=\"3583eab3\" data-element_type=\"container\" data-e-type=\"container\" data-settings=\"{&quot;background_background&quot;:&quot;classic&quot;,&quot;jet_parallax_layout_list&quot;:[]}\">\n\t\t\t\t<div class=\"elementor-element elementor-element-62f7b210 elementor-widget elementor-widget-heading\" data-id=\"62f7b210\" data-element_type=\"widget\" data-e-type=\"widget\" data-widget_type=\"heading.default\">\n\t\t\t\t\t<h1 class=\"elementor-heading-title elementor-size-default\">Recline Support System<\/h1>\t\t\t\t<\/div>\n\t\t\t\t<div class=\"elementor-element elementor-element-36e3b501 elementor-widget elementor-widget-text-editor\" data-id=\"36e3b501\" data-element_type=\"widget\" data-e-type=\"widget\" data-widget_type=\"text-editor.default\">\n\t\t\t\t\t\t\t\t\t<p>Das Special Tomato Recline Support System (RSS) ist speziell daf\u00fcr entwickelt, sicher \u00fcber Standard-Hausm\u00f6bel mit Liegefunktion zu passen und diese in eine unterst\u00fctzende und funktionale Sitzl\u00f6sung zu verwandeln. Das RSS bietet eine feste, aber komfortable Basis, um die H\u00fcften und das Becken zu positionieren, was die Grundlage f\u00fcr eine korrekte K\u00f6rperausrichtung bildet.<\/p><p>Zu den wichtigsten Merkmalen geh\u00f6ren ein verstellbares 5-Punkt-Brustgeschirr und ein 3-Punkt-Beckengeschirr, die daf\u00fcr sorgen, dass der Rumpf und das Becken stabil und gut ausgerichtet bleiben. Das System verf\u00fcgt auch \u00fcber eine h\u00f6henverstellbare Kopfst\u00fctze, die eine korrekte Kopfposition in der Mitte f\u00f6rdert. Beinunterst\u00fctzungen helfen, eine korrekte Ausrichtung aufrechtzuerhalten und verhindern \u00fcberm\u00e4\u00dfige Adduktion\/Abduktion, H\u00fcftrotation und Kniehyperextension. Der strapazierf\u00e4hige, leicht zu reinigende \u00dcberwurf sch\u00fctzt Ihre M\u00f6bel, w\u00e4hrend das System mit vier gepolsterten Riemen, die mit den meisten Marken von Liegest\u00fchlen kompatibel sind, sicher an Ort und Stelle bleibt.<br \/><strong>Hinweis:<\/strong> Der Liegestuhl ist nicht enthalten.<\/p>\t\t\t\t\t\t\t\t<\/div>\n\t\t\t\t<\/div>\n\t\t\t\t\t<\/div>\n\t\t\t\t<\/div>\n\t\t<div class=\"elementor-element elementor-element-4346aeb e-flex e-con-boxed e-con e-parent\" data-id=\"4346aeb\" data-element_type=\"container\" data-e-type=\"container\" data-settings=\"{&quot;jet_parallax_layout_list&quot;:[]}\">\n\t\t\t\t\t<div class=\"e-con-inner\">\n\t\t<div class=\"elementor-element elementor-element-cedf4ba e-con-full e-flex e-con e-child\" data-id=\"cedf4ba\" data-element_type=\"container\" data-e-type=\"container\" data-settings=\"{&quot;background_background&quot;:&quot;classic&quot;,&quot;jet_parallax_layout_list&quot;:[]}\">\n\t\t\t\t<div class=\"elementor-element elementor-element-597b881 elementor-widget elementor-widget-heading\" data-id=\"597b881\" data-element_type=\"widget\" data-e-type=\"widget\" data-widget_type=\"heading.default\">\n\t\t\t\t\t<h2 class=\"elementor-heading-title elementor-size-default\">Wichtige vorteile<\/h2>\t\t\t\t<\/div>\n\t\t\t\t<div class=\"elementor-element elementor-element-db80960 elementor-widget elementor-widget-text-editor\" data-id=\"db80960\" data-element_type=\"widget\" data-e-type=\"widget\" data-widget_type=\"text-editor.default\">\n\t\t\t\t\t\t\t\t\t<ul><li><p><strong>Einfach zu befestigen<\/strong>: L\u00e4sst sich schnell an den meisten Liegest\u00fchlen befestigen.<\/p><\/li><li><p><strong>Optionale zus\u00e4tzliche Unterst\u00fctzung<\/strong>: Verbessern Sie die seitliche (lateral) Unterst\u00fctzung und den Komfort durch die Integration der Special Tomato Soft-Touch Liners. Diese konturierten Sitz- und R\u00fcckenpolster sind f\u00fcr das RSS konzipiert und beinhalten den innovativen Soft-Touch Hip-Flex\u00ae Sitz, der mit einem \u201elebenden Scharnier\u201c ausgestattet ist, das sich mit dem K\u00f6rper bewegt, w\u00e4hrend er sich zur\u00fccklehnt. Die Liner sind in den Gr\u00f6\u00dfen 2 bis 5 erh\u00e4ltlich.<\/p><p>\u00a0<\/p><\/li><\/ul>\t\t\t\t\t\t\t\t<\/div>\n\t\t\t\t<\/div>\n\t\t<div class=\"elementor-element elementor-element-4c1523e e-con-full e-flex e-con e-child\" data-id=\"4c1523e\" data-element_type=\"container\" data-e-type=\"container\" data-settings=\"{&quot;background_background&quot;:&quot;classic&quot;,&quot;jet_parallax_layout_list&quot;:[]}\">\n\t\t\t\t<div class=\"elementor-element elementor-element-f9cea25 elementor-widget elementor-widget-spacer\" data-id=\"f9cea25\" data-element_type=\"widget\" data-e-type=\"widget\" data-widget_type=\"spacer.default\">\n\t\t\t\t\t\t\t<div class=\"elementor-spacer\">\n\t\t\t<div class=\"elementor-spacer-inner\"><\/div>\n\t\t<\/div>\n\t\t\t\t\t\t<\/div>\n\t\t\t\t<\/div>\n\t\t\t\t\t<\/div>\n\t\t\t\t<\/div>\n\t\t<div class=\"elementor-element elementor-element-2c882f4 e-flex e-con-boxed e-con e-parent\" data-id=\"2c882f4\" data-element_type=\"container\" data-e-type=\"container\" data-settings=\"{&quot;jet_parallax_layout_list&quot;:[]}\">\n\t\t\t\t\t<div class=\"e-con-inner\">\n\t\t<div class=\"elementor-element elementor-element-c045162 e-con-full e-flex e-con e-child\" data-id=\"c045162\" data-element_type=\"container\" data-e-type=\"container\" data-settings=\"{&quot;background_background&quot;:&quot;classic&quot;,&quot;jet_parallax_layout_list&quot;:[]}\">\n\t\t\t\t<div class=\"elementor-element elementor-element-9580de4 elementor-widget elementor-widget-spacer\" data-id=\"9580de4\" data-element_type=\"widget\" data-e-type=\"widget\" data-widget_type=\"spacer.default\">\n\t\t\t\t\t\t\t<div class=\"elementor-spacer\">\n\t\t\t<div class=\"elementor-spacer-inner\"><\/div>\n\t\t<\/div>\n\t\t\t\t\t\t<\/div>\n\t\t\t\t<\/div>\n\t\t<div class=\"elementor-element elementor-element-d12ea01 e-con-full e-flex e-con e-child\" data-id=\"d12ea01\" data-element_type=\"container\" data-e-type=\"container\" data-settings=\"{&quot;jet_parallax_layout_list&quot;:[]}\">\n\t\t<div class=\"elementor-element elementor-element-07b2edd e-con-full e-flex e-con e-child\" data-id=\"07b2edd\" data-element_type=\"container\" data-e-type=\"container\" data-settings=\"{&quot;background_background&quot;:&quot;classic&quot;,&quot;jet_parallax_layout_list&quot;:[]}\">\n\t\t\t\t<div class=\"elementor-element elementor-element-06dbb17 elementor-widget elementor-widget-heading\" data-id=\"06dbb17\" data-element_type=\"widget\" data-e-type=\"widget\" data-widget_type=\"heading.default\">\n\t\t\t\t\t<h2 class=\"elementor-heading-title elementor-size-default\">Produktmerkmale<\/h2>\t\t\t\t<\/div>\n\t\t\t\t<div class=\"elementor-element elementor-element-f93713f elementor-widget elementor-widget-text-editor\" data-id=\"f93713f\" data-element_type=\"widget\" data-e-type=\"widget\" data-widget_type=\"text-editor.default\">\n\t\t\t\t\t\t\t\t\t<ul><li>5-Punkt verstellbares Brustgeschirr zur Aufrechterhaltung der richtigen Position des Rumpfes<\/li><li>3-Punkt verstellbares Beckengeschirr zur Aufrechterhaltung der richtigen Position des Beckens und der H\u00fcften<\/li><li>Sowohl gro\u00dfe als auch kleine Geschirre sind f\u00fcr das Wachstum enthalten!<\/li><li>H\u00f6henverstellbare Kopfst\u00fctze zur F\u00f6rderung der korrekten Kopfposition<\/li><li>Beinunterst\u00fctzungen mit H\u00f6hen- und Seitw\u00e4rtsverstellbarkeit (von Seite zu Seite), um die unteren Extremit\u00e4ten in neutraler Ausrichtung zu st\u00fctzen und Hyperextension der Knie zu verhindern<\/li><li>Leicht abwischbares und maschinenwaschbares Liegestuhl-\u00dcberwurf<\/li><li>Gepolsterte Riemen zur Sicherung des RSS und zum Schutz der M\u00f6bel<\/li><li>Perfekte Unterst\u00fctzung f\u00fcr vollst\u00e4ndige Neigung, w\u00e4hrend Sie Unterhaltung genie\u00dfen<\/li><li>Vollst\u00e4ndig tragbar und einfach zu verstauen<\/li><li>Faltet sich und wird wie eine Anzugtasche mit Griff zusammengeklipst, um an einem Standard-Kleiderhaken auf der R\u00fcckseite der Schrankt\u00fcr oder Wand aufzuh\u00e4ngen<\/li><li>Kann mit den Special Tomato Soft-Touch Liner Sitz- und R\u00fcckenpolstern f\u00fcr zus\u00e4tzliche Unterst\u00fctzung ausgestattet werden<\/li><li>Das Liegesystem kann mit dem Liner Hip-Flex ausgestattet werden<\/li><\/ul>\t\t\t\t\t\t\t\t<\/div>\n\t\t\t\t<\/div>\n\t\t\t\t<\/div>\n\t\t\t\t\t<\/div>\n\t\t\t\t<\/div>\n\t\t<div class=\"elementor-element elementor-element-18ab297 e-flex e-con-boxed e-con e-parent\" data-id=\"18ab297\" data-element_type=\"container\" data-e-type=\"container\" data-settings=\"{&quot;jet_parallax_layout_list&quot;:[]}\">\n\t\t\t\t\t<div class=\"e-con-inner\">\n\t\t<div class=\"elementor-element elementor-element-bd82931 e-con-full e-flex e-con e-child\" data-id=\"bd82931\" data-element_type=\"container\" data-e-type=\"container\" data-settings=\"{&quot;background_background&quot;:&quot;classic&quot;,&quot;jet_parallax_layout_list&quot;:[]}\">\n\t\t\t\t<div class=\"elementor-element elementor-element-b4c703c elementor-widget elementor-widget-heading\" data-id=\"b4c703c\" data-element_type=\"widget\" data-e-type=\"widget\" data-widget_type=\"heading.default\">\n\t\t\t\t\t<h3 class=\"elementor-heading-title elementor-size-default\">Zus\u00e4tzliche funktionen<\/h3>\t\t\t\t<\/div>\n\t\t\t\t<div class=\"elementor-element elementor-element-4ee62d0 elementor-widget elementor-widget-text-editor\" data-id=\"4ee62d0\" data-element_type=\"widget\" data-e-type=\"widget\" data-widget_type=\"text-editor.default\">\n\t\t\t\t\t\t\t\t\t<ul><li><strong>Portabilit\u00e4t und Aufbewahrung<\/strong>: Das gesamte RSS l\u00e4sst sich kompakt zusammenfalten und wie eine Kleidertasche zusammenklipsen, komplett mit einem Griff zum Aufh\u00e4ngen an einem Standard-Kleiderhaken oder an einer Schrankt\u00fcr. Es wiegt nur 4,5 kg und ist somit einfach mit auf Besuche oder Reisen zu nehmen.<\/li><li><strong>Ultimativer Komfort zu Hause<\/strong>: Bietet Menschen mit besonderen Bed\u00fcrfnissen Zugang zum besten Platz im Haus, indem es eine korrekte Unterst\u00fctzung und Ausrichtung sicherstellt, ohne Kompromisse bei der Bequemlichkeit einzugehen.<\/li><\/ul>\t\t\t\t\t\t\t\t<\/div>\n\t\t\t\t<\/div>\n\t\t<div class=\"elementor-element elementor-element-9e65408 e-con-full e-flex e-con e-child\" data-id=\"9e65408\" data-element_type=\"container\" data-e-type=\"container\" data-settings=\"{&quot;background_background&quot;:&quot;classic&quot;,&quot;jet_parallax_layout_list&quot;:[]}\">\n\t\t\t\t<div class=\"elementor-element elementor-element-aded3bf elementor-widget elementor-widget-spacer\" data-id=\"aded3bf\" data-element_type=\"widget\" data-e-type=\"widget\" data-widget_type=\"spacer.default\">\n\t\t\t\t\t\t\t<div class=\"elementor-spacer\">\n\t\t\t<div class=\"elementor-spacer-inner\"><\/div>\n\t\t<\/div>\n\t\t\t\t\t\t<\/div>\n\t\t\t\t<\/div>\n\t\t\t\t\t<\/div>\n\t\t\t\t<\/div>\n\t\t\t\t<\/div>\n\t\t","protected":false},"excerpt":{"rendered":"<p>Recline Support System Das Special Tomato Recline Support System (RSS) ist speziell daf\u00fcr entwickelt, sicher \u00fcber Standard-Hausm\u00f6bel mit Liegefunktion zu passen und diese in eine unterst\u00fctzende und funktionale Sitzl\u00f6sung zu verwandeln. Das RSS bietet eine feste, aber komfortable Basis, um die H\u00fcften und das Becken zu positionieren, was die Grundlage f\u00fcr eine korrekte K\u00f6rperausrichtung bildet. [&hellip;]<\/p>\n","protected":false},"featured_media":37968,"template":"","meta":[],"product_brand":[],"product_cat":[302,238],"product_tag":[],"class_list":{"0":"post-43701","1":"product","2":"type-product","3":"status-publish","4":"has-post-thumbnail","6":"product_cat-special-tomato-de","7":"product_cat-sitze","9":"first","10":"instock","11":"taxable","12":"shipping-taxable","13":"purchasable","14":"product-type-simple"},"yoast_head":"<!-- This site is optimized with the Yoast SEO plugin v26.9 - https:\/\/yoast.com\/product\/yoast-seo-wordpress\/ -->\n<title>Recline Support system (RSS) | Global Carehab<\/title>\n<meta name=\"robots\" content=\"index, follow, max-snippet:-1, max-image-preview:large, max-video-preview:-1\" \/>\n<link rel=\"canonical\" href=\"https:\/\/globalcarehab.com\/de\/produkte\/recline-support-system\/\" \/>\n<meta property=\"og:locale\" content=\"de_DE\" \/>\n<meta property=\"og:type\" content=\"article\" \/>\n<meta property=\"og:title\" content=\"Recline Support system (RSS) | Global Carehab\" \/>\n<meta property=\"og:description\" content=\"Recline Support System Das Special Tomato Recline Support System (RSS) ist speziell daf\u00fcr entwickelt, sicher \u00fcber Standard-Hausm\u00f6bel mit Liegefunktion zu passen und diese in eine unterst\u00fctzende und funktionale Sitzl\u00f6sung zu verwandeln. Das RSS bietet eine feste, aber komfortable Basis, um die H\u00fcften und das Becken zu positionieren, was die Grundlage f\u00fcr eine korrekte K\u00f6rperausrichtung bildet. [&hellip;]\" \/>\n<meta property=\"og:url\" content=\"https:\/\/globalcarehab.com\/de\/produkte\/recline-support-system\/\" \/>\n<meta property=\"og:site_name\" content=\"Global Carehab\" \/>\n<meta property=\"article:modified_time\" content=\"2026-01-04T14:45:15+00:00\" \/>\n<meta property=\"og:image\" content=\"https:\/\/globalcarehab.com\/wp-content\/uploads\/2024\/06\/Rss-InChair-Reclined.png\" \/>\n\t<meta property=\"og:image:width\" content=\"600\" \/>\n\t<meta property=\"og:image:height\" content=\"600\" \/>\n\t<meta property=\"og:image:type\" content=\"image\/png\" \/>\n<meta name=\"twitter:card\" content=\"summary_large_image\" \/>\n<meta name=\"twitter:label1\" content=\"Gesch\u00e4tzte Lesezeit\" \/>\n\t<meta name=\"twitter:data1\" content=\"3\u00a0Minuten\" \/>\n<script type=\"application\/ld+json\" class=\"yoast-schema-graph\">{\"@context\":\"https:\/\/schema.org\",\"@graph\":[{\"@type\":\"WebPage\",\"@id\":\"https:\/\/globalcarehab.com\/de\/produkte\/recline-support-system\/\",\"url\":\"https:\/\/globalcarehab.com\/de\/produkte\/recline-support-system\/\",\"name\":\"Recline Support system (RSS) | Global Carehab\",\"isPartOf\":{\"@id\":\"https:\/\/globalcarehab.com\/de\/#website\"},\"primaryImageOfPage\":{\"@id\":\"https:\/\/globalcarehab.com\/de\/produkte\/recline-support-system\/#primaryimage\"},\"image\":{\"@id\":\"https:\/\/globalcarehab.com\/de\/produkte\/recline-support-system\/#primaryimage\"},\"thumbnailUrl\":\"https:\/\/globalcarehab.com\/wp-content\/uploads\/2024\/06\/Rss-InChair-Reclined.png\",\"datePublished\":\"2024-08-22T13:13:24+00:00\",\"dateModified\":\"2026-01-04T14:45:15+00:00\",\"breadcrumb\":{\"@id\":\"https:\/\/globalcarehab.com\/de\/produkte\/recline-support-system\/#breadcrumb\"},\"inLanguage\":\"de\",\"potentialAction\":[{\"@type\":\"ReadAction\",\"target\":[\"https:\/\/globalcarehab.com\/de\/produkte\/recline-support-system\/\"]}]},{\"@type\":\"ImageObject\",\"inLanguage\":\"de\",\"@id\":\"https:\/\/globalcarehab.com\/de\/produkte\/recline-support-system\/#primaryimage\",\"url\":\"https:\/\/globalcarehab.com\/wp-content\/uploads\/2024\/06\/Rss-InChair-Reclined.png\",\"contentUrl\":\"https:\/\/globalcarehab.com\/wp-content\/uploads\/2024\/06\/Rss-InChair-Reclined.png\",\"width\":600,\"height\":600},{\"@type\":\"BreadcrumbList\",\"@id\":\"https:\/\/globalcarehab.com\/de\/produkte\/recline-support-system\/#breadcrumb\",\"itemListElement\":[{\"@type\":\"ListItem\",\"position\":1,\"name\":\"Hjem\",\"item\":\"https:\/\/globalcarehab.com\/de\/\"},{\"@type\":\"ListItem\",\"position\":2,\"name\":\"Shop\",\"item\":\"https:\/\/globalcarehab.com\/de\/shop\/\"},{\"@type\":\"ListItem\",\"position\":3,\"name\":\"Brands - DE\",\"item\":\"https:\/\/globalcarehab.com\/de\/produkt-kategorien\/brands-de\/\"},{\"@type\":\"ListItem\",\"position\":4,\"name\":\"Special Tomato\",\"item\":\"https:\/\/globalcarehab.com\/de\/produkt-kategorien\/brands-de\/special-tomato-de\/\"},{\"@type\":\"ListItem\",\"position\":5,\"name\":\"Recline Support system (RSS)\"}]},{\"@type\":\"WebSite\",\"@id\":\"https:\/\/globalcarehab.com\/de\/#website\",\"url\":\"https:\/\/globalcarehab.com\/de\/\",\"name\":\"Global Carehab\",\"description\":\"Care in Rehab\",\"publisher\":{\"@id\":\"https:\/\/globalcarehab.com\/de\/#organization\"},\"potentialAction\":[{\"@type\":\"SearchAction\",\"target\":{\"@type\":\"EntryPoint\",\"urlTemplate\":\"https:\/\/globalcarehab.com\/de\/?s={search_term_string}\"},\"query-input\":{\"@type\":\"PropertyValueSpecification\",\"valueRequired\":true,\"valueName\":\"search_term_string\"}}],\"inLanguage\":\"de\"},{\"@type\":\"Organization\",\"@id\":\"https:\/\/globalcarehab.com\/de\/#organization\",\"name\":\"Global Carehab\",\"url\":\"https:\/\/globalcarehab.com\/de\/\",\"logo\":{\"@type\":\"ImageObject\",\"inLanguage\":\"de\",\"@id\":\"https:\/\/globalcarehab.com\/de\/#\/schema\/logo\/image\/\",\"url\":\"https:\/\/globalcarehab.com\/wp-content\/uploads\/2024\/03\/carehab-logo.svg\",\"contentUrl\":\"https:\/\/globalcarehab.com\/wp-content\/uploads\/2024\/03\/carehab-logo.svg\",\"width\":1,\"height\":1,\"caption\":\"Global Carehab\"},\"image\":{\"@id\":\"https:\/\/globalcarehab.com\/de\/#\/schema\/logo\/image\/\"}}]}<\/script>\n<!-- \/ Yoast SEO plugin. -->","yoast_head_json":{"title":"Recline Support system (RSS) | Global Carehab","robots":{"index":"index","follow":"follow","max-snippet":"max-snippet:-1","max-image-preview":"max-image-preview:large","max-video-preview":"max-video-preview:-1"},"canonical":"https:\/\/globalcarehab.com\/de\/produkte\/recline-support-system\/","og_locale":"de_DE","og_type":"article","og_title":"Recline Support system (RSS) | Global Carehab","og_description":"Recline Support System Das Special Tomato Recline Support System (RSS) ist speziell daf\u00fcr entwickelt, sicher \u00fcber Standard-Hausm\u00f6bel mit Liegefunktion zu passen und diese in eine unterst\u00fctzende und funktionale Sitzl\u00f6sung zu verwandeln. Das RSS bietet eine feste, aber komfortable Basis, um die H\u00fcften und das Becken zu positionieren, was die Grundlage f\u00fcr eine korrekte K\u00f6rperausrichtung bildet. [&hellip;]","og_url":"https:\/\/globalcarehab.com\/de\/produkte\/recline-support-system\/","og_site_name":"Global Carehab","article_modified_time":"2026-01-04T14:45:15+00:00","og_image":[{"width":600,"height":600,"url":"https:\/\/globalcarehab.com\/wp-content\/uploads\/2024\/06\/Rss-InChair-Reclined.png","type":"image\/png"}],"twitter_card":"summary_large_image","twitter_misc":{"Gesch\u00e4tzte Lesezeit":"3\u00a0Minuten"},"schema":{"@context":"https:\/\/schema.org","@graph":[{"@type":"WebPage","@id":"https:\/\/globalcarehab.com\/de\/produkte\/recline-support-system\/","url":"https:\/\/globalcarehab.com\/de\/produkte\/recline-support-system\/","name":"Recline Support system (RSS) | Global Carehab","isPartOf":{"@id":"https:\/\/globalcarehab.com\/de\/#website"},"primaryImageOfPage":{"@id":"https:\/\/globalcarehab.com\/de\/produkte\/recline-support-system\/#primaryimage"},"image":{"@id":"https:\/\/globalcarehab.com\/de\/produkte\/recline-support-system\/#primaryimage"},"thumbnailUrl":"https:\/\/globalcarehab.com\/wp-content\/uploads\/2024\/06\/Rss-InChair-Reclined.png","datePublished":"2024-08-22T13:13:24+00:00","dateModified":"2026-01-04T14:45:15+00:00","breadcrumb":{"@id":"https:\/\/globalcarehab.com\/de\/produkte\/recline-support-system\/#breadcrumb"},"inLanguage":"de","potentialAction":[{"@type":"ReadAction","target":["https:\/\/globalcarehab.com\/de\/produkte\/recline-support-system\/"]}]},{"@type":"ImageObject","inLanguage":"de","@id":"https:\/\/globalcarehab.com\/de\/produkte\/recline-support-system\/#primaryimage","url":"https:\/\/globalcarehab.com\/wp-content\/uploads\/2024\/06\/Rss-InChair-Reclined.png","contentUrl":"https:\/\/globalcarehab.com\/wp-content\/uploads\/2024\/06\/Rss-InChair-Reclined.png","width":600,"height":600},{"@type":"BreadcrumbList","@id":"https:\/\/globalcarehab.com\/de\/produkte\/recline-support-system\/#breadcrumb","itemListElement":[{"@type":"ListItem","position":1,"name":"Hjem","item":"https:\/\/globalcarehab.com\/de\/"},{"@type":"ListItem","position":2,"name":"Shop","item":"https:\/\/globalcarehab.com\/de\/shop\/"},{"@type":"ListItem","position":3,"name":"Brands - DE","item":"https:\/\/globalcarehab.com\/de\/produkt-kategorien\/brands-de\/"},{"@type":"ListItem","position":4,"name":"Special Tomato","item":"https:\/\/globalcarehab.com\/de\/produkt-kategorien\/brands-de\/special-tomato-de\/"},{"@type":"ListItem","position":5,"name":"Recline Support system (RSS)"}]},{"@type":"WebSite","@id":"https:\/\/globalcarehab.com\/de\/#website","url":"https:\/\/globalcarehab.com\/de\/","name":"Global Carehab","description":"Care in Rehab","publisher":{"@id":"https:\/\/globalcarehab.com\/de\/#organization"},"potentialAction":[{"@type":"SearchAction","target":{"@type":"EntryPoint","urlTemplate":"https:\/\/globalcarehab.com\/de\/?s={search_term_string}"},"query-input":{"@type":"PropertyValueSpecification","valueRequired":true,"valueName":"search_term_string"}}],"inLanguage":"de"},{"@type":"Organization","@id":"https:\/\/globalcarehab.com\/de\/#organization","name":"Global Carehab","url":"https:\/\/globalcarehab.com\/de\/","logo":{"@type":"ImageObject","inLanguage":"de","@id":"https:\/\/globalcarehab.com\/de\/#\/schema\/logo\/image\/","url":"https:\/\/globalcarehab.com\/wp-content\/uploads\/2024\/03\/carehab-logo.svg","contentUrl":"https:\/\/globalcarehab.com\/wp-content\/uploads\/2024\/03\/carehab-logo.svg","width":1,"height":1,"caption":"Global Carehab"},"image":{"@id":"https:\/\/globalcarehab.com\/de\/#\/schema\/logo\/image\/"}}]}},"_links":{"self":[{"href":"https:\/\/globalcarehab.com\/de\/wp-json\/wp\/v2\/product\/43701","targetHints":{"allow":["GET"]}}],"collection":[{"href":"https:\/\/globalcarehab.com\/de\/wp-json\/wp\/v2\/product"}],"about":[{"href":"https:\/\/globalcarehab.com\/de\/wp-json\/wp\/v2\/types\/product"}],"version-history":[{"count":12,"href":"https:\/\/globalcarehab.com\/de\/wp-json\/wp\/v2\/product\/43701\/revisions"}],"predecessor-version":[{"id":49182,"href":"https:\/\/globalcarehab.com\/de\/wp-json\/wp\/v2\/product\/43701\/revisions\/49182"}],"wp:featuredmedia":[{"embeddable":true,"href":"https:\/\/globalcarehab.com\/de\/wp-json\/wp\/v2\/media\/37968"}],"wp:attachment":[{"href":"https:\/\/globalcarehab.com\/de\/wp-json\/wp\/v2\/media?parent=43701"}],"wp:term":[{"taxonomy":"product_brand","embeddable":true,"href":"https:\/\/globalcarehab.com\/de\/wp-json\/wp\/v2\/product_brand?post=43701"},{"taxonomy":"product_cat","embeddable":true,"href":"https:\/\/globalcarehab.com\/de\/wp-json\/wp\/v2\/product_cat?post=43701"},{"taxonomy":"product_tag","embeddable":true,"href":"https:\/\/globalcarehab.com\/de\/wp-json\/wp\/v2\/product_tag?post=43701"}],"curies":[{"name":"wp","href":"https:\/\/api.w.org\/{rel}","templated":true}]}}