{"id":44239,"date":"2024-12-27T19:05:54","date_gmt":"2024-12-27T18:05:54","guid":{"rendered":"https:\/\/globalcarehab.com\/?post_type=product&#038;p=44239"},"modified":"2025-01-28T13:12:58","modified_gmt":"2025-01-28T12:12:58","slug":"bruststuetze-x-form","status":"publish","type":"product","link":"https:\/\/globalcarehab.com\/de\/produkte\/bruststuetze-x-form\/","title":{"rendered":"Brustst\u00fctze, X-Form"},"content":{"rendered":"\t\t<div data-elementor-type=\"product-post\" data-elementor-id=\"44239\" class=\"elementor elementor-44239 elementor-43061\" data-elementor-post-type=\"product\">\n\t\t\t\t<div class=\"elementor-element elementor-element-3de2425c e-flex e-con-boxed e-con e-parent\" data-id=\"3de2425c\" data-element_type=\"container\" data-e-type=\"container\" data-settings=\"{&quot;jet_parallax_layout_list&quot;:[]}\">\n\t\t\t\t\t<div class=\"e-con-inner\">\n\t\t<div class=\"elementor-element elementor-element-5ae02487 e-con-full e-flex e-con e-child\" data-id=\"5ae02487\" data-element_type=\"container\" data-e-type=\"container\" data-settings=\"{&quot;background_background&quot;:&quot;classic&quot;,&quot;jet_parallax_layout_list&quot;:[]}\">\n\t\t\t\t<div class=\"elementor-element elementor-element-a402c64 elementor-widget elementor-widget-spacer\" data-id=\"a402c64\" data-element_type=\"widget\" data-e-type=\"widget\" data-widget_type=\"spacer.default\">\n\t\t\t\t\t\t\t<div class=\"elementor-spacer\">\n\t\t\t<div class=\"elementor-spacer-inner\"><\/div>\n\t\t<\/div>\n\t\t\t\t\t\t<\/div>\n\t\t\t\t<\/div>\n\t\t<div class=\"elementor-element elementor-element-65b52d07 e-con-full e-flex e-con e-child\" data-id=\"65b52d07\" data-element_type=\"container\" data-e-type=\"container\" data-settings=\"{&quot;background_background&quot;:&quot;classic&quot;,&quot;jet_parallax_layout_list&quot;:[]}\">\n\t\t\t\t<div class=\"elementor-element elementor-element-1a741455 elementor-widget elementor-widget-heading\" data-id=\"1a741455\" data-element_type=\"widget\" data-e-type=\"widget\" data-widget_type=\"heading.default\">\n\t\t\t\t\t<h1 class=\"elementor-heading-title elementor-size-default\">Brustst\u00fctze, X-Form<\/h1>\t\t\t\t<\/div>\n\t\t\t\t<div class=\"elementor-element elementor-element-166f1663 elementor-widget elementor-widget-text-editor\" data-id=\"166f1663\" data-element_type=\"widget\" data-e-type=\"widget\" data-widget_type=\"text-editor.default\">\n\t\t\t\t\t\t\t\t\t<p>Brustgeschirr &#8211; X-Form Das Brustgeschirr bietet mit seinem X-f\u00f6rmigen Design effektive Rumpfst\u00fctze, wobei es eine zentrierte und sichere Passform gew\u00e4hrleistet. Dieses Design eignet sich besonders f\u00fcr Personen, die lokalisierte Unterst\u00fctzung oder ma\u00dfgeschneiderten Komfort ben\u00f6tigen, wie Frauen. Das dehnbare Material des Geschirrs erm\u00f6glicht nat\u00fcrliche Bewegungen und ungehinderte Atmung und bietet sowohl Stabilit\u00e4t als auch Flexibilit\u00e4t.<\/p><p><strong>Wichtig<\/strong>: Verwenden Sie immer einen H\u00fcftgurt in Verbindung mit dem Brustgeschirr f\u00fcr verbesserte Sicherheit und korrekte Positionierung.<\/p>\t\t\t\t\t\t\t\t<\/div>\n\t\t\t\t<div class=\"elementor-element elementor-element-115bada3 elementor-widget elementor-widget-heading\" data-id=\"115bada3\" data-element_type=\"widget\" data-e-type=\"widget\" data-widget_type=\"heading.default\">\n\t\t\t\t\t<h3 class=\"elementor-heading-title elementor-size-default\">Produktvorteile<\/h3>\t\t\t\t<\/div>\n\t\t\t\t<div class=\"elementor-element elementor-element-3f78d236 elementor-widget elementor-widget-text-editor\" data-id=\"3f78d236\" data-element_type=\"widget\" data-e-type=\"widget\" data-widget_type=\"text-editor.default\">\n\t\t\t\t\t\t\t\t\t<ul><li>Unterst\u00fctzt die Haltung bei Kyphose<\/li><li>Hilft bei der Korrektur von Lordose<\/li><\/ul>\t\t\t\t\t\t\t\t<\/div>\n\t\t\t\t<\/div>\n\t\t\t\t\t<\/div>\n\t\t\t\t<\/div>\n\t\t<div class=\"elementor-element elementor-element-08fcf59 e-flex e-con-boxed e-con e-parent\" data-id=\"08fcf59\" data-element_type=\"container\" data-e-type=\"container\" data-settings=\"{&quot;jet_parallax_layout_list&quot;:[]}\">\n\t\t\t\t\t<div class=\"e-con-inner\">\n\t\t<div class=\"elementor-element elementor-element-76188fd e-con-full e-flex e-con e-child\" data-id=\"76188fd\" data-element_type=\"container\" data-e-type=\"container\" data-settings=\"{&quot;background_background&quot;:&quot;classic&quot;,&quot;jet_parallax_layout_list&quot;:[]}\">\n\t\t\t\t<div class=\"elementor-element elementor-element-71df33c elementor-widget elementor-widget-heading\" data-id=\"71df33c\" data-element_type=\"widget\" data-e-type=\"widget\" data-widget_type=\"heading.default\">\n\t\t\t\t\t<h2 class=\"elementor-heading-title elementor-size-default\">Produktmerkmale<\/h2>\t\t\t\t<\/div>\n\t\t\t\t<div class=\"elementor-element elementor-element-16d88fd elementor-widget elementor-widget-text-editor\" data-id=\"16d88fd\" data-element_type=\"widget\" data-e-type=\"widget\" data-widget_type=\"text-editor.default\">\n\t\t\t\t\t\t\t\t\t<ul><li>Einfach zu bedienende seitliche Schnellverschl\u00fcsse<\/li><li>Flexible, dehnbare Materialien f\u00fcr Komfort<\/li><li>Wasserabweisende Konstruktion<\/li><li>Weiche, abgerundete Gurtbandkanten zur<\/li><li>Reduzierung von Reibung<\/li><li>Ordentliche und haltbare<\/li><li>Zierleisten Klare und sichtbare<\/li><li>Gr\u00f6\u00dfenindikatoren Zertifizierte<\/li><li>CE-Kennzeichnung f\u00fcr Konformit\u00e4t und Sicherheit<\/li><\/ul>\t\t\t\t\t\t\t\t<\/div>\n\t\t\t\t<\/div>\n\t\t<div class=\"elementor-element elementor-element-36c22e1 e-con-full e-flex e-con e-child\" data-id=\"36c22e1\" data-element_type=\"container\" data-e-type=\"container\" data-settings=\"{&quot;jet_parallax_layout_list&quot;:[],&quot;background_background&quot;:&quot;classic&quot;}\">\n\t\t\t\t<div class=\"elementor-element elementor-element-bf7b4cf elementor-widget elementor-widget-spacer\" data-id=\"bf7b4cf\" data-element_type=\"widget\" data-e-type=\"widget\" data-widget_type=\"spacer.default\">\n\t\t\t\t\t\t\t<div class=\"elementor-spacer\">\n\t\t\t<div class=\"elementor-spacer-inner\"><\/div>\n\t\t<\/div>\n\t\t\t\t\t\t<\/div>\n\t\t\t\t<\/div>\n\t\t\t\t\t<\/div>\n\t\t\t\t<\/div>\n\t\t\t\t<\/div>\n\t\t","protected":false},"excerpt":{"rendered":"<p>Die Brustst\u00fctze in X-Form ist ein Rumpfst\u00fctzgeschirr mit einem X-f\u00f6rmigen Design, das eine zentrierte Kontaktfl\u00e4che bietet und somit ideal f\u00fcr Personen ist, die lokalisierte Unterst\u00fctzung ben\u00f6tigen, wie zum Beispiel der weibliche K\u00f6rper. Die dehnbaren Materialien erm\u00f6glichen Bewegung und einfache Atmung, was den Komfort w\u00e4hrend der Nutzung erh\u00f6ht. Zu den Hauptmerkmalen geh\u00f6ren seitliche Schnellverschl\u00fcsse f\u00fcr eine einfache Anwendung, wasserabweisende Materialien f\u00fcr Langlebigkeit, abgerundete Gurtb\u00e4nder, eine Zierleiste und klare Gr\u00f6\u00dfenangaben. Dieses CE-gekennzeichnete Produkt ist wirksam bei der Korrektur von Sitzabweichungen wie Kyphose und Lordose. Bitte beachten Sie: Verwenden Sie einen H\u00fcftgurt, wenn Sie Brustpositionierungsvorrichtungen nutzen.<\/p>\n","protected":false},"featured_media":43229,"template":"","meta":[],"product_brand":[],"product_cat":[229],"product_tag":[],"class_list":{"0":"post-44239","1":"product","2":"type-product","3":"status-publish","4":"has-post-thumbnail","6":"product_cat-gurt","7":"pa_size-klein","8":"pa_size-medium-de","9":"pa_size-gros","11":"first","12":"instock","13":"taxable","14":"shipping-taxable","15":"purchasable","16":"product-type-variable"},"yoast_head":"<!-- This site is optimized with the Yoast SEO plugin v26.9 - https:\/\/yoast.com\/product\/yoast-seo-wordpress\/ -->\n<title>Brustst\u00fctze, X-Form | Global Carehab<\/title>\n<meta name=\"robots\" content=\"index, follow, max-snippet:-1, max-image-preview:large, max-video-preview:-1\" \/>\n<link rel=\"canonical\" href=\"https:\/\/globalcarehab.com\/de\/produkte\/bruststuetze-x-form\/\" \/>\n<meta property=\"og:locale\" content=\"de_DE\" \/>\n<meta property=\"og:type\" content=\"article\" \/>\n<meta property=\"og:title\" content=\"Brustst\u00fctze, X-Form | Global Carehab\" \/>\n<meta property=\"og:description\" content=\"Die Brustst\u00fctze in X-Form ist ein Rumpfst\u00fctzgeschirr mit einem X-f\u00f6rmigen Design, das eine zentrierte Kontaktfl\u00e4che bietet und somit ideal f\u00fcr Personen ist, die lokalisierte Unterst\u00fctzung ben\u00f6tigen, wie zum Beispiel der weibliche K\u00f6rper. Die dehnbaren Materialien erm\u00f6glichen Bewegung und einfache Atmung, was den Komfort w\u00e4hrend der Nutzung erh\u00f6ht. Zu den Hauptmerkmalen geh\u00f6ren seitliche Schnellverschl\u00fcsse f\u00fcr eine einfache Anwendung, wasserabweisende Materialien f\u00fcr Langlebigkeit, abgerundete Gurtb\u00e4nder, eine Zierleiste und klare Gr\u00f6\u00dfenangaben. Dieses CE-gekennzeichnete Produkt ist wirksam bei der Korrektur von Sitzabweichungen wie Kyphose und Lordose. Bitte beachten Sie: Verwenden Sie einen H\u00fcftgurt, wenn Sie Brustpositionierungsvorrichtungen nutzen.\" \/>\n<meta property=\"og:url\" content=\"https:\/\/globalcarehab.com\/de\/produkte\/bruststuetze-x-form\/\" \/>\n<meta property=\"og:site_name\" content=\"Global Carehab\" \/>\n<meta property=\"article:modified_time\" content=\"2025-01-28T12:12:58+00:00\" \/>\n<meta property=\"og:image\" content=\"https:\/\/globalcarehab.com\/wp-content\/uploads\/2024\/12\/Women-Chest-positioning.png\" \/>\n\t<meta property=\"og:image:width\" content=\"700\" \/>\n\t<meta property=\"og:image:height\" content=\"700\" \/>\n\t<meta property=\"og:image:type\" content=\"image\/png\" \/>\n<meta name=\"twitter:card\" content=\"summary_large_image\" \/>\n<meta name=\"twitter:label1\" content=\"Gesch\u00e4tzte Lesezeit\" \/>\n\t<meta name=\"twitter:data1\" content=\"1\u00a0Minute\" \/>\n<script type=\"application\/ld+json\" class=\"yoast-schema-graph\">{\"@context\":\"https:\/\/schema.org\",\"@graph\":[{\"@type\":\"WebPage\",\"@id\":\"https:\/\/globalcarehab.com\/de\/produkte\/bruststuetze-x-form\/\",\"url\":\"https:\/\/globalcarehab.com\/de\/produkte\/bruststuetze-x-form\/\",\"name\":\"Brustst\u00fctze, X-Form | Global Carehab\",\"isPartOf\":{\"@id\":\"https:\/\/globalcarehab.com\/de\/#website\"},\"primaryImageOfPage\":{\"@id\":\"https:\/\/globalcarehab.com\/de\/produkte\/bruststuetze-x-form\/#primaryimage\"},\"image\":{\"@id\":\"https:\/\/globalcarehab.com\/de\/produkte\/bruststuetze-x-form\/#primaryimage\"},\"thumbnailUrl\":\"https:\/\/globalcarehab.com\/wp-content\/uploads\/2024\/12\/Women-Chest-positioning.png\",\"datePublished\":\"2024-12-27T18:05:54+00:00\",\"dateModified\":\"2025-01-28T12:12:58+00:00\",\"breadcrumb\":{\"@id\":\"https:\/\/globalcarehab.com\/de\/produkte\/bruststuetze-x-form\/#breadcrumb\"},\"inLanguage\":\"de\",\"potentialAction\":[{\"@type\":\"ReadAction\",\"target\":[\"https:\/\/globalcarehab.com\/de\/produkte\/bruststuetze-x-form\/\"]}]},{\"@type\":\"ImageObject\",\"inLanguage\":\"de\",\"@id\":\"https:\/\/globalcarehab.com\/de\/produkte\/bruststuetze-x-form\/#primaryimage\",\"url\":\"https:\/\/globalcarehab.com\/wp-content\/uploads\/2024\/12\/Women-Chest-positioning.png\",\"contentUrl\":\"https:\/\/globalcarehab.com\/wp-content\/uploads\/2024\/12\/Women-Chest-positioning.png\",\"width\":700,\"height\":700,\"caption\":\"Womens chest support with x shaped for comfort and positioning\"},{\"@type\":\"BreadcrumbList\",\"@id\":\"https:\/\/globalcarehab.com\/de\/produkte\/bruststuetze-x-form\/#breadcrumb\",\"itemListElement\":[{\"@type\":\"ListItem\",\"position\":1,\"name\":\"Hjem\",\"item\":\"https:\/\/globalcarehab.com\/de\/\"},{\"@type\":\"ListItem\",\"position\":2,\"name\":\"Shop\",\"item\":\"https:\/\/globalcarehab.com\/de\/shop\/\"},{\"@type\":\"ListItem\",\"position\":3,\"name\":\"Gurt\",\"item\":\"https:\/\/globalcarehab.com\/de\/produkt-kategorien\/gurt\/\"},{\"@type\":\"ListItem\",\"position\":4,\"name\":\"Brustst\u00fctze, X-Form\"}]},{\"@type\":\"WebSite\",\"@id\":\"https:\/\/globalcarehab.com\/de\/#website\",\"url\":\"https:\/\/globalcarehab.com\/de\/\",\"name\":\"Global Carehab\",\"description\":\"Care in Rehab\",\"publisher\":{\"@id\":\"https:\/\/globalcarehab.com\/de\/#organization\"},\"potentialAction\":[{\"@type\":\"SearchAction\",\"target\":{\"@type\":\"EntryPoint\",\"urlTemplate\":\"https:\/\/globalcarehab.com\/de\/?s={search_term_string}\"},\"query-input\":{\"@type\":\"PropertyValueSpecification\",\"valueRequired\":true,\"valueName\":\"search_term_string\"}}],\"inLanguage\":\"de\"},{\"@type\":\"Organization\",\"@id\":\"https:\/\/globalcarehab.com\/de\/#organization\",\"name\":\"Global Carehab\",\"url\":\"https:\/\/globalcarehab.com\/de\/\",\"logo\":{\"@type\":\"ImageObject\",\"inLanguage\":\"de\",\"@id\":\"https:\/\/globalcarehab.com\/de\/#\/schema\/logo\/image\/\",\"url\":\"https:\/\/globalcarehab.com\/wp-content\/uploads\/2024\/03\/carehab-logo.svg\",\"contentUrl\":\"https:\/\/globalcarehab.com\/wp-content\/uploads\/2024\/03\/carehab-logo.svg\",\"width\":1,\"height\":1,\"caption\":\"Global Carehab\"},\"image\":{\"@id\":\"https:\/\/globalcarehab.com\/de\/#\/schema\/logo\/image\/\"}}]}<\/script>\n<!-- \/ Yoast SEO plugin. -->","yoast_head_json":{"title":"Brustst\u00fctze, X-Form | Global Carehab","robots":{"index":"index","follow":"follow","max-snippet":"max-snippet:-1","max-image-preview":"max-image-preview:large","max-video-preview":"max-video-preview:-1"},"canonical":"https:\/\/globalcarehab.com\/de\/produkte\/bruststuetze-x-form\/","og_locale":"de_DE","og_type":"article","og_title":"Brustst\u00fctze, X-Form | Global Carehab","og_description":"Die Brustst\u00fctze in X-Form ist ein Rumpfst\u00fctzgeschirr mit einem X-f\u00f6rmigen Design, das eine zentrierte Kontaktfl\u00e4che bietet und somit ideal f\u00fcr Personen ist, die lokalisierte Unterst\u00fctzung ben\u00f6tigen, wie zum Beispiel der weibliche K\u00f6rper. Die dehnbaren Materialien erm\u00f6glichen Bewegung und einfache Atmung, was den Komfort w\u00e4hrend der Nutzung erh\u00f6ht. Zu den Hauptmerkmalen geh\u00f6ren seitliche Schnellverschl\u00fcsse f\u00fcr eine einfache Anwendung, wasserabweisende Materialien f\u00fcr Langlebigkeit, abgerundete Gurtb\u00e4nder, eine Zierleiste und klare Gr\u00f6\u00dfenangaben. Dieses CE-gekennzeichnete Produkt ist wirksam bei der Korrektur von Sitzabweichungen wie Kyphose und Lordose. Bitte beachten Sie: Verwenden Sie einen H\u00fcftgurt, wenn Sie Brustpositionierungsvorrichtungen nutzen.","og_url":"https:\/\/globalcarehab.com\/de\/produkte\/bruststuetze-x-form\/","og_site_name":"Global Carehab","article_modified_time":"2025-01-28T12:12:58+00:00","og_image":[{"width":700,"height":700,"url":"https:\/\/globalcarehab.com\/wp-content\/uploads\/2024\/12\/Women-Chest-positioning.png","type":"image\/png"}],"twitter_card":"summary_large_image","twitter_misc":{"Gesch\u00e4tzte Lesezeit":"1\u00a0Minute"},"schema":{"@context":"https:\/\/schema.org","@graph":[{"@type":"WebPage","@id":"https:\/\/globalcarehab.com\/de\/produkte\/bruststuetze-x-form\/","url":"https:\/\/globalcarehab.com\/de\/produkte\/bruststuetze-x-form\/","name":"Brustst\u00fctze, X-Form | Global Carehab","isPartOf":{"@id":"https:\/\/globalcarehab.com\/de\/#website"},"primaryImageOfPage":{"@id":"https:\/\/globalcarehab.com\/de\/produkte\/bruststuetze-x-form\/#primaryimage"},"image":{"@id":"https:\/\/globalcarehab.com\/de\/produkte\/bruststuetze-x-form\/#primaryimage"},"thumbnailUrl":"https:\/\/globalcarehab.com\/wp-content\/uploads\/2024\/12\/Women-Chest-positioning.png","datePublished":"2024-12-27T18:05:54+00:00","dateModified":"2025-01-28T12:12:58+00:00","breadcrumb":{"@id":"https:\/\/globalcarehab.com\/de\/produkte\/bruststuetze-x-form\/#breadcrumb"},"inLanguage":"de","potentialAction":[{"@type":"ReadAction","target":["https:\/\/globalcarehab.com\/de\/produkte\/bruststuetze-x-form\/"]}]},{"@type":"ImageObject","inLanguage":"de","@id":"https:\/\/globalcarehab.com\/de\/produkte\/bruststuetze-x-form\/#primaryimage","url":"https:\/\/globalcarehab.com\/wp-content\/uploads\/2024\/12\/Women-Chest-positioning.png","contentUrl":"https:\/\/globalcarehab.com\/wp-content\/uploads\/2024\/12\/Women-Chest-positioning.png","width":700,"height":700,"caption":"Womens chest support with x shaped for comfort and positioning"},{"@type":"BreadcrumbList","@id":"https:\/\/globalcarehab.com\/de\/produkte\/bruststuetze-x-form\/#breadcrumb","itemListElement":[{"@type":"ListItem","position":1,"name":"Hjem","item":"https:\/\/globalcarehab.com\/de\/"},{"@type":"ListItem","position":2,"name":"Shop","item":"https:\/\/globalcarehab.com\/de\/shop\/"},{"@type":"ListItem","position":3,"name":"Gurt","item":"https:\/\/globalcarehab.com\/de\/produkt-kategorien\/gurt\/"},{"@type":"ListItem","position":4,"name":"Brustst\u00fctze, X-Form"}]},{"@type":"WebSite","@id":"https:\/\/globalcarehab.com\/de\/#website","url":"https:\/\/globalcarehab.com\/de\/","name":"Global Carehab","description":"Care in Rehab","publisher":{"@id":"https:\/\/globalcarehab.com\/de\/#organization"},"potentialAction":[{"@type":"SearchAction","target":{"@type":"EntryPoint","urlTemplate":"https:\/\/globalcarehab.com\/de\/?s={search_term_string}"},"query-input":{"@type":"PropertyValueSpecification","valueRequired":true,"valueName":"search_term_string"}}],"inLanguage":"de"},{"@type":"Organization","@id":"https:\/\/globalcarehab.com\/de\/#organization","name":"Global Carehab","url":"https:\/\/globalcarehab.com\/de\/","logo":{"@type":"ImageObject","inLanguage":"de","@id":"https:\/\/globalcarehab.com\/de\/#\/schema\/logo\/image\/","url":"https:\/\/globalcarehab.com\/wp-content\/uploads\/2024\/03\/carehab-logo.svg","contentUrl":"https:\/\/globalcarehab.com\/wp-content\/uploads\/2024\/03\/carehab-logo.svg","width":1,"height":1,"caption":"Global Carehab"},"image":{"@id":"https:\/\/globalcarehab.com\/de\/#\/schema\/logo\/image\/"}}]}},"_links":{"self":[{"href":"https:\/\/globalcarehab.com\/de\/wp-json\/wp\/v2\/product\/44239","targetHints":{"allow":["GET"]}}],"collection":[{"href":"https:\/\/globalcarehab.com\/de\/wp-json\/wp\/v2\/product"}],"about":[{"href":"https:\/\/globalcarehab.com\/de\/wp-json\/wp\/v2\/types\/product"}],"version-history":[{"count":5,"href":"https:\/\/globalcarehab.com\/de\/wp-json\/wp\/v2\/product\/44239\/revisions"}],"predecessor-version":[{"id":44249,"href":"https:\/\/globalcarehab.com\/de\/wp-json\/wp\/v2\/product\/44239\/revisions\/44249"}],"wp:featuredmedia":[{"embeddable":true,"href":"https:\/\/globalcarehab.com\/de\/wp-json\/wp\/v2\/media\/43229"}],"wp:attachment":[{"href":"https:\/\/globalcarehab.com\/de\/wp-json\/wp\/v2\/media?parent=44239"}],"wp:term":[{"taxonomy":"product_brand","embeddable":true,"href":"https:\/\/globalcarehab.com\/de\/wp-json\/wp\/v2\/product_brand?post=44239"},{"taxonomy":"product_cat","embeddable":true,"href":"https:\/\/globalcarehab.com\/de\/wp-json\/wp\/v2\/product_cat?post=44239"},{"taxonomy":"product_tag","embeddable":true,"href":"https:\/\/globalcarehab.com\/de\/wp-json\/wp\/v2\/product_tag?post=44239"}],"curies":[{"name":"wp","href":"https:\/\/api.w.org\/{rel}","templated":true}]}}