{"id":44266,"date":"2025-01-04T16:50:46","date_gmt":"2025-01-04T15:50:46","guid":{"rendered":"https:\/\/globalcarehab.com\/?post_type=product&#038;p=44266"},"modified":"2025-01-28T14:21:27","modified_gmt":"2025-01-28T13:21:27","slug":"bruststuetze","status":"publish","type":"product","link":"https:\/\/globalcarehab.com\/de\/produkte\/bruststuetze\/","title":{"rendered":"Brustst\u00fctze"},"content":{"rendered":"\t\t<div data-elementor-type=\"product-post\" data-elementor-id=\"44266\" class=\"elementor elementor-44266 elementor-43151\" data-elementor-post-type=\"product\">\n\t\t\t\t<div class=\"elementor-element elementor-element-6c53ccae e-flex e-con-boxed e-con e-parent\" data-id=\"6c53ccae\" data-element_type=\"container\" data-e-type=\"container\" data-settings=\"{&quot;jet_parallax_layout_list&quot;:[]}\">\n\t\t\t\t\t<div class=\"e-con-inner\">\n\t\t<div class=\"elementor-element elementor-element-77b718b1 e-con-full e-flex e-con e-child\" data-id=\"77b718b1\" data-element_type=\"container\" data-e-type=\"container\" data-settings=\"{&quot;background_background&quot;:&quot;classic&quot;,&quot;jet_parallax_layout_list&quot;:[]}\">\n\t\t\t\t<div class=\"elementor-element elementor-element-2ced75cb elementor-widget elementor-widget-spacer\" data-id=\"2ced75cb\" data-element_type=\"widget\" data-e-type=\"widget\" data-widget_type=\"spacer.default\">\n\t\t\t\t\t\t\t<div class=\"elementor-spacer\">\n\t\t\t<div class=\"elementor-spacer-inner\"><\/div>\n\t\t<\/div>\n\t\t\t\t\t\t<\/div>\n\t\t\t\t<\/div>\n\t\t<div class=\"elementor-element elementor-element-16fc90c9 e-con-full e-flex e-con e-child\" data-id=\"16fc90c9\" data-element_type=\"container\" data-e-type=\"container\" data-settings=\"{&quot;background_background&quot;:&quot;classic&quot;,&quot;jet_parallax_layout_list&quot;:[]}\">\n\t\t\t\t<div class=\"elementor-element elementor-element-326366a0 elementor-widget elementor-widget-heading\" data-id=\"326366a0\" data-element_type=\"widget\" data-e-type=\"widget\" data-widget_type=\"heading.default\">\n\t\t\t\t\t<h1 class=\"elementor-heading-title elementor-size-default\">Chest Support<\/h1>\t\t\t\t<\/div>\n\t\t\t\t<div class=\"elementor-element elementor-element-56a8cbdc elementor-widget elementor-widget-text-editor\" data-id=\"56a8cbdc\" data-element_type=\"widget\" data-e-type=\"widget\" data-widget_type=\"text-editor.default\">\n\t\t\t\t\t\t\t\t\t<p>Unser Brustpositionierungsgeschirr f\u00fcr M\u00e4nner ist aus hochwertigem, wasserfestem Neopren gefertigt und bietet sowohl Haltbarkeit als auch \u00fcberlegenen Komfort f\u00fcr den Oberk\u00f6rper. Das flexible Design bietet die notwendige Unterst\u00fctzung f\u00fcr verschiedene Bed\u00fcrfnisse, w\u00e4hrend der patentierte rutschfeste Druck auf der Innenseite sicherstellt, dass das Geschirr sicher an seinem Platz bleibt und eine korrekte Schulterpositionierung gew\u00e4hrleistet. Jedes Geschirr ist mit vier abgedeckten Seitenschnappverschl\u00fcssen f\u00fcr einfache und zuverl\u00e4ssige Anpassungen ausgestattet.<\/p>\t\t\t\t\t\t\t\t<\/div>\n\t\t\t\t<div class=\"elementor-element elementor-element-7173b551 elementor-widget elementor-widget-heading\" data-id=\"7173b551\" data-element_type=\"widget\" data-e-type=\"widget\" data-widget_type=\"heading.default\">\n\t\t\t\t\t<h3 class=\"elementor-heading-title elementor-size-default\">Angegangene Haltungsunf\u00e4higkeit<\/h3>\t\t\t\t<\/div>\n\t\t\t\t<div class=\"elementor-element elementor-element-1003197 elementor-widget elementor-widget-text-editor\" data-id=\"1003197\" data-element_type=\"widget\" data-e-type=\"widget\" data-widget_type=\"text-editor.default\">\n\t\t\t\t\t\t\t\t\t<p>Dieses Geschirr ist ideal f\u00fcr die Verwaltung von:<\/p><ul><li>Vorw\u00e4rtsinstabilit\u00e4t<\/li><li>Seitliche Instabilit\u00e4t<\/li><li>Torsionsinstabilit\u00e4t (in Verbindung mit einer R\u00fcckenlehne)<\/li><\/ul>\t\t\t\t\t\t\t\t<\/div>\n\t\t\t\t<\/div>\n\t\t\t\t\t<\/div>\n\t\t\t\t<\/div>\n\t\t\t\t<\/div>\n\t\t","protected":false},"excerpt":{"rendered":"<p>Chest Support Unser Brustpositionierungsgeschirr f\u00fcr M\u00e4nner ist aus hochwertigem, wasserfestem Neopren gefertigt und bietet sowohl Haltbarkeit als auch \u00fcberlegenen Komfort f\u00fcr den Oberk\u00f6rper. Das flexible Design bietet die notwendige Unterst\u00fctzung f\u00fcr verschiedene Bed\u00fcrfnisse, w\u00e4hrend der patentierte rutschfeste Druck auf der Innenseite sicherstellt, dass das Geschirr sicher an seinem Platz bleibt und eine korrekte Schulterpositionierung gew\u00e4hrleistet. [&hellip;]<\/p>\n","protected":false},"featured_media":38191,"template":"","meta":[],"product_brand":[],"product_cat":[229],"product_tag":[],"class_list":{"0":"post-44266","1":"product","2":"type-product","3":"status-publish","4":"has-post-thumbnail","6":"product_cat-gurt","7":"pa_size-xsmall-de","8":"pa_size-klein","9":"pa_size-medium-de","10":"pa_size-gros","12":"first","13":"instock","14":"taxable","15":"shipping-taxable","16":"purchasable","17":"product-type-variable"},"yoast_head":"<!-- This site is optimized with the Yoast SEO plugin v26.9 - https:\/\/yoast.com\/product\/yoast-seo-wordpress\/ -->\n<title>Brustst\u00fctze | Global Carehab<\/title>\n<meta name=\"robots\" content=\"index, follow, max-snippet:-1, max-image-preview:large, max-video-preview:-1\" \/>\n<link rel=\"canonical\" href=\"https:\/\/globalcarehab.com\/de\/produkte\/bruststuetze\/\" \/>\n<meta property=\"og:locale\" content=\"de_DE\" \/>\n<meta property=\"og:type\" content=\"article\" \/>\n<meta property=\"og:title\" content=\"Brustst\u00fctze | Global Carehab\" \/>\n<meta property=\"og:description\" content=\"Chest Support Unser Brustpositionierungsgeschirr f\u00fcr M\u00e4nner ist aus hochwertigem, wasserfestem Neopren gefertigt und bietet sowohl Haltbarkeit als auch \u00fcberlegenen Komfort f\u00fcr den Oberk\u00f6rper. Das flexible Design bietet die notwendige Unterst\u00fctzung f\u00fcr verschiedene Bed\u00fcrfnisse, w\u00e4hrend der patentierte rutschfeste Druck auf der Innenseite sicherstellt, dass das Geschirr sicher an seinem Platz bleibt und eine korrekte Schulterpositionierung gew\u00e4hrleistet. [&hellip;]\" \/>\n<meta property=\"og:url\" content=\"https:\/\/globalcarehab.com\/de\/produkte\/bruststuetze\/\" \/>\n<meta property=\"og:site_name\" content=\"Global Carehab\" \/>\n<meta property=\"article:modified_time\" content=\"2025-01-28T13:21:27+00:00\" \/>\n<meta property=\"og:image\" content=\"https:\/\/globalcarehab.com\/wp-content\/uploads\/2020\/03\/Chest-Positioning-Standard.png\" \/>\n\t<meta property=\"og:image:width\" content=\"700\" \/>\n\t<meta property=\"og:image:height\" content=\"700\" \/>\n\t<meta property=\"og:image:type\" content=\"image\/png\" \/>\n<meta name=\"twitter:card\" content=\"summary_large_image\" \/>\n<script type=\"application\/ld+json\" class=\"yoast-schema-graph\">{\"@context\":\"https:\/\/schema.org\",\"@graph\":[{\"@type\":\"WebPage\",\"@id\":\"https:\/\/globalcarehab.com\/de\/produkte\/bruststuetze\/\",\"url\":\"https:\/\/globalcarehab.com\/de\/produkte\/bruststuetze\/\",\"name\":\"Brustst\u00fctze | Global Carehab\",\"isPartOf\":{\"@id\":\"https:\/\/globalcarehab.com\/de\/#website\"},\"primaryImageOfPage\":{\"@id\":\"https:\/\/globalcarehab.com\/de\/produkte\/bruststuetze\/#primaryimage\"},\"image\":{\"@id\":\"https:\/\/globalcarehab.com\/de\/produkte\/bruststuetze\/#primaryimage\"},\"thumbnailUrl\":\"https:\/\/globalcarehab.com\/wp-content\/uploads\/2020\/03\/Chest-Positioning-Standard.png\",\"datePublished\":\"2025-01-04T15:50:46+00:00\",\"dateModified\":\"2025-01-28T13:21:27+00:00\",\"breadcrumb\":{\"@id\":\"https:\/\/globalcarehab.com\/de\/produkte\/bruststuetze\/#breadcrumb\"},\"inLanguage\":\"de\",\"potentialAction\":[{\"@type\":\"ReadAction\",\"target\":[\"https:\/\/globalcarehab.com\/de\/produkte\/bruststuetze\/\"]}]},{\"@type\":\"ImageObject\",\"inLanguage\":\"de\",\"@id\":\"https:\/\/globalcarehab.com\/de\/produkte\/bruststuetze\/#primaryimage\",\"url\":\"https:\/\/globalcarehab.com\/wp-content\/uploads\/2020\/03\/Chest-Positioning-Standard.png\",\"contentUrl\":\"https:\/\/globalcarehab.com\/wp-content\/uploads\/2020\/03\/Chest-Positioning-Standard.png\",\"width\":700,\"height\":700},{\"@type\":\"BreadcrumbList\",\"@id\":\"https:\/\/globalcarehab.com\/de\/produkte\/bruststuetze\/#breadcrumb\",\"itemListElement\":[{\"@type\":\"ListItem\",\"position\":1,\"name\":\"Hjem\",\"item\":\"https:\/\/globalcarehab.com\/de\/\"},{\"@type\":\"ListItem\",\"position\":2,\"name\":\"Shop\",\"item\":\"https:\/\/globalcarehab.com\/de\/shop\/\"},{\"@type\":\"ListItem\",\"position\":3,\"name\":\"Gurt\",\"item\":\"https:\/\/globalcarehab.com\/de\/produkt-kategorien\/gurt\/\"},{\"@type\":\"ListItem\",\"position\":4,\"name\":\"Brustst\u00fctze\"}]},{\"@type\":\"WebSite\",\"@id\":\"https:\/\/globalcarehab.com\/de\/#website\",\"url\":\"https:\/\/globalcarehab.com\/de\/\",\"name\":\"Global Carehab\",\"description\":\"Care in Rehab\",\"publisher\":{\"@id\":\"https:\/\/globalcarehab.com\/de\/#organization\"},\"potentialAction\":[{\"@type\":\"SearchAction\",\"target\":{\"@type\":\"EntryPoint\",\"urlTemplate\":\"https:\/\/globalcarehab.com\/de\/?s={search_term_string}\"},\"query-input\":{\"@type\":\"PropertyValueSpecification\",\"valueRequired\":true,\"valueName\":\"search_term_string\"}}],\"inLanguage\":\"de\"},{\"@type\":\"Organization\",\"@id\":\"https:\/\/globalcarehab.com\/de\/#organization\",\"name\":\"Global Carehab\",\"url\":\"https:\/\/globalcarehab.com\/de\/\",\"logo\":{\"@type\":\"ImageObject\",\"inLanguage\":\"de\",\"@id\":\"https:\/\/globalcarehab.com\/de\/#\/schema\/logo\/image\/\",\"url\":\"https:\/\/globalcarehab.com\/wp-content\/uploads\/2024\/03\/carehab-logo.svg\",\"contentUrl\":\"https:\/\/globalcarehab.com\/wp-content\/uploads\/2024\/03\/carehab-logo.svg\",\"width\":1,\"height\":1,\"caption\":\"Global Carehab\"},\"image\":{\"@id\":\"https:\/\/globalcarehab.com\/de\/#\/schema\/logo\/image\/\"}}]}<\/script>\n<!-- \/ Yoast SEO plugin. -->","yoast_head_json":{"title":"Brustst\u00fctze | Global Carehab","robots":{"index":"index","follow":"follow","max-snippet":"max-snippet:-1","max-image-preview":"max-image-preview:large","max-video-preview":"max-video-preview:-1"},"canonical":"https:\/\/globalcarehab.com\/de\/produkte\/bruststuetze\/","og_locale":"de_DE","og_type":"article","og_title":"Brustst\u00fctze | Global Carehab","og_description":"Chest Support Unser Brustpositionierungsgeschirr f\u00fcr M\u00e4nner ist aus hochwertigem, wasserfestem Neopren gefertigt und bietet sowohl Haltbarkeit als auch \u00fcberlegenen Komfort f\u00fcr den Oberk\u00f6rper. Das flexible Design bietet die notwendige Unterst\u00fctzung f\u00fcr verschiedene Bed\u00fcrfnisse, w\u00e4hrend der patentierte rutschfeste Druck auf der Innenseite sicherstellt, dass das Geschirr sicher an seinem Platz bleibt und eine korrekte Schulterpositionierung gew\u00e4hrleistet. [&hellip;]","og_url":"https:\/\/globalcarehab.com\/de\/produkte\/bruststuetze\/","og_site_name":"Global Carehab","article_modified_time":"2025-01-28T13:21:27+00:00","og_image":[{"width":700,"height":700,"url":"https:\/\/globalcarehab.com\/wp-content\/uploads\/2020\/03\/Chest-Positioning-Standard.png","type":"image\/png"}],"twitter_card":"summary_large_image","schema":{"@context":"https:\/\/schema.org","@graph":[{"@type":"WebPage","@id":"https:\/\/globalcarehab.com\/de\/produkte\/bruststuetze\/","url":"https:\/\/globalcarehab.com\/de\/produkte\/bruststuetze\/","name":"Brustst\u00fctze | Global Carehab","isPartOf":{"@id":"https:\/\/globalcarehab.com\/de\/#website"},"primaryImageOfPage":{"@id":"https:\/\/globalcarehab.com\/de\/produkte\/bruststuetze\/#primaryimage"},"image":{"@id":"https:\/\/globalcarehab.com\/de\/produkte\/bruststuetze\/#primaryimage"},"thumbnailUrl":"https:\/\/globalcarehab.com\/wp-content\/uploads\/2020\/03\/Chest-Positioning-Standard.png","datePublished":"2025-01-04T15:50:46+00:00","dateModified":"2025-01-28T13:21:27+00:00","breadcrumb":{"@id":"https:\/\/globalcarehab.com\/de\/produkte\/bruststuetze\/#breadcrumb"},"inLanguage":"de","potentialAction":[{"@type":"ReadAction","target":["https:\/\/globalcarehab.com\/de\/produkte\/bruststuetze\/"]}]},{"@type":"ImageObject","inLanguage":"de","@id":"https:\/\/globalcarehab.com\/de\/produkte\/bruststuetze\/#primaryimage","url":"https:\/\/globalcarehab.com\/wp-content\/uploads\/2020\/03\/Chest-Positioning-Standard.png","contentUrl":"https:\/\/globalcarehab.com\/wp-content\/uploads\/2020\/03\/Chest-Positioning-Standard.png","width":700,"height":700},{"@type":"BreadcrumbList","@id":"https:\/\/globalcarehab.com\/de\/produkte\/bruststuetze\/#breadcrumb","itemListElement":[{"@type":"ListItem","position":1,"name":"Hjem","item":"https:\/\/globalcarehab.com\/de\/"},{"@type":"ListItem","position":2,"name":"Shop","item":"https:\/\/globalcarehab.com\/de\/shop\/"},{"@type":"ListItem","position":3,"name":"Gurt","item":"https:\/\/globalcarehab.com\/de\/produkt-kategorien\/gurt\/"},{"@type":"ListItem","position":4,"name":"Brustst\u00fctze"}]},{"@type":"WebSite","@id":"https:\/\/globalcarehab.com\/de\/#website","url":"https:\/\/globalcarehab.com\/de\/","name":"Global Carehab","description":"Care in Rehab","publisher":{"@id":"https:\/\/globalcarehab.com\/de\/#organization"},"potentialAction":[{"@type":"SearchAction","target":{"@type":"EntryPoint","urlTemplate":"https:\/\/globalcarehab.com\/de\/?s={search_term_string}"},"query-input":{"@type":"PropertyValueSpecification","valueRequired":true,"valueName":"search_term_string"}}],"inLanguage":"de"},{"@type":"Organization","@id":"https:\/\/globalcarehab.com\/de\/#organization","name":"Global Carehab","url":"https:\/\/globalcarehab.com\/de\/","logo":{"@type":"ImageObject","inLanguage":"de","@id":"https:\/\/globalcarehab.com\/de\/#\/schema\/logo\/image\/","url":"https:\/\/globalcarehab.com\/wp-content\/uploads\/2024\/03\/carehab-logo.svg","contentUrl":"https:\/\/globalcarehab.com\/wp-content\/uploads\/2024\/03\/carehab-logo.svg","width":1,"height":1,"caption":"Global Carehab"},"image":{"@id":"https:\/\/globalcarehab.com\/de\/#\/schema\/logo\/image\/"}}]}},"_links":{"self":[{"href":"https:\/\/globalcarehab.com\/de\/wp-json\/wp\/v2\/product\/44266","targetHints":{"allow":["GET"]}}],"collection":[{"href":"https:\/\/globalcarehab.com\/de\/wp-json\/wp\/v2\/product"}],"about":[{"href":"https:\/\/globalcarehab.com\/de\/wp-json\/wp\/v2\/types\/product"}],"version-history":[{"count":4,"href":"https:\/\/globalcarehab.com\/de\/wp-json\/wp\/v2\/product\/44266\/revisions"}],"predecessor-version":[{"id":44274,"href":"https:\/\/globalcarehab.com\/de\/wp-json\/wp\/v2\/product\/44266\/revisions\/44274"}],"wp:featuredmedia":[{"embeddable":true,"href":"https:\/\/globalcarehab.com\/de\/wp-json\/wp\/v2\/media\/38191"}],"wp:attachment":[{"href":"https:\/\/globalcarehab.com\/de\/wp-json\/wp\/v2\/media?parent=44266"}],"wp:term":[{"taxonomy":"product_brand","embeddable":true,"href":"https:\/\/globalcarehab.com\/de\/wp-json\/wp\/v2\/product_brand?post=44266"},{"taxonomy":"product_cat","embeddable":true,"href":"https:\/\/globalcarehab.com\/de\/wp-json\/wp\/v2\/product_cat?post=44266"},{"taxonomy":"product_tag","embeddable":true,"href":"https:\/\/globalcarehab.com\/de\/wp-json\/wp\/v2\/product_tag?post=44266"}],"curies":[{"name":"wp","href":"https:\/\/api.w.org\/{rel}","templated":true}]}}