{"id":44275,"date":"2025-01-04T17:19:23","date_gmt":"2025-01-04T16:19:23","guid":{"rendered":"https:\/\/globalcarehab.com\/?post_type=product&#038;p=44275"},"modified":"2025-01-28T14:26:02","modified_gmt":"2025-01-28T13:26:02","slug":"hueftstuetze-4-punkt","status":"publish","type":"product","link":"https:\/\/globalcarehab.com\/de\/produkte\/hueftstuetze-4-punkt\/","title":{"rendered":"H\u00fcftst\u00fctze, 4-Punkt"},"content":{"rendered":"","protected":false},"excerpt":{"rendered":"<div class=\"flex max-w-full flex-col flex-grow\">\n<div class=\"min-h-8 text-message flex w-full flex-col items-end gap-2 whitespace-normal break-words text-start [.text-message+&amp;]:mt-5\" dir=\"auto\" data-message-author-role=\"assistant\" data-message-id=\"66c5f538-e354-42f3-b065-b1fb33a08e58\" data-message-model-slug=\"gpt-4\">\n<div class=\"flex w-full flex-col gap-1 empty:hidden first:pt-[3px]\">\n<div class=\"markdown prose w-full break-words dark:prose-invert light\">\n<p>Das 4-Punkt-H\u00fcftst\u00fctzgeschirr ist ein Beckenpositionierungsger\u00e4t, das darauf ausgelegt ist, eine neutrale Beckenhaltung zu f\u00f6rdern und die Gesamtausrichtung von Rumpf und Beinen zu verbessern. Es verf\u00fcgt \u00fcber zwei gepolsterte Abschnitte f\u00fcr Komfort und ist aus wasser- und schmutzabweisenden Materialien gefertigt, was Langlebigkeit und Hygiene gew\u00e4hrleistet. Dieses CE-gekennzeichnete Produkt ist ideal zur Adressierung von vorderer Beckenneigung und Beckenrotation und bietet zuverl\u00e4ssige Unterst\u00fctzung f\u00fcr eine verbesserte Sitzhaltung.<\/p>\n<\/div>\n<\/div>\n<\/div>\n<\/div>\n","protected":false},"featured_media":38186,"template":"","meta":[],"product_brand":[],"product_cat":[229],"product_tag":[],"class_list":{"0":"post-44275","1":"product","2":"type-product","3":"status-publish","4":"has-post-thumbnail","6":"product_cat-gurt","7":"pa_size-xsmall-de","8":"pa_size-1-de","9":"pa_size-2-de","10":"pa_size-3-de","11":"pa_size-4-de","12":"pa_size-klein","13":"pa_size-medium-de","14":"pa_size-gros","15":"pa_size-x-large-de","17":"first","18":"instock","19":"taxable","20":"shipping-taxable","21":"purchasable","22":"product-type-variable"},"yoast_head":"<!-- This site is optimized with the Yoast SEO plugin v26.9 - https:\/\/yoast.com\/product\/yoast-seo-wordpress\/ -->\n<title>H\u00fcftst\u00fctze, 4-Punkt | Global Carehab<\/title>\n<meta name=\"robots\" content=\"index, follow, max-snippet:-1, max-image-preview:large, max-video-preview:-1\" \/>\n<link rel=\"canonical\" href=\"https:\/\/globalcarehab.com\/de\/produkte\/hueftstuetze-4-punkt\/\" \/>\n<meta property=\"og:locale\" content=\"de_DE\" \/>\n<meta property=\"og:type\" content=\"article\" \/>\n<meta property=\"og:title\" content=\"H\u00fcftst\u00fctze, 4-Punkt | Global Carehab\" \/>\n<meta property=\"og:description\" content=\"Das 4-Punkt-H\u00fcftst\u00fctzgeschirr ist ein Beckenpositionierungsger\u00e4t, das darauf ausgelegt ist, eine neutrale Beckenhaltung zu f\u00f6rdern und die Gesamtausrichtung von Rumpf und Beinen zu verbessern. Es verf\u00fcgt \u00fcber zwei gepolsterte Abschnitte f\u00fcr Komfort und ist aus wasser- und schmutzabweisenden Materialien gefertigt, was Langlebigkeit und Hygiene gew\u00e4hrleistet. Dieses CE-gekennzeichnete Produkt ist ideal zur Adressierung von vorderer Beckenneigung und Beckenrotation und bietet zuverl\u00e4ssige Unterst\u00fctzung f\u00fcr eine verbesserte Sitzhaltung.\" \/>\n<meta property=\"og:url\" content=\"https:\/\/globalcarehab.com\/de\/produkte\/hueftstuetze-4-punkt\/\" \/>\n<meta property=\"og:site_name\" content=\"Global Carehab\" \/>\n<meta property=\"article:modified_time\" content=\"2025-01-28T13:26:02+00:00\" \/>\n<meta property=\"og:image\" content=\"https:\/\/globalcarehab.com\/wp-content\/uploads\/2020\/03\/Hip4Point-SideRelease-SingleAdjustable1.png\" \/>\n\t<meta property=\"og:image:width\" content=\"700\" \/>\n\t<meta property=\"og:image:height\" content=\"700\" \/>\n\t<meta property=\"og:image:type\" content=\"image\/png\" \/>\n<meta name=\"twitter:card\" content=\"summary_large_image\" \/>\n<meta name=\"twitter:label1\" content=\"Gesch\u00e4tzte Lesezeit\" \/>\n\t<meta name=\"twitter:data1\" content=\"1\u00a0Minute\" \/>\n<script type=\"application\/ld+json\" class=\"yoast-schema-graph\">{\"@context\":\"https:\/\/schema.org\",\"@graph\":[{\"@type\":\"WebPage\",\"@id\":\"https:\/\/globalcarehab.com\/de\/produkte\/hueftstuetze-4-punkt\/\",\"url\":\"https:\/\/globalcarehab.com\/de\/produkte\/hueftstuetze-4-punkt\/\",\"name\":\"H\u00fcftst\u00fctze, 4-Punkt | Global Carehab\",\"isPartOf\":{\"@id\":\"https:\/\/globalcarehab.com\/de\/#website\"},\"primaryImageOfPage\":{\"@id\":\"https:\/\/globalcarehab.com\/de\/produkte\/hueftstuetze-4-punkt\/#primaryimage\"},\"image\":{\"@id\":\"https:\/\/globalcarehab.com\/de\/produkte\/hueftstuetze-4-punkt\/#primaryimage\"},\"thumbnailUrl\":\"https:\/\/globalcarehab.com\/wp-content\/uploads\/2020\/03\/Hip4Point-SideRelease-SingleAdjustable1.png\",\"datePublished\":\"2025-01-04T16:19:23+00:00\",\"dateModified\":\"2025-01-28T13:26:02+00:00\",\"breadcrumb\":{\"@id\":\"https:\/\/globalcarehab.com\/de\/produkte\/hueftstuetze-4-punkt\/#breadcrumb\"},\"inLanguage\":\"de\",\"potentialAction\":[{\"@type\":\"ReadAction\",\"target\":[\"https:\/\/globalcarehab.com\/de\/produkte\/hueftstuetze-4-punkt\/\"]}]},{\"@type\":\"ImageObject\",\"inLanguage\":\"de\",\"@id\":\"https:\/\/globalcarehab.com\/de\/produkte\/hueftstuetze-4-punkt\/#primaryimage\",\"url\":\"https:\/\/globalcarehab.com\/wp-content\/uploads\/2020\/03\/Hip4Point-SideRelease-SingleAdjustable1.png\",\"contentUrl\":\"https:\/\/globalcarehab.com\/wp-content\/uploads\/2020\/03\/Hip4Point-SideRelease-SingleAdjustable1.png\",\"width\":700,\"height\":700},{\"@type\":\"BreadcrumbList\",\"@id\":\"https:\/\/globalcarehab.com\/de\/produkte\/hueftstuetze-4-punkt\/#breadcrumb\",\"itemListElement\":[{\"@type\":\"ListItem\",\"position\":1,\"name\":\"Hjem\",\"item\":\"https:\/\/globalcarehab.com\/de\/\"},{\"@type\":\"ListItem\",\"position\":2,\"name\":\"Shop\",\"item\":\"https:\/\/globalcarehab.com\/de\/shop\/\"},{\"@type\":\"ListItem\",\"position\":3,\"name\":\"Gurt\",\"item\":\"https:\/\/globalcarehab.com\/de\/produkt-kategorien\/gurt\/\"},{\"@type\":\"ListItem\",\"position\":4,\"name\":\"H\u00fcftst\u00fctze, 4-Punkt\"}]},{\"@type\":\"WebSite\",\"@id\":\"https:\/\/globalcarehab.com\/de\/#website\",\"url\":\"https:\/\/globalcarehab.com\/de\/\",\"name\":\"Global Carehab\",\"description\":\"Care in Rehab\",\"publisher\":{\"@id\":\"https:\/\/globalcarehab.com\/de\/#organization\"},\"potentialAction\":[{\"@type\":\"SearchAction\",\"target\":{\"@type\":\"EntryPoint\",\"urlTemplate\":\"https:\/\/globalcarehab.com\/de\/?s={search_term_string}\"},\"query-input\":{\"@type\":\"PropertyValueSpecification\",\"valueRequired\":true,\"valueName\":\"search_term_string\"}}],\"inLanguage\":\"de\"},{\"@type\":\"Organization\",\"@id\":\"https:\/\/globalcarehab.com\/de\/#organization\",\"name\":\"Global Carehab\",\"url\":\"https:\/\/globalcarehab.com\/de\/\",\"logo\":{\"@type\":\"ImageObject\",\"inLanguage\":\"de\",\"@id\":\"https:\/\/globalcarehab.com\/de\/#\/schema\/logo\/image\/\",\"url\":\"https:\/\/globalcarehab.com\/wp-content\/uploads\/2024\/03\/carehab-logo.svg\",\"contentUrl\":\"https:\/\/globalcarehab.com\/wp-content\/uploads\/2024\/03\/carehab-logo.svg\",\"width\":1,\"height\":1,\"caption\":\"Global Carehab\"},\"image\":{\"@id\":\"https:\/\/globalcarehab.com\/de\/#\/schema\/logo\/image\/\"}}]}<\/script>\n<!-- \/ Yoast SEO plugin. -->","yoast_head_json":{"title":"H\u00fcftst\u00fctze, 4-Punkt | Global Carehab","robots":{"index":"index","follow":"follow","max-snippet":"max-snippet:-1","max-image-preview":"max-image-preview:large","max-video-preview":"max-video-preview:-1"},"canonical":"https:\/\/globalcarehab.com\/de\/produkte\/hueftstuetze-4-punkt\/","og_locale":"de_DE","og_type":"article","og_title":"H\u00fcftst\u00fctze, 4-Punkt | Global Carehab","og_description":"Das 4-Punkt-H\u00fcftst\u00fctzgeschirr ist ein Beckenpositionierungsger\u00e4t, das darauf ausgelegt ist, eine neutrale Beckenhaltung zu f\u00f6rdern und die Gesamtausrichtung von Rumpf und Beinen zu verbessern. Es verf\u00fcgt \u00fcber zwei gepolsterte Abschnitte f\u00fcr Komfort und ist aus wasser- und schmutzabweisenden Materialien gefertigt, was Langlebigkeit und Hygiene gew\u00e4hrleistet. Dieses CE-gekennzeichnete Produkt ist ideal zur Adressierung von vorderer Beckenneigung und Beckenrotation und bietet zuverl\u00e4ssige Unterst\u00fctzung f\u00fcr eine verbesserte Sitzhaltung.","og_url":"https:\/\/globalcarehab.com\/de\/produkte\/hueftstuetze-4-punkt\/","og_site_name":"Global Carehab","article_modified_time":"2025-01-28T13:26:02+00:00","og_image":[{"width":700,"height":700,"url":"https:\/\/globalcarehab.com\/wp-content\/uploads\/2020\/03\/Hip4Point-SideRelease-SingleAdjustable1.png","type":"image\/png"}],"twitter_card":"summary_large_image","twitter_misc":{"Gesch\u00e4tzte Lesezeit":"1\u00a0Minute"},"schema":{"@context":"https:\/\/schema.org","@graph":[{"@type":"WebPage","@id":"https:\/\/globalcarehab.com\/de\/produkte\/hueftstuetze-4-punkt\/","url":"https:\/\/globalcarehab.com\/de\/produkte\/hueftstuetze-4-punkt\/","name":"H\u00fcftst\u00fctze, 4-Punkt | Global Carehab","isPartOf":{"@id":"https:\/\/globalcarehab.com\/de\/#website"},"primaryImageOfPage":{"@id":"https:\/\/globalcarehab.com\/de\/produkte\/hueftstuetze-4-punkt\/#primaryimage"},"image":{"@id":"https:\/\/globalcarehab.com\/de\/produkte\/hueftstuetze-4-punkt\/#primaryimage"},"thumbnailUrl":"https:\/\/globalcarehab.com\/wp-content\/uploads\/2020\/03\/Hip4Point-SideRelease-SingleAdjustable1.png","datePublished":"2025-01-04T16:19:23+00:00","dateModified":"2025-01-28T13:26:02+00:00","breadcrumb":{"@id":"https:\/\/globalcarehab.com\/de\/produkte\/hueftstuetze-4-punkt\/#breadcrumb"},"inLanguage":"de","potentialAction":[{"@type":"ReadAction","target":["https:\/\/globalcarehab.com\/de\/produkte\/hueftstuetze-4-punkt\/"]}]},{"@type":"ImageObject","inLanguage":"de","@id":"https:\/\/globalcarehab.com\/de\/produkte\/hueftstuetze-4-punkt\/#primaryimage","url":"https:\/\/globalcarehab.com\/wp-content\/uploads\/2020\/03\/Hip4Point-SideRelease-SingleAdjustable1.png","contentUrl":"https:\/\/globalcarehab.com\/wp-content\/uploads\/2020\/03\/Hip4Point-SideRelease-SingleAdjustable1.png","width":700,"height":700},{"@type":"BreadcrumbList","@id":"https:\/\/globalcarehab.com\/de\/produkte\/hueftstuetze-4-punkt\/#breadcrumb","itemListElement":[{"@type":"ListItem","position":1,"name":"Hjem","item":"https:\/\/globalcarehab.com\/de\/"},{"@type":"ListItem","position":2,"name":"Shop","item":"https:\/\/globalcarehab.com\/de\/shop\/"},{"@type":"ListItem","position":3,"name":"Gurt","item":"https:\/\/globalcarehab.com\/de\/produkt-kategorien\/gurt\/"},{"@type":"ListItem","position":4,"name":"H\u00fcftst\u00fctze, 4-Punkt"}]},{"@type":"WebSite","@id":"https:\/\/globalcarehab.com\/de\/#website","url":"https:\/\/globalcarehab.com\/de\/","name":"Global Carehab","description":"Care in Rehab","publisher":{"@id":"https:\/\/globalcarehab.com\/de\/#organization"},"potentialAction":[{"@type":"SearchAction","target":{"@type":"EntryPoint","urlTemplate":"https:\/\/globalcarehab.com\/de\/?s={search_term_string}"},"query-input":{"@type":"PropertyValueSpecification","valueRequired":true,"valueName":"search_term_string"}}],"inLanguage":"de"},{"@type":"Organization","@id":"https:\/\/globalcarehab.com\/de\/#organization","name":"Global Carehab","url":"https:\/\/globalcarehab.com\/de\/","logo":{"@type":"ImageObject","inLanguage":"de","@id":"https:\/\/globalcarehab.com\/de\/#\/schema\/logo\/image\/","url":"https:\/\/globalcarehab.com\/wp-content\/uploads\/2024\/03\/carehab-logo.svg","contentUrl":"https:\/\/globalcarehab.com\/wp-content\/uploads\/2024\/03\/carehab-logo.svg","width":1,"height":1,"caption":"Global Carehab"},"image":{"@id":"https:\/\/globalcarehab.com\/de\/#\/schema\/logo\/image\/"}}]}},"_links":{"self":[{"href":"https:\/\/globalcarehab.com\/de\/wp-json\/wp\/v2\/product\/44275","targetHints":{"allow":["GET"]}}],"collection":[{"href":"https:\/\/globalcarehab.com\/de\/wp-json\/wp\/v2\/product"}],"about":[{"href":"https:\/\/globalcarehab.com\/de\/wp-json\/wp\/v2\/types\/product"}],"version-history":[{"count":2,"href":"https:\/\/globalcarehab.com\/de\/wp-json\/wp\/v2\/product\/44275\/revisions"}],"predecessor-version":[{"id":44284,"href":"https:\/\/globalcarehab.com\/de\/wp-json\/wp\/v2\/product\/44275\/revisions\/44284"}],"wp:featuredmedia":[{"embeddable":true,"href":"https:\/\/globalcarehab.com\/de\/wp-json\/wp\/v2\/media\/38186"}],"wp:attachment":[{"href":"https:\/\/globalcarehab.com\/de\/wp-json\/wp\/v2\/media?parent=44275"}],"wp:term":[{"taxonomy":"product_brand","embeddable":true,"href":"https:\/\/globalcarehab.com\/de\/wp-json\/wp\/v2\/product_brand?post=44275"},{"taxonomy":"product_cat","embeddable":true,"href":"https:\/\/globalcarehab.com\/de\/wp-json\/wp\/v2\/product_cat?post=44275"},{"taxonomy":"product_tag","embeddable":true,"href":"https:\/\/globalcarehab.com\/de\/wp-json\/wp\/v2\/product_tag?post=44275"}],"curies":[{"name":"wp","href":"https:\/\/api.w.org\/{rel}","templated":true}]}}